{"id":95745,"date":"2024-12-05T01:59:16","date_gmt":"2024-12-04T23:08:02","guid":{"rendered":"https:\/\/factory.sale\/?post_type=product&#038;p=95745"},"modified":"2024-12-05T07:14:05","modified_gmt":"2024-12-05T04:14:05","slug":"grillmaja-lillevilla-kielo-12-m%c2%b2-40-mm","status":"publish","type":"product","link":"https:\/\/factory.sale\/et\/toode\/grillmaja-lillevilla-kielo-12-m%c2%b2-40-mm\/","title":{"rendered":"Grillmaja Lillevilla Kielo \u2013 12 m\u00b2 \/ 40 mm"},"content":{"rendered":"<p><strong>Oodatud grillmaja!<\/strong><\/p>\n<p>Lillevilla Kielo grillmaja pakub kaitstud ala teie grillile v\u00f5i isegi pizzahiiule. Selle mudeli p\u00f5hipindala on 4,0 x 3,0 m ehk 12 m\u00b2. Lillevilla Kielo harjak\u00f5rgus on umbes 3,1 m ja vaba sisek\u00f5rgus umbes 1,92 m. Komplekti kuuluvad aknad saab paigutada k\u00fclgseintele vertikaalselt, horisontaalselt v\u00f5i j\u00e4tta paigaldamata. Aknad v\u00f5ib paigutada ka tagaseinale. Lillevilla Kielo palgi paksus on 40 mm.<\/p>\n<p>&nbsp;<\/p>\n<p><strong>Tarne sisu<\/strong><\/p>\n<p>Komplekti kuuluvad palgid, aknad, katuse lauad, naelad ja kruvid. Katusematerjal ei kuulu komplekti. Saate tellida Katepal Classic KL sindlikatuse v\u00f5i Katepal TopTite 3 rullkatuse (tihevuukkatuse). Plaatkatust ei soovitata. Katusematerjal tuleb paigaldada kohe p\u00e4rast kokkupanekut.<\/p>\n<p>Maja osad on tehases eelnevalt t\u00f6\u00f6deldud. Kuna kokkupanek on vajalik, on vaja tavalisi t\u00f6\u00f6riistu, nagu m\u00f5\u00f5dulint, lood, haamer, saag, kruvikeeraja ja puur.<\/p>\n<p>&nbsp;<\/p>\n<p><strong>Pinnat\u00f6\u00f6tlus<\/strong><\/p>\n<p>Hoone tuleb viivitamatult p\u00e4rast kokkupanekut ilmastiku- ja olude sobivusel t\u00f6\u00f6delda. Kasutage hingavaid pinnat\u00f6\u00f6tlusmaterjale, mis on m\u00f5eldud palgipindadele. Mittehingavat plastkihti moodustavaid v\u00e4rve ei tohi kasutada.<\/p>\n<p>&nbsp;<\/p>\n<p><strong>Ehitusload<\/strong><\/p>\n<p>Kontrollige eelnevalt kohaliku ehitusasutusega, kas on vaja ehitusluba.<\/p>\n<p>&nbsp;<\/p>\n<p>&nbsp;<\/p>\n<p><strong>Tehnilised andmed:<\/strong><\/p>\n<p>P\u00f5randapindala (m\u00b2): 12<br \/>\nAluse m\u00f5\u00f5tmed (mm x mm): 4000 x 3000<br \/>\nSeinapaksus (mm): 40<br \/>\nHarjak\u00f5rgus (mm): 3103<br \/>\nSisek\u00f5rgus (mm): 1924<br \/>\nKatuse pindala (m\u00b2): 18,6<br \/>\nKatuse m\u00f5\u00f5tmed (mm x mm): 4640 x 3550<br \/>\nHarja pikkus (mm): 4600<br \/>\nLappe pikkus (mm): 2016<br \/>\nKatuse kalle (kraadid): 28,00<br \/>\nKatuse laud (mm): 16<br \/>\nP\u00f5randalaud (mm): Ei kuulu komplekti<br \/>\nAken: T\u00fc\u00fcp L9 (43x292x1090), klaas 4 mm, 2 tk<br \/>\nAknapoolte avamine: Fikseeritud<br \/>\nKatusematerjal: Ei kuulu komplekti<br \/>\nPakendi m\u00f5\u00f5tmed (mm) ja kaal<br \/>\nM\u00f5\u00f5tmed: 4650 x 650 x 1150<br \/>\nKaal: 920 kg<br \/>\nTootekood (SKU): 0140 40 30 40<\/p>\n<p>&nbsp;<\/p>\n<p><strong>Lisaks saadaval:<\/strong><\/p>\n<p>Katusematerjal:<br \/>\n30121 Tihevuuk-katusepakett (+400,50 \u20ac)<br \/>\n30128 Katusekivid (+400,50 \u20ac)<\/p>\n<p>30135 R\u00e4\u00e4stapakett (+135 \u20ac)<\/p>\n<p>&nbsp;<\/p>\n<p>&nbsp;<\/p>\n<p><a href=\"https:\/\/factory.sale\/wp-content\/uploads\/2024\/12\/Lillevilla-Kielo_LV589_manual-ID-11799.pdf\" target=\"_blank\" rel=\"noopener\">Paigaldusjuhised<\/a><\/p>\n","protected":false},"excerpt":{"rendered":"<p>Tutvuge Lillevilla Kielo grillmajaga \u2013 avar ja stiilne v\u00e4likonstruktsioon, mis sobib ideaalselt grillimiseks, hoiustamiseks v\u00f5i l\u00f5\u00f5gastumiseks. P\u00f5randapindalaga 12 m\u00b2 ja vastupidavate 40 mm palgiseintega maja sisaldab kohandatavaid aknaid ja on lihtsasti kokku pandav. Muutke oma \u00f5ueala eriliseks juba t\u00e4na!<\/p>\n<p>&nbsp;<\/p>\n","protected":false},"featured_media":95733,"comment_status":"open","ping_status":"closed","template":"","meta":{"_acf_changed":false},"factory":[],"free-shipment":[],"product_brand":[],"product_cat":[924,2924],"product_tag":[],"class_list":{"0":"post-95745","1":"product","2":"type-product","3":"status-publish","4":"has-post-thumbnail","6":"product_cat-aiatooted","7":"product_cat-grillmajad","9":"first","10":"instock","11":"sale","12":"taxable","13":"shipping-taxable","14":"purchasable","15":"product-type-simple"},"acf":[],"_links":{"self":[{"href":"https:\/\/factory.sale\/et\/wp-json\/wp\/v2\/product\/95745","targetHints":{"allow":["GET"]}}],"collection":[{"href":"https:\/\/factory.sale\/et\/wp-json\/wp\/v2\/product"}],"about":[{"href":"https:\/\/factory.sale\/et\/wp-json\/wp\/v2\/types\/product"}],"replies":[{"embeddable":true,"href":"https:\/\/factory.sale\/et\/wp-json\/wp\/v2\/comments?post=95745"}],"wp:featuredmedia":[{"embeddable":true,"href":"https:\/\/factory.sale\/et\/wp-json\/wp\/v2\/media\/95733"}],"wp:attachment":[{"href":"https:\/\/factory.sale\/et\/wp-json\/wp\/v2\/media?parent=95745"}],"wp:term":[{"taxonomy":"factory","embeddable":true,"href":"https:\/\/factory.sale\/et\/wp-json\/wp\/v2\/factory?post=95745"},{"taxonomy":"free-shipment","embeddable":true,"href":"https:\/\/factory.sale\/et\/wp-json\/wp\/v2\/free-shipment?post=95745"},{"taxonomy":"product_brand","embeddable":true,"href":"https:\/\/factory.sale\/et\/wp-json\/wp\/v2\/product_brand?post=95745"},{"taxonomy":"product_cat","embeddable":true,"href":"https:\/\/factory.sale\/et\/wp-json\/wp\/v2\/product_cat?post=95745"},{"taxonomy":"product_tag","embeddable":true,"href":"https:\/\/factory.sale\/et\/wp-json\/wp\/v2\/product_tag?post=95745"}],"curies":[{"name":"wp","href":"https:\/\/api.w.org\/{rel}","templated":true}]}}