{"id":95701,"date":"2024-12-04T16:11:22","date_gmt":"2024-12-04T13:14:31","guid":{"rendered":"https:\/\/factory.sale\/?post_type=product&#038;p=95701"},"modified":"2024-12-05T03:59:21","modified_gmt":"2024-12-05T00:59:21","slug":"lillevilla-nattaset-2170-m%c2%b2-34-mm","status":"publish","type":"product","link":"https:\/\/factory.sale\/et\/toode\/lillevilla-nattaset-2170-m%c2%b2-34-mm\/","title":{"rendered":"Lillevilla Nattaset \u2013 21,70 m\u00b2 \/ 34 mm"},"content":{"rendered":"<p><strong>Mitmek\u00fclgne Lillevilla Nattaset kaldkatusega kahekordne kuur<\/strong><\/p>\n<p>Lillevilla Nattaset sisaldab kahte peaaegu 7 m\u00b2 suurust puukuuriala, mida eraldab mugav varikatus. K\u00fcttepuud ja muud olulised aiatarvikud p\u00fcsivad korrastatult kahes \u00f5hku l\u00e4bilaskvas restidega kuuris. Vahevarikatuse alla mahub lihtsalt n\u00e4iteks halumasin v\u00f5i hobivarustus. Lillevilla Nattaseti kogupindala on 21,70 m\u00b2, palgi paksus on 34 mm.<\/p>\n<p>&nbsp;<\/p>\n<p><strong>Tarne sisu<\/strong><\/p>\n<p>Komplekt sisaldab palke, l\u00fckandtopeltuksi, katuselaudu, samuti furnituuri, naelu ja kruvisid. Katusematerjal ei kuulu komplekti. Plaatkatust ei soovitata ning katusematerjal tuleb paigaldada kohe p\u00e4rast hoone kokkupanekut.<\/p>\n<p>M\u00e4rkus: P\u00f5rand ei kuulu tarnekomplekti.<\/p>\n<p>Kabiini osad on tehases eelnevalt t\u00f6\u00f6deldud. Kuna kokkupanek on vajalik, vajate p\u00f5hit\u00f6\u00f6riistu, n\u00e4iteks m\u00f5\u00f5dulint, lood, haamer, saag, kruvikeeraja ja puur.<\/p>\n<p>&nbsp;<\/p>\n<p><strong>Pinnat\u00f6\u00f6tlus<\/strong><\/p>\n<p>Hoone tuleb kohe p\u00e4rast kokkupanekut ilmastiku- ja olude sobivusel t\u00f6\u00f6delda. Kasutage hingavaid pinnat\u00f6\u00f6tlusvahendeid, mis on m\u00f5eldud palgirakendustele. Mitte hingavaid plastkihti moodustavaid v\u00e4rve ei tohi kasutada.<\/p>\n<p>&nbsp;<\/p>\n<p><strong>Tehnilised andmed:<\/strong><\/p>\n<p>P\u00f5randapindala (m\u00b2): 21,7<br \/>\nAluse m\u00f5\u00f5tmed (mm x mm): 8030 x 2700<br \/>\nSeinapaksus (mm): 34<br \/>\nKatuse kalle (kraadid): 6,00<br \/>\nKatuse pindala (m\u00b2): 29,60<br \/>\nKatuse m\u00f5\u00f5tmed (mm x mm): 3430 x 8700<br \/>\nHarja pikkus (mm): 8700<br \/>\nKarniisi pikkus (mm): 3430<br \/>\nHarja k\u00f5rgus (mm): 2290<br \/>\nSise k\u00f5rgus (mm): 1970\/2240<br \/>\nKatuse laud (mm): 16<br \/>\nP\u00f5randalaud (mm): Ei kuulu komplekti<br \/>\nUks: T\u00fc\u00fcp Y, ava 1000 x 1520, 2 tk<br \/>\nKatusematerjal: Ei kuulu komplekti<br \/>\nPakendi m\u00f5\u00f5tmed (mm) ja kaal<br \/>\nM\u00f5\u00f5tmed: 3450 x 950 x 1150<br \/>\nKaal: 1000 kg<br \/>\nTootekood (SKU): 0134 80 27 00<\/p>\n<p>&nbsp;<\/p>\n<p>&nbsp;<\/p>\n<p><strong>Lisaks saadaval:<\/strong><\/p>\n<p>Katusematerjal:<\/p>\n<p>30130 Tihevuuk-katusepakett (+571,50 \u20ac)<\/p>\n<p>R\u00e4\u00e4stemetalli pakett<\/p>\n<p>30137 R\u00e4\u00e4stemetalli pakett (+171 \u20ac)<\/p>\n<p>&nbsp;<\/p>\n<p>&nbsp;<\/p>\n<p><a href=\"https:\/\/factory.sale\/wp-content\/uploads\/2024\/12\/Lillevilla-Nattaset_LV-595_manual-ID-11525.pdf\" target=\"_blank\" rel=\"noopener\">Kokkupanemisjuhised<\/a><\/p>\n","protected":false},"excerpt":{"rendered":"<p>Tutvuge Lillevilla Nattaset 21,70 m\u00b2 kahekordse kuuriga, mille palgi paksus on 34 mm. Ideaalne k\u00fcttepuude ja aiatarvikute hoiustamiseks, sisaldades kahte avarat sektsiooni ja mitmek\u00fclgset varikatust. Lihtne kokkupanek eelnevalt l\u00f5igatud osade ja kohandamisv\u00f5imalustega. Telli endale juba t\u00e4na!<\/p>\n<p>&nbsp;<\/p>\n","protected":false},"featured_media":95693,"comment_status":"open","ping_status":"closed","template":"","meta":{"_acf_changed":false},"factory":[],"free-shipment":[],"product_brand":[],"product_cat":[924,2356],"product_tag":[],"class_list":{"0":"post-95701","1":"product","2":"type-product","3":"status-publish","4":"has-post-thumbnail","6":"product_cat-aiatooted","7":"product_cat-aiarajatised","9":"first","10":"instock","11":"sale","12":"taxable","13":"shipping-taxable","14":"purchasable","15":"product-type-simple"},"acf":[],"_links":{"self":[{"href":"https:\/\/factory.sale\/et\/wp-json\/wp\/v2\/product\/95701","targetHints":{"allow":["GET"]}}],"collection":[{"href":"https:\/\/factory.sale\/et\/wp-json\/wp\/v2\/product"}],"about":[{"href":"https:\/\/factory.sale\/et\/wp-json\/wp\/v2\/types\/product"}],"replies":[{"embeddable":true,"href":"https:\/\/factory.sale\/et\/wp-json\/wp\/v2\/comments?post=95701"}],"wp:featuredmedia":[{"embeddable":true,"href":"https:\/\/factory.sale\/et\/wp-json\/wp\/v2\/media\/95693"}],"wp:attachment":[{"href":"https:\/\/factory.sale\/et\/wp-json\/wp\/v2\/media?parent=95701"}],"wp:term":[{"taxonomy":"factory","embeddable":true,"href":"https:\/\/factory.sale\/et\/wp-json\/wp\/v2\/factory?post=95701"},{"taxonomy":"free-shipment","embeddable":true,"href":"https:\/\/factory.sale\/et\/wp-json\/wp\/v2\/free-shipment?post=95701"},{"taxonomy":"product_brand","embeddable":true,"href":"https:\/\/factory.sale\/et\/wp-json\/wp\/v2\/product_brand?post=95701"},{"taxonomy":"product_cat","embeddable":true,"href":"https:\/\/factory.sale\/et\/wp-json\/wp\/v2\/product_cat?post=95701"},{"taxonomy":"product_tag","embeddable":true,"href":"https:\/\/factory.sale\/et\/wp-json\/wp\/v2\/product_tag?post=95701"}],"curies":[{"name":"wp","href":"https:\/\/api.w.org\/{rel}","templated":true}]}}