{"id":9569,"date":"2022-07-08T12:19:45","date_gmt":"2022-07-08T12:19:57","guid":{"rendered":"https:\/\/factory.sale\/?post_type=product&#038;p=9569"},"modified":"2024-07-03T23:39:39","modified_gmt":"2024-07-03T23:39:39","slug":"lauavalgusti-bandos","status":"publish","type":"product","link":"https:\/\/factory.sale\/et\/toode\/lauavalgusti-bandos\/","title":{"rendered":"Lauavalgusti Bandos"},"content":{"rendered":"<p dir=\"ltr\"><strong>Lauavalgusti Bandos disain ja m\u00f5\u00f5dud:<\/strong><\/p>\n<ul>\n<li>Lauavalgusti on valmistatud merekarpidest, mis on kinnitatud fiiberklaasist p\u00f5hjale<\/li>\n<li>Iga merekarp on hoolikalt puhastatud, k\u00e4sitsi l\u00f5igatud ja mustrisse seatud<\/li>\n<li>M\u00f5\u00f5dud: k\u00f5rgus 50 cm x laius 20 cm<\/li>\n<li>Valgusallikas 1x max 40W (soovitatav LED pirn), sokkel E27<\/li>\n<li>Valgusallikas ei kuulu komplekti<\/li>\n<li>Merekarpide v\u00e4rvus: pruunikad toonid &#8211; valge<\/li>\n<li>Valgusti toetub metallist jalgadele<\/li>\n<\/ul>\n<p dir=\"ltr\"><strong>Toote \u00fcldkirjeldus:<\/strong><\/p>\n<ul>\n<li>Kogu meie m\u00f6\u00f6bel ja valgustid on k\u00e4sitsi valmistatud ja unikaalsed<\/li>\n<li>Kuna tegemist on naturaalse tootega, v\u00f5ib esineda v\u00e4rvide ja\/v\u00f5i tekstuuri erinevusi<\/li>\n<li>Piltidel olevad sisustuselemendid ei sisaldu hinnas<\/li>\n<li>Pakkide arv: 1<\/li>\n<\/ul>\n","protected":false},"excerpt":{"rendered":"<p>Unikaalne ja k\u00e4sitsi valmistatud merekarpidest lauavalgusti.<\/p>\n","protected":false},"featured_media":9572,"comment_status":"open","ping_status":"closed","template":"","meta":{"_acf_changed":false},"factory":[],"free-shipment":[],"product_brand":[],"product_cat":[714],"product_tag":[],"class_list":{"0":"post-9569","1":"product","2":"type-product","3":"status-publish","4":"has-post-thumbnail","6":"product_cat-moobel","8":"first","9":"instock","10":"sale","11":"taxable","12":"shipping-taxable","13":"purchasable","14":"product-type-simple"},"acf":[],"_links":{"self":[{"href":"https:\/\/factory.sale\/et\/wp-json\/wp\/v2\/product\/9569","targetHints":{"allow":["GET"]}}],"collection":[{"href":"https:\/\/factory.sale\/et\/wp-json\/wp\/v2\/product"}],"about":[{"href":"https:\/\/factory.sale\/et\/wp-json\/wp\/v2\/types\/product"}],"replies":[{"embeddable":true,"href":"https:\/\/factory.sale\/et\/wp-json\/wp\/v2\/comments?post=9569"}],"wp:featuredmedia":[{"embeddable":true,"href":"https:\/\/factory.sale\/et\/wp-json\/wp\/v2\/media\/9572"}],"wp:attachment":[{"href":"https:\/\/factory.sale\/et\/wp-json\/wp\/v2\/media?parent=9569"}],"wp:term":[{"taxonomy":"factory","embeddable":true,"href":"https:\/\/factory.sale\/et\/wp-json\/wp\/v2\/factory?post=9569"},{"taxonomy":"free-shipment","embeddable":true,"href":"https:\/\/factory.sale\/et\/wp-json\/wp\/v2\/free-shipment?post=9569"},{"taxonomy":"product_brand","embeddable":true,"href":"https:\/\/factory.sale\/et\/wp-json\/wp\/v2\/product_brand?post=9569"},{"taxonomy":"product_cat","embeddable":true,"href":"https:\/\/factory.sale\/et\/wp-json\/wp\/v2\/product_cat?post=9569"},{"taxonomy":"product_tag","embeddable":true,"href":"https:\/\/factory.sale\/et\/wp-json\/wp\/v2\/product_tag?post=9569"}],"curies":[{"name":"wp","href":"https:\/\/api.w.org\/{rel}","templated":true}]}}