{"id":95632,"date":"2024-12-03T18:55:30","date_gmt":"2024-12-03T16:01:40","guid":{"rendered":"https:\/\/factory.sale\/?post_type=product&#038;p=95632"},"modified":"2024-12-05T08:13:15","modified_gmt":"2024-12-05T05:13:15","slug":"lillevilla-olos-12-m%c2%b2-34-mm","status":"publish","type":"product","link":"https:\/\/factory.sale\/et\/toode\/lillevilla-olos-12-m%c2%b2-34-mm\/","title":{"rendered":"Lillevilla Olos \u2013 12 m\u00b2 \/ 34 mm"},"content":{"rendered":"<p><strong>V\u00f5luv suvek\u00f6\u00f6k\u00a0<\/strong><\/p>\n<p>Lillevilla Olos suvek\u00f6\u00f6k on kaasaegne t\u00e4iendus teie aeda. See peaaegu 12 ruutmeetri suurune klaasitud suvek\u00f6\u00f6k on valmistatud 34 mm paksusest kergpalgist. Suvek\u00f6\u00f6gi v\u00e4lism\u00f5\u00f5tmed on 3,9 x 3 meetrit. Harjak\u00f5rgus on \u00fcle 2,6 meetri ja k\u00fclgseina k\u00f5rgus 2,03 meetrit. See mudel on varustatud traditsiooniliste palknurkadega, ning suured aknad pakuvad kaunist vaadet \u00fcmbritsevale loodusele. Aknad ja uksed on varustatud karastatud turvaklaasiga.<\/p>\n<p>&nbsp;<\/p>\n<p><strong>Komplekt sisaldab<\/strong><\/p>\n<p>Sisaldab palke, uksi, aknaid, samuti p\u00f5randa- ja katuseplaate koos kinnitustarvikute, naelte ja kruvidega. Katusematerjal ei kuulu tarnesse. Katusekatteks saate tellida Katepal Classic KL sindlikatuse v\u00f5i Katepal TopTite 3 rullkatuse (hermeetiline katus) meie lehelt. Kivikatust me ei soovita. Katusematerjal tuleb paigaldada kohe p\u00e4rast konstruktsiooni p\u00fcstitamist.<\/p>\n<p>Suvek\u00f6\u00f6gi osad on tehases masinaga ette valmistatud. Kuna tegemist on siiski ehitust\u00f6\u00f6ga, veenduge, et teil on olemas tavalised t\u00f6\u00f6riistad, n\u00e4iteks m\u00f5\u00f5dulint, lood, haamer, saag, kruvikeeraja ja puur. Tutvuge ehitaja kontrollnimekirjaga, et hankida vajalikud lisatarvikud ja arvestada olulisi aspekte. Koostamisn\u00f5uanded on samuti kokku pandud siia.<\/p>\n<p>&nbsp;<\/p>\n<p><strong>Pinnaviimistlus<\/strong><\/p>\n<p>Hoone pindade t\u00f6\u00f6tlemine tuleb l\u00e4bi viia viivitamatult p\u00e4rast p\u00fcstitamist, kui ilmastikutingimused seda v\u00f5imaldavad. Kasutage hingavaid viimistlusvahendeid, mis on m\u00f5eldud palkpindadele. V\u00e4rve, mis moodustavad \u00f5hukindla kile, ei tohi kasutada. Viimistlusn\u00f5uanded leiate sellelt lehelt.<\/p>\n<p>&nbsp;<\/p>\n<p><strong>Ehitusluba<\/strong><\/p>\n<p>Kontrollige ehitusloa vajadust eelnevalt oma omavalitsuse ehitusj\u00e4relevalvega. Loataotluseks vajalikud joonised saate alla laadida sellelt lehelt v\u00f5i k\u00fcsida meilt.<\/p>\n<p>&nbsp;<\/p>\n<p>&nbsp;<\/p>\n<p><strong>Tehnilised andmed:<\/strong><\/p>\n<p>P\u00f5hja pindala (m\u00b2): 11,7<br \/>\nP\u00f5hja m\u00f5\u00f5tmed (mm x mm): 3900 x 3000<br \/>\nSeina paksus (mm): 34<br \/>\nHarjak\u00f5rgus (mm): 2616<br \/>\nK\u00fclgseina k\u00f5rgus (mm): 2093<br \/>\nKatuse pindala (m\u00b2): 16,6<br \/>\nKatuse m\u00f5\u00f5tmed (mm x mm): 4530 x 3580<br \/>\nHarja pikkus (mm): 4500<br \/>\nKatuse kalde pikkus (mm): 1846<br \/>\nKatuse kalle (kraadi): 18<br \/>\nKatuseplaadi paksus (mm): 16<br \/>\nP\u00f5randaplaadi paksus (mm): 21<br \/>\nAknad:<br \/>\nTurvaklaas, CE 4mm, t\u00fc\u00fcp N3 (691\u00d71600), 4 tk<br \/>\nAknad avanevad: Fikseeritud<br \/>\nUks:<br \/>\nTurvaklaas, CE 4mm, t\u00fc\u00fcp P9 (1496\u00d71772)<br \/>\nKatusematerjal: Ei kuulu tarnesse<br \/>\nPakendi m\u00f5\u00f5tmed (cm): 4500 x 600 x 1150 \/ 800 kg<br \/>\nTootekood (SKU): 0134 39 30 08<\/p>\n<p>&nbsp;<\/p>\n<p>&nbsp;<\/p>\n<p><strong>Lisaks saadaval:<\/strong><\/p>\n<p>Katusematerjalid:<\/p>\n<p>30123 Sindlikatuse pakett 364,50 \u20ac<br \/>\n30129 Hermeetilise katuse pakett 319,50 \u20ac<\/p>\n<p>\u00c4\u00e4retihendite pakett:<\/p>\n<p>30136 \u00c4\u00e4retihendite pakett 135,00 \u20ac<\/p>\n<p>Soojustuspaketid:<\/p>\n<p>30101 P\u00f5randa soojustuspakett 472,50 \u20ac<br \/>\n30106 Katuse soojustuspakett 855,00 \u20ac<\/p>\n<p>&nbsp;<\/p>\n<p>&nbsp;<\/p>\n<p>&nbsp;<\/p>\n<p>&nbsp;<\/p>\n<p><a href=\"https:\/\/factory.sale\/wp-content\/uploads\/2024\/12\/Lillevilla-Olos_LV342-manual-ID-4501.pdf\" target=\"_blank\" rel=\"noopener\">Kokkupanemisjuhised<\/a><\/p>\n<p><a href=\"https:\/\/factory.sale\/wp-content\/uploads\/2024\/12\/Lillevilla-Olos_LV342-perustus-foundation-ID-7202.pdf\" target=\"_blank\" rel=\"noopener\">Ehitusloa joonised<\/a><\/p>\n<p><a href=\"https:\/\/factory.sale\/wp-content\/uploads\/2024\/12\/Lillevilla-Olos_LV342-julkisivut-pohjakuva-ja-leikkaus-ID-1532.pdf\" target=\"_blank\" rel=\"noopener\">Vundamendi juhised<\/a><\/p>\n<p><a href=\"https:\/\/factory.sale\/wp-content\/uploads\/2024\/12\/Lillevilla-Olos_LV342-julkisivut-pohjakuva-ja-leikkaus-ID-1532-1.pdf\" target=\"_blank\" rel=\"noopener\">Pinnaviimistluse juhised<\/a><\/p>\n","protected":false},"excerpt":{"rendered":"<p>T\u00e4iustage oma aeda Lillevilla Olos suvek\u00f6\u00f6giga \u2013 kaasaegne, 12m\u00b2 \u00a0k\u00f6\u00f6k kaunite vaadete, karastatud turvaklaasakende ja vastupidava 34mm palgistruktuuriga. Lihtne paigaldus ja kohandatavad lisatarvikud. Ideaalne v\u00e4ljas einestamiseks ja k\u00fclaliste v\u00f5\u00f5rustamiseks. Tellige kohe!<\/p>\n","protected":false},"featured_media":95624,"comment_status":"open","ping_status":"closed","template":"","meta":{"_acf_changed":false},"factory":[],"free-shipment":[],"product_brand":[],"product_cat":[924,2356],"product_tag":[],"class_list":{"0":"post-95632","1":"product","2":"type-product","3":"status-publish","4":"has-post-thumbnail","6":"product_cat-aiatooted","7":"product_cat-aiarajatised","9":"first","10":"instock","11":"sale","12":"taxable","13":"shipping-taxable","14":"purchasable","15":"product-type-simple"},"acf":[],"_links":{"self":[{"href":"https:\/\/factory.sale\/et\/wp-json\/wp\/v2\/product\/95632","targetHints":{"allow":["GET"]}}],"collection":[{"href":"https:\/\/factory.sale\/et\/wp-json\/wp\/v2\/product"}],"about":[{"href":"https:\/\/factory.sale\/et\/wp-json\/wp\/v2\/types\/product"}],"replies":[{"embeddable":true,"href":"https:\/\/factory.sale\/et\/wp-json\/wp\/v2\/comments?post=95632"}],"wp:featuredmedia":[{"embeddable":true,"href":"https:\/\/factory.sale\/et\/wp-json\/wp\/v2\/media\/95624"}],"wp:attachment":[{"href":"https:\/\/factory.sale\/et\/wp-json\/wp\/v2\/media?parent=95632"}],"wp:term":[{"taxonomy":"factory","embeddable":true,"href":"https:\/\/factory.sale\/et\/wp-json\/wp\/v2\/factory?post=95632"},{"taxonomy":"free-shipment","embeddable":true,"href":"https:\/\/factory.sale\/et\/wp-json\/wp\/v2\/free-shipment?post=95632"},{"taxonomy":"product_brand","embeddable":true,"href":"https:\/\/factory.sale\/et\/wp-json\/wp\/v2\/product_brand?post=95632"},{"taxonomy":"product_cat","embeddable":true,"href":"https:\/\/factory.sale\/et\/wp-json\/wp\/v2\/product_cat?post=95632"},{"taxonomy":"product_tag","embeddable":true,"href":"https:\/\/factory.sale\/et\/wp-json\/wp\/v2\/product_tag?post=95632"}],"curies":[{"name":"wp","href":"https:\/\/api.w.org\/{rel}","templated":true}]}}