{"id":95594,"date":"2024-12-03T16:12:23","date_gmt":"2024-12-03T13:18:46","guid":{"rendered":"https:\/\/factory.sale\/?post_type=product&#038;p=95594"},"modified":"2025-10-03T00:38:37","modified_gmt":"2025-10-02T21:38:37","slug":"lillevilla-sauna-kallavesi-66m%c2%b2-44mm","status":"publish","type":"product","link":"https:\/\/factory.sale\/et\/toode\/lillevilla-sauna-kallavesi-66m%c2%b2-44mm\/","title":{"rendered":"Lillevilla Sauna Kallavesi \u2013 6,6m\u00b2 \/ 44mm"},"content":{"rendered":"<p><strong>Kompaktne Saun Lillevilla Kallavesi<\/strong><\/p>\n<p>Lillevilla Kallavesi kompaktne saun pakub l\u00f5\u00f5gastavaid saunahetki. Saunaruumi suured aknad v\u00f5imaldavad nautida kaunist vaadet saunask\u00e4igu ajal. Lillevilla Kallavesi mudelil on eraldi riietusruum ja leiliruum. Selle mudeli p\u00f5randapind on 6,6 ruutmeetrit. Saun on 3,3 meetrit lai ja 2 meetrit s\u00fcgav. Harjak\u00f5rgus on 2,65 meetrit ja seinapaksus 44 mm.<\/p>\n<p>&nbsp;<\/p>\n<p><strong>Tarnesisu<\/strong><\/p>\n<p>Toode sisaldab palke, uksi, aknaid, samuti p\u00f5randa- ja katuseplaate koos kinnitustarvikute, naelte ja kruvidega. Saunaruumil on ruumis\u00e4\u00e4stlik liuguks. P\u00f5randaplaatide paksus on 21 mm ja katuseplaatide paksus 19 mm. Komplektis on ka 16 mm sisevoodrilauad saunaruumile.<\/p>\n<p>Katusematerjal ei kuulu tarnesse. Katusekatteks saate tellida Katepal TopTite 3 rullkatuse (hermeetiline katus) meie lehelt. Kivikatust v\u00f5i sindlikatust me ei soovita. Katusematerjal tuleb paigaldada kohe p\u00e4rast konstruktsiooni p\u00fcstitamist.<\/p>\n<p>Saunalavad ei kuulu tarnesse, kuid saate sauna jaoks tellida eraldi lavapaki meie lehelt.<\/p>\n<p>M\u00e4rkus: K\u00fcttekeha ja korsten ei kuulu tarnesse.<\/p>\n<p>Sauna osad on tehases masinaga ette valmistatud. Kuna tegemist on ehitust\u00f6\u00f6ga, veenduge, et teil on olemas tavalised t\u00f6\u00f6riistad, n\u00e4iteks m\u00f5\u00f5dulint, lood, haamer, saag, kruvikeeraja ja puur. Tutvuge ehitaja kontrollnimekirjaga, et hankida vajalikud lisatarvikud ja arvestada olulisi aspekte. Koostamisn\u00f5uanded on samuti kokku pandud siia.<\/p>\n<p>&nbsp;<\/p>\n<p><strong>Pindade t\u00f6\u00f6tlemine<\/strong><\/p>\n<p>Hoone pindade t\u00f6\u00f6tlemine tuleb l\u00e4bi viia viivitamatult p\u00e4rast p\u00fcstitamist, kui ilmastikutingimused seda v\u00f5imaldavad. Kasutage hingavaid viimistlusvahendeid, mis on m\u00f5eldud palkpindadele. V\u00e4rve, mis moodustavad \u00f5hukindla kile, ei tohi kasutada. Viimistlusn\u00f5uanded leiate sellelt lehelt.<\/p>\n<p>&nbsp;<\/p>\n<p><strong>Ehitusluba<\/strong><\/p>\n<p>Kontrollige ehitusloa vajadust eelnevalt oma omavalitsuse ehitusj\u00e4relevalvega. Loataotluseks vajalikud joonised saate alla laadida sellelt lehelt v\u00f5i k\u00fcsida meie klienditeenindusest.<\/p>\n<p>&nbsp;<\/p>\n<p>&nbsp;<\/p>\n<p><strong>Tehnilised andmed:<\/strong><\/p>\n<p>P\u00f5hja pindala (m\u00b2): 6,6<br \/>\nP\u00f5hja m\u00f5\u00f5tmed (mm x mm): 3300 x 2000<br \/>\nSeina paksus (mm): 44<br \/>\nHarjak\u00f5rgus (mm): 2650<br \/>\nKatuse pindala (m\u00b2): 10<br \/>\nKatuse m\u00f5\u00f5tmed (mm x mm): 3800 x 2625<br \/>\nHarja pikkus (mm): 3800<br \/>\nKatuse kalde pikkus (mm): 2660<br \/>\nKatuse kalle (kraadi): 8,00<br \/>\nP\u00f5randalaua paksus (mm): 21<br \/>\nKatuseplaadi paksus (mm): 19 (sisevoodrilaud 16 mm)<br \/>\nAknad:<br \/>\nSoojustatud turvaklaas CE 4\/6\/4mm: T\u00fc\u00fcp B6 (1563\u00d7496)<br \/>\nSoojustatud turvaklaas CE 4\/9\/4mm: T\u00fc\u00fcp R9 (717\u00d71816) x2<br \/>\nAknad avanevad:<br \/>\nT\u00fc\u00fcp B6 \u2013 \u00fcles ja v\u00e4ljapoole<br \/>\nT\u00fc\u00fcp R9 \u2013 fikseeritud<br \/>\nUksed:<br \/>\nTurvaklaas CE 4mm: T\u00fc\u00fcp O6 (694\u00d71714)<br \/>\nTurvaklaas CE 4mm: T\u00fc\u00fcp C5 (897\u00d71820)<br \/>\nKatusematerjal: ei sisaldu<br \/>\nPakendi m\u00f5\u00f5tmed (mm) ja kaal:<br \/>\nM\u00f5\u00f5tmed: 3850 x 830 x 1150<br \/>\nKaal: 980 kg<br \/>\nEAN: 6418635049679<br \/>\nTootekood (SKU): 0144 33 20 10<\/p>\n<p>&nbsp;<\/p>\n<p>&nbsp;<\/p>\n<p><strong>Lisavarustus:<\/strong><\/p>\n<p>Katusematerjal:<\/p>\n<p>30126 Hermeetiline katusepakett \u00a0210,60 \u20ac<\/p>\n<p>R\u00e4\u00e4stapleki pakett:<\/p>\n<p>30135 R\u00e4\u00e4stapleki pakett 97,20 \u20ac<\/p>\n<p>Soojustuspaketid:<\/p>\n<p>9272 Katuse soojustuspakett \u00a0295,65 \u20ac<br \/>\n9274 P\u00f5randa soojustuspakett 178,20 \u20ac<\/p>\n<p>Lava pakett:<\/p>\n<p>9869 Lava pakett \u2013 1900 mm 328,05 \u20ac<\/p>\n<p>Sauna p\u00f5randatrapp:<\/p>\n<p>9878 P\u00f5randatrapp \u00a089,10 \u20ac<\/p>\n<p>&nbsp;<\/p>\n<p>&nbsp;<\/p>\n<p><a href=\"https:\/\/factory.sale\/wp-content\/uploads\/2024\/12\/Lillevilla-Kallavesi_Sauna-11_manual-ID-11434-1.pdf\">Koostamisjuhised<\/a><\/p>\n<p><a href=\"https:\/\/factory.sale\/wp-content\/uploads\/2024\/12\/Sauna-11-Kallavesi-julkisivut-pohja-leikkaus-ID-11806.pdf\" target=\"_blank\" rel=\"noopener\">Loataotluseks vajalikud joonised<\/a><\/p>\n<p><a href=\"https:\/\/factory.sale\/wp-content\/uploads\/2024\/11\/Luoman_hirsirakennusten_pintakasittelyohje_Tikkurila_VALMIS_2023.pdf\" target=\"_blank\" rel=\"noopener\">Pinnaviimistluse juhised<\/a><\/p>\n<p>&nbsp;<\/p>\n<p>&nbsp;<\/p>\n<p><video style=\"max-width: 100%; height: auto; display: block;\" preload=\"auto\" autoplay=\"autoplay\" loop=\"loop\" muted=\"\" controls=\"controls\" width=\"500\" height=\"250\"><source src=\"https:\/\/factory.sale\/wp-content\/uploads\/2024\/12\/VID-20250930-WA0009.mp4\" type=\"video\/mp4\" \/>Your browser does not support the video tag.<\/video><\/p>\n","protected":false},"excerpt":{"rendered":"<p>Kogege Lillevilla Kallavesi kompaktset sauna \u2013 6,6 m\u00b2 kvaliteetset sauna eraldi riietusruumi, suurte vaateakende ja vastupidavate 44 mm palkseintega. Lihtne paigaldada, kohandatavad lisad ja ideaalne l\u00f5\u00f5gastavateks saunahetkedeks kodus. Tellige kohe!<\/p>\n","protected":false},"featured_media":95581,"comment_status":"open","ping_status":"closed","template":"","meta":{"_acf_changed":false},"factory":[],"free-shipment":[],"product_brand":[],"product_cat":[4540,826,4778,2257],"product_tag":[3847],"class_list":{"0":"post-95594","1":"product","2":"type-product","3":"status-publish","4":"has-post-thumbnail","6":"product_cat-laotooted","7":"product_cat-saunas-et","8":"product_cat-saunad","9":"product_cat-valisaun","10":"product_tag-kompaktne-saun-et","12":"first","13":"instock","14":"sale","15":"taxable","16":"shipping-taxable","17":"purchasable","18":"product-type-simple"},"acf":[],"_links":{"self":[{"href":"https:\/\/factory.sale\/et\/wp-json\/wp\/v2\/product\/95594","targetHints":{"allow":["GET"]}}],"collection":[{"href":"https:\/\/factory.sale\/et\/wp-json\/wp\/v2\/product"}],"about":[{"href":"https:\/\/factory.sale\/et\/wp-json\/wp\/v2\/types\/product"}],"replies":[{"embeddable":true,"href":"https:\/\/factory.sale\/et\/wp-json\/wp\/v2\/comments?post=95594"}],"wp:featuredmedia":[{"embeddable":true,"href":"https:\/\/factory.sale\/et\/wp-json\/wp\/v2\/media\/95581"}],"wp:attachment":[{"href":"https:\/\/factory.sale\/et\/wp-json\/wp\/v2\/media?parent=95594"}],"wp:term":[{"taxonomy":"factory","embeddable":true,"href":"https:\/\/factory.sale\/et\/wp-json\/wp\/v2\/factory?post=95594"},{"taxonomy":"free-shipment","embeddable":true,"href":"https:\/\/factory.sale\/et\/wp-json\/wp\/v2\/free-shipment?post=95594"},{"taxonomy":"product_brand","embeddable":true,"href":"https:\/\/factory.sale\/et\/wp-json\/wp\/v2\/product_brand?post=95594"},{"taxonomy":"product_cat","embeddable":true,"href":"https:\/\/factory.sale\/et\/wp-json\/wp\/v2\/product_cat?post=95594"},{"taxonomy":"product_tag","embeddable":true,"href":"https:\/\/factory.sale\/et\/wp-json\/wp\/v2\/product_tag?post=95594"}],"curies":[{"name":"wp","href":"https:\/\/api.w.org\/{rel}","templated":true}]}}