{"id":95565,"date":"2024-12-03T12:27:23","date_gmt":"2024-12-03T09:40:27","guid":{"rendered":"https:\/\/factory.sale\/?post_type=product&#038;p=95565"},"modified":"2024-12-05T02:23:43","modified_gmt":"2024-12-04T23:23:43","slug":"lillevilla-orivesi-20-m%c2%b2-44-mm","status":"publish","type":"product","link":"https:\/\/factory.sale\/et\/toode\/lillevilla-orivesi-20-m%c2%b2-44-mm\/","title":{"rendered":"Lillevilla Orivesi \u2013 20 m\u00b2 \/ 44 mm"},"content":{"rendered":"<p><strong>Suvemaja Lillevilla Orivesi<\/strong><\/p>\n<p>Lillevilla Orivesi suvemaja on klassikaline suur \u00f5uemaja, mis on valmistatud 44 mm paksustest kergetest palkidest. Uks on paigutatud keskele, v\u00f5imaldades paigutada voodeid m\u00f6\u00f6da seinu. Mitmed aknad toovad interj\u00f6\u00f6ri loomulikku valgust. Suvemajas on 20 ruutmeetrit siseruumi, millele lisandub peaaegu 10 ruutmeetri suurune r\u00f5du koos piiretega. R\u00f5du on kaetud, pakkudes m\u00f5nusat kohta suvep\u00e4eva veetmiseks vihma eest kaitstult.<\/p>\n<p>&nbsp;<\/p>\n<p><strong>Komplekti sisu<\/strong><\/p>\n<p>Toode sisaldab palke, ust, aknaid, p\u00f5randa- ja katuselaudu, samuti liitmikke, naelu ja kruvisid. Tarnesse kuuluvad ka nurkadesse paigaldatavad keermelatid. P\u00f5randalauad on 21 mm paksused, palgid aga 44 mm paksused ja topeltsoonega, mis tagab eriti tugeva konstruktsiooni.<\/p>\n<p>Katusematerjal ei kuulu tarnesse. Katusekatteks saate tellida kas Katepal Classic KL sindli v\u00f5i Katepal TopTite 3 rullkatuse (hermeetilise katuse) meie lehelt. Kivikatust me ei soovita. Katusematerjal tuleb paigaldada kohe p\u00e4rast hoone p\u00fcstitamist.<\/p>\n<p>Suvemaja osad on tehases masinaga ette valmistatud. Kuna tegemist on siiski ehitust\u00f6\u00f6ga, veenduge, et teil on olemas tavalised t\u00f6\u00f6riistad, n\u00e4iteks m\u00f5\u00f5dulint, lood, haamer, saag, kruvikeeraja ja puur.<\/p>\n<p>&nbsp;<\/p>\n<p><strong>Pindade t\u00f6\u00f6tlemine<\/strong><\/p>\n<p>Hoone pindade t\u00f6\u00f6tlemine tuleb l\u00e4bi viia viivitamatult p\u00e4rast p\u00fcstitamist, kui ilmastikutingimused seda v\u00f5imaldavad. Kasutage hingavaid viimistlusvahendeid, mis on m\u00f5eldud palkpindadele. V\u00e4rve, mis moodustavad \u00f5hukindla kile, ei tohi kasutada. Viimistlemise n\u00e4pun\u00e4ited leiate sellelt lehelt.<\/p>\n<p>&nbsp;<\/p>\n<p><strong>Ehitusluba<\/strong><br \/>\nKontrollige ehitusloa vajadust eelnevalt oma omavalitsuse ehitusj\u00e4relevalvega. Loataotluseks vajalikud joonised saate alla laadida sellelt lehelt v\u00f5i k\u00fcsida meie klienditeenindusest.<\/p>\n<p>&nbsp;<\/p>\n<p><strong>Tehnilised andmed:<\/strong><\/p>\n<p>P\u00f5hja pindala (m\u00b2): 20<br \/>\nP\u00f5hja m\u00f5\u00f5tmed (mm x mm): 5200 x 3850<br \/>\nSeina paksus (mm): 44<br \/>\nHarjak\u00f5rgus (mm): 3070<br \/>\nKatuse pindala (m\u00b2): 40<br \/>\nKatuse m\u00f5\u00f5tmed (mm x mm): 5700 x 6150<br \/>\nHarja pikkus (mm): 6210<br \/>\nKatuse kalde pikkus (mm): 3216<br \/>\nKatusekalle (kraadi): 18<br \/>\nKatuse laua paksus (mm): 16<br \/>\nP\u00f5randalaua paksus (mm): 21<br \/>\nAknad:<br \/>\nSoojustatud turvaklaas CE 4\/6\/4mm:<br \/>\nT\u00fc\u00fcp A (640\u00d7640)<br \/>\nT\u00fc\u00fcp E (640\u00d7874)<br \/>\nT\u00fc\u00fcp C2 (888\u00d71188) x2<br \/>\nAknad avanevad v\u00e4ljapoole.<br \/>\nUks:<br \/>\nSoojustatud turvaklaas CE 4\/6\/4mm: T\u00fc\u00fcp C10 (897\u00d71820)<br \/>\nKatusematerjal: ei sisaldu<\/p>\n<p>R\u00f5du:<\/p>\n<p>Pindala (m\u00b2): 9,4<br \/>\nPakendi m\u00f5\u00f5tmed (mm) ja kaal:<\/p>\n<p>M\u00f5\u00f5tmed: 6300 x 920 x 1150<br \/>\nKaal: 1945 kg<br \/>\nTootekood (SKU): 0144 52 39 00<\/p>\n<p>&nbsp;<\/p>\n<p><strong>Lisaks saadaval:<\/strong><\/p>\n<p>Katusematerjalid:<\/p>\n<p>30123 Sindelkatus (+675 \u20ac)<br \/>\n30129 Hermeetiline katusepakett (+657 \u20ac)<\/p>\n<p>R\u00e4\u00e4satapakett:<\/p>\n<p>30136 \u00c4\u00e4relauapakett (+171 \u20ac)<\/p>\n<p>Soojustuspaketid:<\/p>\n<p>30104 P\u00f5randa soojustus (+693 \u20ac)<br \/>\n30109 Katuse soojustus(+1372,50 \u20ac)<\/p>\n<p>&nbsp;<\/p>\n<p>&nbsp;<\/p>\n<p>&nbsp;<\/p>\n<p>&nbsp;<\/p>\n<p><a href=\"https:\/\/factory.sale\/wp-content\/uploads\/2024\/12\/Orivesi-Luoman-20A-FI-SE-NO-DK-EN-FR_manual-ID-8082.pdf\" target=\"_blank\" rel=\"noopener\">Kokkupanemisjuhend<\/a><\/p>\n<p><a href=\"https:\/\/factory.sale\/wp-content\/uploads\/2024\/12\/Orivesi-Luoman-20A-44mm-julkisivut-pohja-leikkaus-ID-1550.pdf\" target=\"_blank\" rel=\"noopener\">Joonised<\/a><\/p>\n<p><a href=\"https:\/\/factory.sale\/wp-content\/uploads\/2024\/11\/Luoman_hirsirakennusten_pintakasittelyohje_Tikkurila_VALMIS_2023.pdf\" target=\"_blank\" rel=\"noopener\">Pinnaviimistlusjuhend<\/a><\/p>\n","protected":false},"excerpt":{"rendered":"<p>Avastage Lillevilla Orivesi suvemaja \u2013 ruumikas ja klassikaline 20 m\u00b2 suurune \u00f5uemaja, mis on valmistatud vastupidavatest 44 mm palkidest. Sisaldab katuser\u00f5du, suuri aknaid loomuliku valguse jaoks ja h\u00f5lpsasti j\u00e4rgitavaid koostamisjuhiseid. Ideaalne suveresidentsiks v\u00f5i lisav\u00e4lipinnaks. Tellige kohe!<\/p>\n","protected":false},"featured_media":95557,"comment_status":"open","ping_status":"closed","template":"","meta":{"_acf_changed":false},"factory":[],"free-shipment":[],"product_brand":[],"product_cat":[924,4797,2356,4800,4540],"product_tag":[],"class_list":{"0":"post-95565","1":"product","2":"type-product","3":"status-publish","4":"has-post-thumbnail","6":"product_cat-aiatooted","7":"product_cat-aia-ja-ouetooted","8":"product_cat-aiarajatised","9":"product_cat-aiarajatised-et","10":"product_cat-laotooted","12":"first","13":"instock","14":"sale","15":"taxable","16":"shipping-taxable","17":"purchasable","18":"product-type-simple"},"acf":[],"_links":{"self":[{"href":"https:\/\/factory.sale\/et\/wp-json\/wp\/v2\/product\/95565","targetHints":{"allow":["GET"]}}],"collection":[{"href":"https:\/\/factory.sale\/et\/wp-json\/wp\/v2\/product"}],"about":[{"href":"https:\/\/factory.sale\/et\/wp-json\/wp\/v2\/types\/product"}],"replies":[{"embeddable":true,"href":"https:\/\/factory.sale\/et\/wp-json\/wp\/v2\/comments?post=95565"}],"wp:featuredmedia":[{"embeddable":true,"href":"https:\/\/factory.sale\/et\/wp-json\/wp\/v2\/media\/95557"}],"wp:attachment":[{"href":"https:\/\/factory.sale\/et\/wp-json\/wp\/v2\/media?parent=95565"}],"wp:term":[{"taxonomy":"factory","embeddable":true,"href":"https:\/\/factory.sale\/et\/wp-json\/wp\/v2\/factory?post=95565"},{"taxonomy":"free-shipment","embeddable":true,"href":"https:\/\/factory.sale\/et\/wp-json\/wp\/v2\/free-shipment?post=95565"},{"taxonomy":"product_brand","embeddable":true,"href":"https:\/\/factory.sale\/et\/wp-json\/wp\/v2\/product_brand?post=95565"},{"taxonomy":"product_cat","embeddable":true,"href":"https:\/\/factory.sale\/et\/wp-json\/wp\/v2\/product_cat?post=95565"},{"taxonomy":"product_tag","embeddable":true,"href":"https:\/\/factory.sale\/et\/wp-json\/wp\/v2\/product_tag?post=95565"}],"curies":[{"name":"wp","href":"https:\/\/api.w.org\/{rel}","templated":true}]}}