{"id":9556,"date":"2022-07-08T12:17:01","date_gmt":"2022-07-08T12:18:22","guid":{"rendered":"https:\/\/factory.sale\/?post_type=product&#038;p=9556"},"modified":"2024-06-28T12:34:35","modified_gmt":"2024-06-28T12:34:35","slug":"lauavalgusti-misool","status":"publish","type":"product","link":"https:\/\/factory.sale\/et\/toode\/lauavalgusti-misool\/","title":{"rendered":"Lauavalgusti Misool"},"content":{"rendered":"<p><b><strong style=\"font-style: inherit;\">Lauavalgusti Misool disain ja m\u00f5\u00f5dud:<\/strong><\/b><\/p>\n<ul>\n<li style=\"font-style: inherit; font-weight: inherit;\">M\u00f5\u00f5dud: k\u00f5rgus 35 cm x laius 25 cm x s\u00fcgavus 25 cm (ilma sirmita)<\/li>\n<li style=\"font-style: inherit; font-weight: inherit;\">Sirmi m\u00f5\u00f5dud: k\u00f5rgus 22 cm x l\u00e4bim\u00f5\u00f5t 50 cm<\/li>\n<li style=\"font-style: inherit; font-weight: inherit;\">Valgusti k\u00f5rgus koos sirmiga: 57 cm<\/li>\n<li style=\"font-style: inherit; font-weight: inherit;\">Valgusti sirm on valmistatud kangast<\/li>\n<li style=\"font-style: inherit; font-weight: inherit;\">Valgusallikas: 1x max 40W (soovitatav LED pirn), sokkel E27<\/li>\n<li style=\"font-style: inherit; font-weight: inherit;\">Valgusallikas ei kuulu komplekti<\/li>\n<li style=\"font-style: inherit; font-weight: inherit;\">Sirm: kangas Lina \/ v\u00e4rv Natural<\/li>\n<li style=\"font-style: inherit; font-weight: inherit;\">Kasutatud on naturaalset tiiger-bambuse t\u00fcve<\/li>\n<li style=\"font-style: inherit; font-weight: inherit;\">Osaliselt valmistatud bambuskattega vineerist, mille pealispind on k\u00e4sitsi kooritud bambusest<\/li>\n<li style=\"font-style: inherit; font-weight: inherit;\">V\u00e4rv: Auburn<\/li>\n<\/ul>\n<p>&nbsp;<\/p>\n<p><b><strong style=\"font-style: inherit;\">Toote \u00fcldkirjeldus:<\/strong><\/b><\/p>\n<ul>\n<li style=\"font-style: inherit; font-weight: inherit;\">Kogu meie bambusm\u00f6\u00f6bel on k\u00e4sitsi valmistatud ja unikaalne<\/li>\n<li style=\"font-style: inherit; font-weight: inherit;\">Kuna tegemist on naturaalse tootega, v\u00f5ib esineda v\u00e4rvide ja tekstuuri erinevusi<\/li>\n<li style=\"font-style: inherit; font-weight: inherit;\">Spetsiaalselt valmistatud Euroopa kliima jaoks.\u00a0<span style=\"font-style: inherit; font-weight: inherit;\">Bambus on kuivatatud spetsiaalsetes ahjudes, et minimeerida kliima muutusest tingitud pragunemist. Siiski v\u00f5ib bambustoodetel esineda v\u00e4ikeseid pragusid, mis ei muuda mingil moel toote kvaliteeti ega tugevust. <\/span><\/li>\n<li style=\"font-style: inherit; font-weight: inherit;\">M\u00f6\u00f6bli l\u00f5ppviimistlusel on kasutatud k\u00f5rgkvaliteetset l\u00e4bipaistvat lakki<\/li>\n<li style=\"font-style: inherit; font-weight: inherit;\">Piltidel olevad sisustuselemendid ei sisaldu hinnas<\/li>\n<li style=\"font-style: inherit; font-weight: inherit;\">Pakkide arv: 1<\/li>\n<\/ul>\n","protected":false},"excerpt":{"rendered":"<p>Unikaalne ja k\u00e4sitsi valmistatud bambusest laualamp Misool.<\/p>\n","protected":false},"featured_media":9559,"comment_status":"open","ping_status":"closed","template":"","meta":{"_acf_changed":false},"factory":[],"free-shipment":[],"product_brand":[],"product_cat":[714],"product_tag":[],"class_list":{"0":"post-9556","1":"product","2":"type-product","3":"status-publish","4":"has-post-thumbnail","6":"product_cat-moobel","8":"first","9":"instock","10":"sale","11":"taxable","12":"shipping-taxable","13":"purchasable","14":"product-type-simple"},"acf":[],"_links":{"self":[{"href":"https:\/\/factory.sale\/et\/wp-json\/wp\/v2\/product\/9556","targetHints":{"allow":["GET"]}}],"collection":[{"href":"https:\/\/factory.sale\/et\/wp-json\/wp\/v2\/product"}],"about":[{"href":"https:\/\/factory.sale\/et\/wp-json\/wp\/v2\/types\/product"}],"replies":[{"embeddable":true,"href":"https:\/\/factory.sale\/et\/wp-json\/wp\/v2\/comments?post=9556"}],"wp:featuredmedia":[{"embeddable":true,"href":"https:\/\/factory.sale\/et\/wp-json\/wp\/v2\/media\/9559"}],"wp:attachment":[{"href":"https:\/\/factory.sale\/et\/wp-json\/wp\/v2\/media?parent=9556"}],"wp:term":[{"taxonomy":"factory","embeddable":true,"href":"https:\/\/factory.sale\/et\/wp-json\/wp\/v2\/factory?post=9556"},{"taxonomy":"free-shipment","embeddable":true,"href":"https:\/\/factory.sale\/et\/wp-json\/wp\/v2\/free-shipment?post=9556"},{"taxonomy":"product_brand","embeddable":true,"href":"https:\/\/factory.sale\/et\/wp-json\/wp\/v2\/product_brand?post=9556"},{"taxonomy":"product_cat","embeddable":true,"href":"https:\/\/factory.sale\/et\/wp-json\/wp\/v2\/product_cat?post=9556"},{"taxonomy":"product_tag","embeddable":true,"href":"https:\/\/factory.sale\/et\/wp-json\/wp\/v2\/product_tag?post=9556"}],"curies":[{"name":"wp","href":"https:\/\/api.w.org\/{rel}","templated":true}]}}