{"id":95543,"date":"2024-12-03T03:16:02","date_gmt":"2024-12-03T00:23:05","guid":{"rendered":"https:\/\/factory.sale\/?post_type=product&#038;p=95543"},"modified":"2024-12-05T02:27:05","modified_gmt":"2024-12-04T23:27:05","slug":"lillevilla-pielinen-156-m%c2%b2-44-mm","status":"publish","type":"product","link":"https:\/\/factory.sale\/et\/toode\/lillevilla-pielinen-156-m%c2%b2-44-mm\/","title":{"rendered":"Lillevilla Pielinen \u2013 15,6 m\u00b2 \/ 44 mm"},"content":{"rendered":"<p><strong>Imeline k\u00fclalistemaja teie aeda<\/strong><\/p>\n<p>Lillevilla Pielinen on avar ja valgusk\u00fcllane lamekatusega aiamaja, mis on valmistatud 44 mm paksustest kergpalkidest. Sellel mudelil on keskele paigutatud kahekordsed uksed, mida \u00e4\u00e4ristavad kaks suurt akent, luues kutsuva atmosf\u00e4\u00e4ri. Ideaalne suvep\u00e4evade nautimiseks v\u00f5i hubasteks s\u00fcgis\u00f5htuteks! Suured aknad muudavad selle mudeli eriti sobivaks kunstistuudioks v\u00f5i suvek\u00f6\u00f6giks.<\/p>\n<p>&nbsp;<\/p>\n<p><strong>K\u00fclalistemaja p\u00f5him\u00f5\u00f5dud<\/strong><\/p>\n<p>P\u00f5randapind: 15,6 m\u00b2<br \/>\nM\u00f5\u00f5dud (L x S): 5200 x 3000 mm<br \/>\nHarjak\u00f5rgus: 2450 mm<br \/>\nKatusepind: 19,1 m\u00b2<br \/>\nKatuse kalle: 3,00\u00b0<br \/>\n21 mm paksused p\u00f5randalauad ja 44 mm paksused kahekordse tapiga seinapalgid tagavad erakordse vastupidavuse. Mudel kasutab &#8220;linna nurga&#8221; disaini, kus seinapalgid kinnitatakse nurgapostide k\u00fclge. K\u00f5ik uksed ja aknad on varustatud CE-sertifitseeritud soojustatud turvaklaasiga.<\/p>\n<p>&nbsp;<\/p>\n<p><strong>Komplekti kuulub<\/strong><\/p>\n<p>Tootepakett sisaldab palke, uksi, aknaid, p\u00f5randa- ja katuselaudu, kinnitusvahendeid, naelu ja kruvisid. Katusematerjal ei kuulu komplekti, kuid seda saab eraldi tellida. Valige Katepal TopTite 3 rullmaterjal. Katusematerjal tuleb paigaldada kohe p\u00e4rast kokkupanekut, plaadi- v\u00f5i sindelkatust ei soovitata.<\/p>\n<p>Kuigi palkmaja osad on tehases eelnevalt t\u00f6\u00f6deldud, on kokkupanekuks vajalikud t\u00f6\u00f6riistad, n\u00e4iteks m\u00f5\u00f5dulint, lood, haamer, saag, kruvikeeraja ja puur.<\/p>\n<p>&nbsp;<\/p>\n<p><strong>Pindade t\u00f6\u00f6tlemine<\/strong><\/p>\n<p>Hoone pindade t\u00f6\u00f6tlemine tuleb teostada kohe p\u00e4rast kokkupanekut, kui ilmastikutingimused seda v\u00f5imaldavad. Kasutage hingavaid pinnat\u00f6\u00f6tlustooteid, mis on m\u00f5eldud palkpindadele. V\u00e4ltida tuleks v\u00e4rve, mis loovad mittehingavaid plastkile.<\/p>\n<p>&nbsp;<\/p>\n<p><strong>Ehitusloa info<\/strong><\/p>\n<p>Kontrollige kohalikult ehitusametilt, kas ehitusluba on vajalik. Joonised, mis on vajalikud taotlemiseks, saab alla laadida sellelt lehelt v\u00f5i k\u00fcsida klienditeenindusest.<\/p>\n<p>&nbsp;<\/p>\n<p><strong>Tehnilised andmed:<\/strong><\/p>\n<p>P\u00f5randapind: 15,6 m\u00b2<br \/>\nM\u00f5\u00f5dud (mm): 5200 x 3000<br \/>\nSeina paksus: 44 mm<br \/>\nHarjak\u00f5rgus: 2450 mm<br \/>\nKatusepind: 19,1 m\u00b2<br \/>\nKatuse m\u00f5\u00f5tmed: 5600 x 3390 mm<br \/>\nKatuse kalle: 3,00\u00b0<br \/>\nKatuse lauad: 16 mm<br \/>\nP\u00f5randalauad: 21 mm<br \/>\nAknad: CE-sertifikaadiga turvaklaas 4\/6\/4 mm, T\u00fc\u00fcp S (1187 x 1550), 2 tk (v\u00e4lja avanevad)<br \/>\nUks: CE-sertifikaadiga turvaklaas 4\/9\/4 mm, T\u00fc\u00fcp D19 (1694 x 1960)<br \/>\nPakendi m\u00f5\u00f5dud ja kaal: 5250 x 880 x 1150 mm \/ 1258 kg<\/p>\n<p>&nbsp;<\/p>\n<p>&nbsp;<\/p>\n<p><strong>Lisaks saadaval:<\/strong><\/p>\n<p>Katusematerjalid<br \/>\n30128 Hermeetilise katusepakett (+400,50 \u20ac)<\/p>\n<p>R\u00e4\u00e4stapleki pakett<br \/>\n30136 R\u00e4\u00e4stapleki pakett (+135,00 \u20ac)<\/p>\n<p>Isolatsioonipaketid<br \/>\n30102 P\u00f5randa isolatsioonipakett (+544,50 \u20ac)<br \/>\n30112 Katuse isolatsioonipakett (+909,00 \u20ac)<\/p>\n<p>T\u00f5stepakett<br \/>\n9459 2 palgirea t\u00f5stmine (+405,00 \u20ac)<\/p>\n<p>&nbsp;<\/p>\n<p>&nbsp;<\/p>\n<p>&nbsp;<\/p>\n<p><a href=\"https:\/\/factory.sale\/wp-content\/uploads\/2024\/12\/Pielinen-Lillevilla_388_FI-SE-DE-DK-EN-FR-ID-5297.pdf\" target=\"_blank\" rel=\"noopener\">Kokkupaneku juhised<\/a><\/p>\n<p><a href=\"https:\/\/factory.sale\/wp-content\/uploads\/2024\/12\/Pielinen-Lillevilla-388-perustus-foundation-ID-6779.pdf\" target=\"_blank\" rel=\"noopener\">Aluse paigaldusjuhised<\/a><\/p>\n<p><a href=\"https:\/\/factory.sale\/wp-content\/uploads\/2024\/12\/Pielinen-Lillevilla-388-julkisivut-pohja-leikkaus-ID-4833.pdf\" target=\"_blank\" rel=\"noopener\">Luba taotluse joonised<\/a><\/p>\n<p><a href=\"https:\/\/factory.sale\/wp-content\/uploads\/2024\/12\/Luoman_hirsirakennusten_pintakasittelyohje_Tikkurila_VALMIS_2023.pdf\" target=\"_blank\" rel=\"noopener\">Pinnat\u00f6\u00f6tlusjuhised<\/a><\/p>\n<p><a href=\"https:\/\/factory.sale\/wp-content\/uploads\/2024\/12\/eristyspakettiohje_A4_web.pdf\" target=\"_blank\" rel=\"noopener\">Isolatsioonipaketi juhised<\/a><\/p>\n<p>&nbsp;<\/p>\n","protected":false},"excerpt":{"rendered":"<p>Avastage Lillevilla Pielinen \u2013 stiilne ja funktsionaalne k\u00fclalistemaja! Sellel on 15,6 m\u00b2 ruum, suured aknad ja see on valmisatud vastupidavatest 44 mm palgidest. Sobib ideaalselt l\u00f5\u00f5gastumiseks, loovuseks v\u00f5i k\u00fclaliste vastuv\u00f5tmiseks. Tellige juba t\u00e4na ja nautige kvaliteeti ja stiili!<\/p>\n","protected":false},"featured_media":95516,"comment_status":"open","ping_status":"closed","template":"","meta":{"_acf_changed":false},"factory":[],"free-shipment":[],"product_brand":[],"product_cat":[924,2356],"product_tag":[],"class_list":{"0":"post-95543","1":"product","2":"type-product","3":"status-publish","4":"has-post-thumbnail","6":"product_cat-aiatooted","7":"product_cat-aiarajatised","9":"first","10":"instock","11":"sale","12":"taxable","13":"shipping-taxable","14":"purchasable","15":"product-type-simple"},"acf":[],"_links":{"self":[{"href":"https:\/\/factory.sale\/et\/wp-json\/wp\/v2\/product\/95543","targetHints":{"allow":["GET"]}}],"collection":[{"href":"https:\/\/factory.sale\/et\/wp-json\/wp\/v2\/product"}],"about":[{"href":"https:\/\/factory.sale\/et\/wp-json\/wp\/v2\/types\/product"}],"replies":[{"embeddable":true,"href":"https:\/\/factory.sale\/et\/wp-json\/wp\/v2\/comments?post=95543"}],"wp:featuredmedia":[{"embeddable":true,"href":"https:\/\/factory.sale\/et\/wp-json\/wp\/v2\/media\/95516"}],"wp:attachment":[{"href":"https:\/\/factory.sale\/et\/wp-json\/wp\/v2\/media?parent=95543"}],"wp:term":[{"taxonomy":"factory","embeddable":true,"href":"https:\/\/factory.sale\/et\/wp-json\/wp\/v2\/factory?post=95543"},{"taxonomy":"free-shipment","embeddable":true,"href":"https:\/\/factory.sale\/et\/wp-json\/wp\/v2\/free-shipment?post=95543"},{"taxonomy":"product_brand","embeddable":true,"href":"https:\/\/factory.sale\/et\/wp-json\/wp\/v2\/product_brand?post=95543"},{"taxonomy":"product_cat","embeddable":true,"href":"https:\/\/factory.sale\/et\/wp-json\/wp\/v2\/product_cat?post=95543"},{"taxonomy":"product_tag","embeddable":true,"href":"https:\/\/factory.sale\/et\/wp-json\/wp\/v2\/product_tag?post=95543"}],"curies":[{"name":"wp","href":"https:\/\/api.w.org\/{rel}","templated":true}]}}