{"id":95508,"date":"2024-12-03T02:45:12","date_gmt":"2024-12-02T23:49:20","guid":{"rendered":"https:\/\/factory.sale\/?post_type=product&#038;p=95508"},"modified":"2024-12-05T10:52:37","modified_gmt":"2024-12-05T07:52:37","slug":"lillevilla-kumpunen-18-m%c2%b2-44-mm","status":"publish","type":"product","link":"https:\/\/factory.sale\/et\/toode\/lillevilla-kumpunen-18-m%c2%b2-44-mm\/","title":{"rendered":"Lillevilla Kumpunen \u2013 18 m\u00b2 \/ 44 mm"},"content":{"rendered":"<p><strong>Mitmek\u00fclgne aiapaviljon<\/strong><\/p>\n<p>Lillevilla Kumpunen on avar k\u00fclalistemaja v\u00e4ikese panipaigaga. P\u00f5randapindalaga 18 m\u00b2 h\u00f5lmab see valgusk\u00fcllast eluruumi ja kompaktset panipaika, mis sobib ideaalselt aiat\u00f6\u00f6riistade v\u00f5i -varustuse hoidmiseks. Lillevilla Kumpunen on 6 meetrit lai, 3 meetrit s\u00fcgav ja harjak\u00f5rgus on 2,5 meetrit. Mudel on valmistatud 44 mm paksustest palkidest ja sisaldab panipaiga k\u00fclgeust, mida saab paigaldada esi-, taga-, k\u00fclg- v\u00f5i otsaseinale.<\/p>\n<p>&nbsp;<\/p>\n<p><strong>Komplekti kuulub<\/strong><\/p>\n<p>Toode sisaldab palke, uksi, aknaid, p\u00f5randa- ja katuselaudu, kinnitusi, naelu ja kruvisid. Katusematerjal ei kuulu komplekti, kuid seda saab tellida eraldi. Valikus on Katepal Classic KL kivikatus v\u00f5i Katepal TopTite 3 rullmaterjal. Plaatkatusi ei soovitata ning katusematerjal tuleb paigaldada kohe p\u00e4rast hoone kokkupanekut.<\/p>\n<p>Komplekti osad on tehases eelnevalt t\u00f6\u00f6deldud, kuid panipaiga ukse jaoks tuleb avaus ise k\u00e4sitsi v\u00e4lja l\u00f5igata. Kuna tegemist on ehitust\u00f6\u00f6ga, on vajalikud tavalised t\u00f6\u00f6riistad, nagu m\u00f5\u00f5dulint, lood, haamer, saag, kruvikeeraja ja puur.<\/p>\n<p>&nbsp;<\/p>\n<p><strong>Pinnat\u00f6\u00f6tlus<\/strong><\/p>\n<p>Hoone pinnat\u00f6\u00f6tlus tuleb teha kohe p\u00e4rast kokkupanekut, kui ilm ja tingimused seda v\u00f5imaldavad. Kasutada tuleb hingavaid viimistlusvahendeid, mis on spetsiaalselt palkpindadele m\u00f5eldud. Mitte kasutada v\u00e4rve, mis moodustavad \u00a0plastikkile, mis ei hinga.<\/p>\n<p>&nbsp;<\/p>\n<p><strong>Ehitusloa info<\/strong><\/p>\n<p>Kontrollige kohalikust omavalitsusest, kas hoonele on vaja ehitusluba. Ehitusloa taotlemiseks vajalikud joonised saab alla laadida siit lehelt v\u00f5i k\u00fcsida meilt.<\/p>\n<p>&nbsp;<\/p>\n<p>&nbsp;<\/p>\n<p><strong>Tehnilised andmed:<\/strong><\/p>\n<p>P\u00f5randapind (m\u00b2): 18<br \/>\nVundamendi m\u00f5\u00f5dud (mm x mm): 6000 x 3000<br \/>\nSeina paksus (mm): 44<br \/>\nHarjak\u00f5rgus (mm): 2500<br \/>\nKatuse pindala (m\u00b2): 23,35<br \/>\nHarja pikkus (mm): 6500<br \/>\nKatuse osa pikkus (mm): 1796<br \/>\nKatuse kalle (kraadi): 16,00<br \/>\nKatuse laud (mm): 16<br \/>\nP\u00f5randalaud (mm): 21<br \/>\nAknad: Isolatsioonklaas CE 4\/6\/4 mm, t\u00fc\u00fcp R7 (558\u00d71496), 2 tk (fikseeritud)<br \/>\nUksed: Isolatsioonklaas CE 4\/9\/4 mm, t\u00fc\u00fcp D36 (1694\u00d71805), t\u00fc\u00fcp C5 (897\u00d71820)<br \/>\nKatusematerjal: Ei sisaldu<br \/>\nPakendi m\u00f5\u00f5dud ja kaal: 6550 x 700 x 1150 mm \/ 1520 kg<br \/>\nTootekood (SKU): 0144 60 30 10<\/p>\n<p>&nbsp;<\/p>\n<p>&nbsp;<\/p>\n<p><strong>Lisaks saadaval:<\/strong><\/p>\n<p>Katusematerjalid:<br \/>\n30123 Kivikatus (+490,50 \u20ac)<br \/>\n30129 Hermeetilise katusepakett (+490,50 \u20ac)<\/p>\n<p>R\u00e4\u00e4stapleki pakett:<br \/>\n30136 R\u00e4\u00e4stapleki pakett (+135,00 \u20ac)<\/p>\n<p>Isolatsioonipaketid:<br \/>\n30104 P\u00f5randa isolatsioonipakett (+693,00 \u20ac)<br \/>\n30109 Katuse isolatsioonipakett (+1372,50 \u20ac)<\/p>\n<p>&nbsp;<\/p>\n<p>&nbsp;<\/p>\n<p>&nbsp;<\/p>\n<p><a href=\"https:\/\/factory.sale\/wp-content\/uploads\/2024\/12\/Kumpunen-Lillevilla_612_manual-ID-10678.pdf\" target=\"_blank\" rel=\"noopener\">Paigaldusjuhised<\/a><\/p>\n<p><a href=\"https:\/\/factory.sale\/wp-content\/uploads\/2024\/12\/Lillevilla-Kumpunen_LV612-perustus-foundation-ID-11176.pdf\" target=\"_blank\" rel=\"noopener\">Kokkupaneku juhised<\/a><\/p>\n<p><a href=\"https:\/\/factory.sale\/wp-content\/uploads\/2024\/11\/Luoman_hirsirakennusten_pintakasittelyohje_Tikkurila_VALMIS_2023.pdf\" target=\"_blank\" rel=\"noopener\">Pinnat\u00f6\u00f6tluse juhised<\/a><\/p>\n","protected":false},"excerpt":{"rendered":"<p>Avastage Lillevilla Kumpunen \u2013 mitmek\u00fclgne ja vastupidav palkmaja, millel on 18 m\u00b2 ruumi ja mugav panipaik. Tellige juba t\u00e4na ja nautige selle funktsionaalsust ja ajatult stiilset disaini!<\/p>\n","protected":false},"featured_media":95490,"comment_status":"open","ping_status":"closed","template":"","meta":{"_acf_changed":false},"factory":[],"free-shipment":[],"product_brand":[],"product_cat":[924,2356],"product_tag":[],"class_list":{"0":"post-95508","1":"product","2":"type-product","3":"status-publish","4":"has-post-thumbnail","6":"product_cat-aiatooted","7":"product_cat-aiarajatised","9":"first","10":"instock","11":"sale","12":"taxable","13":"shipping-taxable","14":"purchasable","15":"product-type-simple"},"acf":[],"_links":{"self":[{"href":"https:\/\/factory.sale\/et\/wp-json\/wp\/v2\/product\/95508","targetHints":{"allow":["GET"]}}],"collection":[{"href":"https:\/\/factory.sale\/et\/wp-json\/wp\/v2\/product"}],"about":[{"href":"https:\/\/factory.sale\/et\/wp-json\/wp\/v2\/types\/product"}],"replies":[{"embeddable":true,"href":"https:\/\/factory.sale\/et\/wp-json\/wp\/v2\/comments?post=95508"}],"wp:featuredmedia":[{"embeddable":true,"href":"https:\/\/factory.sale\/et\/wp-json\/wp\/v2\/media\/95490"}],"wp:attachment":[{"href":"https:\/\/factory.sale\/et\/wp-json\/wp\/v2\/media?parent=95508"}],"wp:term":[{"taxonomy":"factory","embeddable":true,"href":"https:\/\/factory.sale\/et\/wp-json\/wp\/v2\/factory?post=95508"},{"taxonomy":"free-shipment","embeddable":true,"href":"https:\/\/factory.sale\/et\/wp-json\/wp\/v2\/free-shipment?post=95508"},{"taxonomy":"product_brand","embeddable":true,"href":"https:\/\/factory.sale\/et\/wp-json\/wp\/v2\/product_brand?post=95508"},{"taxonomy":"product_cat","embeddable":true,"href":"https:\/\/factory.sale\/et\/wp-json\/wp\/v2\/product_cat?post=95508"},{"taxonomy":"product_tag","embeddable":true,"href":"https:\/\/factory.sale\/et\/wp-json\/wp\/v2\/product_tag?post=95508"}],"curies":[{"name":"wp","href":"https:\/\/api.w.org\/{rel}","templated":true}]}}