{"id":95480,"date":"2024-12-03T02:03:43","date_gmt":"2024-12-02T23:10:01","guid":{"rendered":"https:\/\/factory.sale\/?post_type=product&#038;p=95480"},"modified":"2024-12-05T10:54:54","modified_gmt":"2024-12-05T07:54:54","slug":"lillevilla-ruokonen-12-m%c2%b2-44-mm","status":"publish","type":"product","link":"https:\/\/factory.sale\/et\/toode\/lillevilla-ruokonen-12-m%c2%b2-44-mm\/","title":{"rendered":"Lillevilla Ruokonen \u2013 12 m\u00b2 \/ 44 mm"},"content":{"rendered":"<p>Lillevilla Ruokonen on avar ja valgusk\u00fcllane viilkatusega aiahoone, mis on valmistatud 44 mm paksustest palkidest. See on ideaalne koht suvep\u00e4evade nautimiseks v\u00f5i hubase atmosf\u00e4\u00e4ri loomiseks s\u00fcgis\u00f5htutel. T\u00e4nu suurtele akendele sobib see mudel eriti h\u00e4sti kunstistuudioks v\u00f5i suvek\u00f6\u00f6giks.<\/p>\n<p>Selle mudeli p\u00f5randapindala on 12 m\u00b2, laius 4 meetrit ja s\u00fcgavus 3 meetrit. Harjak\u00f5rgus on 250 cm ja katuse pindala 16,20 m\u00b2.<\/p>\n<p>&nbsp;<\/p>\n<p><b>Komplekt sisaldab<\/b><\/p>\n<p>Tootepakett sisaldab palke, uksi, aknaid, p\u00f5randalaudu, katuseplaate, kinnitusdetaile, naelu ja kruvisid. P\u00f5randalaudade paksus on 21 mm ja palgid on 44 mm paksused topelt-soontega disainiga, mis tagab erakordse vastupidavuse.<\/p>\n<p>Katusematerjal ei kuulu komplekti, kuid seda saab eraldi tellida. Valikus on kivikatus ja hermeetiline katusekate. Plaatkatust ei soovitata ja katusematerjal tuleb paigaldada kohe p\u00e4rast hoone kokkupanekut.<\/p>\n<p>Tehases on osad ette valmistatud, kuid kokkupanek n\u00f5uab t\u00f6\u00f6riistu, nagu m\u00f5\u00f5dulint, lood, haamer, saag, kruvikeeraja ja trell.<\/p>\n<p>&nbsp;<\/p>\n<p><strong>Pinnat\u00f6\u00f6tlus<\/strong><\/p>\n<p>Hoone pinnat\u00f6\u00f6tlus tuleb teha kohe p\u00e4rast kokkupanekut, kui ilmastikuolud seda v\u00f5imaldavad. Kasutada tuleb hingavaid, palkpindadele m\u00f5eldud pinnat\u00f6\u00f6tlustooteid. Mitte kasutada v\u00e4rve, mis loovad mittehingava plastikkile.<\/p>\n<p>&nbsp;<\/p>\n<p><strong>Ehitusloa teave<\/strong><\/p>\n<p>Kontrollige eelnevalt kohaliku omavalitsusega, kas hoonele on vaja ehitusluba. Ehitusloa taotluseks vajalikud joonised saab alla laadida v\u00f5i k\u00fcsida meie klienditeenindusest.<\/p>\n<p>&nbsp;<\/p>\n<p><strong>Tehnilised andmed:<\/strong><\/p>\n<p>P\u00f5randapindala (m\u00b2): 12<br \/>\nAluse m\u00f5\u00f5tmed (mm x mm): 4000 x 3000<br \/>\nSeina paksus (mm): 44<br \/>\nHarjak\u00f5rgus (mm): 2500<br \/>\nKatuse pindala (m\u00b2): 16,2<br \/>\nHarja pikkus (mm): 4500<br \/>\nKatuseosa pikkus (mm): 1796<br \/>\nKatusekalle (kraadi): 16,00<br \/>\nKatuseplaadid (mm): 16<br \/>\nP\u00f5randalauad (mm): 21<br \/>\nAknad: CE-sertifikaadiga klaas (4\/6\/4 mm), t\u00fc\u00fcp R7 (558\u00d71496), 2 tk (fikseeritud)<br \/>\nUksed: CE-sertifikaadiga klaas (4\/9\/4 mm), t\u00fc\u00fcp D6 (1694\u00d71805)<br \/>\nKatusematerjal: Ei sisaldu<br \/>\nPakendi m\u00f5\u00f5tmed ja kaal: 4550 x 770 x 1150 mm \/ 1060 kg<br \/>\nTootekood (SKU): 0144 40 30 10<\/p>\n<p>&nbsp;<\/p>\n<p>&nbsp;<\/p>\n<p><strong>Lisaks saadaval:<\/strong><\/p>\n<p>Katusematerjalid<br \/>\n30123 Kivikatus (+364,50 \u20ac)<br \/>\n30129 Hermeetiline katusekate (+319,50 \u20ac)<\/p>\n<p>30136 R\u00e4\u00e4stapleki pakett\u00a0(+135,00 \u20ac)<\/p>\n<p>Isolatsioonipaketid<br \/>\n30101 P\u00f5randa isolatsioonipakett (+472,50 \u20ac)<br \/>\n30106 Katuse isolatsioonipakett (+855,00 \u20ac)<\/p>\n<p>&nbsp;<\/p>\n<p><a href=\"https:\/\/factory.sale\/wp-content\/uploads\/2024\/12\/Lillevilla_611_manual-ID-10662.pdf\" target=\"_blank\" rel=\"noopener\">Kokkupaneku juhised<\/a><\/p>\n<p><a href=\"https:\/\/factory.sale\/wp-content\/uploads\/2024\/12\/Lillevilla-611-perustus-foundation-ID-11175.pdf\" target=\"_blank\" rel=\"noopener\">Paigaldusjuhised<\/a><\/p>\n<p><a href=\"https:\/\/factory.sale\/wp-content\/uploads\/2024\/11\/Luoman_hirsirakennusten_pintakasittelyohje_Tikkurila_VALMIS_2023.pdf\" target=\"_blank\" rel=\"noopener\">Pinnat\u00f6\u00f6tluse juhised<br \/>\n<\/a><\/p>\n","protected":false},"excerpt":{"rendered":"<p>Avastage Lillevilla Ruokonen, stiilne 12 m\u00b2 palkmaja, mis on valmistatud vastupidavatest 44 mm palkidest. Sobib ideaalselt suvek\u00f6\u00f6gi, stuudio v\u00f5i hubase pelgupaigana. Tellige juba t\u00e4na ja nautige mugavust ja kvaliteeti!<\/p>\n<p>&nbsp;<\/p>\n","protected":false},"featured_media":95465,"comment_status":"open","ping_status":"closed","template":"","meta":{"_acf_changed":false},"factory":[],"free-shipment":[],"product_brand":[],"product_cat":[924,2356],"product_tag":[],"class_list":{"0":"post-95480","1":"product","2":"type-product","3":"status-publish","4":"has-post-thumbnail","6":"product_cat-aiatooted","7":"product_cat-aiarajatised","9":"first","10":"instock","11":"sale","12":"taxable","13":"shipping-taxable","14":"purchasable","15":"product-type-simple"},"acf":[],"_links":{"self":[{"href":"https:\/\/factory.sale\/et\/wp-json\/wp\/v2\/product\/95480","targetHints":{"allow":["GET"]}}],"collection":[{"href":"https:\/\/factory.sale\/et\/wp-json\/wp\/v2\/product"}],"about":[{"href":"https:\/\/factory.sale\/et\/wp-json\/wp\/v2\/types\/product"}],"replies":[{"embeddable":true,"href":"https:\/\/factory.sale\/et\/wp-json\/wp\/v2\/comments?post=95480"}],"wp:featuredmedia":[{"embeddable":true,"href":"https:\/\/factory.sale\/et\/wp-json\/wp\/v2\/media\/95465"}],"wp:attachment":[{"href":"https:\/\/factory.sale\/et\/wp-json\/wp\/v2\/media?parent=95480"}],"wp:term":[{"taxonomy":"factory","embeddable":true,"href":"https:\/\/factory.sale\/et\/wp-json\/wp\/v2\/factory?post=95480"},{"taxonomy":"free-shipment","embeddable":true,"href":"https:\/\/factory.sale\/et\/wp-json\/wp\/v2\/free-shipment?post=95480"},{"taxonomy":"product_brand","embeddable":true,"href":"https:\/\/factory.sale\/et\/wp-json\/wp\/v2\/product_brand?post=95480"},{"taxonomy":"product_cat","embeddable":true,"href":"https:\/\/factory.sale\/et\/wp-json\/wp\/v2\/product_cat?post=95480"},{"taxonomy":"product_tag","embeddable":true,"href":"https:\/\/factory.sale\/et\/wp-json\/wp\/v2\/product_tag?post=95480"}],"curies":[{"name":"wp","href":"https:\/\/api.w.org\/{rel}","templated":true}]}}