{"id":9546,"date":"2022-07-04T13:39:44","date_gmt":"2022-07-04T13:50:50","guid":{"rendered":"https:\/\/factory.sale\/?post_type=product&#038;p=9546"},"modified":"2024-07-01T23:52:23","modified_gmt":"2024-07-01T23:52:23","slug":"brasta-industriaalses-stiilis-dusinurgad","status":"publish","type":"product","link":"https:\/\/factory.sale\/et\/toode\/brasta-industriaalses-stiilis-dusinurgad\/","title":{"rendered":"Brasta industriaalses stiilis du\u0161inurgad"},"content":{"rendered":"<p>Uus industriaalses stiilis du\u0161ikabiinide kollektsioon\u2013 \u00a0V\u00e4\u00e4rtustatakse seda, mis on VAJALIK, p\u00fcrgides t\u00e4iusliku funktsionaalsuse poole.<\/p>\n<p>V\u00f5idavad mehaanilised ja tehnilised lahendused. Vaadates tagasi 19. sajandisse, t\u00f6\u00f6stusrevolutsiooni algusesse, mille esmaseks eesm\u00e4rgiks oli t\u00e4iuslik funktsionaalsus esemete valmistamisel, mil toodete valmistamisel hakati laialdaselt kasutama metalli ja kauakestvat materjali, klaasi. Eelistati esemete kvaliteeti, toodete valmistamiseks valiti hoolikalt k\u00f5ige vastupidavamad materjalid, otsiti parimaid lahendusi, p\u00fc\u00fcdes saavutada lihtsust ja vastupidavust.<\/p>\n<p>Baltijos Brasta on uhke \u00fche oma meistriteose \u00fcle \u2013 t\u00f6\u00f6stuslikus stiilis du\u0161ikabiinide kollektsiooni \u00fcle. Tootevisiooni realiseerimiseks kasutati Acrobati s\u00fcsteemi.<\/p>\n<p><strong>FUNKTSIONAALNE<\/strong><\/p>\n<ul>\n<li>Tegemist on hoolikalt l\u00e4bim\u00f5eldud toodetega, olenevalt mudelist saab uksi avada nii sisse- kui v\u00e4ljapoole ning uksesulgur v\u00f5imaldab reguleerida nende avanemisnurka.<\/li>\n<li>Avamisel t\u00f5useb uks \u00fcles, sulgemisel mahub vastu vannitoa p\u00f5randat.<\/li>\n<li>Metallkonstruktsioon v\u00f5imaldab du\u0161ikabiini ja seinu lihtsalt ja lihtsalt sobitada seinte ja p\u00f5randate ebatasasustega.<\/li>\n<li>Seinte sisek\u00fclg on kaetud QUICK DRIP kattega, mis v\u00e4hendab klaaside saastumist ja muudab nende puhastamise lihtsamaks.<\/li>\n<\/ul>\n<p>&nbsp;<\/p>\n<p>&nbsp;<\/p>\n<p>Saadaval erinevad mudelid ja erinetes m\u00f5\u00f5tudes.<\/p>\n<p>Hind s\u00f5ltub m\u00f5\u00f5tudest ja mudelitest, k\u00fcsi personaalset hinnapakkumist!<\/p>\n","protected":false},"excerpt":{"rendered":"<p>Uus industriaalses stiilis du\u0161ikabiinide kollektsioon Brastalt.<\/p>\n","protected":false},"featured_media":9541,"comment_status":"open","ping_status":"closed","template":"","meta":{"_acf_changed":false},"factory":[],"free-shipment":[],"product_brand":[],"product_cat":[1014,784],"product_tag":[],"class_list":{"0":"post-9546","1":"product","2":"type-product","3":"status-publish","4":"has-post-thumbnail","6":"product_cat-dusinurgad","7":"product_cat-sanitaartehnika","9":"first","10":"instock","11":"sale","12":"taxable","13":"shipping-taxable","14":"purchasable","15":"product-type-simple"},"acf":[],"_links":{"self":[{"href":"https:\/\/factory.sale\/et\/wp-json\/wp\/v2\/product\/9546","targetHints":{"allow":["GET"]}}],"collection":[{"href":"https:\/\/factory.sale\/et\/wp-json\/wp\/v2\/product"}],"about":[{"href":"https:\/\/factory.sale\/et\/wp-json\/wp\/v2\/types\/product"}],"replies":[{"embeddable":true,"href":"https:\/\/factory.sale\/et\/wp-json\/wp\/v2\/comments?post=9546"}],"wp:featuredmedia":[{"embeddable":true,"href":"https:\/\/factory.sale\/et\/wp-json\/wp\/v2\/media\/9541"}],"wp:attachment":[{"href":"https:\/\/factory.sale\/et\/wp-json\/wp\/v2\/media?parent=9546"}],"wp:term":[{"taxonomy":"factory","embeddable":true,"href":"https:\/\/factory.sale\/et\/wp-json\/wp\/v2\/factory?post=9546"},{"taxonomy":"free-shipment","embeddable":true,"href":"https:\/\/factory.sale\/et\/wp-json\/wp\/v2\/free-shipment?post=9546"},{"taxonomy":"product_brand","embeddable":true,"href":"https:\/\/factory.sale\/et\/wp-json\/wp\/v2\/product_brand?post=9546"},{"taxonomy":"product_cat","embeddable":true,"href":"https:\/\/factory.sale\/et\/wp-json\/wp\/v2\/product_cat?post=9546"},{"taxonomy":"product_tag","embeddable":true,"href":"https:\/\/factory.sale\/et\/wp-json\/wp\/v2\/product_tag?post=9546"}],"curies":[{"name":"wp","href":"https:\/\/api.w.org\/{rel}","templated":true}]}}