{"id":95458,"date":"2024-12-03T01:24:47","date_gmt":"2024-12-02T22:30:43","guid":{"rendered":"https:\/\/factory.sale\/?post_type=product&#038;p=95458"},"modified":"2026-03-04T11:11:18","modified_gmt":"2026-03-04T08:11:18","slug":"lillevilla-lompolo-20-m%c2%b2-44-mm","status":"publish","type":"product","link":"https:\/\/factory.sale\/et\/toode\/lillevilla-lompolo-20-m%c2%b2-44-mm\/","title":{"rendered":"Lillevilla Lompolo \u2013 20 m\u00b2 \/ 44 mm"},"content":{"rendered":"<p><strong>Avar hoone<\/strong><\/p>\n<p>Lillevilla Lompolo on avar panipaik, mille p\u00f5randapindala on peaaegu 20 ruutmeetrit. Hoone on 3,9 meetrit lai ja 5,1 meetrit pikk, harjak\u00f5rgusega umbes 298 cm ja k\u00fclgseina k\u00f5rgusega 223 cm. Lillevilla Lompolo sisaldab mugavat k\u00fclgust, mida saab paigaldada m\u00f5lemale k\u00fclgseinale, kas ette v\u00f5i taha. Kuid ukse avanemissuunda ei saa muuta.<\/p>\n<p>&nbsp;<\/p>\n<p><strong>Komplekti kuulub<\/strong><\/p>\n<p>Palgid on 44 mm paksused topelt-soontega, mis tagavad erakordse vastupidavuse. Komplekt sisaldab palke, ust ja katuselaudu ning lisaks ka kinnitustarvikuid, naelu ja kruvisid. Nurkade kinnitamiseks m\u00f5eldud keermelatid on samuti komplektis. Katusematerjal ei kuulu komplekti, kuid selle saab eraldi tellida. Valikus on Katepal Classic KL bituumensindel v\u00f5i Katepal TopTite 3 rullbituumen katus. Katusematerjal tuleb paigaldada kohe p\u00e4rast hoone kokku panemist. Kiviplaat katust ei ole soovitatav paigaldada!<\/p>\n<p>M\u00e4rkus: P\u00f5rand ei kuulu komplekti.<\/p>\n<p>Hoone osad on tehases ette valmistatud. Kuna hoone n\u00f5uab siiski kokkupanekut, on vajalikud tavalised t\u00f6\u00f6riistad nagu m\u00f5\u00f5dulint, lood, haamer, saag, kruvikeeraja ja puur.<\/p>\n<p>&nbsp;<\/p>\n<p><strong>Pinnat\u00f6\u00f6tlus<\/strong><\/p>\n<p>Hoone pind tuleks t\u00f6\u00f6delda kohe p\u00e4rast kokkupanekut ja ilmastikuolusid arvestades. Kasutage hingavaid pinnat\u00f6\u00f6tlustooteid, mis on spetsiaalselt palkpindadele m\u00f5eldud. Mitte hingavat plastkile moodustavaid v\u00e4rve ei tohi kasutada.<\/p>\n<p>&nbsp;<\/p>\n<p><strong>Ehitusloa teave<\/strong><\/p>\n<p>Kontrollige eelnevalt oma kohaliku omavalitsusega, kas on vaja ehitusluba.<\/p>\n<p>&nbsp;<\/p>\n<p>&nbsp;<\/p>\n<p><strong>Tehnilised andmed:<\/strong><\/p>\n<p>P\u00f5randapindala (m\u00b2): 19,9<br \/>\nP\u00f5hjam\u00f5\u00f5tmed (mm): 3900 x 5100<br \/>\nSeina paksus (mm): 44<br \/>\nP\u00f5randalauad: Ei kuulu komplekti<br \/>\nHarjak\u00f5rgus (mm): 2980<br \/>\nK\u00fclgseina k\u00f5rgus (mm): 2230<br \/>\nKatuseala (m\u00b2): 26<br \/>\nKatuse m\u00f5\u00f5tmed (mm): 4580 x 5530<br \/>\nUks: T\u00fc\u00fcp C10 897\u00d71820 (CE-sertifikaadiga klaas 4\/6\/4 mm)<br \/>\nKatusematerjal: Ei kuulu komplekti<br \/>\nPakendi m\u00f5\u00f5tmed ja kaal: 5550 x 900 x 1150 mm \/ 1440 kg<br \/>\nTootekood (SKU): 0144 39 51 02<\/p>\n<p>&nbsp;<\/p>\n<p>&nbsp;<\/p>\n<p><strong>Saadaval lisaks:<\/strong><\/p>\n<p>Katusematerjalid<\/p>\n<p>30123 Kivikatuspakett (+490.50 \u20ac)<\/p>\n<p>30129 Hermeetilise katusepakett (+490.50 \u20ac)<\/p>\n<p>R\u00e4\u00e4stapleki pakett<\/p>\n<p>30136 R\u00e4\u00e4stapleki pakett (+135.00 \u20ac)<\/p>\n<p>Isolatsioonipakett<\/p>\n<p>30109 Katuse isolatsioonipakett (+1372.50 \u20ac)<\/p>\n<p>T\u00f5stepakett<\/p>\n<p>9517 \u2013 2 palgikihi t\u00f5stet (+585.00 \u20ac)<\/p>\n<p>&nbsp;<\/p>\n<p>&nbsp;<\/p>\n<p>&nbsp;<\/p>\n<p><a href=\"https:\/\/factory.sale\/wp-content\/uploads\/2024\/12\/Lillevilla-Lompolo_LV585_manual-ID-10731.pdf\" target=\"_blank\" rel=\"noopener\">Paigaldusjuhised<\/a><\/p>\n<p><a href=\"https:\/\/factory.sale\/wp-content\/uploads\/2024\/12\/Loukinen-Lillevilla-489-perustus-foundation-ID-9200.pdf\" target=\"_blank\" rel=\"noopener\">Ehitusloa taotluse joonised<\/a><\/p>\n<p><a href=\"https:\/\/factory.sale\/wp-content\/uploads\/2024\/11\/Luoman_hirsirakennusten_pintakasittelyohje_Tikkurila_VALMIS_2023.pdf\" target=\"_blank\" rel=\"noopener\">Pinnat\u00f6\u00f6tluse juhised<\/a><\/p>\n","protected":false},"excerpt":{"rendered":"<p>Avastage Lillevilla Lompolo \u2013 avar ja vastupidav panipaik, mille pindala on peaaegu 20 m\u00b2. Valmistatud 44 mm paksustest topelt-soontega palkidest, sellel on paindlikud katusevalikud ja k\u00fcljeukse paigutus. Ideaalne organiseerimiseks v\u00f5i lisapanipaigaks. Tellige juba t\u00e4na!<\/p>\n","protected":false},"featured_media":95453,"comment_status":"open","ping_status":"closed","template":"","meta":{"_acf_changed":false},"factory":[],"free-shipment":[],"product_brand":[],"product_cat":[924,4797,2356,4800,4540],"product_tag":[],"class_list":{"0":"post-95458","1":"product","2":"type-product","3":"status-publish","4":"has-post-thumbnail","6":"product_cat-aiatooted","7":"product_cat-aia-ja-ouetooted","8":"product_cat-aiarajatised","9":"product_cat-aiarajatised-et","10":"product_cat-laotooted","12":"first","13":"instock","14":"sale","15":"taxable","16":"shipping-taxable","17":"purchasable","18":"product-type-simple"},"acf":[],"_links":{"self":[{"href":"https:\/\/factory.sale\/et\/wp-json\/wp\/v2\/product\/95458","targetHints":{"allow":["GET"]}}],"collection":[{"href":"https:\/\/factory.sale\/et\/wp-json\/wp\/v2\/product"}],"about":[{"href":"https:\/\/factory.sale\/et\/wp-json\/wp\/v2\/types\/product"}],"replies":[{"embeddable":true,"href":"https:\/\/factory.sale\/et\/wp-json\/wp\/v2\/comments?post=95458"}],"wp:featuredmedia":[{"embeddable":true,"href":"https:\/\/factory.sale\/et\/wp-json\/wp\/v2\/media\/95453"}],"wp:attachment":[{"href":"https:\/\/factory.sale\/et\/wp-json\/wp\/v2\/media?parent=95458"}],"wp:term":[{"taxonomy":"factory","embeddable":true,"href":"https:\/\/factory.sale\/et\/wp-json\/wp\/v2\/factory?post=95458"},{"taxonomy":"free-shipment","embeddable":true,"href":"https:\/\/factory.sale\/et\/wp-json\/wp\/v2\/free-shipment?post=95458"},{"taxonomy":"product_brand","embeddable":true,"href":"https:\/\/factory.sale\/et\/wp-json\/wp\/v2\/product_brand?post=95458"},{"taxonomy":"product_cat","embeddable":true,"href":"https:\/\/factory.sale\/et\/wp-json\/wp\/v2\/product_cat?post=95458"},{"taxonomy":"product_tag","embeddable":true,"href":"https:\/\/factory.sale\/et\/wp-json\/wp\/v2\/product_tag?post=95458"}],"curies":[{"name":"wp","href":"https:\/\/api.w.org\/{rel}","templated":true}]}}