{"id":95326,"date":"2024-12-02T10:55:39","date_gmt":"2024-12-02T08:27:45","guid":{"rendered":"https:\/\/factory.sale\/?post_type=product&#038;p=95326"},"modified":"2024-12-02T11:39:42","modified_gmt":"2024-12-02T08:39:42","slug":"lillevilla-teno-296-m%c2%b2-44-mm","status":"publish","type":"product","link":"https:\/\/factory.sale\/et\/toode\/lillevilla-teno-296-m%c2%b2-44-mm\/","title":{"rendered":"Lillevilla Teno \u2013 29,6 m\u00b2 \/ 44 mm"},"content":{"rendered":"<p><strong>Meie suurim k\u00fclalistemaja<\/strong><\/p>\n<p>Lillevilla Teno k\u00fclalistemaja on avar ja valgusk\u00fcllane lamekatusega hoone, mis on valmistatud 44 mm kergepalkidest. See on ideaalne neile, kes vajavad rohkelt ruumi hobideks! Suur p\u00f5randapind v\u00f5imaldab k\u00fclalistemaja jagada erinevateks osadeks. Piisavalt ruumi on nii piljardilauale kui ka diivanikomplektile l\u00f5\u00f5gastumiseks.<\/p>\n<p>Soovi korral saate Lillevilla Teno k\u00fclalistemajale tellida v\u00e4ljapoole avaneva topeltakna. Aken on eelnevalt klaasitud isoleeritud turvaklaasiga (2K4-6-4), m\u00f5\u00f5tmetega 468 x 1406 mm. Hinged on tapphinged, iga aknapoole kohta kolm. Aken avaneb vasakule. Komplekti kuuluvad k\u00e4epidemed ja \u00e4\u00e4risliistud. Akna paigaldamiseks l\u00f5igake soovitud asukohta ava ja kinnitage aken kaasasolevate \u00e4\u00e4risliistude abil.<\/p>\n<p>&nbsp;<\/p>\n<p><strong>K\u00fclalistemaja olulisemad m\u00f5\u00f5tmed<\/strong><\/p>\n<p>P\u00f5randapind: 29,6 m\u00b2 (laius: 7,4 m, s\u00fcgavus: 4 m)<br \/>\nHarjak\u00f5rgus: 245 cm<br \/>\nVaba sisek\u00f5rgus: madalaimas punktis u 200 cm<br \/>\nKatusepind: 33,4 m\u00b2<br \/>\nP\u00f5randalauad on 21 mm paksused ja 44 mm paksused topeltsoonega seinapalgid tagavad erakordse vastupidavuse. See mudel kasutab &#8220;linnanurga&#8221; disaini, mis t\u00e4hendab, et seinapalgid kinnitatakse nurgapostidesse. Uksed ja aknad on varustatud CE-sertifikaadiga isoleeritud turvaklaasidega.<br \/>\nKomplekti sisu<br \/>\nTootepakett sisaldab palke, uksi, aknaid, p\u00f5randalaudu, katuselaudu, furnituuri, naelu ja kruvisid. Katusematerjal ei kuulu komplekti. Katusematerjaliks saate meilt tellida Katepal TopTite 3 rullkatuse. Plaat- v\u00f5i kivikatust ei soovitata. Katusematerjal tuleb paigaldada kohe p\u00e4rast hoone kokkupanekut.<\/p>\n<p>Hoone osad on tehases eelnevalt t\u00f6\u00f6deldud. Kuna tegemist on siiski ehitamisega, veenduge, et teil oleksid tavalised t\u00f6\u00f6riistad, nagu m\u00f5\u00f5dulint, lood, haamer, saag, kruvikeeraja ja trell.<\/p>\n<p>&nbsp;<\/p>\n<p><strong>Pinnat\u00f6\u00f6tlus<\/strong><\/p>\n<p>Hoone pinnat\u00f6\u00f6tlus tuleb teha viivitamatult p\u00e4rast kokkupanekut, kui ilmastikuolud seda v\u00f5imaldavad. Kasutage hingavaid pinnat\u00f6\u00f6tlusvahendeid, mis on spetsiaalselt m\u00f5eldud palkpindadele. Mittekahjustava plastkile moodustavaid v\u00e4rve kasutada ei tohi.<\/p>\n<p>&nbsp;<\/p>\n<p><strong>Ehitusloa info<\/strong><\/p>\n<p>Kontrollige ehitusloa vajadust eelnevalt oma kohaliku ehitusameti k\u00e4est. Ehitusloa taotlemiseks vajalikud joonised saate alla laadida sellelt lehelt v\u00f5i k\u00fcsida meie klienditeenindusest.<\/p>\n<p>&nbsp;<\/p>\n<p><strong>Tehnilised andmed:<\/strong><\/p>\n<p>P\u00f5randapind: 29,6 m\u00b2<br \/>\nAluse m\u00f5\u00f5tmed: 7400 x 4000 mm<br \/>\nSeinapaksus: 44 mm<br \/>\nHarjak\u00f5rgus: 2450 mm<br \/>\nSeinak\u00f5rgus: 2150 \/ 2280 mm<br \/>\nKatusepind: 33,4 m\u00b2<br \/>\nKatuse m\u00f5\u00f5tmed: 7600 x 4390 mm<br \/>\nKatusekalle: 3,00\u00b0<br \/>\nHarja pikkus: 7870 mm<br \/>\nKatuse osa pikkus: 4460 mm<br \/>\nKatuse lauad: 16 mm<br \/>\nP\u00f5randalauad: 21 mm<br \/>\nAknad: CE-sertifikaadiga turvaklaasid, t\u00fc\u00fcp R7 (558\u00d71496)<br \/>\nAkende avanemissuund: fikseeritud<br \/>\nUksed: CE-sertifikaadiga turvaklaasid, t\u00fc\u00fcp D19 (1694\u00d71960)<br \/>\nKatusematerjal: ei kuulu komplekti<br \/>\nPakendite m\u00f5\u00f5tmed ja kaal:<br \/>\n4850 x 750 x 1150 mm \/ 1000 kg<br \/>\n5250 x 480 x 1150 mm \/ 850 kg<\/p>\n<p>&nbsp;<\/p>\n<p>&nbsp;<\/p>\n<p><strong>Lisaks saadaval:<\/strong><\/p>\n<p>Katusematerjal<\/p>\n<p>30130 Tiheda liitega katusepakett (+571,50 \u20ac)<\/p>\n<p>R\u00e4\u00e4staplekkide pakett<\/p>\n<p>30137 (+171,00 \u20ac)<\/p>\n<p>Isolatsioonipakett<\/p>\n<p>9507 Katuse isolatsioonipakett (+1,476,00 \u20ac)<br \/>\n9508 P\u00f5randa isolatsioonipakett (+918,00 \u20ac)<\/p>\n<p>T\u00f5stepakett<\/p>\n<p>2 palgikihi t\u00f5stmine (+495,00 \u20ac)<\/p>\n<p>&nbsp;<\/p>\n<p>&nbsp;<\/p>\n<p><a href=\"https:\/\/factory.sale\/wp-content\/uploads\/2024\/12\/Teno_Lillevilla_442_FI-SE-DE-DK-EN-FR-ID-5301.pdf\" target=\"_blank\" rel=\"noopener\">Kokkupaneku juhised<\/a><\/p>\n<p><a href=\"https:\/\/factory.sale\/wp-content\/uploads\/2024\/12\/Teno_Lillevilla-442-perustus-foundation-ID-7204.pdf\" target=\"_blank\" rel=\"noopener\">Vundamendi juhised<\/a><\/p>\n<p><a href=\"https:\/\/factory.sale\/wp-content\/uploads\/2024\/12\/Teno_Lillevilla-442-julkisivut-pohja-ja-leikkaus-ID-5213.pdf\" target=\"_blank\" rel=\"noopener\">Ehitusloa taotluse joonised<\/a><\/p>\n<p><a href=\"https:\/\/factory.sale\/wp-content\/uploads\/2024\/11\/Luoman_hirsirakennusten_pintakasittelyohje_Tikkurila_VALMIS_2023.pdf\" target=\"_blank\" rel=\"noopener\">Pinnat\u00f6\u00f6tluse juhised<\/a><\/p>\n<p><a href=\"https:\/\/factory.sale\/wp-content\/uploads\/2024\/11\/5.pdf\" target=\"_blank\" rel=\"noopener\">Isolatsioonipaketi juhised<br \/>\n<\/a><\/p>\n","protected":false},"excerpt":{"rendered":"<p>Muuda oma aed Lillevilla Teno k\u00fclalistemajaga. 29,6 m\u00b2 ruumi, vastupidavad 44 mm palgid ja kohandatavad v\u00f5imalused muudavad selle ideaalseks hobideks, l\u00f5\u00f5gastumiseks v\u00f5i k\u00fclaliste vastuv\u00f5tmiseks. Telli juba t\u00e4na!<\/p>\n<p>&nbsp;<\/p>\n","protected":false},"featured_media":95308,"comment_status":"open","ping_status":"closed","template":"","meta":{"_acf_changed":false},"factory":[],"free-shipment":[],"product_brand":[],"product_cat":[924,2356],"product_tag":[],"class_list":{"0":"post-95326","1":"product","2":"type-product","3":"status-publish","4":"has-post-thumbnail","6":"product_cat-aiatooted","7":"product_cat-aiarajatised","9":"first","10":"instock","11":"sale","12":"taxable","13":"shipping-taxable","14":"purchasable","15":"product-type-simple"},"acf":[],"_links":{"self":[{"href":"https:\/\/factory.sale\/et\/wp-json\/wp\/v2\/product\/95326","targetHints":{"allow":["GET"]}}],"collection":[{"href":"https:\/\/factory.sale\/et\/wp-json\/wp\/v2\/product"}],"about":[{"href":"https:\/\/factory.sale\/et\/wp-json\/wp\/v2\/types\/product"}],"replies":[{"embeddable":true,"href":"https:\/\/factory.sale\/et\/wp-json\/wp\/v2\/comments?post=95326"}],"wp:featuredmedia":[{"embeddable":true,"href":"https:\/\/factory.sale\/et\/wp-json\/wp\/v2\/media\/95308"}],"wp:attachment":[{"href":"https:\/\/factory.sale\/et\/wp-json\/wp\/v2\/media?parent=95326"}],"wp:term":[{"taxonomy":"factory","embeddable":true,"href":"https:\/\/factory.sale\/et\/wp-json\/wp\/v2\/factory?post=95326"},{"taxonomy":"free-shipment","embeddable":true,"href":"https:\/\/factory.sale\/et\/wp-json\/wp\/v2\/free-shipment?post=95326"},{"taxonomy":"product_brand","embeddable":true,"href":"https:\/\/factory.sale\/et\/wp-json\/wp\/v2\/product_brand?post=95326"},{"taxonomy":"product_cat","embeddable":true,"href":"https:\/\/factory.sale\/et\/wp-json\/wp\/v2\/product_cat?post=95326"},{"taxonomy":"product_tag","embeddable":true,"href":"https:\/\/factory.sale\/et\/wp-json\/wp\/v2\/product_tag?post=95326"}],"curies":[{"name":"wp","href":"https:\/\/api.w.org\/{rel}","templated":true}]}}