{"id":95298,"date":"2024-12-02T10:11:53","date_gmt":"2024-12-02T07:17:08","guid":{"rendered":"https:\/\/factory.sale\/?post_type=product&#038;p=95298"},"modified":"2024-12-05T11:02:58","modified_gmt":"2024-12-05T08:02:58","slug":"lillevilla-kolima-24-m%c2%b2-44-mm","status":"publish","type":"product","link":"https:\/\/factory.sale\/et\/toode\/lillevilla-kolima-24-m%c2%b2-44-mm\/","title":{"rendered":"Lillevilla Kolima \u2013 24 m\u00b2 \/ 44 mm"},"content":{"rendered":"<p><strong>K\u00fclalistemaja Lillevilla Kolima<\/strong><\/p>\n<p>Lillevilla Kolima on suur k\u00fclalistemaja, millel on suured aknad ja laiad klaasuksed, muutes selle stiilseks aiarajatiseks! See silmapaistev mudel pakub rohkelt kohandamisv\u00f5imalusi. Lillevilla Kolima k\u00fclalistemaja sobib suurep\u00e4raselt kunstistuudioks, suvek\u00f6\u00f6giks v\u00f5i avaraks s\u00f6\u00f6gialaks. Sellel mudelil on keskele paigutatud topeltuksed, mida \u00e4\u00e4ristavad kaks suurt akent. K\u00f5ik Lillevilla Kolima uksed ja aknad on varustatud CE-sertifikaadiga soojustatud turvaklaasidega.<\/p>\n<p>&nbsp;<\/p>\n<p><strong>K\u00fclalistemaja peamised m\u00f5\u00f5tmed<\/strong><\/p>\n<p>P\u00f5randapindala: 24 m\u00b2 (laius: 6 m, s\u00fcgavus: 4 m)<br \/>\nHarja k\u00f5rgus: 245 cm<br \/>\nVaba sisek\u00f5rgus: Madalaim punkt umbes 200 cm<br \/>\nKatusepindala: 28,2 m\u00b2<br \/>\nP\u00f5randalauad on 21 mm paksused ja 44 mm paksused topeltsoontega seinapalgid tagavad erakordse vastupidavuse. Sellel mudelil on &#8220;city corner&#8221; disain, mis t\u00e4hendab, et seinapalgid kinnitatakse nurkadesse. Uksed ja aknad sisaldavad CE-sertifikaadiga soojustatud turvaklaase.<\/p>\n<p>&nbsp;<\/p>\n<p><strong>Toote kohaletoimetamise sisu<\/strong><\/p>\n<p>Tootepaketti kuuluvad palgid, uksed, aknad, p\u00f5randalauad, katuse lauad, kinnitusvahendid, naelad ja kruvid. Katusematerjal ei kuulu komplekti. Katepal TopTite 3 rullkatust saab tellida sellelt lehelt. Plaatkatust v\u00f5i kivikatust ei soovitata. Katusematerjal tuleb paigaldada kohe p\u00e4rast hoone kokku panemist.<\/p>\n<p>Majakomponendid on tehases eelnevalt t\u00f6\u00f6deldud. Kuid kuna kokkupanek on vajalik, veenduge, et teil oleksid tavalised t\u00f6\u00f6riistad, nagu m\u00f5\u00f5dulint, lood, haamer, saag, kruvikeeraja ja trell.<\/p>\n<p>&nbsp;<\/p>\n<p><strong>Pinnat\u00f6\u00f6tlus<\/strong><\/p>\n<p>Hoone pinnat\u00f6\u00f6tlus tuleb teha kohe p\u00e4rast kokkupanemist, kui ilmastikutingimused seda lubavad. Kasutage spetsiaalselt palkpindadele m\u00f5eldud hingavaid pinnat\u00f6\u00f6tlusvahendeid. Mittehingavaid plastkile moodustavaid v\u00e4rve ei tohi kasutada.<\/p>\n<p>&nbsp;<\/p>\n<p><strong>Ehitusloa teave<\/strong><\/p>\n<p>Kontrollige ehitusloa vajadust eelnevalt oma kohaliku ehitusameti k\u00e4est. Ehitusloa taotluseks vajalikud joonised saab alla laadida sellelt lehelt v\u00f5i k\u00fcsida meie klienditeenindusest.<\/p>\n<p>&nbsp;<\/p>\n<p>&nbsp;<\/p>\n<p><strong>Tehniline teave:<\/strong><\/p>\n<p>P\u00f5randapindala (m\u00b2): 24<br \/>\nP\u00f5hjam\u00f5\u00f5dud (mm x mm): 6000 x 4000<br \/>\nSeina paksus (mm): 44<br \/>\nHarja k\u00f5rgus (mm): 2450<br \/>\nSisek\u00f5rgus (mm): 2170 \/ 2360<br \/>\nKatusepindala (m\u00b2): 28,8<br \/>\nKatusem\u00f5\u00f5dud (mm x mm): 6460 x 4460<br \/>\nHarja pikkus (mm): 6460<br \/>\nKatuse osa pikkus (mm): 4460<br \/>\nKatuse kalle (kraadi): 3,00<br \/>\nKatuse lauad (mm): 16<br \/>\nP\u00f5randalauad (mm): 21<br \/>\nAknad: CE-sertifikaadiga soojustatud turvaklaas 4\/6\/4 mm, T\u00fc\u00fcp S (1187\u00d71550), 2 tk<br \/>\nAknad avanevad: V\u00e4lja<br \/>\nUks: CE-sertifikaadiga soojustatud turvaklaas 4\/9\/4 mm, T\u00fc\u00fcp D19 (1694\u00d71960)<br \/>\nKatusematerjal: Ei sisaldu komplektis<br \/>\nPakendite arv: 2<br \/>\nPakendi m\u00f5\u00f5dud (mm) ja kaal:<br \/>\n3950 x 570 x 1150 \/ 885 kg<br \/>\n6000 x 500 x 1150 \/ 910 kg<br \/>\nTootekood (SKU): 0144 60 40 00<\/p>\n<p>&nbsp;<\/p>\n<p><strong>Lisaks saadaval:<\/strong><\/p>\n<p>Katusematerjal<\/p>\n<p>30129 Hermeetiline katusepakett (+490,50 \u20ac)<\/p>\n<p>R\u00e4\u00e4stapleki pakett<\/p>\n<p>30136 R\u00e4\u00e4stapleki pakett (+135,00 \u20ac)<\/p>\n<p>Isolatsioonipaketid<\/p>\n<p>30041 Katuse isolatsioonipakett (+1 336,50 \u20ac)<br \/>\n30042 P\u00f5randa isolatsioonipakett (+819,00 \u20ac)<\/p>\n<p>T\u00f5stepakett<\/p>\n<p>2 palgik\u00f5rgendust (+436,50 \u20ac)<\/p>\n<p>&nbsp;<\/p>\n<p><a href=\"https:\/\/factory.sale\/wp-content\/uploads\/2024\/12\/Kolima_LV-488_FI-SE-DE-DK-EN-FR-ID-5299.pdf\" target=\"_blank\" rel=\"noopener\">Kokkupaneku juhised<\/a><\/p>\n<p><a href=\"https:\/\/factory.sale\/wp-content\/uploads\/2024\/12\/Kolima-Lillevilla-488-perustus-foundation-ID-6780.pdf\" target=\"_blank\" rel=\"noopener\">Vundamendi juhised<\/a><\/p>\n<p><a href=\"https:\/\/factory.sale\/wp-content\/uploads\/2024\/12\/Lillevilla-488-raklupakuva-FI-ID-5684.pdf\" target=\"_blank\" rel=\"noopener\">Ehitusloa taotluse joonised<\/a><\/p>\n<p><a href=\"https:\/\/factory.sale\/wp-content\/uploads\/2024\/11\/Luoman_hirsirakennusten_pintakasittelyohje_Tikkurila_VALMIS_2023.pdf\" target=\"_blank\" rel=\"noopener\">Pinnat\u00f6\u00f6tluse juhised<\/a><\/p>\n<p><a href=\"https:\/\/factory.sale\/wp-content\/uploads\/2024\/11\/5.pdf\" target=\"_blank\" rel=\"noopener\">Isolatsioonipaketi juhised<\/a><\/p>\n","protected":false},"excerpt":{"rendered":"<p>Muuda oma aed Lillevilla Kolima k\u00fclalistemajaga. 24 m\u00b2 ruumi, suured aknad, topeltklaasuksed ja CE-sertifikaadiga klaasid teevad sellest t\u00e4iusliku stuudio, suvek\u00f6\u00f6gi v\u00f5i s\u00f6\u00f6giala. Vastupidavad 44 mm palgid ja kohandatavad katusevalikud tagavad kvaliteedi ja stiili. Telli juba t\u00e4na!<\/p>\n<p>&nbsp;<\/p>\n","protected":false},"featured_media":95290,"comment_status":"open","ping_status":"closed","template":"","meta":{"_acf_changed":false},"factory":[],"free-shipment":[],"product_brand":[],"product_cat":[924,2356],"product_tag":[],"class_list":{"0":"post-95298","1":"product","2":"type-product","3":"status-publish","4":"has-post-thumbnail","6":"product_cat-aiatooted","7":"product_cat-aiarajatised","9":"first","10":"instock","11":"sale","12":"taxable","13":"shipping-taxable","14":"purchasable","15":"product-type-simple"},"acf":[],"_links":{"self":[{"href":"https:\/\/factory.sale\/et\/wp-json\/wp\/v2\/product\/95298","targetHints":{"allow":["GET"]}}],"collection":[{"href":"https:\/\/factory.sale\/et\/wp-json\/wp\/v2\/product"}],"about":[{"href":"https:\/\/factory.sale\/et\/wp-json\/wp\/v2\/types\/product"}],"replies":[{"embeddable":true,"href":"https:\/\/factory.sale\/et\/wp-json\/wp\/v2\/comments?post=95298"}],"wp:featuredmedia":[{"embeddable":true,"href":"https:\/\/factory.sale\/et\/wp-json\/wp\/v2\/media\/95290"}],"wp:attachment":[{"href":"https:\/\/factory.sale\/et\/wp-json\/wp\/v2\/media?parent=95298"}],"wp:term":[{"taxonomy":"factory","embeddable":true,"href":"https:\/\/factory.sale\/et\/wp-json\/wp\/v2\/factory?post=95298"},{"taxonomy":"free-shipment","embeddable":true,"href":"https:\/\/factory.sale\/et\/wp-json\/wp\/v2\/free-shipment?post=95298"},{"taxonomy":"product_brand","embeddable":true,"href":"https:\/\/factory.sale\/et\/wp-json\/wp\/v2\/product_brand?post=95298"},{"taxonomy":"product_cat","embeddable":true,"href":"https:\/\/factory.sale\/et\/wp-json\/wp\/v2\/product_cat?post=95298"},{"taxonomy":"product_tag","embeddable":true,"href":"https:\/\/factory.sale\/et\/wp-json\/wp\/v2\/product_tag?post=95298"}],"curies":[{"name":"wp","href":"https:\/\/api.w.org\/{rel}","templated":true}]}}