{"id":95269,"date":"2024-12-02T00:38:16","date_gmt":"2024-12-01T21:45:23","guid":{"rendered":"https:\/\/factory.sale\/?post_type=product&#038;p=95269"},"modified":"2024-12-06T16:27:34","modified_gmt":"2024-12-06T13:27:34","slug":"lillevilla-loukinen-18-m%c2%b2-44-mm","status":"publish","type":"product","link":"https:\/\/factory.sale\/et\/toode\/lillevilla-loukinen-18-m%c2%b2-44-mm\/","title":{"rendered":"Lillevilla Loukinen \u2013 18 m\u00b2 \/ 44 mm"},"content":{"rendered":"<p><strong>K\u00fclalistemaja Lillevilla Loukinen<\/strong><\/p>\n<p>Lillevilla Loukinen on suur k\u00fclalistemaja, millel on suured aknad ja laiad klaasuksed, muutes selle stiilseks aiaehitiseks! See silmapaistev mudel pakub mitmeid kasutusv\u00f5imalusi. K\u00fclalistemaja sobib suurep\u00e4raselt kunstistuudioks, suvek\u00f6\u00f6giks v\u00f5i isegi suure grupi jaoks s\u00f6\u00f6gialaks. Kahekordsed uksed on paigutatud keskele ning neid \u00fcmbritsevad kaks suurt akent. K\u00f5ik Lillevilla Loukinen uksed ja aknad on varustatud CE-sertifikaadiga isolatsiooniga turvaklaasiga.<\/p>\n<p>&nbsp;<\/p>\n<p><strong>K\u00fclalistemaja p\u00f5hilised m\u00f5\u00f5tmed<\/strong><\/p>\n<p>P\u00f5randapindala: 18 m\u00b2 (laius: 6 m, s\u00fcgavus: 3 m)<br \/>\nHarjak\u00f5rgus: 245 cm<br \/>\nKatuse pindala: 22 m\u00b2<br \/>\n21 mm paksused p\u00f5randalauad ja 44 mm paksused topelttapiga seinapalgid tagavad erakordse vastupidavuse. See mudel on &#8220;city nurga&#8221; disainiga, mis t\u00e4hendab, et seinapalgid kinnitatakse nurkpostidele. Uksed ja aknad sisaldavad CE-sertifikaadiga isolatsiooniga turvaklaasi.<\/p>\n<p>&nbsp;<\/p>\n<p><strong>Komplekti kuulub<\/strong><\/p>\n<p>Komplekt sisaldab palke, uksi, aknaid, p\u00f5randalaudu, katuseplaate, kinnitusvahendeid, naelu ja kruve. Katusekattematerjal ei kuulu komplekti. \u00a0Katusekive v\u00f5i kivikatet ei soovitata. Katusematerjal tuleb paigaldada kohe p\u00e4rast hoone kokkupanekut.<\/p>\n<p>Kabiini osad on tehases eelnevalt t\u00f6\u00f6deldud. Siiski on vajalik kokkupanek, seega veenduge, et teil on olemas tavalised t\u00f6\u00f6riistad, nagu m\u00f5\u00f5dulint, lood, haamer, saag, kruvikeeraja ja trell.<\/p>\n<p>&nbsp;<\/p>\n<p><strong>Pinnat\u00f6\u00f6tlus<\/strong><\/p>\n<p>Hoone pinnat\u00f6\u00f6tlus tuleb l\u00e4bi viia kohe p\u00e4rast kokkupanekut, kui ilmastikutingimused seda v\u00f5imaldavad. Kasutage hingavaid pinnat\u00f6\u00f6tlusvahendeid, mis on spetsiaalselt palkpindade jaoks. Mittehingavat plastkile moodustavat v\u00e4rvi ei tohi kasutada.<\/p>\n<p>&nbsp;<\/p>\n<p><strong>Ehitusloa teave<\/strong><\/p>\n<p>Kontrollige ehitusloa vajadust eelnevalt oma kohaliku ehitusloa ametnikuga. Ehitusloa taotlemiseks vajalikud joonised saab alla laadida sellelt lehelt v\u00f5i k\u00fcsida meie klienditeenindusest.<\/p>\n<p>&nbsp;<\/p>\n<p>&nbsp;<\/p>\n<p><strong>Tehnilised andmed:<\/strong><\/p>\n<p>P\u00f5randapindala (m\u00b2): 18<br \/>\nP\u00f5hjaplaan (mm x mm): 6000 x 3000<br \/>\nSeina paksus (mm): 44<br \/>\nHarjak\u00f5rgus (mm): 2450<br \/>\nKatuse m\u00f5\u00f5dud (mm x mm): 6460 x 3390<br \/>\nKatuse pindala (m\u00b2): 22<br \/>\nKatusekalle (kraadi): 2.60<br \/>\nHarja pikkus (mm): 6470<br \/>\nKatuse sektsiooni pikkus (mm): 3466<br \/>\nKatuseplaadid (mm): 16<br \/>\nP\u00f5randalauad (mm): 21<br \/>\nAknad: Isolatsiooniga turvaklaas CE 4\/6\/4 mm, t\u00fc\u00fcp S (1187\u00d71550), 2 tk<br \/>\nAvamissuund: v\u00e4ljapoole<br \/>\nUksed: Isolatsiooniga turvaklaas CE 4\/9\/4 mm, t\u00fc\u00fcp D19 (1694\u00d71960)<br \/>\nKatusematerjal: Ei kuulu komplekti<br \/>\nPakendi m\u00f5\u00f5dud (mm) ja kaal: 6000 x 700 x 1150 \/ 1750 kg<br \/>\nTootekood (SKU): 0144 60 30 01<\/p>\n<p>&nbsp;<\/p>\n<p>&nbsp;<\/p>\n<p><strong>Lisaks saadaval:<\/strong><\/p>\n<p>Katusematerjal<\/p>\n<p>30128 Hermeetiline katusepakett (+400,50 \u20ac)<\/p>\n<p>R\u00e4\u00e4stapleki pakett<\/p>\n<p>30136 R\u00e4\u00e4stapleki pakett (+135,00 \u20ac)<\/p>\n<p>Isolatsioonipaketid<\/p>\n<p>30104 P\u00f5randa isolatsioonipakett (+693,00 \u20ac)<br \/>\n30114 Katuse isolatsioonipakett (+1 129,50 \u20ac)<\/p>\n<p>&nbsp;<\/p>\n<p><a href=\"https:\/\/factory.sale\/wp-content\/uploads\/2024\/12\/Loukinen-Lillevilla_489_FI-SE-DE-DK-EN-FR-ID-7500.pdf\" target=\"_blank\" rel=\"noopener\">Kokku panemise juhised<\/a><\/p>\n<p><a href=\"https:\/\/factory.sale\/wp-content\/uploads\/2024\/12\/Loukinen-Lillevilla-489-julkisivut-pohja-leikkaus-ID-7342.pdf\" target=\"_blank\" rel=\"noopener\">Vundamendi juhised<\/a><\/p>\n<p><a href=\"https:\/\/factory.sale\/wp-content\/uploads\/2024\/12\/Loukinen-Lillevilla-489-perustus-foundation-ID-9200.pdf\" target=\"_blank\" rel=\"noopener\">Ehitusloa taotlemise joonised<\/a><\/p>\n<p><a href=\"https:\/\/factory.sale\/wp-content\/uploads\/2024\/11\/Luoman_hirsirakennusten_pintakasittelyohje_Tikkurila_VALMIS_2023.pdf\" target=\"_blank\" rel=\"noopener\">Pinnat\u00f6\u00f6tluse juhised<\/a><\/p>\n<p>&nbsp;<\/p>\n<p>&nbsp;<\/p>\n","protected":false},"excerpt":{"rendered":"<p>Muuda oma aed Lillevilla Loukinen k\u00fclalistemajaga. 18 m\u00b2 mitmek\u00fclgset ruumi, suured aknad ja klaasuksed teevad sellest t\u00e4iusliku stuudio, suvek\u00f6\u00f6gi v\u00f5i s\u00f6\u00f6giala. Vastupidavad 44 mm palgid ja CE-sertifikaadiga klaasid tagavad kvaliteedi ja stiili. Telli juba t\u00e4na!<\/p>\n","protected":false},"featured_media":95261,"comment_status":"open","ping_status":"closed","template":"","meta":{"_acf_changed":false},"factory":[],"free-shipment":[],"product_brand":[],"product_cat":[924,2356],"product_tag":[],"class_list":{"0":"post-95269","1":"product","2":"type-product","3":"status-publish","4":"has-post-thumbnail","6":"product_cat-aiatooted","7":"product_cat-aiarajatised","9":"first","10":"instock","11":"sale","12":"taxable","13":"shipping-taxable","14":"purchasable","15":"product-type-simple"},"acf":[],"_links":{"self":[{"href":"https:\/\/factory.sale\/et\/wp-json\/wp\/v2\/product\/95269","targetHints":{"allow":["GET"]}}],"collection":[{"href":"https:\/\/factory.sale\/et\/wp-json\/wp\/v2\/product"}],"about":[{"href":"https:\/\/factory.sale\/et\/wp-json\/wp\/v2\/types\/product"}],"replies":[{"embeddable":true,"href":"https:\/\/factory.sale\/et\/wp-json\/wp\/v2\/comments?post=95269"}],"wp:featuredmedia":[{"embeddable":true,"href":"https:\/\/factory.sale\/et\/wp-json\/wp\/v2\/media\/95261"}],"wp:attachment":[{"href":"https:\/\/factory.sale\/et\/wp-json\/wp\/v2\/media?parent=95269"}],"wp:term":[{"taxonomy":"factory","embeddable":true,"href":"https:\/\/factory.sale\/et\/wp-json\/wp\/v2\/factory?post=95269"},{"taxonomy":"free-shipment","embeddable":true,"href":"https:\/\/factory.sale\/et\/wp-json\/wp\/v2\/free-shipment?post=95269"},{"taxonomy":"product_brand","embeddable":true,"href":"https:\/\/factory.sale\/et\/wp-json\/wp\/v2\/product_brand?post=95269"},{"taxonomy":"product_cat","embeddable":true,"href":"https:\/\/factory.sale\/et\/wp-json\/wp\/v2\/product_cat?post=95269"},{"taxonomy":"product_tag","embeddable":true,"href":"https:\/\/factory.sale\/et\/wp-json\/wp\/v2\/product_tag?post=95269"}],"curies":[{"name":"wp","href":"https:\/\/api.w.org\/{rel}","templated":true}]}}