{"id":95245,"date":"2024-12-01T23:58:06","date_gmt":"2024-12-01T21:07:36","guid":{"rendered":"https:\/\/factory.sale\/?post_type=product&#038;p=95245"},"modified":"2024-12-02T11:33:37","modified_gmt":"2024-12-02T08:33:37","slug":"lillevilla-paasvesi-22-m%c2%b2-44-mm","status":"publish","type":"product","link":"https:\/\/factory.sale\/et\/toode\/lillevilla-paasvesi-22-m%c2%b2-44-mm\/","title":{"rendered":"Lillevilla Paasvesi \u2013 22 m\u00b2 \/ 44 mm"},"content":{"rendered":"<p><strong>Traditsiooniline suvila<\/strong><\/p>\n<p>Lillevilla Paasvesi on 565 cm lai, 390 cm s\u00fcgav ja harjak\u00f5rgusega peaaegu 350 cm. K\u00fclgseina k\u00f5rgus on 235 cm. V\u00e4iksem ruum on m\u00f5\u00f5tmetega 1,62 x 1,48 m, uksega magamistuba on 2,28 x 2,15 m. P\u00f6\u00f6ning on 2,15 x 3,9 m ning alumine elutuba on 3,37 x 3,9 m, kuhu mahub v\u00e4ike s\u00f6\u00f6gilaud koos toolidega ja n\u00e4iteks diivan.<\/p>\n<p>&nbsp;<\/p>\n<p><strong>Komplekti kuulub<\/strong><\/p>\n<p>Komplekt sisaldab palke, uksi, aknaid, p\u00f5randalaudu, katuseplaate, kinnitusvahendeid, naelu ja kruve. Nurkade kinnitamiseks m\u00f5eldud keermelatid kuuluvad samuti komplekti. Kabiini p\u00f5randalauad on 21 mm paksused ja palgid 44 mm paksused, millel on topelttapp-liides, mis muudab konstruktsiooni eriti vastupidavaks.<\/p>\n<p>Komplekt sisaldab musta kivikatust. Katusekive ei soovitata. Katusematerjal tuleb paigaldada kohe p\u00e4rast hoone kokkupanekut.<\/p>\n<p>Kabiini osad on tehases eelnevalt t\u00f6\u00f6deldud. Siiski on vajalik kokkupanek, seega veenduge, et teil on olemas tavalised t\u00f6\u00f6riistad, nagu m\u00f5\u00f5dulint, lood, haamer, saag, kruvikeeraja ja trell.<\/p>\n<p>&nbsp;<\/p>\n<p><strong>Pinnat\u00f6\u00f6tlus<\/strong><\/p>\n<p>Hoone pinnat\u00f6\u00f6tlus tuleb l\u00e4bi viia kohe p\u00e4rast kokkupanekut, kui ilmastikutingimused seda v\u00f5imaldavad. Kasutage hingavaid pinnat\u00f6\u00f6tlusvahendeid, mis on spetsiaalselt palkpindade jaoks. Mittehingavat plastkile moodustavat v\u00e4rvi ei tohi kasutada.<\/p>\n<p>&nbsp;<\/p>\n<p><strong>Ehitusloa teave<\/strong><\/p>\n<p>Kontrollige ehitusloa vajadust eelnevalt oma kohaliku ehitusloa ametnikuga. Ehitusloa taotlemiseks vajalikud joonised saab alla laadida sellelt lehelt.<\/p>\n<p>&nbsp;<\/p>\n<p>&nbsp;<\/p>\n<p><strong>Tehnilised andmed:<\/strong><\/p>\n<p>P\u00f5randapindala (m\u00b2): 22<br \/>\nP\u00f5hjaplaan (mm x mm): 5650 x 3900<br \/>\nSeina paksus (mm): 44<br \/>\nK\u00fclgseina k\u00f5rgus (mm): 2350<br \/>\nHarjak\u00f5rgus (mm): 3490<br \/>\nKatuse pindala (m\u00b2): 34.8<br \/>\nKatuse m\u00f5\u00f5dud (mm x mm): 6090 x 5200<br \/>\nKatusekalle (kraadi): 28.00<br \/>\nHarja pikkus (mm): 6050<br \/>\nKatuse sektsiooni pikkus (mm): 2896<br \/>\nKatuseplaadid (mm): 21<br \/>\nP\u00f5randalauad (mm): 21<br \/>\nAknad: Isolatsiooniga turvaklaas CE 4\/6\/4 mm<br \/>\nT\u00fc\u00fcp A (640\u00d7640)<br \/>\nT\u00fc\u00fcp D (1187\u00d7870), 3 tk<br \/>\nT\u00fc\u00fcp E (640\u00d7874)<br \/>\nAkende avamissuund: V\u00e4ljapoole<br \/>\nUksed: Isolatsiooniga turvaklaas CE 4\/6\/4 mm, T\u00fc\u00fcp C10 (897\u00d71820)<br \/>\nSisemine uks, T\u00fc\u00fcp N13 (848\u00d71772)<br \/>\nKatusematerjal: Kivikatus<br \/>\nPakendite arv: 2<br \/>\nPakendi m\u00f5\u00f5dud (mm) ja kaal:<br \/>\n6050 x 710 x 1150 \/ 1650 kg<br \/>\n5000 x 630 x 1150 \/ 1100 kg<br \/>\nEAN: 6418635048573<br \/>\nTootekood (SKU): 0144 565 39 31<\/p>\n<p>&nbsp;<\/p>\n<p>&nbsp;<\/p>\n<p><strong>Lisaks saadaval:<\/strong><\/p>\n<p>R\u00e4\u00e4stapleki pakett<\/p>\n<p>30137 R\u00e4\u00e4stapleki pakett (+171,00 \u20ac)<\/p>\n<p>Isolatsioonipaketid<\/p>\n<p>9271 Katuse isolatsioonipakett (+1 192,50 \u20ac)<br \/>\n9270 P\u00f5randa isolatsioonipakett (+634,50 \u20ac)<\/p>\n<p>&nbsp;<\/p>\n<p>&nbsp;<\/p>\n<p><a href=\"https:\/\/factory.sale\/wp-content\/uploads\/2024\/12\/Lillevilla-Paasvesi_LV100C-4-manual-ID-7014-1.pdf\" target=\"_blank\" rel=\"noopener\">Kokku panemise juhised<\/a><\/p>\n<p><a href=\"https:\/\/factory.sale\/wp-content\/uploads\/2024\/12\/Lillevilla-100C-4-perustus-foundation-ID-7199-1.pdf\" target=\"_blank\" rel=\"noopener\">Vundamendi juhised<\/a><\/p>\n<p><a href=\"https:\/\/factory.sale\/wp-content\/uploads\/2024\/12\/LV-100-C-4-pohja-julkisivut-leikkaus-ID-7356-1.pdf\" target=\"_blank\" rel=\"noopener\">Ehitusloa taotlemise joonised<\/a><\/p>\n<p><a href=\"https:\/\/factory.sale\/wp-content\/uploads\/2024\/11\/Luoman_hirsirakennusten_pintakasittelyohje_Tikkurila_VALMIS_2023.pdf\" target=\"_blank\" rel=\"noopener\">Pinnat\u00f6\u00f6tluse juhised<\/a><\/p>\n<p><a href=\"https:\/\/factory.sale\/wp-content\/uploads\/2024\/11\/5.pdf\" target=\"_blank\" rel=\"noopener\">Isolatsioonipaketi juhised<\/a><\/p>\n","protected":false},"excerpt":{"rendered":"<p>Avasta Lillevilla Paasvesi, traditsiooniline palksuvila, mis pakub 22 m\u00b2 mitmek\u00fclgset elamispinda. Sisaldab p\u00f6\u00f6ningut, magamistuba ja elutuba. Perfektne l\u00f5\u00f5gastumiseks v\u00f5i k\u00fclaliste vastuv\u00f5tmiseks. Komplekti kuulub must kivikatus ja vastupidavad 44 mm palgid. Telli juba t\u00e4na!<\/p>\n<p>&nbsp;<\/p>\n","protected":false},"featured_media":95234,"comment_status":"open","ping_status":"closed","template":"","meta":{"_acf_changed":false},"factory":[],"free-shipment":[],"product_brand":[],"product_cat":[924,2356],"product_tag":[],"class_list":{"0":"post-95245","1":"product","2":"type-product","3":"status-publish","4":"has-post-thumbnail","6":"product_cat-aiatooted","7":"product_cat-aiarajatised","9":"first","10":"instock","11":"sale","12":"taxable","13":"shipping-taxable","14":"purchasable","15":"product-type-simple"},"acf":[],"_links":{"self":[{"href":"https:\/\/factory.sale\/et\/wp-json\/wp\/v2\/product\/95245","targetHints":{"allow":["GET"]}}],"collection":[{"href":"https:\/\/factory.sale\/et\/wp-json\/wp\/v2\/product"}],"about":[{"href":"https:\/\/factory.sale\/et\/wp-json\/wp\/v2\/types\/product"}],"replies":[{"embeddable":true,"href":"https:\/\/factory.sale\/et\/wp-json\/wp\/v2\/comments?post=95245"}],"wp:featuredmedia":[{"embeddable":true,"href":"https:\/\/factory.sale\/et\/wp-json\/wp\/v2\/media\/95234"}],"wp:attachment":[{"href":"https:\/\/factory.sale\/et\/wp-json\/wp\/v2\/media?parent=95245"}],"wp:term":[{"taxonomy":"factory","embeddable":true,"href":"https:\/\/factory.sale\/et\/wp-json\/wp\/v2\/factory?post=95245"},{"taxonomy":"free-shipment","embeddable":true,"href":"https:\/\/factory.sale\/et\/wp-json\/wp\/v2\/free-shipment?post=95245"},{"taxonomy":"product_brand","embeddable":true,"href":"https:\/\/factory.sale\/et\/wp-json\/wp\/v2\/product_brand?post=95245"},{"taxonomy":"product_cat","embeddable":true,"href":"https:\/\/factory.sale\/et\/wp-json\/wp\/v2\/product_cat?post=95245"},{"taxonomy":"product_tag","embeddable":true,"href":"https:\/\/factory.sale\/et\/wp-json\/wp\/v2\/product_tag?post=95245"}],"curies":[{"name":"wp","href":"https:\/\/api.w.org\/{rel}","templated":true}]}}