{"id":95217,"date":"2024-12-01T22:57:52","date_gmt":"2024-12-01T20:18:47","guid":{"rendered":"https:\/\/factory.sale\/?post_type=product&#038;p=95217"},"modified":"2024-12-01T23:23:38","modified_gmt":"2024-12-01T20:23:38","slug":"lillevilla-vuoksi-21-m%c2%b2-44-mm","status":"publish","type":"product","link":"https:\/\/factory.sale\/et\/toode\/lillevilla-vuoksi-21-m%c2%b2-44-mm\/","title":{"rendered":"Lillevilla Vuoksi \u2013 21 m\u00b2 \/ 44 mm"},"content":{"rendered":"<p><strong>Imeline k\u00fclalistemaja v\u00f5i suvek\u00f6\u00f6k sinu aeda<\/strong><\/p>\n<p>Lillevilla Vuoksi k\u00fclalistemaja on avar ja valgusk\u00fcllane lamekatusega hoone, mis on valmistatud 44 mm kergepalkidest. Kas vajad oma aeda suuremat ruumi, kus saab koos s\u00f5pradega \u00f5htustada ja aega veeta? Lillevilla Vuoksi on ideaalne valik suvek\u00f6\u00f6giks.<\/p>\n<p>&nbsp;<\/p>\n<p>&nbsp;<\/p>\n<p><strong>Hoone p\u00f5hilised m\u00f5\u00f5tmed<\/strong><\/p>\n<p>Selle mudeli p\u00f5randapindala on veidi \u00fcle 20,8 ruutmeetri, laiusega 5,2 m ja s\u00fcgavusega 4 m. Lillevilla Vuoksi k\u00fclalistemaja harjak\u00f5rgus on 245 cm ning katuse pindala 24,6 ruutmeetrit.<\/p>\n<p>P\u00f5randalauad on 21 mm paksused ja 44 mm seinapalgid on topelttapiga, mis muudab konstruktsiooni eriti vastupidavaks. See toode on &#8220;city nurga&#8221; disainiga, mis t\u00e4hendab, et seinapalgid kinnitatakse nurkpostidele. Uksed ja aknad on varustatud CE-heakskiidetud isolatsiooniga turvaklaasiga.<\/p>\n<p>&nbsp;<\/p>\n<p>&nbsp;<\/p>\n<p><strong>Komplekti kuulub<\/strong><\/p>\n<p>Komplekt sisaldab palke, uksi, aknaid, p\u00f5randalaudu, katuseplaate, kinnitusvahendeid, naelu ja kruve. Katusekattematerjal ei kuulu komplekti. Selle lehe kaudu saate tellida Katepal TopTite 3 rullkatuse (hermeetiline kate). Katusekive v\u00f5i kivikatet ei soovitata. Katusematerjal tuleb paigaldada kohe p\u00e4rast hoone kokkupanekut.<\/p>\n<p>Kabiini osad on tehases eelnevalt t\u00f6\u00f6deldud. Siiski on vajalik kokkupanek, seega veenduge, et teil on olemas tavalised t\u00f6\u00f6riistad, nagu m\u00f5\u00f5dulint, lood, haamer, saag, kruvikeeraja ja trell.<\/p>\n<p>&nbsp;<\/p>\n<p><strong>Pinnat\u00f6\u00f6tlus<\/strong><\/p>\n<p>Hoone pinnat\u00f6\u00f6tlus tuleb l\u00e4bi viia kohe p\u00e4rast kokkupanekut, kui ilmastikutingimused seda v\u00f5imaldavad. Kasutage hingavaid pinnat\u00f6\u00f6tlusvahendeid, mis on spetsiaalselt palkpindade jaoks. Mittehingavat plastkile moodustavat v\u00e4rvi ei tohi kasutada.<\/p>\n<p>&nbsp;<\/p>\n<p>&nbsp;<\/p>\n<p><strong>Ehitusloa teave<\/strong><\/p>\n<p>Kontrollige ehitusloa vajadust eelnevalt oma kohaliku ehitusloa ametnikuga. Ehitusloa taotlemiseks vajalikud joonised saab alla laadida sellelt lehelt.<\/p>\n<p>&nbsp;<\/p>\n<p>&nbsp;<\/p>\n<p><strong>Tehnilised andmed:<\/strong><\/p>\n<p>P\u00f5randapindala (m\u00b2): 20.8<br \/>\nP\u00f5hjaplaan (mm x mm): 5200 x 4000<br \/>\nSeina paksus (mm): 44<br \/>\nHarjak\u00f5rgus (mm): 2450<br \/>\nKatuse pindala (m\u00b2): 24.6<br \/>\nKatuse m\u00f5\u00f5dud (mm x mm): 5600 x 4390<br \/>\nKatusekalle (kraadi): 3.00<br \/>\nHarja pikkus (mm): 5600<br \/>\nKatuse sektsiooni pikkus (mm): 4394<br \/>\nKatuseplaadid (mm): 16<br \/>\nP\u00f5randalauad (mm): 21<br \/>\nAknad: Isolatsiooniga turvaklaas CE 4\/6\/4 mm, t\u00fc\u00fcp S (1187\u00d71550), 2 tk, Avamissuund: v\u00e4ljapoole<br \/>\nUks: Isolatsiooniga turvaklaas CE 4\/9\/4 mm, t\u00fc\u00fcp D19 (1694\u00d71960)<br \/>\nKatusematerjal: Ei kuulu komplekti<br \/>\nPakendi m\u00f5\u00f5dud (mm) ja kaal: 5800 x 880 x 1150 \/ 1350 kg<br \/>\nTootekood (SKU): 0144 52 40 00<\/p>\n<p>&nbsp;<\/p>\n<p>&nbsp;<\/p>\n<p><strong>Lisaks saadaval:<\/strong><\/p>\n<p>Katusematerjal<\/p>\n<p>30129 Hermeetiline katusepakett (+490,50 \u20ac)<\/p>\n<p>R\u00e4\u00e4stapleki pakett<\/p>\n<p>30136 R\u00e4\u00e4stapleki pakett (+135,00 \u20ac)<\/p>\n<p>Isolatsioonipaketid<\/p>\n<p>30104 P\u00f5randa isolatsioonipakett (+693,00 \u20ac)<br \/>\n30114 Katuse isolatsioonipakett (+1 129,50 \u20ac)<\/p>\n<p>&nbsp;<\/p>\n<p><a href=\"https:\/\/factory.sale\/wp-content\/uploads\/2024\/12\/Vuoksi-Lillevilla_428_FI-SE-DE-DK-EN-FR-ID-5345.pdf\" target=\"_blank\" rel=\"noopener\">Kokku panemise juhised<\/a><\/p>\n<p><a href=\"https:\/\/factory.sale\/wp-content\/uploads\/2024\/12\/Vuoksi-Lillevilla-428-perustus-foundation-ID-9379.pdf\" target=\"_blank\" rel=\"noopener\">Vundamendi juhised<\/a><\/p>\n<p><a href=\"https:\/\/factory.sale\/wp-content\/uploads\/2024\/12\/Vuoksi-LV-428-julkisivut-pohja-ja-leikkaus-ID-6615.pdf\" target=\"_blank\" rel=\"noopener\">Ehitusloa taotlemise joonised<\/a><\/p>\n<p><a href=\"https:\/\/factory.sale\/wp-content\/uploads\/2024\/11\/Luoman_hirsirakennusten_pintakasittelyohje_Tikkurila_VALMIS_2023.pdf\" target=\"_blank\" rel=\"noopener\">Pinnat\u00f6\u00f6tluse juhised<\/a><\/p>\n<p><a href=\"https:\/\/factory.sale\/wp-content\/uploads\/2024\/11\/5.pdf\" target=\"_blank\" rel=\"noopener\">Isolatsioonipaketi juhised<\/a><\/p>\n","protected":false},"excerpt":{"rendered":"<p>T\u00f5sta oma hoone kvaliteeti tipptasemel katuse- ja isolatsioonimaterjalidega. Hermeetilise katusepaketi, r\u00e4\u00e4stapleki ja premium isolatsiooniv\u00f5imalustega tagate vastupidavuse, energiat\u00f5hususe ja laitmatu viimistluse. Sobib igale palkmajale v\u00f5i v\u00e4lihoonele. Telli juba t\u00e4na!<\/p>\n<p>&nbsp;<\/p>\n","protected":false},"featured_media":95208,"comment_status":"open","ping_status":"closed","template":"","meta":{"_acf_changed":false},"factory":[],"free-shipment":[],"product_brand":[],"product_cat":[924,2356],"product_tag":[],"class_list":{"0":"post-95217","1":"product","2":"type-product","3":"status-publish","4":"has-post-thumbnail","6":"product_cat-aiatooted","7":"product_cat-aiarajatised","9":"first","10":"instock","11":"sale","12":"taxable","13":"shipping-taxable","14":"purchasable","15":"product-type-simple"},"acf":[],"_links":{"self":[{"href":"https:\/\/factory.sale\/et\/wp-json\/wp\/v2\/product\/95217","targetHints":{"allow":["GET"]}}],"collection":[{"href":"https:\/\/factory.sale\/et\/wp-json\/wp\/v2\/product"}],"about":[{"href":"https:\/\/factory.sale\/et\/wp-json\/wp\/v2\/types\/product"}],"replies":[{"embeddable":true,"href":"https:\/\/factory.sale\/et\/wp-json\/wp\/v2\/comments?post=95217"}],"wp:featuredmedia":[{"embeddable":true,"href":"https:\/\/factory.sale\/et\/wp-json\/wp\/v2\/media\/95208"}],"wp:attachment":[{"href":"https:\/\/factory.sale\/et\/wp-json\/wp\/v2\/media?parent=95217"}],"wp:term":[{"taxonomy":"factory","embeddable":true,"href":"https:\/\/factory.sale\/et\/wp-json\/wp\/v2\/factory?post=95217"},{"taxonomy":"free-shipment","embeddable":true,"href":"https:\/\/factory.sale\/et\/wp-json\/wp\/v2\/free-shipment?post=95217"},{"taxonomy":"product_brand","embeddable":true,"href":"https:\/\/factory.sale\/et\/wp-json\/wp\/v2\/product_brand?post=95217"},{"taxonomy":"product_cat","embeddable":true,"href":"https:\/\/factory.sale\/et\/wp-json\/wp\/v2\/product_cat?post=95217"},{"taxonomy":"product_tag","embeddable":true,"href":"https:\/\/factory.sale\/et\/wp-json\/wp\/v2\/product_tag?post=95217"}],"curies":[{"name":"wp","href":"https:\/\/api.w.org\/{rel}","templated":true}]}}