{"id":95191,"date":"2024-12-01T21:52:04","date_gmt":"2024-12-01T19:21:59","guid":{"rendered":"https:\/\/factory.sale\/?post_type=product&#038;p=95191"},"modified":"2024-12-01T23:21:25","modified_gmt":"2024-12-01T20:21:25","slug":"lillevilla-koitere-285-m%c2%b2-44-mm","status":"publish","type":"product","link":"https:\/\/factory.sale\/et\/toode\/lillevilla-koitere-285-m%c2%b2-44-mm\/","title":{"rendered":"Lillevilla Koitere \u2013 28,5 m\u00b2 \/ 44 mm"},"content":{"rendered":"<p><strong>Kvaliteetne aiamaja konkurentsiv\u00f5imelise hinnaga<\/strong><\/p>\n<p>Lillevilla Koitere maja on t\u00f5eline klassika! See kergepalkidest valmistatud maja seab kvaliteedile uue standardi. Peaaegu 30 ruutmeetri suuruse pindalaga maja sisaldab kahte avarat akendega tuba, p\u00f6\u00f6ningut ja ruumi k\u00f6\u00f6ginurgale v\u00f5i elutoale. Pea meeles, et meie kaudu saab tellida ka lisauksi ja -aknaid.<\/p>\n<p>&nbsp;<\/p>\n<p><strong>Komplekti kuulub<\/strong><\/p>\n<p>Lillevilla Koitere v\u00e4lisuks ja aknad on valmistatud karastatud isolatsiooniklaasist. Komplekti kuulub must kivikatus (Katepal Classic KL). Palgid on 44 mm paksused ja topelttapiga, mis muudab konstruktsiooni eriti tugevaks. Komplekt sisaldab palke, uksi, aknaid, p\u00f5randalaudu, katuseplaate, kinnitusvahendeid, naelu ja kruve. Nurkade kinnitamiseks m\u00f5eldud keermelatid kuuluvad samuti komplekti.<\/p>\n<p>Kabiini osad on tehases eelnevalt t\u00f6\u00f6deldud. Siiski on vajalik kokkupanek, seega veenduge, et teil on olemas tavalised t\u00f6\u00f6riistad, nagu m\u00f5\u00f5dulint, lood, haamer, saag, kruvikeeraja ja trell.<\/p>\n<p>&nbsp;<\/p>\n<p><strong>Pinnat\u00f6\u00f6tlus<\/strong><\/p>\n<p>Hoone pinnat\u00f6\u00f6tlus tuleb l\u00e4bi viia kohe p\u00e4rast kokkupanekut, kui ilmastikutingimused seda v\u00f5imaldavad. Kasutage hingavaid pinnat\u00f6\u00f6tlusvahendeid, mis on spetsiaalselt palkpindade jaoks. Mittehingavat plastkile moodustavat v\u00e4rvi ei tohi kasutada.<\/p>\n<p>&nbsp;<\/p>\n<p><strong>Ehitusloa teave<\/strong><\/p>\n<p>Kontrollige ehitusloa vajadust eelnevalt oma kohaliku ehitusloa ametnikuga. Ehitusloa taotlemiseks vajalikud joonised saab alla laadida sellelt lehelt.<\/p>\n<p>&nbsp;<\/p>\n<p>&nbsp;<\/p>\n<p><strong>Tehnilised andmed:<\/strong><\/p>\n<p>P\u00f5randapindala (m\u00b2): 28.5<br \/>\nP\u00f5hjaplaan (mm x mm): 5000 x 5700<br \/>\nSeina paksus (mm): 44<br \/>\nHarjak\u00f5rgus (mm): 3760<br \/>\nSeinak\u00f5rgus (mm): 2360<br \/>\nKatuse pindala (m\u00b2): 50.6<br \/>\nKatuse m\u00f5\u00f5dud (mm x mm): 6000 x 7200\/8200<br \/>\nHarja pikkus (mm): 7200<br \/>\nKatuse sektsiooni pikkus (mm): 3516<br \/>\nKatusekalle (kraadi): 28.00<br \/>\nKatuseplaadid (mm): 21<br \/>\nP\u00f5randalauad (mm): 21<br \/>\nAknad:<br \/>\nIsolatsiooniklaas CE 4\/6\/4 mm<br \/>\nT\u00fc\u00fcp A (640\u00d7640)<br \/>\nT\u00fc\u00fcp C (888\u00d71188), 4 tk<br \/>\nUksed:<br \/>\nIsolatsiooniklaas CE 4\/9\/4 mm, uks t\u00fc\u00fcp D 19 (1694\u00d71960)<br \/>\nKarastatud klaas CE 4 mm, uks t\u00fc\u00fcp C22 (895\u00d71960)<br \/>\nKarastatud klaas CE 4 mm, uks t\u00fc\u00fcp C23 (895\u00d71960)<br \/>\nKatusematerjal: Kivikatus<br \/>\nPakendite arv: 4<br \/>\nPakendi m\u00f5\u00f5dud (mm) ja kaal:<br \/>\n7200 x 640 x 1150 \/ 1400 kg<br \/>\n5250 x 610 x 1150 \/ 1000 kg<br \/>\n3550 x 610 x 1150 \/ 840 kg<br \/>\n1200 x 800 x 1150 \/ 455 kg<br \/>\nEAN: 6418635048986<br \/>\nTootekood (SKU): 0144 50 57 07<\/p>\n<p>&nbsp;<\/p>\n<p>&nbsp;<\/p>\n<p><strong>Lisaks saadaval:<\/strong><\/p>\n<p>R\u00e4\u00e4stapleki pakett<\/p>\n<p>30137 R\u00e4\u00e4stapleki pakett (+171.00 \u20ac)<\/p>\n<p>Isolatsioonipaketid<\/p>\n<p>9273 Katuse isolatsioonipakett (+1791.00 \u20ac)<br \/>\n9275 P\u00f5randa isolatsioonipakett (+891.00 \u20ac)<\/p>\n<p>&nbsp;<\/p>\n<p>&nbsp;<\/p>\n<p>&nbsp;<\/p>\n<p><a href=\"https:\/\/factory.sale\/wp-content\/uploads\/2024\/12\/Koitere-Lillevilla-220-3_manual-ID-9352-1.pdf\" target=\"_blank\" rel=\"noopener\">Kokku panemise juhised<\/a><\/p>\n<p><a href=\"https:\/\/factory.sale\/wp-content\/uploads\/2024\/12\/Lillevilla-220-2-perustus-foundation-ID-7619.pdf\" target=\"_blank\" rel=\"noopener\">Vundamendi juhised<\/a><\/p>\n<p><a href=\"https:\/\/factory.sale\/wp-content\/uploads\/2024\/12\/Lillevilla-Koitere_LV220-3-julkisivut-pohja-leikkaus-ID-10502.pdf\" target=\"_blank\" rel=\"noopener\">Ehitusloa taotlemise joonised<\/a><\/p>\n<p><a href=\"https:\/\/factory.sale\/wp-content\/uploads\/2024\/11\/Luoman_hirsirakennusten_pintakasittelyohje_Tikkurila_VALMIS_2023.pdf\" target=\"_blank\" rel=\"noopener\">Pinnat\u00f6\u00f6tluse juhised<\/a><\/p>\n<p><a href=\"https:\/\/factory.sale\/wp-content\/uploads\/2024\/11\/5.pdf\" target=\"_blank\" rel=\"noopener\">Isolatsioonipaketi juhised<\/a><\/p>\n<p>&nbsp;<\/p>\n","protected":false},"excerpt":{"rendered":"<p>Avasta Lillevilla Koitere maja \u2013 avar 28,5 m\u00b2 suurune palkhoone 44 mm seinte, isolatsiooniga akende ja uste ning 50,6 m\u00b2 katusealaga. Ideaalne elamiseks, l\u00f5\u00f5gastumiseks v\u00f5i k\u00fclaliste v\u00f5\u00f5rustamiseks. Sisaldab kvaliteetset kivikatust. Lihtne kokku panna ja ajatu disain. Telli juba t\u00e4na!<\/p>\n","protected":false},"featured_media":95170,"comment_status":"open","ping_status":"closed","template":"","meta":{"_acf_changed":false},"factory":[],"free-shipment":[],"product_brand":[],"product_cat":[924,2356],"product_tag":[],"class_list":{"0":"post-95191","1":"product","2":"type-product","3":"status-publish","4":"has-post-thumbnail","6":"product_cat-aiatooted","7":"product_cat-aiarajatised","9":"first","10":"instock","11":"sale","12":"taxable","13":"shipping-taxable","14":"purchasable","15":"product-type-simple"},"acf":[],"_links":{"self":[{"href":"https:\/\/factory.sale\/et\/wp-json\/wp\/v2\/product\/95191","targetHints":{"allow":["GET"]}}],"collection":[{"href":"https:\/\/factory.sale\/et\/wp-json\/wp\/v2\/product"}],"about":[{"href":"https:\/\/factory.sale\/et\/wp-json\/wp\/v2\/types\/product"}],"replies":[{"embeddable":true,"href":"https:\/\/factory.sale\/et\/wp-json\/wp\/v2\/comments?post=95191"}],"wp:featuredmedia":[{"embeddable":true,"href":"https:\/\/factory.sale\/et\/wp-json\/wp\/v2\/media\/95170"}],"wp:attachment":[{"href":"https:\/\/factory.sale\/et\/wp-json\/wp\/v2\/media?parent=95191"}],"wp:term":[{"taxonomy":"factory","embeddable":true,"href":"https:\/\/factory.sale\/et\/wp-json\/wp\/v2\/factory?post=95191"},{"taxonomy":"free-shipment","embeddable":true,"href":"https:\/\/factory.sale\/et\/wp-json\/wp\/v2\/free-shipment?post=95191"},{"taxonomy":"product_brand","embeddable":true,"href":"https:\/\/factory.sale\/et\/wp-json\/wp\/v2\/product_brand?post=95191"},{"taxonomy":"product_cat","embeddable":true,"href":"https:\/\/factory.sale\/et\/wp-json\/wp\/v2\/product_cat?post=95191"},{"taxonomy":"product_tag","embeddable":true,"href":"https:\/\/factory.sale\/et\/wp-json\/wp\/v2\/product_tag?post=95191"}],"curies":[{"name":"wp","href":"https:\/\/api.w.org\/{rel}","templated":true}]}}