{"id":95162,"date":"2024-12-01T20:38:57","date_gmt":"2024-12-01T17:55:09","guid":{"rendered":"https:\/\/factory.sale\/?post_type=product&#038;p=95162"},"modified":"2024-12-01T23:21:34","modified_gmt":"2024-12-01T20:21:34","slug":"lillevilla-saimaa-20-m%c2%b2-44-mm","status":"publish","type":"product","link":"https:\/\/factory.sale\/et\/toode\/lillevilla-saimaa-20-m%c2%b2-44-mm\/","title":{"rendered":"Lillevilla Saimaa \u2013 20 m\u00b2 \/ 44 mm"},"content":{"rendered":"<p><strong>Avar ja elegantne aiamaja<\/strong><\/p>\n<p>Lillevilla Saimaa k\u00fclalistemaja esindab meie klassikalist kollektsiooni. Peaaegu 20 ruutmeetri suurune sisepind mahutab mitu magamiskohta ning laua koos toolidega. Lisaks pakub peaaegu 10 ruutmeetri suurune terrass lisaruumi n\u00e4iteks diivanikomplekti v\u00f5i muu m\u00f6\u00f6bli jaoks. Katuse \u00fcleulatus kaitseb p\u00e4ikese ja vihma eest.<\/p>\n<p>&nbsp;<\/p>\n<p><strong>Komplekti kuulub<\/strong><\/p>\n<p>Komplekt sisaldab palke, uksi, aknaid, p\u00f5randalaudu, katuseplaate, kinnitusvahendeid, naelu ja kruve. Nurkade kinnitamiseks m\u00f5eldud keermelatid kuuluvad samuti komplekti. K\u00fclalistemaja on valmistatud vastupidavast 44 mm kergepalgist, millel on topelttapp-liide. P\u00f5randalauad on 19 mm paksused ja katuseplaadid 16 mm paksused. Komplekti kuulub alusrullkate. Katusekive ei soovitata. Katusematerjal tuleb paigaldada kohe p\u00e4rast hoone kokkupanekut.<\/p>\n<p>Kabiini osad on tehases eelnevalt t\u00f6\u00f6deldud. Siiski on vajalik kokkupanek, seega veenduge, et teil on olemas tavalised t\u00f6\u00f6riistad, nagu m\u00f5\u00f5dulint, lood, haamer, saag, kruvikeeraja ja trell.<\/p>\n<p>&nbsp;<\/p>\n<p>&nbsp;<\/p>\n<p><strong>Pinnat\u00f6\u00f6tlus<\/strong><\/p>\n<p>Hoone pinnat\u00f6\u00f6tlus tuleb l\u00e4bi viia kohe p\u00e4rast kokkupanekut, kui ilmastikutingimused seda v\u00f5imaldavad. Kasutage hingavaid pinnat\u00f6\u00f6tlusvahendeid, mis on spetsiaalselt palkpindade jaoks. Mittehingavat plastkile moodustavat v\u00e4rvi ei tohi kasutada.<\/p>\n<p>&nbsp;<\/p>\n<p><strong>Ehitusloa teave<\/strong><\/p>\n<p>Kontrollige ehitusloa vajadust eelnevalt oma kohaliku ehitusloa ametnikuga. Ehitusloa taotlemiseks vajalikud joonised saab alla laadida sellelt lehelt.<\/p>\n<p>&nbsp;<\/p>\n<p>&nbsp;<\/p>\n<p><strong>Tehnilised andmed:<\/strong><\/p>\n<p>P\u00f5randapindala (m\u00b2): 19.8<br \/>\nP\u00f5hjaplaan (mm x mm): 4450 x 4450<br \/>\nSeina paksus (mm): 44<br \/>\nHarjak\u00f5rgus (mm): 3250<br \/>\nSeinak\u00f5rgus (mm): 2300<br \/>\nKatuse pindala (m\u00b2): 37.6<br \/>\nKatuse m\u00f5\u00f5dud (mm x mm): 5380 x 6860<br \/>\nHarja pikkus (mm): 6795<br \/>\nKatuse sektsiooni pikkus (mm): 2766<br \/>\nKatusekalle (kraadi): 21.00<br \/>\nKatuseplaadid (mm): 16<br \/>\nP\u00f5randalauad (mm): 19<br \/>\nAknad: Isolatsiooniga turvaklaas CE 4\/6\/4 mm, t\u00fc\u00fcp D (1187\u00d7870), 2 tk<br \/>\nUks: Isolatsiooniga turvaklaas CE 4\/6\/4 mm, t\u00fc\u00fcp D (1697\u00d71820)<br \/>\nTerrassi pindala (m\u00b2): 8.9<br \/>\nTerrassi laius: 4450 mm<br \/>\nTerrassi s\u00fcgavus: 2000 mm<br \/>\nPakendi \u00fcksikasjad: 2 pakki<br \/>\nPakendi m\u00f5\u00f5dud (mm) ja kaal:<br \/>\n5500 x 530 x 1150 \/ 1000 kg<br \/>\n6800 x 520 x 1150 \/ 1070 kg<br \/>\nEAN: 6418635007679<br \/>\nTootekood (SKU): 0144 445 445 00<\/p>\n<p>&nbsp;<\/p>\n<p>&nbsp;<\/p>\n<p><strong>Lisaks saadaval:<\/strong><\/p>\n<p>Katusematerjal<\/p>\n<p>30120 Kivikatuspakett (+643.50 \u20ac)<br \/>\n30128 Hermeetiline katusepakett (+287.55 \u20ac)<\/p>\n<p>R\u00e4\u00e4stapleki pakett<\/p>\n<p>30137 R\u00e4\u00e4stapleki pakett (+171.00 \u20ac)<\/p>\n<p>Isolatsioonipaketid<\/p>\n<p>30104 P\u00f5randa isolatsioonipakett (+693.00 \u20ac)<br \/>\n30109 Katuse isolatsioonipakett (+1372.50 \u20ac<\/p>\n<p>&nbsp;<\/p>\n<p>&nbsp;<\/p>\n<p><a href=\"https:\/\/factory.sale\/wp-content\/uploads\/2024\/12\/Lillevilla-Saimaa_LV65_manual-ID-4371.pdf\" target=\"_blank\" rel=\"noopener\">Kokku panemise juhised<\/a><\/p>\n<p><a href=\"https:\/\/factory.sale\/wp-content\/uploads\/2024\/12\/Lillevilla-Saimaa_LV65-julkisivut-pohja-ja-leikkaus-ID-4274.pdf\" target=\"_blank\" rel=\"noopener\">Vundamendi juhised<\/a><\/p>\n<p><a href=\"https:\/\/factory.sale\/wp-content\/uploads\/2024\/12\/Lillevilla-Saimaa_LV65-perustus-foundation-ID-7316.pdf\" target=\"_blank\" rel=\"noopener\">Ehitusloa taotlemise joonised<\/a><\/p>\n<p><a href=\"https:\/\/factory.sale\/wp-content\/uploads\/2024\/11\/Luoman_hirsirakennusten_pintakasittelyohje_Tikkurila_VALMIS_2023.pdf\" target=\"_blank\" rel=\"noopener\">Pinnat\u00f6\u00f6tluse juhised<\/a><\/p>\n<p><a href=\"https:\/\/factory.sale\/wp-content\/uploads\/2024\/11\/5.pdf\" target=\"_blank\" rel=\"noopener\">Isolatsioonipaketi juhised<\/a><\/p>\n","protected":false},"excerpt":{"rendered":"<p>T\u00e4ienda oma \u00f5ueala Lillevilla Saimaa k\u00fclalistemajaga. 19.8 m\u00b2 sisepind, 8.9 m\u00b2 terrass, vastupidavad 44 mm seinad ja isolatsiooniga aknad muudavad selle ideaalseks l\u00f5\u00f5gastumiseks v\u00f5i k\u00fclaliste v\u00f5\u00f5rustamiseks. Kohandatavad katuse- ja isolatsioonivalikud. Telli juba t\u00e4na!<\/p>\n<p>&nbsp;<\/p>\n","protected":false},"featured_media":95154,"comment_status":"open","ping_status":"closed","template":"","meta":{"_acf_changed":false},"factory":[],"free-shipment":[],"product_brand":[],"product_cat":[4797,924,4800,2356,4540],"product_tag":[],"class_list":{"0":"post-95162","1":"product","2":"type-product","3":"status-publish","4":"has-post-thumbnail","6":"product_cat-aia-ja-ouetooted","7":"product_cat-aiatooted","8":"product_cat-aiarajatised-et","9":"product_cat-aiarajatised","10":"product_cat-laotooted","12":"first","13":"instock","14":"sale","15":"taxable","16":"shipping-taxable","17":"purchasable","18":"product-type-simple"},"acf":[],"_links":{"self":[{"href":"https:\/\/factory.sale\/et\/wp-json\/wp\/v2\/product\/95162","targetHints":{"allow":["GET"]}}],"collection":[{"href":"https:\/\/factory.sale\/et\/wp-json\/wp\/v2\/product"}],"about":[{"href":"https:\/\/factory.sale\/et\/wp-json\/wp\/v2\/types\/product"}],"replies":[{"embeddable":true,"href":"https:\/\/factory.sale\/et\/wp-json\/wp\/v2\/comments?post=95162"}],"wp:featuredmedia":[{"embeddable":true,"href":"https:\/\/factory.sale\/et\/wp-json\/wp\/v2\/media\/95154"}],"wp:attachment":[{"href":"https:\/\/factory.sale\/et\/wp-json\/wp\/v2\/media?parent=95162"}],"wp:term":[{"taxonomy":"factory","embeddable":true,"href":"https:\/\/factory.sale\/et\/wp-json\/wp\/v2\/factory?post=95162"},{"taxonomy":"free-shipment","embeddable":true,"href":"https:\/\/factory.sale\/et\/wp-json\/wp\/v2\/free-shipment?post=95162"},{"taxonomy":"product_brand","embeddable":true,"href":"https:\/\/factory.sale\/et\/wp-json\/wp\/v2\/product_brand?post=95162"},{"taxonomy":"product_cat","embeddable":true,"href":"https:\/\/factory.sale\/et\/wp-json\/wp\/v2\/product_cat?post=95162"},{"taxonomy":"product_tag","embeddable":true,"href":"https:\/\/factory.sale\/et\/wp-json\/wp\/v2\/product_tag?post=95162"}],"curies":[{"name":"wp","href":"https:\/\/api.w.org\/{rel}","templated":true}]}}