{"id":95132,"date":"2024-12-01T12:10:32","date_gmt":"2024-12-01T09:27:18","guid":{"rendered":"https:\/\/factory.sale\/?post_type=product&#038;p=95132"},"modified":"2024-12-01T21:57:27","modified_gmt":"2024-12-01T18:57:27","slug":"lillevilla-liekune-117m%c2%b2-44mm","status":"publish","type":"product","link":"https:\/\/factory.sale\/et\/toode\/lillevilla-liekune-117m%c2%b2-44mm\/","title":{"rendered":"Lillevilla Liekune \u2013 11,7m\u00b2 \/ 44mm"},"content":{"rendered":"<p>Praktiline hoone sinu aeda, ideaalne nii panipaigaks kui ka puhkeruumiks!<\/p>\n<p>Lillevilla Liekune pindala on 11,7 m\u00b2, m\u00f5\u00f5tmetega 3,9 m x 3 m. Harjak\u00f5rgus on umbes 275 cm. Selle mudeli seinad on 44 mm paksused ja p\u00f5randalauad 21 mm paksused. Aknad ja ukseklaas on isolatsiooniga turvaklaas (4\/6\/4).<\/p>\n<p>&nbsp;<\/p>\n<p><strong>Komplekti kuulub<\/strong><\/p>\n<p>Komplekt sisaldab palke, uksi, aknaid, p\u00f5randalaudu, katuseplaate, kinnitusvahendeid, naelu ja kruve. Katusekattematerjal ei kuulu komplekti. Katusekive ei soovitata. Katusematerjal tuleb paigaldada kohe p\u00e4rast hoone kokkupanekut.<\/p>\n<p>Kabiini osad on tehases eelnevalt t\u00f6\u00f6deldud. Siiski on vajalik kokkupanek, seega veenduge, et teil on olemas tavalised t\u00f6\u00f6riistad, n\u00e4iteks m\u00f5\u00f5dulint, lood, haamer, saag, kruvikeeraja ja trell. Vaadake ehitaja kontrollnimekirja ja muid t\u00e4helepanekuid lingi kaudu. Oleme koostanud juhiseid ka meie toodete kokkupanekuks.<\/p>\n<p>&nbsp;<\/p>\n<p><strong>Pinnat\u00f6\u00f6tlus<\/strong><\/p>\n<p>Hoone pinnat\u00f6\u00f6tlus tuleb l\u00e4bi viia kohe p\u00e4rast kokkupanekut, kui ilmastikutingimused seda v\u00f5imaldavad. Kasutage hingavaid pinnat\u00f6\u00f6tlusvahendeid, mis on spetsiaalselt palkpindade jaoks. Mittehingavat plastkile moodustavat v\u00e4rvi ei tohi kasutada. N\u00e4pun\u00e4iteid pinnat\u00f6\u00f6tluseks leiate selle lehe lingi kaudu.<\/p>\n<p>&nbsp;<\/p>\n<p><strong>Ehitusloa teave<\/strong><\/p>\n<p>Kontrollige ehitusloa vajadust eelnevalt oma kohaliku ehitusloa ametnikuga. Ehitusloa taotlemiseks vajalikud joonised saab alla laadida sellelt lehelt.<\/p>\n<p>&nbsp;<\/p>\n<p>&nbsp;<\/p>\n<p><strong>Tehnilised andmed:<\/strong><\/p>\n<p>P\u00f5randapindala (m\u00b2): 11,7<br \/>\nP\u00f5hjaplaan (mm x mm): 3900 x 3000<br \/>\nSeina paksus (mm): 44<br \/>\nHarjak\u00f5rgus (mm): 2670<br \/>\nKatuse pindala (m\u00b2): 16,35<br \/>\nKatuse m\u00f5\u00f5dud (mm x mm): 4300 x 3500<br \/>\nAken: Isolatsiooniga klaas, t\u00fc\u00fcp G10 (928\u00d7910)<br \/>\nUks: D13 (1497\u00d71900), Isolatsiooniga klaas<br \/>\nP\u00f5randalauad (mm): 21<br \/>\nKatusematerjal: Ei kuulu komplekti<br \/>\nPakendi m\u00f5\u00f5dud (mm) ja kaal: 4500 x 770 x 1150 \/ 1060 kg<br \/>\nTootekood (SKU): 0144 39 30 10<\/p>\n<p>&nbsp;<\/p>\n<p>&nbsp;<\/p>\n<p><strong>Lisavarustus:<\/strong><\/p>\n<p>Katusematerjal<\/p>\n<p>30120 Kivikatuspakett (+364,50 \u20ac)<br \/>\n30128 Hermeetiline katusepakett (+319,50 \u20ac)<\/p>\n<p>R\u00e4\u00e4stapleki pakett<\/p>\n<p>30136 R\u00e4\u00e4stapleki pakett (+135,00 \u20ac)<\/p>\n<p>Isolatsioonipaketid<\/p>\n<p>30101 P\u00f5randa isolatsioonipakett (+472,50 \u20ac)<br \/>\n30106 Katuse isolatsioonipakett (+855,00 \u20ac)<\/p>\n<p>T\u00f5stepakett<\/p>\n<p>9458 2 Palgik\u00f5rgendust (+252,00 \u20ac)<\/p>\n<p>&nbsp;<\/p>\n<p>&nbsp;<\/p>\n<p>&nbsp;<\/p>\n<p>&nbsp;<\/p>\n<p>&nbsp;<\/p>\n<p><a href=\"https:\/\/factory.sale\/wp-content\/uploads\/2024\/12\/Lillevilla-Liekune-LV518-2_FI-SE-DE-DK-FR-EN-ID-9675.pdf\" target=\"_blank\" rel=\"noopener\">Kokku panemise juhised\u00a0<\/a><\/p>\n<p><a href=\"https:\/\/factory.sale\/wp-content\/uploads\/2024\/12\/Lillevilla-518-1-perustus-foundation-ID-7212-1.pdf\" target=\"_blank\" rel=\"noopener\">Vundamendi juhised<\/a><\/p>\n<p><a href=\"https:\/\/factory.sale\/wp-content\/uploads\/2024\/12\/LV-518-2-Liekune-julkisivut-pohja-leikkaus-ID-9718.pdf\" target=\"_blank\" rel=\"noopener\">Ehitusloa taotlemise joonised<\/a><\/p>\n<p><a href=\"https:\/\/factory.sale\/wp-content\/uploads\/2024\/11\/Luoman_hirsirakennusten_pintakasittelyohje_Tikkurila_VALMIS_2023.pdf\" target=\"_blank\" rel=\"noopener\">Pinnat\u00f6\u00f6tluse juhised<\/a><\/p>\n<p><a href=\"https:\/\/factory.sale\/wp-content\/uploads\/2024\/11\/5.pdf\" target=\"_blank\" rel=\"noopener\">Isolatsioonipaketi juhised<\/a><\/p>\n","protected":false},"excerpt":{"rendered":"<p>T\u00e4ienda oma \u00f5ueala Lillevilla Liekune kabiiniga. 11,7 m\u00b2 p\u00f5randapinda, vastupidavad 44 mm seinad ja isolatsiooniga aknad muudavad selle mitmek\u00fclgse hoone ideaalseks panipaigaks v\u00f5i puhkeruumiks. Kohandatavad katusematerjalid, lihtne kokkupanek ja k\u00f5rge kvaliteet. Telli juba t\u00e4na!<\/p>\n","protected":false},"featured_media":95124,"comment_status":"open","ping_status":"closed","template":"","meta":{"_acf_changed":false},"factory":[],"free-shipment":[],"product_brand":[],"product_cat":[924,2356],"product_tag":[],"class_list":{"0":"post-95132","1":"product","2":"type-product","3":"status-publish","4":"has-post-thumbnail","6":"product_cat-aiatooted","7":"product_cat-aiarajatised","9":"first","10":"instock","11":"sale","12":"taxable","13":"shipping-taxable","14":"purchasable","15":"product-type-simple"},"acf":[],"_links":{"self":[{"href":"https:\/\/factory.sale\/et\/wp-json\/wp\/v2\/product\/95132","targetHints":{"allow":["GET"]}}],"collection":[{"href":"https:\/\/factory.sale\/et\/wp-json\/wp\/v2\/product"}],"about":[{"href":"https:\/\/factory.sale\/et\/wp-json\/wp\/v2\/types\/product"}],"replies":[{"embeddable":true,"href":"https:\/\/factory.sale\/et\/wp-json\/wp\/v2\/comments?post=95132"}],"wp:featuredmedia":[{"embeddable":true,"href":"https:\/\/factory.sale\/et\/wp-json\/wp\/v2\/media\/95124"}],"wp:attachment":[{"href":"https:\/\/factory.sale\/et\/wp-json\/wp\/v2\/media?parent=95132"}],"wp:term":[{"taxonomy":"factory","embeddable":true,"href":"https:\/\/factory.sale\/et\/wp-json\/wp\/v2\/factory?post=95132"},{"taxonomy":"free-shipment","embeddable":true,"href":"https:\/\/factory.sale\/et\/wp-json\/wp\/v2\/free-shipment?post=95132"},{"taxonomy":"product_brand","embeddable":true,"href":"https:\/\/factory.sale\/et\/wp-json\/wp\/v2\/product_brand?post=95132"},{"taxonomy":"product_cat","embeddable":true,"href":"https:\/\/factory.sale\/et\/wp-json\/wp\/v2\/product_cat?post=95132"},{"taxonomy":"product_tag","embeddable":true,"href":"https:\/\/factory.sale\/et\/wp-json\/wp\/v2\/product_tag?post=95132"}],"curies":[{"name":"wp","href":"https:\/\/api.w.org\/{rel}","templated":true}]}}