{"id":95100,"date":"2025-10-12T10:13:21","date_gmt":"2024-11-30T22:21:46","guid":{"rendered":"https:\/\/factory.sale\/?post_type=product&#038;p=95100"},"modified":"2025-11-23T16:09:03","modified_gmt":"2025-11-23T13:09:03","slug":"sauna-lillevilla-kulovesi-76-m%c2%b2-44mm","status":"publish","type":"product","link":"https:\/\/factory.sale\/et\/toode\/sauna-lillevilla-kulovesi-76-m%c2%b2-44mm\/","title":{"rendered":"Sauna Lillevilla Kulovesi \u2013 7,6 m\u00b2 \/ 44mm"},"content":{"rendered":"<p>Lillevilla Sauna Kulovesi mudelil on eraldi riietusruum ja leiliruum. Selle mudeli p\u00f5randapindala on 7,6 ruutmeetrit. Sauna laius on 3,8 meetrit ja s\u00fcgavus 2,0 meetrit. Harjak\u00f5rgus on 2,9 meetrit ning seinapaksus 44 mm.<\/p>\n<p>&nbsp;<\/p>\n<p><strong>Komplekti kuulub<\/strong><\/p>\n<p>Komplekt sisaldab palke, uksi, akent, p\u00f5randalaudu, katuseplaate, kinnitusvahendeid, naelu ja kruve. Komplektis on ka nurkadesse paigaldatavad keermelatid. P\u00f5randalaudade paksus on 21 mm.<\/p>\n<p>Katusekattematerjal ei kuulu komplekti. Siiski saab selle lehelt tellida Katepal Classic KL kivikatuse, Katepal TopTite 3 rullkatuse (tiivissaumakate) v\u00f5i metallkatuse. Katusekive ei soovitata. Katusematerjal tuleb paigaldada kohe p\u00e4rast hoone p\u00fcstitamist.<\/p>\n<p>Lavad ei kuulu komplekti, kuid saunale saab selle lehe kaudu tellida lavakomplekti.<\/p>\n<p>M\u00e4rkus: Ahi ja korsten ei kuulu komplekti.<\/p>\n<p>Kabiini osad on tehases ette t\u00f6\u00f6deldud. Kuna kokkupanek on vajalik, veenduge, et teil on olemas tavalised t\u00f6\u00f6riistad, n\u00e4iteks m\u00f5\u00f5dulint, lood, haamer, saag, kruvikeeraja ja trell.<\/p>\n<p>&nbsp;<\/p>\n<p><strong>Pinnat\u00f6\u00f6tlus<\/strong><\/p>\n<p>Hoone pinnat\u00f6\u00f6tlus tuleb l\u00e4bi viia kohe p\u00e4rast kokkupanekut, kui ilmastikutingimused seda v\u00f5imaldavad. Kasutage hingavaid pinnat\u00f6\u00f6tlusvahendeid, mis on spetsiaalselt palkpindade jaoks. Mittehingavat plastkile moodustavat v\u00e4rvi ei tohi kasutada.<\/p>\n<p>&nbsp;<\/p>\n<p><strong>Ehitusloa teave<\/strong><\/p>\n<p>Kontrollige ehitusloa vajadust eelnevalt oma kohaliku ehitusloa ametnikuga. Ehitusloa taotlemiseks vajalikud joonised saab alla laadida sellelt lehelt.<\/p>\n<p>&nbsp;<\/p>\n<p>&nbsp;<\/p>\n<p><strong>Tehnilised andmed:<\/strong><\/p>\n<p>P\u00f5randapindala (m\u00b2): 7,6<br \/>\nP\u00f5hjaplaan (mm x mm): 3800 x 2000<br \/>\nSeina paksus (mm): 44<br \/>\nHarjak\u00f5rgus (mm): 2915<br \/>\nSeinak\u00f5rgus (mm): 2225<br \/>\nKatuse pindala (m\u00b2): 15<br \/>\nKatuse m\u00f5\u00f5dud (mm x mm): 4450 x 3340<br \/>\nHarja pikkus (mm): 3300<br \/>\nKatuse sektsiooni pikkus (mm): 2266<br \/>\nKatusekalle (kraadi): 18<br \/>\nKatuseplaadid (mm): 16<br \/>\nP\u00f5randalauad (mm): 21<br \/>\nAken: Isolatsiooniga turvaklaas CE 4\/6\/4 mm, t\u00fc\u00fcp A (640\u00d7640) Avamissuund: v\u00e4ljapoole<br \/>\nUksed: Isolatsiooniga turvaklaas CE 4\/6\/4 mm, t\u00fc\u00fcp C (897\u00d71820) Turvaklaas CE 4 mm, t\u00fc\u00fcp O3 (648\u00d71772)<br \/>\nKatusematerjal: Ei kuulu komplekti<br \/>\nPakendi m\u00f5\u00f5dud (mm) ja kaal: 4600 x 850 x 1150 \/ 1325 kg<br \/>\nTootekood (SKU): 0144 38 20 10<\/p>\n<p>&nbsp;<\/p>\n<p>&nbsp;<\/p>\n<p><strong>Lisaks saadaval:<\/strong><\/p>\n<p>R\u00e4\u00e4stapleki pakett<\/p>\n<p>30136 R\u00e4\u00e4stapleki pakett (+135,00 \u20ac)<\/p>\n<p>Isolatsioonipaketid<\/p>\n<p>9512 P\u00f5randa isolatsioonipakett (+252,00 \u20ac)<br \/>\n9511 Katuse isolatsioonipakett (+463,50 \u20ac)<\/p>\n<p>Lavakomplekt<\/p>\n<p>9869 Lavakomplekt \u2013 1900 mm (+364,50 \u20ac)<\/p>\n<p>Sauna p\u00f5randa \u00e4ravool<\/p>\n<p>9878 Sauna \u00e4ravool (+99,00 \u20ac)<\/p>\n<p>&nbsp;<\/p>\n<p>&nbsp;<\/p>\n<p>&nbsp;<\/p>\n<p><a href=\"https:\/\/factory.sale\/wp-content\/uploads\/2024\/12\/Sauna-10-FI-SE-DE-DK-FR-EN_manual-ID-9615.pdf\" target=\"_blank\" rel=\"noopener\">Kokku panemise juhised<\/a><\/p>\n<p><a href=\"https:\/\/factory.sale\/wp-content\/uploads\/2024\/12\/Sauna-10-perustus-foundation-ID-9546.pdf\" target=\"_blank\" rel=\"noopener\">Vundamendi juhised<\/a><\/p>\n<p><a href=\"https:\/\/factory.sale\/wp-content\/uploads\/2024\/12\/Sauna-10-Kulovesi-julkisivut-pohja-leikkaus-ID-10382.pdf\" target=\"_blank\" rel=\"noopener\">Ehitusloa taotlemise joonised<\/a><\/p>\n<p><a href=\"https:\/\/factory.sale\/wp-content\/uploads\/2024\/11\/Luoman_hirsirakennusten_pintakasittelyohje_Tikkurila_VALMIS_2023.pdf\" target=\"_blank\" rel=\"noopener\">Pinnat\u00f6\u00f6tluse juhised<\/a><\/p>\n","protected":false},"excerpt":{"rendered":"<p>T\u00f5sta oma saunakogemus j\u00e4rgmisele tasemele Lillevilla Sauna Kulovesi abil. 7,6 m\u00b2 p\u00f5randapindala, eraldi riietus- ja leiliruumid, vastupidavad 44 mm seinad ning v\u00f5imalus lisada isolatsiooni, katusekattematerjale ja lavapakette. Lihtne kokku panna ja ideaalne l\u00f5\u00f5gastumiseks. Telli juba t\u00e4na!<\/p>\n<p>&nbsp;<\/p>\n","protected":false},"featured_media":95092,"comment_status":"open","ping_status":"closed","template":"","meta":{"_acf_changed":false},"factory":[],"free-shipment":[],"product_brand":[],"product_cat":[4540,826,4778,2257],"product_tag":[811],"class_list":{"0":"post-95100","1":"product","2":"type-product","3":"status-publish","4":"has-post-thumbnail","6":"product_cat-laotooted","7":"product_cat-saunas-et","8":"product_cat-saunad","9":"product_cat-valisaun","10":"product_tag-sauna-et","12":"first","13":"instock","14":"sale","15":"taxable","16":"shipping-taxable","17":"purchasable","18":"product-type-simple"},"acf":[],"_links":{"self":[{"href":"https:\/\/factory.sale\/et\/wp-json\/wp\/v2\/product\/95100","targetHints":{"allow":["GET"]}}],"collection":[{"href":"https:\/\/factory.sale\/et\/wp-json\/wp\/v2\/product"}],"about":[{"href":"https:\/\/factory.sale\/et\/wp-json\/wp\/v2\/types\/product"}],"replies":[{"embeddable":true,"href":"https:\/\/factory.sale\/et\/wp-json\/wp\/v2\/comments?post=95100"}],"wp:featuredmedia":[{"embeddable":true,"href":"https:\/\/factory.sale\/et\/wp-json\/wp\/v2\/media\/95092"}],"wp:attachment":[{"href":"https:\/\/factory.sale\/et\/wp-json\/wp\/v2\/media?parent=95100"}],"wp:term":[{"taxonomy":"factory","embeddable":true,"href":"https:\/\/factory.sale\/et\/wp-json\/wp\/v2\/factory?post=95100"},{"taxonomy":"free-shipment","embeddable":true,"href":"https:\/\/factory.sale\/et\/wp-json\/wp\/v2\/free-shipment?post=95100"},{"taxonomy":"product_brand","embeddable":true,"href":"https:\/\/factory.sale\/et\/wp-json\/wp\/v2\/product_brand?post=95100"},{"taxonomy":"product_cat","embeddable":true,"href":"https:\/\/factory.sale\/et\/wp-json\/wp\/v2\/product_cat?post=95100"},{"taxonomy":"product_tag","embeddable":true,"href":"https:\/\/factory.sale\/et\/wp-json\/wp\/v2\/product_tag?post=95100"}],"curies":[{"name":"wp","href":"https:\/\/api.w.org\/{rel}","templated":true}]}}