{"id":95076,"date":"2025-10-12T10:05:27","date_gmt":"2024-11-30T21:13:16","guid":{"rendered":"https:\/\/factory.sale\/?post_type=product&#038;p=95076"},"modified":"2025-08-08T12:24:24","modified_gmt":"2025-08-08T09:24:24","slug":"lillevilla-sauna-palovesi-66-m%c2%b2-44mm","status":"publish","type":"product","link":"https:\/\/factory.sale\/et\/toode\/lillevilla-sauna-palovesi-66-m%c2%b2-44mm\/","title":{"rendered":"Lillevilla Sauna Palovesi \u2013 6,6 m\u00b2 \/ 44mm"},"content":{"rendered":"<p>Lillevilla Sauna Palovesi -mudelil on eraldi riietusruum ja leiliruum. Selle mudeli p\u00f5randapindala on 6,6 ruutmeetrit. Sauna laius on 3,3 meetrit ja s\u00fcgavus 2 meetrit. Selle mudeli harjak\u00f5rgus on 2,65 meetrit ning seinapaksus 44 mm.<\/p>\n<p>&nbsp;<\/p>\n<p><strong>Toote komplekti kuulub<\/strong><\/p>\n<p>Komplekt sisaldab palke, uksi, akent, p\u00f5randalaudu, katuseplaate, kinnitusvahendeid, naelu ja kruve. Sauna ukseks on mugav ja ruumis\u00e4\u00e4stlik liuguks. P\u00f5randalaudade paksus on 21 mm ja katuseplaatide paksus 19 mm. Komplektis on ka 16 mm saunaruumi laepaneelid.<\/p>\n<p>Katusekattematerjal ei kuulu komplekti. Katusekive ega -plaate ei soovitata kasutada. Katusekattematerjal tuleb paigaldada kohe p\u00e4rast hoone kokkupanekut.<\/p>\n<p>M\u00e4rkus: Ahi, korsten ja lavad ei kuulu komplekti.<\/p>\n<p>Kabiini osad on tehases ette t\u00f6\u00f6deldud. Kuna kokkupanek on vajalik, veenduge, et teil on olemas tavalised t\u00f6\u00f6riistad, n\u00e4iteks m\u00f5\u00f5dulint, lood, haamer, saag, kruvikeeraja ja trell.<\/p>\n<p>&nbsp;<\/p>\n<p><strong>Pinnat\u00f6\u00f6tlus<\/strong><\/p>\n<p>Hoone pinnat\u00f6\u00f6tlus tuleb l\u00e4bi viia kohe p\u00e4rast kokkupanekut, kui ilmastikutingimused seda v\u00f5imaldavad. Kasutage hingavaid pinnat\u00f6\u00f6tlusvahendeid, mis on spetsiaalselt palkpindade jaoks. Mittehingavat plastkile moodustavat v\u00e4rvi ei tohi kasutada.<\/p>\n<p>&nbsp;<\/p>\n<p><strong>Ehitusloa teave<\/strong><\/p>\n<p>Kontrollige ehitusloa vajadust eelnevalt oma kohaliku ehitusloa ametnikuga. Ehitusloa taotlemiseks vajalikud joonised saab alla laadida sellelt lehelt.<\/p>\n<p>&nbsp;<\/p>\n<p>&nbsp;<\/p>\n<p><strong>Tehnilised andmed:<\/strong><\/p>\n<p>P\u00f5randapindala (m\u00b2): 6,6<br \/>\nP\u00f5hjaplaan (mm x mm): 3300 x 2000<br \/>\nSeina paksus (mm): 44<br \/>\nHarjak\u00f5rgus (mm): 2650<br \/>\nKatuse pindala (m\u00b2): 10<br \/>\nKatuse m\u00f5\u00f5dud (mm x mm): 3800 x 2625<br \/>\nHarja pikkus (mm): 3800<br \/>\nKatuse sektsiooni pikkus (mm): 2660<br \/>\nKatusekalle (kraadi): 8,00<br \/>\nKatuseplaadid (mm): 19, siselaepaneel 16 mm<br \/>\nP\u00f5randalauad (mm): 21<br \/>\nAken: T\u00fc\u00fcp B6 (1563\u00d7464), 1 tk, avamissuund: \u00fcles, v\u00e4ljapoole<br \/>\nUksed: Isolatsiooniga turvaklaas CE 4\/6\/4 mm, t\u00fc\u00fcp C10 (897\u00d71820), t\u00fc\u00fcp O6 (694\u00d71714)<br \/>\nKatusematerjal: Ei kuulu komplekti<br \/>\nPakendi m\u00f5\u00f5dud (mm) ja kaal: 3850 x 830 x 1150 \/ 980 kg<br \/>\nTootekood (SKU): 0144 33 20 00<\/p>\n<p>&nbsp;<\/p>\n<p><strong>Lisaks saadaval:<\/strong><\/p>\n<p>Katusematerjal<\/p>\n<p>30126 Bituumenkatte pakett (+234,00 \u20ac)<\/p>\n<p>R\u00e4\u00e4stapleki pakett<\/p>\n<p>30135 R\u00e4\u00e4stapleki pakett (+108,00 \u20ac)<\/p>\n<p>Isolatsioonipaketid<\/p>\n<p>9272 Katuse isolatsioonipakett (+328,50 \u20ac)<br \/>\n9274 P\u00f5randa isolatsioonipakett (+198,00 \u20ac)<\/p>\n<p>Lavapakett<\/p>\n<p>9869 Lavapakett \u2013 1900 mm (+364,50 \u20ac)<\/p>\n<p>Sauna p\u00f5randa \u00e4ravool<\/p>\n<p>9878 Sauna \u00e4ravool (+99,00 \u20ac)<\/p>\n<p>&nbsp;<\/p>\n<p>&nbsp;<\/p>\n<p><a href=\"https:\/\/factory.sale\/wp-content\/uploads\/2024\/11\/Lillevilla-Palovesi_Sauna-9-FI-SE-DE-DK-FR-EN-ID-7514.pdf\" target=\"_blank\" rel=\"noopener\">Kokku panemise juhised<\/a><\/p>\n<p><a href=\"https:\/\/factory.sale\/wp-content\/uploads\/2024\/11\/Lillevilla-Palovesi_Sauna-9-julkisivut-pohja-leikkaus-ID-7507.pdf\" target=\"_blank\" rel=\"noopener\">Vundamendi juhised<\/a><\/p>\n<p><a href=\"https:\/\/factory.sale\/wp-content\/uploads\/2024\/11\/Lillevilla-Palovesi_Sauna-9-perustukset-ID-7504.pdf\" target=\"_blank\" rel=\"noopener\">Ehitusloa taotlemise joonised<\/a><\/p>\n<p><a href=\"https:\/\/factory.sale\/wp-content\/uploads\/2024\/11\/Luoman_hirsirakennusten_pintakasittelyohje_Tikkurila_VALMIS_2023.pdf\" target=\"_blank\" rel=\"noopener\">Pinnat\u00f6\u00f6tluse juhised<\/a><\/p>\n<p>&nbsp;<\/p>\n","protected":false},"excerpt":{"rendered":"<p>T\u00f5sta oma saunakogemus j\u00e4rgmisele tasemele Lillevilla Sauna Palovesi abil. 6,6 m\u00b2 p\u00f5randapindala, eraldi riietus- ja leiliruumid, vastupidavad 44 mm seinad ning v\u00f5imalus lisada isolatsiooni, katusekattematerjale ja lavapakette. Lihtne kokku panna ja ideaalne l\u00f5\u00f5gastumiseks. Telli juba t\u00e4na!<\/p>\n<p>&nbsp;<\/p>\n","protected":false},"featured_media":95067,"comment_status":"open","ping_status":"closed","template":"","meta":{"_acf_changed":false},"factory":[],"free-shipment":[],"product_brand":[],"product_cat":[4540,826,4778,2257],"product_tag":[],"class_list":{"0":"post-95076","1":"product","2":"type-product","3":"status-publish","4":"has-post-thumbnail","6":"product_cat-laotooted","7":"product_cat-saunas-et","8":"product_cat-saunad","9":"product_cat-valisaun","11":"first","12":"instock","13":"sale","14":"taxable","15":"shipping-taxable","16":"purchasable","17":"product-type-simple"},"acf":[],"_links":{"self":[{"href":"https:\/\/factory.sale\/et\/wp-json\/wp\/v2\/product\/95076","targetHints":{"allow":["GET"]}}],"collection":[{"href":"https:\/\/factory.sale\/et\/wp-json\/wp\/v2\/product"}],"about":[{"href":"https:\/\/factory.sale\/et\/wp-json\/wp\/v2\/types\/product"}],"replies":[{"embeddable":true,"href":"https:\/\/factory.sale\/et\/wp-json\/wp\/v2\/comments?post=95076"}],"wp:featuredmedia":[{"embeddable":true,"href":"https:\/\/factory.sale\/et\/wp-json\/wp\/v2\/media\/95067"}],"wp:attachment":[{"href":"https:\/\/factory.sale\/et\/wp-json\/wp\/v2\/media?parent=95076"}],"wp:term":[{"taxonomy":"factory","embeddable":true,"href":"https:\/\/factory.sale\/et\/wp-json\/wp\/v2\/factory?post=95076"},{"taxonomy":"free-shipment","embeddable":true,"href":"https:\/\/factory.sale\/et\/wp-json\/wp\/v2\/free-shipment?post=95076"},{"taxonomy":"product_brand","embeddable":true,"href":"https:\/\/factory.sale\/et\/wp-json\/wp\/v2\/product_brand?post=95076"},{"taxonomy":"product_cat","embeddable":true,"href":"https:\/\/factory.sale\/et\/wp-json\/wp\/v2\/product_cat?post=95076"},{"taxonomy":"product_tag","embeddable":true,"href":"https:\/\/factory.sale\/et\/wp-json\/wp\/v2\/product_tag?post=95076"}],"curies":[{"name":"wp","href":"https:\/\/api.w.org\/{rel}","templated":true}]}}