{"id":95046,"date":"2024-11-30T03:01:26","date_gmt":"2024-11-30T19:58:38","guid":{"rendered":"https:\/\/factory.sale\/?post_type=product&#038;p=95046"},"modified":"2024-12-01T12:30:31","modified_gmt":"2024-12-01T09:30:31","slug":"lillevilla-unari-10-m%c2%b2-44-mm","status":"publish","type":"product","link":"https:\/\/factory.sale\/et\/toode\/lillevilla-unari-10-m%c2%b2-44-mm\/","title":{"rendered":"Lillevilla Unari \u2013 10 m\u00b2 \/ 44 mm"},"content":{"rendered":"<p><strong>Stiilne k\u00fclalistemaja sinu aeda<\/strong><\/p>\n<p>Lillevilla 449 k\u00fclalistemaja on avar ja valgusk\u00fcllane lamekatusega hoone, mis on valmistatud 44 mm paksusest kergetest palkidest. See sobib suurep\u00e4raselt suvep\u00e4evade nautimiseks v\u00f5i hubase \u00f5hkkonna loomiseks s\u00fcgis\u00f5htutel! T\u00e4nu suurtele akendele sobib see mudel ideaalselt stuudioks v\u00f5i isegi suvek\u00f6\u00f6giks.<\/p>\n<p>&nbsp;<\/p>\n<p><strong>K\u00fclalistemaja olulised m\u00f5\u00f5dud<\/strong><\/p>\n<p>Selle mudeli p\u00f5randapindala on \u00fcle 9,9 m\u00b2, laiusega 3,3 m ja s\u00fcgavusega 3 m. Harjak\u00f5rgus on 245 cm ning katuse pindala 12,6 m\u00b2.<\/p>\n<p>P\u00f5randalauad on 21 mm paksused ning 44 mm paksused seinapalgid on topelttapp-liitega, mis muudab konstruktsiooni v\u00e4ga vastupidavaks. See toode kasutab &#8220;linnanurga&#8221; disaini, mis t\u00e4hendab, et seinapalgid kinnitatakse nurgapostide k\u00fclge.<\/p>\n<p>Soovi korral saab Lillevilla Unari mudeli jaoks tellida ka lisaklaasitud akna, mis avaneb v\u00e4ljapoole. Aken on varustatud isolatsiooniga turvaklaasiga (2K4-6-4), klaasi suurus on 468 x 1406 mm. Hinged on tappisarana t\u00fc\u00fcpi, igal aknapaneelil on kolm hinge. Aknat saab tellida nii vasaku- kui paremak\u00e4elisena. Komplekti kuuluvad ka k\u00e4epidemed ja viimistluslauad. Kui Lillevilla Unari on p\u00fcstitatud, l\u00f5igake soovitud kohta aknaava ja paigaldage aken kaasasolevate viimistluslaudade abil.<\/p>\n<p>&nbsp;<\/p>\n<p><strong>Komplekti kuulub<\/strong><\/p>\n<p>Komplekt sisaldab palke, uksi, aknaid, p\u00f5randalaudu, katuseplaate, kinnitusvahendeid, naelu ja kruve. Katusekattematerjal ei kuulu komplekti. Katusekive v\u00f5i -plaate ei soovitata. Katusekattematerjal tuleb paigaldada kohe p\u00e4rast hoone p\u00fcstitamist. Lisaklaasitud aknaid saab samuti tellida.<\/p>\n<p>Kabiini osad on tehases ette t\u00f6\u00f6deldud. Siiski, kuna kokkupanek on vajalik, veenduge, et teil on olemas tavalised t\u00f6\u00f6riistad, n\u00e4iteks m\u00f5\u00f5dulint, lood, haamer, saag, kruvikeeraja ja trell. Kokku panemise n\u00e4pun\u00e4iteid leiate altpoolt.<\/p>\n<p>&nbsp;<\/p>\n<p>&nbsp;<\/p>\n<p><strong>Pinnat\u00f6\u00f6tlus<\/strong><\/p>\n<p>Hoone pinnat\u00f6\u00f6tlus tuleb l\u00e4bi viia kohe p\u00e4rast kokkupanekut, kui ilmastikutingimused seda v\u00f5imaldavad. Kasutage hingavaid pinnat\u00f6\u00f6tlusvahendeid, mis on spetsiaalselt palkpindade jaoks. Hingematut plastkile moodustavaid v\u00e4rve kasutada ei tohi.<\/p>\n<p>&nbsp;<\/p>\n<p>&nbsp;<\/p>\n<p><strong>Ehitusloa teave<\/strong><\/p>\n<p>Kontrollige ehitusloa vajadust eelnevalt oma kohaliku ehitusloa ametnikuga. Ehitusloa taotlemiseks vajalikud joonised saab alla laadida sellelt lehelt.<\/p>\n<p>&nbsp;<\/p>\n<p>&nbsp;<\/p>\n<p><strong>Tehnilised andmed:<\/strong><\/p>\n<p>P\u00f5randapindala (m\u00b2): 9.9<br \/>\nP\u00f5hjaplaan (mm x mm): 3300 x 3000<br \/>\nSeina paksus (mm): 44<br \/>\nHarjak\u00f5rgus (mm): 2450<br \/>\nKatuse pindala (m\u00b2): 12.6<br \/>\nKatuse m\u00f5\u00f5dud (mm x mm): 3700 x 3390<br \/>\nKatusekalle (kraadi): 3.00<br \/>\nHarja pikkus (mm): 3770<br \/>\nKatuse sektsiooni pikkus (mm): 3450<br \/>\nKatuseplaadid (mm): 16<br \/>\nP\u00f5randalauad (mm): 21<br \/>\nAknad:<br \/>\nIsolatsiooniga turvaklaas CE 4\/6\/4 mm, t\u00fc\u00fcp R8 (446\u00d71496) 2 tk<br \/>\nAvamisviis: fikseeritud<br \/>\nUks:<br \/>\nIsolatsiooniga turvaklaas CE 4\/9\/4 mm, t\u00fc\u00fcp D19 (1694\u00d71960)<br \/>\nKatusematerjal: ei sisaldu<br \/>\nPakendi m\u00f5\u00f5dud (mm) ja kaal: 3900 x 750 x 1150 \/ 800 kg<br \/>\nEAN: 6418635046234<br \/>\nTootekood (SKU): 0144 33 30 00<\/p>\n<p>&nbsp;<\/p>\n<p>&nbsp;<\/p>\n<p><strong>Lisaks saadaval:<\/strong><\/p>\n<p>Aknad:<\/p>\n<p>Aken t\u00fc\u00fcp E7 \u2013 vasakuk\u00e4eline (+296.10 \u20ac)<br \/>\nAken t\u00fc\u00fcp E8 \u2013 paremak\u00e4eline (+296.10 \u20ac)<\/p>\n<p>Katusematerjalid:<\/p>\n<p>30128 Hermeetiline katusepakett (+400.50 \u20ac)<\/p>\n<p>Vihmavees\u00fcsteem:<\/p>\n<p>30135 Vihmavees\u00fcsteemi pakett (+108.00 \u20ac)<\/p>\n<p>Isolatsioonipaketid:<\/p>\n<p>30100 P\u00f5randa isolatsioonipakett (+409.50 \u20ac)<br \/>\n30110 Katuse isolatsioonipakett (+657.00 \u20ac)<\/p>\n<p>T\u00f5stetud konstruktsioon:<\/p>\n<p>2 palgik\u00f5rgendust (+360.00 \u20ac)<\/p>\n<p>&nbsp;<\/p>\n<p>&nbsp;<\/p>\n<p>&nbsp;<\/p>\n<p><a href=\"https:\/\/factory.sale\/wp-content\/uploads\/2024\/11\/Lillevilla-Unari_LV-449_FI-SE-DE-DK-EN-FR-ID-5302.pdf\" target=\"_blank\" rel=\"noopener\">Kokku panemise juhised<\/a><\/p>\n<p><a href=\"https:\/\/factory.sale\/wp-content\/uploads\/2024\/11\/Lillevilla-Unari_LV-449-perustus-foundation-ID-7297.pdf\" target=\"_blank\" rel=\"noopener\">Vundamendi juhised<\/a><\/p>\n<p><a href=\"https:\/\/factory.sale\/wp-content\/uploads\/2024\/11\/Lillevilla-Unari_LV-449-pohja-julkisivut-ja-leikkaus-ID-5693.pdf\" target=\"_blank\" rel=\"noopener\">Ehitusloa taotlemise joonised<\/a><\/p>\n<p><a href=\"https:\/\/factory.sale\/wp-content\/uploads\/2024\/11\/Luoman_hirsirakennusten_pintakasittelyohje_Tikkurila_VALMIS_2023.pdf\" target=\"_blank\" rel=\"noopener\">Pinnat\u00f6\u00f6tluse juhised<\/a><\/p>\n<p><a href=\"https:\/\/factory.sale\/wp-content\/uploads\/2024\/11\/5.pdf\" target=\"_blank\" rel=\"noopener\">Isolatsioonipaketi juhised<\/a><\/p>\n","protected":false},"excerpt":{"rendered":"<p>Avasta Lillevilla 449 k\u00fclalistemaja \u2013 mitmek\u00fclgne 9,9 m\u00b2 suurune aiamaja, mis on valmistatud vastupidavast 44 mm kergepalgist ja CE-sertifikaadiga isoleeritud klaasiga. Ideaalne stuudioks, suvek\u00f6\u00f6giks v\u00f5i k\u00fclalistemajaks. Lihtne kokku panna ja kohandatav katusematerjalidega. Telli juba t\u00e4na!<\/p>\n","protected":false},"featured_media":95003,"comment_status":"open","ping_status":"closed","template":"","meta":{"_acf_changed":false},"factory":[],"free-shipment":[],"product_brand":[],"product_cat":[924,4797,4800,2356,4540],"product_tag":[],"class_list":{"0":"post-95046","1":"product","2":"type-product","3":"status-publish","4":"has-post-thumbnail","6":"product_cat-aiatooted","7":"product_cat-aia-ja-ouetooted","8":"product_cat-aiarajatised-et","9":"product_cat-aiarajatised","10":"product_cat-laotooted","12":"first","13":"instock","14":"sale","15":"taxable","16":"shipping-taxable","17":"purchasable","18":"product-type-simple"},"acf":[],"_links":{"self":[{"href":"https:\/\/factory.sale\/et\/wp-json\/wp\/v2\/product\/95046","targetHints":{"allow":["GET"]}}],"collection":[{"href":"https:\/\/factory.sale\/et\/wp-json\/wp\/v2\/product"}],"about":[{"href":"https:\/\/factory.sale\/et\/wp-json\/wp\/v2\/types\/product"}],"replies":[{"embeddable":true,"href":"https:\/\/factory.sale\/et\/wp-json\/wp\/v2\/comments?post=95046"}],"wp:featuredmedia":[{"embeddable":true,"href":"https:\/\/factory.sale\/et\/wp-json\/wp\/v2\/media\/95003"}],"wp:attachment":[{"href":"https:\/\/factory.sale\/et\/wp-json\/wp\/v2\/media?parent=95046"}],"wp:term":[{"taxonomy":"factory","embeddable":true,"href":"https:\/\/factory.sale\/et\/wp-json\/wp\/v2\/factory?post=95046"},{"taxonomy":"free-shipment","embeddable":true,"href":"https:\/\/factory.sale\/et\/wp-json\/wp\/v2\/free-shipment?post=95046"},{"taxonomy":"product_brand","embeddable":true,"href":"https:\/\/factory.sale\/et\/wp-json\/wp\/v2\/product_brand?post=95046"},{"taxonomy":"product_cat","embeddable":true,"href":"https:\/\/factory.sale\/et\/wp-json\/wp\/v2\/product_cat?post=95046"},{"taxonomy":"product_tag","embeddable":true,"href":"https:\/\/factory.sale\/et\/wp-json\/wp\/v2\/product_tag?post=95046"}],"curies":[{"name":"wp","href":"https:\/\/api.w.org\/{rel}","templated":true}]}}