{"id":94995,"date":"2024-11-30T02:03:53","date_gmt":"2024-11-29T23:30:56","guid":{"rendered":"https:\/\/factory.sale\/?post_type=product&#038;p=94995"},"modified":"2024-11-30T02:38:01","modified_gmt":"2024-11-29T23:38:01","slug":"lillevilla-suovu-8-m%c2%b2-44-mm","status":"publish","type":"product","link":"https:\/\/factory.sale\/et\/toode\/lillevilla-suovu-8-m%c2%b2-44-mm\/","title":{"rendered":"Lillevilla Suovu \u2013 8 m\u00b2 \/ 44 mm"},"content":{"rendered":"<p><strong>Stiilne k\u00fclalistemaja sinu aeda<\/strong><\/p>\n<p>Lillevilla Suovu k\u00fclalistemaja on avar ja valgusk\u00fcllane lamekatusega hoone, mis on valmistatud 44 mm paksusest kergetest palkidest. See sobib ideaalselt suvep\u00e4evade nautimiseks v\u00f5i hubase \u00f5hkkonna loomiseks s\u00fcgis\u00f5htutel! T\u00e4nu suurtele akendele on see mudel eriti sobilik stuudioks v\u00f5i isegi suvek\u00f6\u00f6giks.<\/p>\n<p>&nbsp;<\/p>\n<p><strong>Maja m\u00f5\u00f5dud<\/strong><\/p>\n<p>Selle mudeli p\u00f5randapindala on veidi \u00fcle 8,25 ruutmeetri, laiusega 3,3 meetrit ja s\u00fcgavusega 2,5 meetrit. K\u00fclalistemaja harjak\u00f5rgus on 245 cm. Katuse pindala on 10,7 ruutmeetrit.<\/p>\n<p>P\u00f5randalauad on 21 mm paksused ning 44 mm paksused seinapalgid on varustatud topelttapp-liitega, mis muudab konstruktsiooni eriti vastupidavaks. Tootes kasutatakse &#8220;linna nurga&#8221; disaini, kus seinapalgid kinnitatakse nurgapostide k\u00fclge. Uksed ja aknad on varustatud CE-sertifikaadiga isoleeritud turvaklaasiga.<\/p>\n<p>&nbsp;<\/p>\n<p><strong>Komplekti kuulub<\/strong><\/p>\n<p>Komplektis on palgid, uksed, aknad, p\u00f5randa- ja katuseplaadid, kinnitusvahendid, naelad ja kruvid. Katusekattematerjal ei kuulu komplekti. Me ei soovita kasutada katusekive ega -plaate. Katusekattematerjal tuleb paigaldada kohe p\u00e4rast hoone kokkupanekut.<\/p>\n<p>Kabiini osad on tehases ette t\u00f6\u00f6deldud. Siiski on vajalik kokkupanek, seega veenduge, et teil on olemas tavalised t\u00f6\u00f6riistad, nagu m\u00f5\u00f5dulint, lood, haamer, saag, kruvikeeraja ja trell. Kokku panemise n\u00e4pun\u00e4iteid leiate altpoolt.<\/p>\n<p>&nbsp;<\/p>\n<p><strong>Pinnat\u00f6\u00f6tlus<\/strong><\/p>\n<p>Hoone pinnat\u00f6\u00f6tlus tuleb l\u00e4bi viia kohe p\u00e4rast kokkupanekut, kui ilmastikutingimused seda lubavad. Kasutage hingavaid pinnat\u00f6\u00f6tlusvahendeid, mis on spetsiaalselt ette n\u00e4htud palkpindadele. Mitte kasutada v\u00e4rve, mis moodustavad mittehingava plastkile.<\/p>\n<p>&nbsp;<\/p>\n<p><strong>Ehitusloa teave<\/strong><\/p>\n<p>Kontrollige ehitusloa vajadust eelnevalt oma kohaliku ehitusloa ametnikuga.<\/p>\n<p>&nbsp;<\/p>\n<p><strong><br \/>\nTehnilised andmed:<\/strong><\/p>\n<p>P\u00f5randapindala (m\u00b2): 8,25<br \/>\nP\u00f5hjaplaan (mm x mm): 3300 x 2500<br \/>\nSeina paksus (mm): 44<br \/>\nHarja k\u00f5rgus (mm): 2450<br \/>\nKatuse pindala (m\u00b2): 10,7<br \/>\nKatuse m\u00f5\u00f5dud (mm x mm): 3700 x 2890<br \/>\nKatusekalle (kraadides): 3,00<br \/>\nHarja pikkus (mm): 3760<br \/>\nKatuse sektsiooni pikkus (mm): 2950<br \/>\nKatuseplaadid (mm): 16<br \/>\nP\u00f5randalauad (mm): 21<br \/>\nAknad:<br \/>\nKlaas: Isolatsiooniga turvaklaas CE 4\/6\/4mm, t\u00fc\u00fcp R8 (446\u00d71496) x 2<br \/>\nAvamisviis: fikseeritud<br \/>\nUks:<br \/>\nKlaas: Isolatsiooniga turvaklaas CE 4\/9\/4mm, t\u00fc\u00fcp D19 (1694\u00d71960)<br \/>\nKatusematerjal: ei kuulu komplekti<br \/>\nM\u00f5\u00f5dud: 3900 x 740 x 1150<br \/>\nKaal: 800 kg<br \/>\nTootekood (SKU): 0144 33 25 0<\/p>\n<p>&nbsp;<\/p>\n<p><strong>Lisavarustus:<\/strong><\/p>\n<p>30127 Hermeetiline katusekattepakett (+319,50 \u20ac)<br \/>\n30135 Eagle kattepakett (+108,00 \u20ac)<br \/>\n30110 Katuseisolatsiooni pakett (+657,00 \u20ac)<br \/>\n30100 P\u00f5randa isolatsiooni pakett (+409,50 \u20ac)<br \/>\n2 palgik\u00f5rgendust (+333,00 \u20ac)<\/p>\n<p>&nbsp;<\/p>\n<p>&nbsp;<\/p>\n<p><a href=\"https:\/\/factory.sale\/wp-content\/uploads\/2024\/11\/Lillevilla-Suovu_LV-427-manual-ID-5251.pdf\" target=\"_blank\" rel=\"noopener\">Kokku panemise juhised<\/a><\/p>\n<p><a href=\"https:\/\/factory.sale\/wp-content\/uploads\/2024\/11\/Lillevilla-Suovu_LV-427-perustus-foundation-ID-8154.pdf\" target=\"_blank\" rel=\"noopener\">Vundamendi juhised<\/a><\/p>\n<p><a href=\"https:\/\/factory.sale\/wp-content\/uploads\/2024\/11\/Lillevilla-Suovu_LV-427-pohja-julkisivut-ja-leikkaus-ID-6794.pdf\" target=\"_blank\" rel=\"noopener\">Ehitusloa taotlemise joonised<\/a><\/p>\n<p><a href=\"https:\/\/factory.sale\/wp-content\/uploads\/2024\/11\/Luoman_hirsirakennusten_pintakasittelyohje_Tikkurila_VALMIS_2023.pdf\" target=\"_blank\" rel=\"noopener\">Pinnat\u00f6\u00f6tluse juhised<\/a><\/p>\n<p><a href=\"https:\/\/factory.sale\/wp-content\/uploads\/2024\/11\/5.pdf\" target=\"_blank\" rel=\"noopener\">Isolatsioonipaketi juhised<\/a><\/p>\n","protected":false},"excerpt":{"rendered":"<p>Avasta Lillevilla Suovu k\u00fclalistemaja \u2013 mitmek\u00fclgne ja stiilne 8,25 m\u00b2 suurune aiamaja, millel on vastupidavad 44 mm seinad ning CE-sertifikaadiga isoleeritud klaasiga aknad ja uksed. Sobib ideaalselt stuudioks, suvek\u00f6\u00f6giks v\u00f5i k\u00fclalistemajaks. Lihtne kokku panna ja kohandatav erinevate katusematerjalidega. Telli oma maja juba t\u00e4na!<\/p>\n","protected":false},"featured_media":94987,"comment_status":"open","ping_status":"closed","template":"","meta":{"_acf_changed":false},"factory":[],"free-shipment":[],"product_brand":[],"product_cat":[924,4797,2356,4800,4540],"product_tag":[],"class_list":{"0":"post-94995","1":"product","2":"type-product","3":"status-publish","4":"has-post-thumbnail","6":"product_cat-aiatooted","7":"product_cat-aia-ja-ouetooted","8":"product_cat-aiarajatised","9":"product_cat-aiarajatised-et","10":"product_cat-laotooted","12":"first","13":"instock","14":"sale","15":"taxable","16":"shipping-taxable","17":"purchasable","18":"product-type-simple"},"acf":[],"_links":{"self":[{"href":"https:\/\/factory.sale\/et\/wp-json\/wp\/v2\/product\/94995","targetHints":{"allow":["GET"]}}],"collection":[{"href":"https:\/\/factory.sale\/et\/wp-json\/wp\/v2\/product"}],"about":[{"href":"https:\/\/factory.sale\/et\/wp-json\/wp\/v2\/types\/product"}],"replies":[{"embeddable":true,"href":"https:\/\/factory.sale\/et\/wp-json\/wp\/v2\/comments?post=94995"}],"wp:featuredmedia":[{"embeddable":true,"href":"https:\/\/factory.sale\/et\/wp-json\/wp\/v2\/media\/94987"}],"wp:attachment":[{"href":"https:\/\/factory.sale\/et\/wp-json\/wp\/v2\/media?parent=94995"}],"wp:term":[{"taxonomy":"factory","embeddable":true,"href":"https:\/\/factory.sale\/et\/wp-json\/wp\/v2\/factory?post=94995"},{"taxonomy":"free-shipment","embeddable":true,"href":"https:\/\/factory.sale\/et\/wp-json\/wp\/v2\/free-shipment?post=94995"},{"taxonomy":"product_brand","embeddable":true,"href":"https:\/\/factory.sale\/et\/wp-json\/wp\/v2\/product_brand?post=94995"},{"taxonomy":"product_cat","embeddable":true,"href":"https:\/\/factory.sale\/et\/wp-json\/wp\/v2\/product_cat?post=94995"},{"taxonomy":"product_tag","embeddable":true,"href":"https:\/\/factory.sale\/et\/wp-json\/wp\/v2\/product_tag?post=94995"}],"curies":[{"name":"wp","href":"https:\/\/api.w.org\/{rel}","templated":true}]}}