{"id":94894,"date":"2024-11-29T00:14:46","date_gmt":"2024-11-28T21:21:13","guid":{"rendered":"https:\/\/factory.sale\/?post_type=product&#038;p=94894"},"modified":"2026-03-29T14:52:05","modified_gmt":"2026-03-29T11:52:05","slug":"saun-wagon","status":"publish","type":"product","link":"https:\/\/factory.sale\/et\/toode\/saun-wagon\/","title":{"rendered":"Saun &#8220;Wagon&#8221;"},"content":{"rendered":"<p>Mitmek\u00fclgne mobiilne lahendus<\/p>\n<p>Mitmek\u00fclgne Saunavagun pole m\u00f5eldud ainult l\u00f5\u00f5gastumiseks; seda saab muuta ka kontoriks, aiamajaks v\u00f5i kohandada vastavalt teie vajadustele. Paindliku siselahenduse t\u00f5ttu saab seinu liigutada v\u00f5i eemaldada, ning ruumi on v\u00f5imalik viimistleda ka ilma saunakonstruktsioonideta, muutes selle mitmeotstarbeliseks lahenduseks erinevateks kasutusviisideks.<\/p>\n<p>T\u00e4nu ruumikale 10,9 m\u00b2 sisemusele, vastupidavale konstruktsioonile ja l\u00e4bim\u00f5eldud disainile on Saunvagun varustatud k\u00f5ige vajalikuga, et tagada t\u00e4ielik saunakogemus. Rattad ja reguleeritavad jalad v\u00f5imaldavad selle paigutada h\u00f5lpsalt teie aeda v\u00f5i \u00f5uealale.<\/p>\n<p>Tehnilised andmed<\/p>\n<p>M\u00f5\u00f5dud:<\/p>\n<ul>\n<li>V\u00e4lism\u00f5\u00f5dud: 480 cm x 240 cm x 240 cm (ratastega).<\/li>\n<li>K\u00f5rgus (koos ratastega): 240 cm.<\/li>\n<li>Sisemine pindala: 10,9 m\u00b2.<\/li>\n<\/ul>\n<p>Seinad:<\/p>\n<ul>\n<li>19 mm paksused v\u00e4lispaneelid koos 15 mm sisepaneelidega.<\/li>\n<li>kivivill-isolatsioon: 42 mm seintele, 50 mm katusele.<\/li>\n<\/ul>\n<p>P\u00f5randa- ja katusepaneelid:<\/p>\n<ul>\n<li>Valmistatud vastupidavatest 19 mm sulundlaudadest.<\/li>\n<\/ul>\n<p>Aknad ja uksed:<\/p>\n<ul>\n<li>Karastatud topeltklaasid (4-8-4 mm).<\/li>\n<li>Avatavad aknad nii saunaruumis kui ka puhkeruumis.<\/li>\n<li>Ukse m\u00f5\u00f5tmed: 120 cm x 185 cm.<\/li>\n<\/ul>\n<p>Pakendi m\u00f5\u00f5tmed:<\/p>\n<p>Kohaletoimetamine kolmes pakis:<\/p>\n<ul>\n<li>380 cm x 120 cm x 240 cm<\/li>\n<li>123 cm x 63 cm x 48cm<\/li>\n<li>240 cm x 50 cm x 70 cm (rataste komplekt).<\/li>\n<\/ul>\n<p>Peamised omadused<\/p>\n<ul>\n<li>Rustikaalne ja mobiilne disain: Vankrist inspireeritud saun, mis \u00fchendab maal\u00e4hedase v\u00f5lu ja kaasaegse praktilisuse \u2013 sobib suurep\u00e4raselt igasse \u00f5uealasse.<\/li>\n<li>Kvaliteetne isolatsioon: kivivill-isolatsioon tagab efektiivse soojapidavuse seintel ja katusel.<\/li>\n<li>Vastupidavad komponendid: Valmistatud t\u00f6\u00f6tlemata puidust, v\u00f5imaldades kohandamist ja pikaajalist kasutust.<\/li>\n<li>Funktsionaalne paigutus: Saunaruum ja puhkeruum muudavad selle praktiliseks ja mitmek\u00fclgseks lahenduseks.<\/li>\n<li>Luksuslikud haavapuust pingid: Mugavad ja kuumakindlad pingid, valmistatud kvaliteetsest haavapuust.<\/li>\n<li>Mobiilsus ja stabiilsus: Paigaldatud vastupidavatele ratastele koos reguleeritavate jalgadega stabiilseks paigutuseks.<\/li>\n<li>Kompaktne, kuid ruumikas: Pakub avarat sisemust, s\u00e4ilitades samal ajal kompaktse v\u00e4lisilme.<\/li>\n<\/ul>\n<p>Komplekt sisaldab<\/p>\n<ul>\n<li>Puidust konstruktsioon eelt\u00f6\u00f6deldud paneelidega.<\/li>\n<li>Kivivill-isolatsioon: 42 mm seintele, 50 mm katusele.<\/li>\n<li>Topeltklaasid (4-8-4 mm), sealhulgas avatavad aknad.<\/li>\n<li>Vastupidavad p\u00f5randa- ja katusepaneelid sulundiga.<\/li>\n<li>Haavapuust pingid, mis on m\u00f5eldud mugavuseks ja vastupidavuseks.<\/li>\n<li>Tuulekindel kangas ja fooliumpaber parema isolatsiooni jaoks.<\/li>\n<li>Reguleeritavad jalad ja rattad lihtsaks paigutamiseks.<\/li>\n<li>\u00dcksikasjalikud paigaldusjuhised ja k\u00f5ik vajalikud kinnitused.<\/li>\n<\/ul>\n<p>Saun Wagon sobib ideaalselt nii koduseks l\u00f5\u00f5gastumiseks kui ka \u00e4riliseks kasutamiseks, pakkudes ainulaadset saunakogemust. Selle mitmek\u00fclgsus ja ajatult stiilne disain muudavad selle suurep\u00e4raseks valikuks nii koduseks kasutamises, kui ka \u00fcrituste korraldajatele.<\/p>\n<p>V\u00f5imalik tellida ka ilma ratasteta &#8211; k\u00fcsi pakkumist!<\/p>\n<p>M\u00e4rkus: Miinimumtellimus on 4 \u00fchikut.<\/p>\n","protected":false},"excerpt":{"rendered":"<p>Saunavaguniga saate oma saunakogemuse viia k\u00f5ikjale \u2013 see on liikuv ja stiilne lahendus, mis sobib ideaalselt l\u00f5\u00f5gastumiseks. Kvaliteetsetest materjalidest valmistatud vagun, millel on isoleeritud seinad ja karastatud topeltklaasaknad, pakub mugavust ja vastupidavust igas \u00f5uekeskkonnas. Seda on lihtne kokku panna ja on sobilik nii era- kui ka \u00e4rikasutuseks.<\/p>\n","protected":false},"featured_media":94667,"comment_status":"open","ping_status":"closed","template":"","meta":{"_acf_changed":false},"factory":[],"free-shipment":[],"product_brand":[],"product_cat":[826,784],"product_tag":[811],"class_list":{"0":"post-94894","1":"product","2":"type-product","3":"status-publish","4":"has-post-thumbnail","6":"product_cat-saunas-et","7":"product_cat-sanitaartehnika","8":"product_tag-sauna-et","10":"first","11":"instock","12":"sale","13":"taxable","14":"shipping-taxable","15":"purchasable","16":"product-type-simple"},"acf":[],"_links":{"self":[{"href":"https:\/\/factory.sale\/et\/wp-json\/wp\/v2\/product\/94894","targetHints":{"allow":["GET"]}}],"collection":[{"href":"https:\/\/factory.sale\/et\/wp-json\/wp\/v2\/product"}],"about":[{"href":"https:\/\/factory.sale\/et\/wp-json\/wp\/v2\/types\/product"}],"replies":[{"embeddable":true,"href":"https:\/\/factory.sale\/et\/wp-json\/wp\/v2\/comments?post=94894"}],"wp:featuredmedia":[{"embeddable":true,"href":"https:\/\/factory.sale\/et\/wp-json\/wp\/v2\/media\/94667"}],"wp:attachment":[{"href":"https:\/\/factory.sale\/et\/wp-json\/wp\/v2\/media?parent=94894"}],"wp:term":[{"taxonomy":"factory","embeddable":true,"href":"https:\/\/factory.sale\/et\/wp-json\/wp\/v2\/factory?post=94894"},{"taxonomy":"free-shipment","embeddable":true,"href":"https:\/\/factory.sale\/et\/wp-json\/wp\/v2\/free-shipment?post=94894"},{"taxonomy":"product_brand","embeddable":true,"href":"https:\/\/factory.sale\/et\/wp-json\/wp\/v2\/product_brand?post=94894"},{"taxonomy":"product_cat","embeddable":true,"href":"https:\/\/factory.sale\/et\/wp-json\/wp\/v2\/product_cat?post=94894"},{"taxonomy":"product_tag","embeddable":true,"href":"https:\/\/factory.sale\/et\/wp-json\/wp\/v2\/product_tag?post=94894"}],"curies":[{"name":"wp","href":"https:\/\/api.w.org\/{rel}","templated":true}]}}