{"id":94865,"date":"2024-11-28T12:13:39","date_gmt":"2024-11-28T09:25:40","guid":{"rendered":"https:\/\/factory.sale\/?post_type=product&#038;p=94865"},"modified":"2024-11-28T18:37:03","modified_gmt":"2024-11-28T15:37:03","slug":"lillevilla-roine-9-m%c2%b2-44-mm","status":"publish","type":"product","link":"https:\/\/factory.sale\/et\/toode\/lillevilla-roine-9-m%c2%b2-44-mm\/","title":{"rendered":"Lillevilla Roine 9 m\u00b2 \/ 44 mm"},"content":{"rendered":"<p>Mitmek\u00fclgne v\u00e4ike aiamaja elamiseks v\u00f5i hoiustamiseks.<\/p>\n<p>Lillevilla Roine on avar ja tugev v\u00e4ikehoone, mis sobib ideaalselt suvek\u00fclaliste majutamiseks. Samuti on see suurep\u00e4rane lahendus hoiuruumiks. Selle mudeli p\u00f5randapindala on veidi \u00fcle 9 m\u00b2, m\u00f5lema k\u00fclje pikkuseks on 3 meetrit. Lillevilla Roine harjak\u00f5rgus on ligikaudu 252 cm. Nii aknal kui uksel on isoleeritud turvaklaas (CE 4\/6\/4mm).<\/p>\n<p>&nbsp;<\/p>\n<p><strong>Tarnesse kuulub<\/strong><\/p>\n<p>Tootepakett sisaldab palke, ust, akent, p\u00f5randa- ja katuseplaate, kinnitusvahendeid, naelu ja kruvisid. P\u00f5randaplaadid on 21 mm paksused. Palgid on 44 mm paksused ning varustatud topelt sulund\u00fchendusega, mis muudab konstruktsiooni eriti tugevaks.<\/p>\n<p>Katusematerjal ei kuulu tarnesse. Katusekive ei soovitata. Katusematerjal tuleb paigaldada kohe p\u00e4rast hoone kokkupanekut.<\/p>\n<p>Hoone osad on tehases eelnevalt t\u00f6\u00f6deldud. Kuid kuna kokkupanek on vajalik, peaksid teil olema tavap\u00e4rased t\u00f6\u00f6riistad, nagu m\u00f5\u00f5dulint, lood, haamer, saag, kruvikeeraja ja puur. Vaadake ehitaja kontrollnimekirja vajalike t\u00f6\u00f6riistade ja muude oluliste aspektide kohta lingi kaudu. Samuti oleme koondanud kokkupanekuvihjeid siia.<\/p>\n<p>&nbsp;<\/p>\n<p><strong>Pinnat\u00f6\u00f6tlus<\/strong><\/p>\n<p>Hoone pinnat\u00f6\u00f6tlus tuleb teha kohe p\u00e4rast paigaldamist, kui ilmastikutingimused seda v\u00f5imaldavad. Kasutage hingavaid pinnat\u00f6\u00f6tlusvahendeid, mis on m\u00f5eldud spetsiaalselt palkpindadele. Hingematut plastkilet moodustavat v\u00e4rvi kasutada ei tohi. Pinnat\u00f6\u00f6tlusn\u00f5uandeid leiate lingi kaudu sellelt lehelt.<\/p>\n<p>&nbsp;<\/p>\n<p><strong>Ehitusloa info<\/strong><\/p>\n<p>Kontrollige ehitusloa vajadust eelnevalt oma kohaliku omavalitsuse ehitusloa ametnikuga.<\/p>\n<p>&nbsp;<\/p>\n<p>&nbsp;<\/p>\n<p><strong>Tehnilised andmed:<\/strong><\/p>\n<p>P\u00f5randapind (m\u00b2): 9<br \/>\nAluse m\u00f5\u00f5dud (mm x mm): 3000 x 3000<br \/>\nSeina paksus (mm): 44<br \/>\nHarja k\u00f5rgus (mm): 2515<br \/>\nKatuse pind (m\u00b2): 13,67<br \/>\nKatuse m\u00f5\u00f5dud (mm x mm): 3450 x 3840<br \/>\nKatuse kalle (kraadi): 18<br \/>\nHarja pikkus (mm): 3800<br \/>\nKatuseosa pikkus (mm): 1796<br \/>\nKatuselauad (mm): 19<br \/>\nP\u00f5randalauad (mm): 21<br \/>\nAknad:<br \/>\nKlaas: isoleeritud turvaklaas CE 4\/6\/4mm, t\u00fc\u00fcp G (896 \u00d7 880)<br \/>\nAvanemissuund: v\u00e4ljapoole<br \/>\nUks:<br \/>\nKlaas: isoleeritud turvaklaas CE 4\/6\/4mm, t\u00fc\u00fcp D13 (1497 \u00d7 1900)<br \/>\nKatusematerjal: ei kuulu komplekti<br \/>\nM\u00f5\u00f5dud: 3800 x 730 x 1150<br \/>\nKaal: 910 kg<br \/>\nTootekood (SKU): 0144 30 30 16<\/p>\n<p>&nbsp;<\/p>\n<p>&nbsp;<\/p>\n<p><strong>Lisavarustus:<\/strong><\/p>\n<p>30119 Katusekattematerjali pakett (+ 328,50 \u20ac)<br \/>\n30127 Tiheda katte pakett (+ 319,50 \u20ac)<br \/>\n30135 Vihmaveerenni pakett (+ 108 \u20ac)<br \/>\n30100 P\u00f5randa isolatsioonipakett (+ 409,50 \u20ac)<br \/>\n30105 Katuse isolatsioonipakett (+ 684,00 \u20ac)<\/p>\n<p>&nbsp;<\/p>\n<p>&nbsp;<\/p>\n<p><a href=\"https:\/\/factory.sale\/wp-content\/uploads\/2024\/11\/Lillevilla-Roine_LV510-2-FI-SE-DE-DK-FR-EN-ID-9673-1.pdf\" target=\"_blank\" rel=\"noopener\">Paigaldusjuhised<\/a><\/p>\n<p><a href=\"https:\/\/factory.sale\/wp-content\/uploads\/2024\/11\/Lillevilla-Roine_LV510-2-perustus-foundation-ID-9709.pdf\" target=\"_blank\" rel=\"noopener\">Vundamendi juhised<\/a><\/p>\n<p><a href=\"https:\/\/factory.sale\/wp-content\/uploads\/2024\/11\/LV-510-2-Roine-julkisivut-leikkaus-pohja-ID-9717.pdf\" target=\"_blank\" rel=\"noopener\">Joonised ehitusloa taotlemiseks<\/a><\/p>\n<p><a href=\"https:\/\/factory.sale\/wp-content\/uploads\/2024\/11\/4-Luoman_hirsirakennusten_pintakasittelyohje_Tikkurila_VALMIS_web_fix.pdf\" target=\"_blank\" rel=\"noopener\">Pinnat\u00f6\u00f6tluse juhised<\/a><\/p>\n<p><a href=\"https:\/\/factory.sale\/wp-content\/uploads\/2024\/11\/5.pdf\" target=\"_blank\" rel=\"noopener\">Isolatsioonipaketi juhised<\/a><\/p>\n","protected":false},"excerpt":{"rendered":"<p>Avastage mitmek\u00fclgne aiamaja Lillevilla Roine, mis sobib ideaalselt k\u00fclaliste majutamiseks v\u00f5i hoiustamiseks. P\u00f5randapindalaga 9 m\u00b2, tugevate 44 mm seinte ning isoleeritud turvaklaasist akende ja uste abil \u00fchendab see kvaliteetne v\u00e4ikehoone funktsionaalsuse ja stiili. Lihtne kokku panna ja kohandatav katuse ning isolatsiooniv\u00f5imalustega. Tellige kohe!<\/p>\n<p>&nbsp;<\/p>\n","protected":false},"featured_media":94855,"comment_status":"open","ping_status":"closed","template":"","meta":{"_acf_changed":false},"factory":[],"free-shipment":[],"product_brand":[],"product_cat":[924,2356],"product_tag":[],"class_list":{"0":"post-94865","1":"product","2":"type-product","3":"status-publish","4":"has-post-thumbnail","6":"product_cat-aiatooted","7":"product_cat-aiarajatised","9":"first","10":"instock","11":"sale","12":"taxable","13":"shipping-taxable","14":"purchasable","15":"product-type-simple"},"acf":[],"_links":{"self":[{"href":"https:\/\/factory.sale\/et\/wp-json\/wp\/v2\/product\/94865","targetHints":{"allow":["GET"]}}],"collection":[{"href":"https:\/\/factory.sale\/et\/wp-json\/wp\/v2\/product"}],"about":[{"href":"https:\/\/factory.sale\/et\/wp-json\/wp\/v2\/types\/product"}],"replies":[{"embeddable":true,"href":"https:\/\/factory.sale\/et\/wp-json\/wp\/v2\/comments?post=94865"}],"wp:featuredmedia":[{"embeddable":true,"href":"https:\/\/factory.sale\/et\/wp-json\/wp\/v2\/media\/94855"}],"wp:attachment":[{"href":"https:\/\/factory.sale\/et\/wp-json\/wp\/v2\/media?parent=94865"}],"wp:term":[{"taxonomy":"factory","embeddable":true,"href":"https:\/\/factory.sale\/et\/wp-json\/wp\/v2\/factory?post=94865"},{"taxonomy":"free-shipment","embeddable":true,"href":"https:\/\/factory.sale\/et\/wp-json\/wp\/v2\/free-shipment?post=94865"},{"taxonomy":"product_brand","embeddable":true,"href":"https:\/\/factory.sale\/et\/wp-json\/wp\/v2\/product_brand?post=94865"},{"taxonomy":"product_cat","embeddable":true,"href":"https:\/\/factory.sale\/et\/wp-json\/wp\/v2\/product_cat?post=94865"},{"taxonomy":"product_tag","embeddable":true,"href":"https:\/\/factory.sale\/et\/wp-json\/wp\/v2\/product_tag?post=94865"}],"curies":[{"name":"wp","href":"https:\/\/api.w.org\/{rel}","templated":true}]}}