{"id":94836,"date":"2024-11-28T02:06:19","date_gmt":"2024-11-27T23:12:05","guid":{"rendered":"https:\/\/factory.sale\/?post_type=product&#038;p=94836"},"modified":"2024-11-28T09:26:35","modified_gmt":"2024-11-28T06:26:35","slug":"lillevilla-saun-tulilampi-103-m%c2%b2-44mm","status":"publish","type":"product","link":"https:\/\/factory.sale\/et\/toode\/lillevilla-saun-tulilampi-103-m%c2%b2-44mm\/","title":{"rendered":"Lillevilla Saun Tulilampi- 10,3 m\u00b2 \/ 44mm"},"content":{"rendered":"<p>Tellige endale parim saunaelamus siit! Lillevilla saun Tulilampi mudelil on eraldi riietusruum ja leiliruum. Selle mudeli p\u00f5randapindala on 10,3 ruutmeetrit, millele lisandub terrassipinda 2,34 ruutmeetrit. Saun on 2,6 meetrit lai ja 3,95 meetrit s\u00fcgav. Harja k\u00f5rgus on 3,02 meetrit ja seinapaksus 44 mm.<\/p>\n<p>&nbsp;<\/p>\n<p><strong>Tarnesse kuulub<\/strong><\/p>\n<p>Tootepakett sisaldab palke, ust, akent, p\u00f5randa- ja katuseplaate, kinnitusvahendeid, naelu ja kruvisid. Lisaks on tarnes kaasas keeratavad vardad nurkade kinnitamiseks. P\u00f5randaplaatide paksus on 21 mm.<\/p>\n<p>Katusematerjal ei kuulu tarnesse. Me ei soovita kasutada katusekive ega sindleid. Katusematerjal tuleb paigaldada kohe p\u00e4rast ehituse l\u00f5petamist.<\/p>\n<p>Lavapink ei kuulu tarnesse, kuid sauna jaoks saab juurde tellida lavapinkide komplekti.<\/p>\n<p>M\u00e4rkus: K\u00fcttekolle ja korsten ei kuulu komplekti.<\/p>\n<p>Saunamaja osad on tehases eelnevalt masint\u00f6\u00f6deldud. Kuna aga ehitamine on vajalik, peaksid olema k\u00e4ep\u00e4rast tavalised t\u00f6\u00f6riistad, n\u00e4iteks m\u00f5\u00f5dulint, lood, haamer, saag, kruvikeeraja ja puur. Oleme kokku pannud juhendid, kuidas meie tooteid \u00f5igesti paigaldada.<\/p>\n<p>&nbsp;<\/p>\n<p><strong>Pinnat\u00f6\u00f6tlus<\/strong><\/p>\n<p>Hoone pinnat\u00f6\u00f6tlus tuleb teha kohe p\u00e4rast paigaldamist, kui ilmastikutingimused seda v\u00f5imaldavad. Kasutage hingavaid pinnat\u00f6\u00f6tlusvahendeid, mis on m\u00f5eldud palkpindadele. Hingamatut plastkilet moodustavat v\u00e4rvi kasutada ei tohi.<\/p>\n<p>&nbsp;<\/p>\n<p>&nbsp;<\/p>\n<p><strong>Ehitusloa info<\/strong><\/p>\n<p>Kontrollige ehitusloa vajadust eelnevalt oma kohaliku omavalitsuse ehitusloa spetsialistiga. Luba taotlemiseks vajalikud joonised saab alla laadida siit lehelt v\u00f5i k\u00fcsida meie klienditeenindusest.<\/p>\n<p>&nbsp;<\/p>\n<p>&nbsp;<\/p>\n<p>&nbsp;<\/p>\n<p><strong>Tehnilised andmed:<\/strong><\/p>\n<p>P\u00f5randapindala (m\u00b2): 10,3<br \/>\nAluse m\u00f5\u00f5tmed (mm x mm): 2600 x 3950<br \/>\nSeina paksus (mm): 44<br \/>\nHarja k\u00f5rgus (mm): 3020<br \/>\nK\u00fclgseina k\u00f5rgus (mm): 2230<br \/>\nKatuse pindala (m\u00b2): 19,5<br \/>\nKatuse m\u00f5\u00f5tmed (mm x mm): 3230 x 5480<br \/>\nHarja pikkus (mm): 5450<br \/>\nKatusekalle (kraadid): 28.00<br \/>\nKatuseplaadid (mm): 16<br \/>\nP\u00f5randaplaadid (mm): 21, terrassiplaadid 20 mm<br \/>\nAknad: CE-ga isoleeritud turvaklaas 4\/6\/4mm, T\u00fc\u00fcp A (640\u00d7640) x 2<br \/>\nUksed: CE-ga isoleeritud turvaklaas 4\/6\/4mm, T\u00fc\u00fcp C10 (897\u00d71820), turvaklaas CE 4mm, T\u00fc\u00fcp O3 (648\u00d71772)<br \/>\nKatusematerjal: ei kuulu komplekti<br \/>\nTerrassi pindala (m\u00b2): 2,34<br \/>\nTerrassi s\u00fcgavus: 900 mm<br \/>\nTerrassi laius: 2600 mm<br \/>\nPakendi m\u00f5\u00f5tmed (mm) ja kaal: 5500 x 670 x 1150 \/ 1111 kg<br \/>\nTootekood (SKU): 0144 26 395 00<\/p>\n<p>&nbsp;<\/p>\n<p><strong>Lisaks saadaval:<\/strong><\/p>\n<p>30136 Vihmaveerennide komplekt (+135 \u20ac)<br \/>\n30038 P\u00f5randa isolatsioonipakett (+243 \u20ac)<br \/>\n30037 Katuse isolatsioonipakett (+684 \u20ac)<br \/>\n9870 Lavakomplekt \u2013 2535 mm (+441 \u20ac)<br \/>\n9878 P\u00f5randatrapp (+99 \u20ac)<\/p>\n<p>&nbsp;<\/p>\n<p><a href=\"https:\/\/factory.sale\/wp-content\/uploads\/2024\/11\/Sauna-7-3-44mm-FI-SE-DE-DK-FR-EN_manual-ID-9425.pdf\" target=\"_blank\" rel=\"noopener\">Paigaldusjuhised<\/a><\/p>\n<p><a href=\"https:\/\/factory.sale\/wp-content\/uploads\/2024\/11\/Sauna-7-3-perustus-foundation-ID-8152-1.pdf\" target=\"_blank\" rel=\"noopener\">Vundamendi juhised<\/a><\/p>\n<p><a href=\"https:\/\/factory.sale\/wp-content\/uploads\/2024\/11\/Sauna-7-3-Tulilampi-julkisivut-pohja-leikkaus-ID-10503.pdf\" target=\"_blank\" rel=\"noopener\">Joonised ehitusloa taotlemiseks<\/a><\/p>\n<p><a href=\"https:\/\/factory.sale\/wp-content\/uploads\/2024\/11\/5.pdf\" target=\"_blank\" rel=\"noopener\">Pinnat\u00f6\u00f6tluse juhised<\/a><\/p>\n<p>&nbsp;<\/p>\n","protected":false},"excerpt":{"rendered":"<p>Tellige endale parim saunaelamus siit! Lillevilla saun Tulilampi mudelil on eraldi riietusruum ja leiliruum. Selle mudeli p\u00f5randapindala on 10,3 ruutmeetrit, millele lisandub terrassipinda 2,34 ruutmeetrit. Saun on 2,6 meetrit lai ja 3,95 meetrit s\u00fcgav. Harja k\u00f5rgus on 3,02 meetrit ja seinapaksus 44 mm.<\/p>\n","protected":false},"featured_media":94828,"comment_status":"open","ping_status":"closed","template":"","meta":{"_acf_changed":false},"factory":[],"free-shipment":[],"product_brand":[],"product_cat":[4540,826,4778,2257],"product_tag":[],"class_list":{"0":"post-94836","1":"product","2":"type-product","3":"status-publish","4":"has-post-thumbnail","6":"product_cat-laotooted","7":"product_cat-saunas-et","8":"product_cat-saunad","9":"product_cat-valisaun","11":"first","12":"instock","13":"sale","14":"taxable","15":"shipping-taxable","16":"purchasable","17":"product-type-simple"},"acf":[],"_links":{"self":[{"href":"https:\/\/factory.sale\/et\/wp-json\/wp\/v2\/product\/94836","targetHints":{"allow":["GET"]}}],"collection":[{"href":"https:\/\/factory.sale\/et\/wp-json\/wp\/v2\/product"}],"about":[{"href":"https:\/\/factory.sale\/et\/wp-json\/wp\/v2\/types\/product"}],"replies":[{"embeddable":true,"href":"https:\/\/factory.sale\/et\/wp-json\/wp\/v2\/comments?post=94836"}],"wp:featuredmedia":[{"embeddable":true,"href":"https:\/\/factory.sale\/et\/wp-json\/wp\/v2\/media\/94828"}],"wp:attachment":[{"href":"https:\/\/factory.sale\/et\/wp-json\/wp\/v2\/media?parent=94836"}],"wp:term":[{"taxonomy":"factory","embeddable":true,"href":"https:\/\/factory.sale\/et\/wp-json\/wp\/v2\/factory?post=94836"},{"taxonomy":"free-shipment","embeddable":true,"href":"https:\/\/factory.sale\/et\/wp-json\/wp\/v2\/free-shipment?post=94836"},{"taxonomy":"product_brand","embeddable":true,"href":"https:\/\/factory.sale\/et\/wp-json\/wp\/v2\/product_brand?post=94836"},{"taxonomy":"product_cat","embeddable":true,"href":"https:\/\/factory.sale\/et\/wp-json\/wp\/v2\/product_cat?post=94836"},{"taxonomy":"product_tag","embeddable":true,"href":"https:\/\/factory.sale\/et\/wp-json\/wp\/v2\/product_tag?post=94836"}],"curies":[{"name":"wp","href":"https:\/\/api.w.org\/{rel}","templated":true}]}}