{"id":94785,"date":"2024-11-26T13:50:31","date_gmt":"2024-11-27T10:04:17","guid":{"rendered":"https:\/\/factory.sale\/?post_type=product&#038;p=94785"},"modified":"2024-11-27T16:06:08","modified_gmt":"2024-11-27T13:06:08","slug":"lillevilla-pihlaja-75-m%c2%b2-28-mm","status":"publish","type":"product","link":"https:\/\/factory.sale\/et\/toode\/lillevilla-pihlaja-75-m%c2%b2-28-mm\/","title":{"rendered":"Lillevilla Pihlaja 7,5 m\u00b2 \/ 28 mm"},"content":{"rendered":"<p><strong>Mugav ja taskukohane aiamajake<\/strong><\/p>\n<p>Kompaktne Lillevilla Pihlaja aiamajake sobib ideaalselt ka v\u00e4iksematesse aedadesse v\u00f5i suurema aiamaja k\u00f5rvale lisaks. P\u00f5randapinnaga 7,5 ruutmeetrit mahub sinna voodi v\u00f5i v\u00e4ike lauakomplekt. See toode on taskukohase hinnaga. Lillevilla Pihlaja aiamajakese ostes v\u00f5ite olla kindel, et saate oma raha eest suurep\u00e4rast v\u00e4\u00e4rtust.<\/p>\n<p>Selle mudeli p\u00f5randapind on 7,5 ruutmeetrit, laiusega kolm meetrit ja s\u00fcgavusega 2,5 meetrit. Harjak\u00f5rgus on umbes 250 cm ning k\u00fclgseinte k\u00f5rgus umbes 200 cm. Selle mudeli palkide paksus on 28 mm ning p\u00f5randalauad on 16 mm paksud. Toode tarnitakse viimistlemata kujul ja on valmis kokkupanekuks.<\/p>\n<p>&nbsp;<\/p>\n<p>&nbsp;<\/p>\n<p><strong>Komplekti sisu<\/strong><\/p>\n<p>Tootepakend sisaldab palke, ust, akent, p\u00f5randalaudu, katusematerjali laudu, samuti furnituuri, naelu ja kruve. Katusekattematerjal ei kuulu komplekti. Me ei soovita kasutada kivikatust. Katusematerjal tuleb paigaldada kohe p\u00e4rast ehitise p\u00fcstitamist.<\/p>\n<p>Majakese osad on tehases eelt\u00f6\u00f6deldud ja masinaga l\u00f5igatud. Kuna tegemist on siiski ehitusprojektiga, veenduge, et teil on olemas p\u00f5hivahendid, nagu m\u00f5\u00f5dulint, lood, haamer, saag, kruvikeeraja ja puur.<\/p>\n<p>&nbsp;<\/p>\n<p>&nbsp;<\/p>\n<p><strong>Pinnaviimistlus<\/strong><\/p>\n<p>Hoone pinnaviimistlus tuleb teha kohe p\u00e4rast kokkupanekut, kui ilmastiku- ja keskkonnatingimused seda v\u00f5imaldavad. Kasutage hingavaid pinnaviimistlustooteid, mis on spetsiaalselt palkpindade jaoks m\u00f5eldud. \u00c4rge kasutage v\u00e4rve, mis moodustavad mittehingava plastikkihi.<\/p>\n<p>&nbsp;<\/p>\n<p>&nbsp;<\/p>\n<p><strong>Ehitusload<\/strong><\/p>\n<p>Kontrollige eelnevalt oma kohalike ehitusloa ametiasutustega, kas ehitusluba on vajalik. Ehitusloa taotlemiseks vajalikud jooniseid saate siit lehelt alla laadida.<\/p>\n<p>&nbsp;<\/p>\n<p>&nbsp;<\/p>\n<p><strong>Tehniline teave:<\/strong><\/p>\n<p>P\u00f5randapind (m\u00b2): 7,5<br \/>\nP\u00f5randa m\u00f5\u00f5tmed (mm x mm): 3000 x 2500<br \/>\nSeina paksus (mm): 28<br \/>\nHarjak\u00f5rgus (mm): 2500<br \/>\nK\u00fclgseina k\u00f5rgus (mm): 1960<br \/>\nKatusepind (m\u00b2): 11,8<br \/>\nKatuse m\u00f5\u00f5tmed (mm x mm): 3550 x 3240<br \/>\nHarja pikkus (mm): 3200<br \/>\nKatusekalle (mm): 1846<br \/>\nKatusekalle (kraadi): 18<br \/>\nAken: T\u00fc\u00fcp B (962 \u00d7 757 mm)<br \/>\nUks: T\u00fc\u00fcp N (848 \u00d7 1772 mm)<br \/>\nKatusematerjal: Ei kuulu komplekti<br \/>\nPakendi m\u00f5\u00f5tmed (mm) ja kaal: 3250 x 620 x 1150 \/ 620 kg<br \/>\nTootekood (SKU): 0128 30 25 00<\/p>\n<p>&nbsp;<\/p>\n<p>&nbsp;<\/p>\n<p><strong>Lisad:<\/strong><\/p>\n<p>30119 Katusekatte pakett (+328,5 \u20ac)<br \/>\n30127 Lamekatte pakett (+319,5 \u20ac)<br \/>\n30135 R\u00e4\u00e4sta pakett (+108 \u20ac)<br \/>\n30100 P\u00f5randa isolatsioonipakett (+409,5 \u20ac)<br \/>\n30105 Katuse isolatsioonipakett (+684 \u20ac)<br \/>\n2 palgi k\u00f5rgust lisaks (+189 \u20ac)<\/p>\n<p>&nbsp;<\/p>\n<p>&nbsp;<\/p>\n<p>&nbsp;<\/p>\n<p><a href=\"https:\/\/factory.sale\/wp-content\/uploads\/2024\/11\/Lillevilla-Pihlaja_LV-28-0_manual-ID-4546.pdf\" target=\"_blank\" rel=\"noopener\">Kokkupaneku juhised<\/a><\/p>\n<p><a href=\"https:\/\/factory.sale\/wp-content\/uploads\/2024\/11\/2-Lillevilla-Pihlaja_-LV-28-0-perustus-foundation-ID-7197.pdf\" target=\"_blank\" rel=\"noopener\">Vundamendi juhised<\/a><\/p>\n<p><a href=\"https:\/\/factory.sale\/wp-content\/uploads\/2024\/11\/3-Lillevilla-Pihlaja_-LV-28-0-julkisivut-pohja-ja-leikkaus-ID-5670.pdf\" target=\"_blank\" rel=\"noopener\">Ehitusloa joonised<\/a><\/p>\n<p><a href=\"https:\/\/factory.sale\/wp-content\/uploads\/2024\/11\/4-Luoman_hirsirakennusten_pintakasittelyohje_Tikkurila_VALMIS_web_fix.pdf\" target=\"_blank\" rel=\"noopener\">Pinnaviimistluse juhised<\/a><\/p>\n<p><a href=\"https:\/\/factory.sale\/wp-content\/uploads\/2024\/11\/5.pdf\" target=\"_blank\" rel=\"noopener\">Isolatsioonipaketi juhised<\/a><\/p>\n<p>&nbsp;<\/p>\n","protected":false},"excerpt":{"rendered":"<p>Tutvuge Lillevilla Pihlaja suvemajakesega \u2013 kompaktne 7,5 m\u00b2 puidust majake, mis sobib suurep\u00e4raselt v\u00e4ikestesse hoovidesse v\u00f5i lisaruumiks. Vastupidavad 28 mm paksused palgid, kohandatavad katusekatte valikud ja lihtne kokkupanek teevad sellest taskukohase ja mitmek\u00fclgse lahenduse. Ideaalne panipaigaks, hubaseks puhkekohaks v\u00f5i aia kaunistuseks.<\/p>\n","protected":false},"featured_media":94777,"comment_status":"open","ping_status":"closed","template":"","meta":{"_acf_changed":false},"factory":[],"free-shipment":[],"product_brand":[],"product_cat":[924,2356],"product_tag":[],"class_list":{"0":"post-94785","1":"product","2":"type-product","3":"status-publish","4":"has-post-thumbnail","6":"product_cat-aiatooted","7":"product_cat-aiarajatised","9":"first","10":"instock","11":"sale","12":"taxable","13":"shipping-taxable","14":"purchasable","15":"product-type-simple"},"acf":[],"_links":{"self":[{"href":"https:\/\/factory.sale\/et\/wp-json\/wp\/v2\/product\/94785","targetHints":{"allow":["GET"]}}],"collection":[{"href":"https:\/\/factory.sale\/et\/wp-json\/wp\/v2\/product"}],"about":[{"href":"https:\/\/factory.sale\/et\/wp-json\/wp\/v2\/types\/product"}],"replies":[{"embeddable":true,"href":"https:\/\/factory.sale\/et\/wp-json\/wp\/v2\/comments?post=94785"}],"wp:featuredmedia":[{"embeddable":true,"href":"https:\/\/factory.sale\/et\/wp-json\/wp\/v2\/media\/94777"}],"wp:attachment":[{"href":"https:\/\/factory.sale\/et\/wp-json\/wp\/v2\/media?parent=94785"}],"wp:term":[{"taxonomy":"factory","embeddable":true,"href":"https:\/\/factory.sale\/et\/wp-json\/wp\/v2\/factory?post=94785"},{"taxonomy":"free-shipment","embeddable":true,"href":"https:\/\/factory.sale\/et\/wp-json\/wp\/v2\/free-shipment?post=94785"},{"taxonomy":"product_brand","embeddable":true,"href":"https:\/\/factory.sale\/et\/wp-json\/wp\/v2\/product_brand?post=94785"},{"taxonomy":"product_cat","embeddable":true,"href":"https:\/\/factory.sale\/et\/wp-json\/wp\/v2\/product_cat?post=94785"},{"taxonomy":"product_tag","embeddable":true,"href":"https:\/\/factory.sale\/et\/wp-json\/wp\/v2\/product_tag?post=94785"}],"curies":[{"name":"wp","href":"https:\/\/api.w.org\/{rel}","templated":true}]}}