{"id":94737,"date":"2024-11-25T12:28:57","date_gmt":"2024-11-25T09:45:25","guid":{"rendered":"https:\/\/factory.sale\/?post_type=product&#038;p=94737"},"modified":"2024-12-06T21:08:40","modified_gmt":"2024-12-06T18:08:40","slug":"lillevilla-kaarnikka-6-m%c2%b2-28-mm","status":"publish","type":"product","link":"https:\/\/factory.sale\/et\/toode\/lillevilla-kaarnikka-6-m%c2%b2-28-mm\/","title":{"rendered":"Lillevilla Kaarnikka 6 m\u00b2 \/ 28 mm"},"content":{"rendered":"<p><strong>Kvaliteetne v\u00e4ike kuur<\/strong><\/p>\n<p>Lillevilla Kaarnikka kuur on ideaalne lahendus v\u00e4iksematele aedadele v\u00f5i lisapanipaigana suurema kuuri k\u00f5rvale. Peaaegu kuue ruutmeetri suurune hoiuruum mahutab \u00fcllatavalt palju esemeid. Laiad topeltuksed muudavad esemete sissetoomise ja v\u00e4ljaviimise lihtsaks. See kuur sobib ka k\u00fcttepuude hoiustamiseks, kui tagatakse piisav ventilatsioon ja p\u00f5randa kandev\u00f5ime. Pea meeles, et saad tellida oma kuurile lisaklaase, v\u00f5ttes \u00fchendust meie klienditeenindusega.<\/p>\n<p>Selle mudeli p\u00f5randapindala on 5,7 ruutmeetrit, m\u00f5lemad k\u00fcljed on 2,4 meetrit pikad. Harjak\u00f5rgus on 2,4 meetrit ja k\u00fclgseina k\u00f5rgus peaaegu kaks meetrit. Selle mudeli seinapaksus on 28 mm.<\/p>\n<p>&nbsp;<\/p>\n<p><strong>Tarnesisu<\/strong><\/p>\n<p>Tootepakett sisaldab palke, topeltuksi, p\u00f5randa- ja katuselaudu, kinnitusi, naelu ja kruvisid. Katusematerjal ei kuulu komplekti. Katusekatteks saate tellida kas Katepal Classic KL sindelkatuset v\u00f5i Katepal TopTite 3 rullkatust (tiivissaumakatust) sellelt lehelt. Plaatkatust ei soovitata. Katusematerjal tuleb paigaldada kohe p\u00e4rast konstruktsiooni kokkupanekut, et tagada vastupidavus ja ilmastikukaitse.<\/p>\n<p>Kuurikomponendid on tehases eelnevalt l\u00f5igatud ja t\u00f6\u00f6deldud. Siiski on vajalik m\u00f5ningane kokkupanek. Veenduge, et teil on olemas p\u00f5hivahendid, nagu m\u00f5\u00f5dulint, lood, haamer, saag, kruvikeeraja ja trell.<\/p>\n<p>&nbsp;<\/p>\n<p>&nbsp;<\/p>\n<p><strong>Pinnat\u00f6\u00f6tlus<\/strong><br \/>\nHoone pinnat\u00f6\u00f6tlus tuleb l\u00e4bi viia kohe p\u00e4rast kokkupanekut, kui ilmastikutingimused seda v\u00f5imaldavad. Kasutage hingavaid pinnat\u00f6\u00f6tlustooteid, mis on m\u00f5eldud spetsiaalselt puitpindadele. \u00c4rge kasutage v\u00e4rve, mis moodustavad mittehingava plastkile, kuna need v\u00f5ivad niiskust kinni hoida ja puitu kahjustada.<\/p>\n<p>&nbsp;<\/p>\n<p><strong>Ehitusloa teave<\/strong><\/p>\n<p>Kontrollige eelnevalt kohaliku ehitusloa ametiasutusega, kas luba on vajalik.<\/p>\n<p>&nbsp;<\/p>\n<p>&nbsp;<\/p>\n<p>&nbsp;<\/p>\n<p><strong>Tehnilised andmed:<\/strong><\/p>\n<p>P\u00f5randa pindala (m\u00b2): 5,8<br \/>\nP\u00f5randa m\u00f5\u00f5dud (mm x mm): 2400 x 2400<br \/>\nSeina paksus (mm): 28<br \/>\nHarjak\u00f5rgus (mm): 2400<br \/>\nK\u00fclgseina k\u00f5rgus (mm): 1960<br \/>\nKatuse pindala (m\u00b2): 8,5<br \/>\nKatuse m\u00f5\u00f5dud (mm x mm): 2800 x 2990<br \/>\nHarja pikkus (mm): 2960<br \/>\nKatusekalde pikkus (mm): 1456<br \/>\nKatusekalle (kraadides): 18<br \/>\nKatuse laudise paksus (mm): 16<br \/>\nP\u00f5randa laudade paksus (mm): 19<br \/>\nUks: T\u00fc\u00fcp P (1496\u00d71750)<br \/>\nKatusematerjal: Ei sisaldu<br \/>\nPakendi m\u00f5\u00f5dud (mm): 3000 x 490 x 1150<br \/>\nKaal: 457 kg<br \/>\nTootekood (SKU): 0128 24 24 04<\/p>\n<p>&nbsp;<\/p>\n<p><strong>Katusematerjali valikud:<\/strong><\/p>\n<p>Sindelkatus: (+216 \u20ac)<br \/>\nTihendatud vuugikate: (+234 \u20ac)<\/p>\n<p>&nbsp;<\/p>\n<p><strong>Lisad:<\/strong><\/p>\n<p>R\u00e4\u00e4staplekkide pakett: (+108 \u20ac)<br \/>\nP\u00f5randa isolatsioonipakett: (+409,50 \u20ac)<br \/>\nKatuse isolatsioonipakett: (+684 \u20ac)<br \/>\nPalgi t\u00f5stmisepakett (2 lisapalgi kihti): (+180 \u20ac)<\/p>\n<p>&nbsp;<\/p>\n<p>&nbsp;<\/p>\n<p><a href=\"https:\/\/factory.sale\/wp-content\/uploads\/2024\/11\/Lillevilla_Kaarnikka_LV21_manual-ID-4676.pdf\" target=\"_blank\" rel=\"noopener\">Kokkupaneku juhend<\/a><\/p>\n<p><a href=\"https:\/\/factory.sale\/wp-content\/uploads\/2024\/11\/Lillevilla_Kaarnikka_LV-21-perustus-foundation-ID-7350.pdf\" target=\"_blank\" rel=\"noopener\">Fassaad<\/a><\/p>\n<p><a href=\"https:\/\/factory.sale\/wp-content\/uploads\/2024\/11\/Lillevilla_Kaarnikka_LV-21-julkisivut-pohjakuva-ja-leikkaus-ID-5480.pdf\" target=\"_blank\" rel=\"noopener\">Joonis ehitusloaks<\/a><\/p>\n<p><a href=\"https:\/\/factory.sale\/wp-content\/uploads\/2024\/11\/Luoman_hirsirakennusten_pintakasittelyohje_Tikkurila_VALMIS_web_fix.pdf\" target=\"_blank\" rel=\"noopener\">Pinnat\u00f6\u00f6tluse juhend<\/a><\/p>\n<p>&nbsp;<\/p>\n","protected":false},"excerpt":{"rendered":"<p><strong>Kompaktne puidust kuur \u2013 Lillevilla Kaarnikka 6 m\u00b2<\/strong><\/p>\n<p>Kas otsite vastupidavat ja kompaktset kuuri enda aeda? Lillevilla Kaarnikka 6 m\u00b2 on ideaalne lahendus teie v\u00e4liesemete korrastamiseks v\u00f5i k\u00fcttepuude hoiustamiseks. Peaaegu kuue ruutmeetri suurune ruum ja laiad topeltuksed muudavad hoiustamise ja ligip\u00e4\u00e4su lihtsaks.<\/p>\n<p>Valmistatud kvaliteetsetest 28 mm puitplankudest, see aiahoidla pakub suurep\u00e4rast ventilatsiooni, mist\u00f5ttu sobib see ideaalselt ka k\u00fcttepuude hoiustamiseks. Kohandage oma kuuri lisaklaaside v\u00f5i isolatsioonipakettidega vastavalt vajadustele.<\/p>\n<p>&nbsp;<\/p>\n","protected":false},"featured_media":94715,"comment_status":"open","ping_status":"closed","template":"","meta":{"_acf_changed":false},"factory":[],"free-shipment":[],"product_brand":[],"product_cat":[924,2356],"product_tag":[],"class_list":{"0":"post-94737","1":"product","2":"type-product","3":"status-publish","4":"has-post-thumbnail","6":"product_cat-aiatooted","7":"product_cat-aiarajatised","9":"first","10":"instock","11":"sale","12":"taxable","13":"shipping-taxable","14":"purchasable","15":"product-type-simple"},"acf":[],"_links":{"self":[{"href":"https:\/\/factory.sale\/et\/wp-json\/wp\/v2\/product\/94737","targetHints":{"allow":["GET"]}}],"collection":[{"href":"https:\/\/factory.sale\/et\/wp-json\/wp\/v2\/product"}],"about":[{"href":"https:\/\/factory.sale\/et\/wp-json\/wp\/v2\/types\/product"}],"replies":[{"embeddable":true,"href":"https:\/\/factory.sale\/et\/wp-json\/wp\/v2\/comments?post=94737"}],"wp:featuredmedia":[{"embeddable":true,"href":"https:\/\/factory.sale\/et\/wp-json\/wp\/v2\/media\/94715"}],"wp:attachment":[{"href":"https:\/\/factory.sale\/et\/wp-json\/wp\/v2\/media?parent=94737"}],"wp:term":[{"taxonomy":"factory","embeddable":true,"href":"https:\/\/factory.sale\/et\/wp-json\/wp\/v2\/factory?post=94737"},{"taxonomy":"free-shipment","embeddable":true,"href":"https:\/\/factory.sale\/et\/wp-json\/wp\/v2\/free-shipment?post=94737"},{"taxonomy":"product_brand","embeddable":true,"href":"https:\/\/factory.sale\/et\/wp-json\/wp\/v2\/product_brand?post=94737"},{"taxonomy":"product_cat","embeddable":true,"href":"https:\/\/factory.sale\/et\/wp-json\/wp\/v2\/product_cat?post=94737"},{"taxonomy":"product_tag","embeddable":true,"href":"https:\/\/factory.sale\/et\/wp-json\/wp\/v2\/product_tag?post=94737"}],"curies":[{"name":"wp","href":"https:\/\/api.w.org\/{rel}","templated":true}]}}