{"id":94694,"date":"2024-11-29T00:33:55","date_gmt":"2024-11-28T21:34:23","guid":{"rendered":"https:\/\/factory.sale\/?post_type=product&#038;p=94694"},"modified":"2026-03-29T14:49:22","modified_gmt":"2026-03-29T11:49:22","slug":"icon-385-deluxe-2-saun","status":"publish","type":"product","link":"https:\/\/factory.sale\/et\/toode\/icon-385-deluxe-2-saun\/","title":{"rendered":"ICON 385 Deluxe 2 saun termopuidust"},"content":{"rendered":"<p>Tutvustame Icon 385 Deluxe sauna \u2013 ruumikas ja elegantne saun iga\u00fchele<\/p>\n<p>Icon 385 Deluxe on muljetavaldav saun, mis \u00fchendab avaruse, elegantse disaini ja esmaklassilised materjalid. Valmistatud kvaliteetsest termot\u00f6\u00f6deldud puidust, tagab saun suurep\u00e4rase stabiilsuse, vastupidavuse ja ohutuse ka allergikutele. Saunapingid on valmistatud kvaliteetsest lepast v\u00f5i termot\u00f6\u00f6deldud haavast.<\/p>\n<p><strong>Tehnilised andmed:<\/strong><\/p>\n<ul>\n<li>Kogupikkus: 3850 mm<\/li>\n<li>L\u00e4bim\u00f5\u00f5t: 2310 mm<\/li>\n<li>Koguk\u00f5rgus: 2360 mm<\/li>\n<li>K\u00fclgseinad: 42mm<\/li>\n<li>Otsaseinad: 28mm<\/li>\n<li>Materjal: termopuit, m\u00e4nd<\/li>\n<li>Saunapingid: termopuit, haab<\/li>\n<li>Saunalava s\u00fcgavus: 600 mm<\/li>\n<li>2 x klaasuks: 1890 x 690 mm, karastatud klaas 8 mm (pronksi toon)<\/li>\n<li>Katusev\u00e4rvid: pruun, roheline, must, punane<\/li>\n<li>Kaks eraldi tuba ja terrass<\/li>\n<li>Mahutavus: 4-6 inimest<\/li>\n<\/ul>\n<p>DISAIN<br \/>\nKuubiku kujuline disain sobib suurep\u00e4raselt ka kaasaegsetesse aedadesse. See uus disain tagab parema saunaelamuse, pakkudes rohkem ruumi ja mugavust kui tavaline t\u00fcnnsaun. Ikka sama lihtsalt kokku pandav ja teisaldatav nagu t\u00fcnnsaun.<\/p>\n<p>RUUMIKAS JA NUTIKAS<br \/>\nIcon 385 Deluxe mahutab mugavalt kogu pere korraga, olles samas piisavalt kompaktne, et sobida enamikesse t\u00e4nap\u00e4eva aedadesse. Mudeli kokkupanek on lihtne ja j\u00f5ukohane igale perele, muutes sauna omamise lihtsaks ja nauditavaks.<\/p>\n<p>KOMPAKTNE JA LIHTNE<br \/>\nKuigi Icon 385 on suurem mudel, ei n\u00f5ua selle paigaldamine kalleid ettevalmistust\u00f6id. Kergesti kokku pandav ja kasutatav saun on praktiline valik ka v\u00e4iksematesse ruumidesse.<\/p>\n<p>MUGAVUS<br \/>\nKahe eraldi ruumiga disain pakub lisaks saunale ka riietus- ja puhkeruumi. See v\u00f5imaldab vahepeal saunast v\u00e4lja tulla ja l\u00e4hedastega vestelda. Lisaruum aitab v\u00e4hendada soojuskadu sauna ruumis ning mudel sobib nii elektriliste kui ka puuk\u00fcttega keristega vastavalt kliendi eelistustele.<\/p>\n<p>TERMOT\u00d6\u00d6DELDUD PUIDU OMADUSED JA TOOTMINE<br \/>\nTermot\u00f6\u00f6tluse k\u00e4igus kuumutatakse puitu temperatuuridel 180\u2013230 \u00b0C hapnikuvabas keskkonnas. Selle protsessi tulemusel v\u00e4heneb puidu veemahutavus, seened ja bakterid kaotavad toiduallika ning puit muutub erakordselt vastupidavaks.<\/p>\n<ul>\n<li>eriti pikk kasutusiga<\/li>\n<li>vastupidav m\u00e4danemisele<\/li>\n<li>v\u00e4hene paisumis- ja kokkut\u00f5mbumisoht<\/li>\n<li>v\u00e4hene l\u00f5henemine ja pragude tekkimine<\/li>\n<li>puit j\u00e4\u00e4b m\u00f5\u00f5tmetelt stabiilseks<\/li>\n<li>parandatud kandev\u00f5ime<\/li>\n<\/ul>\n<p><strong>Komplekt sisaldab:<\/strong><\/p>\n<ul>\n<li data-start=\"2269\" data-end=\"2283\">Alusraamid<\/li>\n<li data-start=\"2284\" data-end=\"2307\">K\u00fclg- ja otsaseinad<\/li>\n<li>2 x Klaasuks &#8211; 8mm karastatud klaas ( pronksi tooni)<\/li>\n<li data-start=\"2308\" data-end=\"2334\">Saunalavad ja jalatoed<\/li>\n<li data-start=\"2335\" data-end=\"2375\">Katusekattematerjal (bituumensindel)<\/li>\n<li data-start=\"2376\" data-end=\"2397\">Viimistlusliistud<\/li>\n<li data-start=\"2398\" data-end=\"2408\">P\u00f5rand<\/li>\n<li data-start=\"2409\" data-end=\"2454\">Terrass koos pinkide ja p\u00f5randaga<\/li>\n<li data-start=\"2455\" data-end=\"2476\">Kerisekaitsepiire<\/li>\n<li data-start=\"2477\" data-end=\"2517\">Roostevabast terasest pingutusvitsad<\/li>\n<li data-start=\"2518\" data-end=\"2567\">Montaa\u017eikomplekt (kruvid ja kinnitusvahendid)<\/li>\n<li data-start=\"2568\" data-end=\"2592\">Ventilatsioonirestid<\/li>\n<li data-start=\"2593\" data-end=\"2621\">Detailne paigaldusjuhend<\/li>\n<\/ul>\n<p>NB! Keris ei kuulu komplekti. <a href=\"https:\/\/factory.sale\/et\/toode\/elektriline-keris-harvia-cilindro-pc90\/\" target=\"_blank\" rel=\"noopener\">Sobiva elektrikerise leiate siit<\/a> ja <a href=\"https:\/\/factory.sale\/et\/toode\/harvia-m3-puukeris\/\" target=\"_blank\" rel=\"noopener\">puukerise siit<\/a>.<\/p>\n<p><strong>Valikulised lisad (lisatasu eest):<\/strong><\/p>\n<ul>\n<li>Poolpanoraam aken tagaseinas (saadaval pronksi v\u00f5i peegli viimistlusega)<\/li>\n<li>T\u00e4isklaasist tagasein (saadaval pronksi v\u00f5i peegli viimistlusega)<\/li>\n<li>Klaasist esisein (klaasuksega) (saadaval pronksi v\u00f5i peegli viimistlusega)<\/li>\n<li>LED-valgustusribad<\/li>\n<li>2 avatavat akent<\/li>\n<li>2 mitte avanevat akent<\/li>\n<li>Seljatoekomplekt (2tk)<\/li>\n<li>Kaelatoekomplekt (2 tk)<\/li>\n<li>Saunatarvikute komplekt (kibu, kulp\u00a0 ja termomeeter)<\/li>\n<li>Veepaak korstnale<\/li>\n<li>Korstnakomplekt + kerisekivid<\/li>\n<li>Puuk\u00fcttega keris <a href=\"https:\/\/factory.sale\/et\/toode\/harvia-m3-puukeris\/\" target=\"_blank\" rel=\"noopener\">Harvia M3<\/a><\/li>\n<li>Puuk\u00fcttega keris\u00a0<a href=\"https:\/\/factory.sale\/et\/toode\/puukuttega-keris-huum-hive-wood-13-kw\/\" target=\"_blank\" rel=\"noopener\">HUUM HIVE Wood 13 kW<\/a><\/li>\n<li>Puuk\u00fcttega keris <a href=\"https:\/\/factory.sale\/et\/toode\/huum-hive-flow-puukuttega-keris-98kw-2\/\" target=\"_blank\" rel=\"noopener\">HUUM HIVE Flow 9.8 kW<\/a><\/li>\n<li>Elektrikeris <a href=\"https:\/\/factory.sale\/et\/toode\/elektrikeris-huum-hive-12kw\/\" target=\"_blank\" rel=\"noopener\">HUUM HIVE 12 kW<\/a><\/li>\n<li>Elektrikeris <a href=\"https:\/\/factory.sale\/et\/toode\/elektriline-keris-harvia-cilindro-pc90\/\" target=\"_blank\" rel=\"noopener\">Harvia PC90<\/a><\/li>\n<li>Elektrikeris <a href=\"https:\/\/factory.sale\/et\/toode\/elektrikeris-huum-hive-mini-9kw\/\" target=\"_blank\" rel=\"noopener\">HUUM HIVE Mini 9 kW<\/a><\/li>\n<li>Elektrikeris <a href=\"https:\/\/factory.sale\/et\/toode\/elektrikeris-huum-drop-9-kw\/\" target=\"_blank\" rel=\"noopener\">HUUM DROP 9 kW<\/a><\/li>\n<\/ul>\n<p>Termot\u00f6\u00f6deldud puit omandab \u00fchtlase pruuni tooni, mis UV-kiirguse m\u00f5jul aja jooksul halliks muutub, nagu k\u00f5ik teisedki puiduliigid. Soovitame puitu siiski t\u00f6\u00f6delda puidukaitsevahendiga, et s\u00e4ilitada selle ilu ja vastupidavus.<\/p>\n","protected":false},"excerpt":{"rendered":"<p>Kui saun ei ole lihtsalt saun, vaid disainielement. See avar kuubiksaun pakub saunakogemust, mis \u00fchendab endas modernse disaini ja praktilisuse.<\/p>\n","protected":false},"featured_media":92181,"comment_status":"open","ping_status":"closed","template":"","meta":{"_acf_changed":false},"factory":[],"free-shipment":[],"product_brand":[],"product_cat":[826,784],"product_tag":[4444],"class_list":{"0":"post-94694","1":"product","2":"type-product","3":"status-publish","4":"has-post-thumbnail","6":"product_cat-saunas-et","7":"product_cat-sanitaartehnika","8":"product_tag-garden-sauna-et","10":"first","11":"instock","12":"sale","13":"taxable","14":"shipping-taxable","15":"purchasable","16":"product-type-simple"},"acf":[],"_links":{"self":[{"href":"https:\/\/factory.sale\/et\/wp-json\/wp\/v2\/product\/94694","targetHints":{"allow":["GET"]}}],"collection":[{"href":"https:\/\/factory.sale\/et\/wp-json\/wp\/v2\/product"}],"about":[{"href":"https:\/\/factory.sale\/et\/wp-json\/wp\/v2\/types\/product"}],"replies":[{"embeddable":true,"href":"https:\/\/factory.sale\/et\/wp-json\/wp\/v2\/comments?post=94694"}],"wp:featuredmedia":[{"embeddable":true,"href":"https:\/\/factory.sale\/et\/wp-json\/wp\/v2\/media\/92181"}],"wp:attachment":[{"href":"https:\/\/factory.sale\/et\/wp-json\/wp\/v2\/media?parent=94694"}],"wp:term":[{"taxonomy":"factory","embeddable":true,"href":"https:\/\/factory.sale\/et\/wp-json\/wp\/v2\/factory?post=94694"},{"taxonomy":"free-shipment","embeddable":true,"href":"https:\/\/factory.sale\/et\/wp-json\/wp\/v2\/free-shipment?post=94694"},{"taxonomy":"product_brand","embeddable":true,"href":"https:\/\/factory.sale\/et\/wp-json\/wp\/v2\/product_brand?post=94694"},{"taxonomy":"product_cat","embeddable":true,"href":"https:\/\/factory.sale\/et\/wp-json\/wp\/v2\/product_cat?post=94694"},{"taxonomy":"product_tag","embeddable":true,"href":"https:\/\/factory.sale\/et\/wp-json\/wp\/v2\/product_tag?post=94694"}],"curies":[{"name":"wp","href":"https:\/\/api.w.org\/{rel}","templated":true}]}}