{"id":94683,"date":"2024-11-29T00:36:26","date_gmt":"2024-11-28T21:36:59","guid":{"rendered":"https:\/\/factory.sale\/?post_type=product&#038;p=94683"},"modified":"2026-02-26T16:35:58","modified_gmt":"2026-02-26T13:35:58","slug":"icon-125-saun","status":"publish","type":"product","link":"https:\/\/factory.sale\/et\/toode\/icon-125-saun\/","title":{"rendered":"ICON 125 saun"},"content":{"rendered":"<p>Icon 125 \u00fchendab kaasaegse disaini ja funktsionaalsuse, olles ideaalne valik neile, kes soovivad esmaklassilist saunaelamust ka k\u00f5ige v\u00e4iksematesse aedadesse. Kuubikujuline ja stiilse v\u00e4limusega saun mahutab mugavalt kuni kolm inimest, pakkudes suurep\u00e4rast saunaelamust minimaalse ruumikasutusega.<\/p>\n<p>Miks valida Icon Sauna 125?<\/p>\n<p>Kompaktne, stiilne ja t\u00f5hus \u2013 ideaalne v\u00e4ikestesse aedadesse v\u00f5i kitsastesse ruumidesse.<br \/>\nKiiresti soojenev ja lihtsasti kokkupandav, t\u00e4nu komplektis sisalduvatele tarvikutele.<br \/>\nValmistatud kvaliteetsetest materjalidest, tagades vastupidavuse ja mugavuse, sobitudes iga aia esteetikaga.<\/p>\n<p>Olulisemad omadused:<\/p>\n<ul>\n<li>Kompaktne ja ruumis\u00e4\u00e4stlik disain<br \/>\nL\u00e4bim\u00f5\u00f5duga 2000mm ja koguk\u00f5rgusega 2100 mm sobib Icon 125 ideaalselt ka v\u00e4iksematesse aedadesse, ilma et oleks vaja kulukaid ettevalmistust\u00f6id. Vaatamata kompaktsele suurusele mahutab see mugavalt 3 inimest, mist\u00f5ttu sobib see suurep\u00e4raselt paaridele v\u00f5i v\u00e4ikestele peredele.<\/li>\n<li>Kvaliteetsed materjalid<br \/>\nSauna seinad on valmistatud termot\u00f6\u00f6deldud m\u00e4nnist 42 mm paksused k\u00fclg- ja 28 mm esi- ja tagasein , mis tagab suurep\u00e4rase soojustuse, stabiilsuse ja vastupidavuse.<\/li>\n<li>K\u00f5rgeima kvaliteediga termot\u00f6\u00f6deldud haavast saunalava<br \/>\nSaunapingid on valmistatud termot\u00f6\u00f6deldud haavast, mis on tuntud oma sileda tekstuuri, kuumakindluse ja mugavuse poolest. Komplektis on ka seljatoed.<\/li>\n<li>Stiilne klaasist esisein<br \/>\nSaunal on 8 mm karastatud pronksklaasist uks ja suured aknad, mille kaudu t\u00e4itub ruum naturaalse valgusega ning annab saunale moodsa\u00a0 v\u00e4limuse.<\/li>\n<li>T\u00f5hus k\u00fcttelahendus<br \/>\nIcon 125 sauna sobivad seinale paigaldatavad elektrikerised (ei kuulu komplekti). Ohutuse tagamiseks on lisatud ka minerit kuumakaitseplaat. T\u00fcnnisauna disain tagab kiire soojenemise, v\u00f5imaldades sauna kiiresti kasutada.<\/li>\n<li>Vastupidav katusematerjal bituumensindel<br \/>\nValikus on erinevad v\u00e4rvivalikud: must, punane, roheline, pruun.\u00a0 Bituumensindel kate tagab ilmastikukindla ja pikaajalise viimistluse, sobitudes igasse aeda.<\/li>\n<li>Komplektne paigalduskomplekt<br \/>\nKomplekti kuuluvad k\u00f5ik vajalikud kruvid, kinnitused ja detailne paigaldusjuhend, mis muudab paigaldamise lihtsaks ja arusaadavaks igale perele.<\/li>\n<\/ul>\n<p><strong>Komplekt sisaldab:<\/strong><\/p>\n<ul>\n<li>Saun termot\u00f6\u00f6deldud m\u00e4nnist, tarnitakse lahtiv\u00f5etuna. Kaubaaluse m\u00f5\u00f5dud: 200x120x90 cm \/ ~500 kg<\/li>\n<li>\u00dcksikasjalikud paigaldusjuhised<\/li>\n<li>Saunaalus<\/li>\n<li>Karniisiliistud<\/li>\n<li>P\u00f5rand<\/li>\n<li>Kinnitusvahendite komplekt (kruvid ja muud kinnitusvahendid)<\/li>\n<li>2x roostevabast terasest tugevdusvitsa<\/li>\n<li>8 mm paksune karastatud pronksitooniga klaasuks, m\u00f5\u00f5tmetega 1690 mm x 590 mm<\/li>\n<li>Ventilatsioon<\/li>\n<li>Puidust keriseraam<\/li>\n<li>Sauna pingid: Thermo haab, \u00fclemine pink 1930 mm pikk x 520 mm s\u00fcgav, alumine pink 1250 mm pikk x 210 mm s\u00fcgav<\/li>\n<li>Seljatugi, Thermo haab<\/li>\n<li>Bituumen-katusesindlid: must, roheline, punane, pruun<\/li>\n<\/ul>\n<p>NB! Komplekt ei sisalda kerist.<\/p>\n<p>&nbsp;<\/p>\n<p><strong>M\u00f5\u00f5dud:<\/strong><\/p>\n<ul>\n<li>V\u00e4limine diameeter: \u00d82000 mm<\/li>\n<li>Kogupikkus: 2050 mm<\/li>\n<li>Koguk\u00f5rgus: 2100 mm<\/li>\n<li>S\u00fcgavus: 1250 mm<\/li>\n<li>Uks: 1690 mm x 590 mm (8 mm karastatud pronksklaas)<\/li>\n<li>Sauna pingid: termot\u00f6\u00f6deldud haab, \u00fclemine aste 1930 mm pikk x 520 mm s\u00fcgav, alumine aste 1250 mm pikk x 210 mm s\u00fcgav<\/li>\n<li>Saunaruumi maht: \u2248 5 m\u00b3<\/li>\n<\/ul>\n<p>&nbsp;<\/p>\n<p><strong>Sauna elektrikerise soovitused:\u00a0<\/strong><\/p>\n<blockquote class=\"wp-embedded-content\" data-secret=\"WtTxq48bIg\">    <div class=\"col-xl-3 col-6\">\n        <div class=\"product-card h-100\">\n            <div class=\"ratio ratio-4x3 overflow-hidden\">\n                <a href=\"https:\/\/factory.sale\/et\/toode\/elektrikeris-huum-drop-9-kw\/\">\n                    <img loading=\"lazy\" decoding=\"async\" width=\"768\" height=\"768\" src=\"https:\/\/factory.sale\/wp-content\/uploads\/2025\/08\/HUUM-DROP-electric-sauna-heater-factory-sale-9kw-768x768.webp\" class=\"img-fluid object-fit-contain w-100 h-100\" alt=\"Elektrikeris HUUM DROP 9\" srcset=\"https:\/\/factory.sale\/wp-content\/uploads\/2025\/08\/HUUM-DROP-electric-sauna-heater-factory-sale-9kw-768x768.webp 768w, https:\/\/factory.sale\/wp-content\/uploads\/2025\/08\/HUUM-DROP-electric-sauna-heater-factory-sale-9kw-300x300.webp 300w, https:\/\/factory.sale\/wp-content\/uploads\/2025\/08\/HUUM-DROP-electric-sauna-heater-factory-sale-9kw-1024x1024.webp 1024w, https:\/\/factory.sale\/wp-content\/uploads\/2025\/08\/HUUM-DROP-electric-sauna-heater-factory-sale-9kw-150x150.webp 150w, https:\/\/factory.sale\/wp-content\/uploads\/2025\/08\/HUUM-DROP-electric-sauna-heater-factory-sale-9kw-1536x1536.webp 1536w, https:\/\/factory.sale\/wp-content\/uploads\/2025\/08\/HUUM-DROP-electric-sauna-heater-factory-sale-9kw-2048x2048.webp 2048w, https:\/\/factory.sale\/wp-content\/uploads\/2025\/08\/HUUM-DROP-electric-sauna-heater-factory-sale-9kw-600x600.webp 600w, https:\/\/factory.sale\/wp-content\/uploads\/2025\/08\/HUUM-DROP-electric-sauna-heater-factory-sale-9kw-100x100.webp 100w\" sizes=\"auto, (max-width: 768px) 100vw, 768px\" \/>                <\/a>\n            <\/div>\n\n            <div class=\"px-xl-3 px-2 py-3 text-xl-start\">\n                <a class=\"product-title-link\" href=\"https:\/\/factory.sale\/et\/toode\/elektrikeris-huum-drop-9-kw\/\">\n                    <p class=\"d-none d-xl-block\">Elektrikeris HUUM DROP 9<\/p>\n                    <p class=\"d-xl-none\">Elektrikeris HUUM DROP 9<\/p>\n                <\/a>\n\n                <div class=\"price\">\n                                            <span class=\"new-price\"><span class=\"woocommerce-Price-amount amount\"><bdi><span class=\"woocommerce-Price-currencySymbol\">&euro;<\/span>545,00<\/bdi><\/span><\/span>\n                        <span class=\"old-price\"><span class=\"woocommerce-Price-amount amount\"><bdi><span class=\"woocommerce-Price-currencySymbol\">&euro;<\/span>600,00<\/bdi><\/span><\/span>\n                                    <\/div>\n\n                <div class=\"d-xl-grid d-none gap-4 d-xl-flex justify-content-start mt-2\">\n                    <button class=\"btn btn-product ajax-add-to-quote w-100 mt-1rem\"\n                            data-product-id=\"11565\">\n                        Add to quote\n                    <\/button>\n                <\/div>\n            <\/div>\n\n                            <div class=\"sale\">Sale -9%<\/div>\n                    <\/div>\n    <\/div>\n    <\/blockquote>\n<p><iframe loading=\"lazy\" class=\"wp-embedded-content\" sandbox=\"allow-scripts\" security=\"restricted\" style=\"position: absolute; visibility: hidden;\" title=\"&#8220;Elektrikeris HUUM DROP 9&#8221; &#8212; Factory Sale\" src=\"https:\/\/factory.sale\/et\/toode\/elektrikeris-huum-drop-9-kw\/embed\/#?secret=2ftS4R16vq#?secret=WtTxq48bIg\" data-secret=\"WtTxq48bIg\" width=\"500\" height=\"282\" frameborder=\"0\" marginwidth=\"0\" marginheight=\"0\" scrolling=\"no\"><\/iframe><\/p>\n<blockquote class=\"wp-embedded-content\" data-secret=\"lP8vvK7fwg\">    <div class=\"col-xl-3 col-6\">\n        <div class=\"product-card h-100\">\n            <div class=\"ratio ratio-4x3 overflow-hidden\">\n                <a href=\"https:\/\/factory.sale\/et\/toode\/tylo-sense-commercial-8\/\">\n                    <img loading=\"lazy\" decoding=\"async\" width=\"750\" height=\"600\" src=\"https:\/\/factory.sale\/wp-content\/uploads\/2023\/11\/commercial-1.png\" class=\"img-fluid object-fit-contain w-100 h-100\" alt=\"Tyl\u00f6 Sense Commercial 8 must\" srcset=\"https:\/\/factory.sale\/wp-content\/uploads\/2023\/11\/commercial-1.png 750w, https:\/\/factory.sale\/wp-content\/uploads\/2023\/11\/commercial-1-300x240.png 300w, https:\/\/factory.sale\/wp-content\/uploads\/2023\/11\/commercial-1-150x120.png 150w, https:\/\/factory.sale\/wp-content\/uploads\/2023\/11\/commercial-1-600x480.png 600w\" sizes=\"auto, (max-width: 750px) 100vw, 750px\" \/>                <\/a>\n            <\/div>\n\n            <div class=\"px-xl-3 px-2 py-3 text-xl-start\">\n                <a class=\"product-title-link\" href=\"https:\/\/factory.sale\/et\/toode\/tylo-sense-commercial-8\/\">\n                    <p class=\"d-none d-xl-block\">Tyl\u00f6 Sense Commercial 8 must<\/p>\n                    <p class=\"d-xl-none\">Tyl\u00f6 Sense Commercial 8 must<\/p>\n                <\/a>\n\n                <div class=\"price\">\n                                            <span class=\"new-price\"><span class=\"woocommerce-Price-amount amount\"><bdi><span class=\"woocommerce-Price-currencySymbol\">&euro;<\/span>574,00<\/bdi><\/span><\/span>\n                        <span class=\"old-price\"><span class=\"woocommerce-Price-amount amount\"><bdi><span class=\"woocommerce-Price-currencySymbol\">&euro;<\/span>789,00<\/bdi><\/span><\/span>\n                                    <\/div>\n\n                <div class=\"d-xl-grid d-none gap-4 d-xl-flex justify-content-start mt-2\">\n                    <button class=\"btn btn-product ajax-add-to-quote w-100 mt-1rem\"\n                            data-product-id=\"50534\">\n                        Add to quote\n                    <\/button>\n                <\/div>\n            <\/div>\n\n                            <div class=\"sale\">Sale -27%<\/div>\n                    <\/div>\n    <\/div>\n    <\/blockquote>\n<p><iframe loading=\"lazy\" class=\"wp-embedded-content\" sandbox=\"allow-scripts\" security=\"restricted\" style=\"position: absolute; visibility: hidden;\" title=\"&#8220;Tyl\u00f6 Sense Commercial 8 must&#8221; &#8212; Factory Sale\" src=\"https:\/\/factory.sale\/et\/toode\/tylo-sense-commercial-8\/embed\/#?secret=8kvwfl5DbL#?secret=lP8vvK7fwg\" data-secret=\"lP8vvK7fwg\" width=\"500\" height=\"282\" frameborder=\"0\" marginwidth=\"0\" marginheight=\"0\" scrolling=\"no\"><\/iframe><\/p>\n<blockquote class=\"wp-embedded-content\" data-secret=\"GU9cKzfMtA\">    <div class=\"col-xl-3 col-6\">\n        <div class=\"product-card h-100\">\n            <div class=\"ratio ratio-4x3 overflow-hidden\">\n                <a href=\"https:\/\/factory.sale\/et\/toode\/harvia-steeltop-m80-80kw\/\">\n                    <img loading=\"lazy\" decoding=\"async\" width=\"750\" height=\"600\" src=\"https:\/\/factory.sale\/wp-content\/uploads\/2022\/10\/steeltop-harvia.png\" class=\"img-fluid object-fit-contain w-100 h-100\" alt=\"HARVIA Top Steel M80 &#8211; 8,0kW\" srcset=\"https:\/\/factory.sale\/wp-content\/uploads\/2022\/10\/steeltop-harvia.png 750w, https:\/\/factory.sale\/wp-content\/uploads\/2022\/10\/steeltop-harvia-150x120.png 150w, https:\/\/factory.sale\/wp-content\/uploads\/2022\/10\/steeltop-harvia-300x240.png 300w, https:\/\/factory.sale\/wp-content\/uploads\/2022\/10\/steeltop-harvia-600x480.png 600w\" sizes=\"auto, (max-width: 750px) 100vw, 750px\" \/>                <\/a>\n            <\/div>\n\n            <div class=\"px-xl-3 px-2 py-3 text-xl-start\">\n                <a class=\"product-title-link\" href=\"https:\/\/factory.sale\/et\/toode\/harvia-steeltop-m80-80kw\/\">\n                    <p class=\"d-none d-xl-block\">HARVIA Top Steel M80 &#8211; 8,0kW<\/p>\n                    <p class=\"d-xl-none\">HARVIA Top Steel M80 &#8211; 8,0kW<\/p>\n                <\/a>\n\n                <div class=\"price\">\n                                            <span class=\"new-price\"><span class=\"woocommerce-Price-amount amount\"><bdi><span class=\"woocommerce-Price-currencySymbol\">&euro;<\/span>263,00<\/bdi><\/span><\/span>\n                        <span class=\"old-price\"><span class=\"woocommerce-Price-amount amount\"><bdi><span class=\"woocommerce-Price-currencySymbol\">&euro;<\/span>345,00<\/bdi><\/span><\/span>\n                                    <\/div>\n\n                <div class=\"d-xl-grid d-none gap-4 d-xl-flex justify-content-start mt-2\">\n                    <button class=\"btn btn-product ajax-add-to-quote w-100 mt-1rem\"\n                            data-product-id=\"14298\">\n                        Add to quote\n                    <\/button>\n                <\/div>\n            <\/div>\n\n                            <div class=\"sale\">Sale -24%<\/div>\n                    <\/div>\n    <\/div>\n    <\/blockquote>\n<p><iframe loading=\"lazy\" class=\"wp-embedded-content\" sandbox=\"allow-scripts\" security=\"restricted\" style=\"position: absolute; visibility: hidden;\" title=\"&#8220;HARVIA Top Steel M80 &#8211; 8,0kW&#8221; &#8212; Factory Sale\" src=\"https:\/\/factory.sale\/et\/toode\/harvia-steeltop-m80-80kw\/embed\/#?secret=epRX58pjYr#?secret=GU9cKzfMtA\" data-secret=\"GU9cKzfMtA\" width=\"500\" height=\"282\" frameborder=\"0\" marginwidth=\"0\" marginheight=\"0\" scrolling=\"no\"><\/iframe><\/p>\n<p>&nbsp;<\/p>\n<p>&nbsp;<\/p>\n","protected":false},"excerpt":{"rendered":"<p>Tutvustame Icon 125 sauna \u2013 kompaktne luksus igasse aeda<\/p>\n<p>Icon Sauna 125 \u00fchendab kaasaegse disaini ja praktilisuse, pakkudes luksuslikku saunaelamust kompaktses vormis. Ideaalne v\u00e4ikestesse aedadesse &#8211; see kuubiku kujuline saun mahutab mugavalt kuni kolm inimest ning soojeneb kiiresti. Valmistatud kvaliteetsest p\u00f5hjamaade kuusest ning on varustatud elegantsete karastatud klaasist uste ja akendega, on Icon 125 stiilne ja ruumis\u00e4\u00e4stlik lahendus \u00f5ues l\u00f5\u00f5gastumiseks.<\/p>\n","protected":false},"featured_media":92054,"comment_status":"open","ping_status":"closed","template":"","meta":{"_acf_changed":false},"factory":[],"free-shipment":[],"product_brand":[],"product_cat":[826,1643,784],"product_tag":[4444,811],"class_list":{"0":"post-94683","1":"product","2":"type-product","3":"status-publish","4":"has-post-thumbnail","6":"product_cat-saunas-et","7":"product_cat-tunnisaun","8":"product_cat-sanitaartehnika","9":"product_tag-garden-sauna-et","10":"product_tag-sauna-et","12":"first","13":"instock","14":"sale","15":"taxable","16":"shipping-taxable","17":"purchasable","18":"product-type-simple"},"acf":[],"_links":{"self":[{"href":"https:\/\/factory.sale\/et\/wp-json\/wp\/v2\/product\/94683","targetHints":{"allow":["GET"]}}],"collection":[{"href":"https:\/\/factory.sale\/et\/wp-json\/wp\/v2\/product"}],"about":[{"href":"https:\/\/factory.sale\/et\/wp-json\/wp\/v2\/types\/product"}],"replies":[{"embeddable":true,"href":"https:\/\/factory.sale\/et\/wp-json\/wp\/v2\/comments?post=94683"}],"wp:featuredmedia":[{"embeddable":true,"href":"https:\/\/factory.sale\/et\/wp-json\/wp\/v2\/media\/92054"}],"wp:attachment":[{"href":"https:\/\/factory.sale\/et\/wp-json\/wp\/v2\/media?parent=94683"}],"wp:term":[{"taxonomy":"factory","embeddable":true,"href":"https:\/\/factory.sale\/et\/wp-json\/wp\/v2\/factory?post=94683"},{"taxonomy":"free-shipment","embeddable":true,"href":"https:\/\/factory.sale\/et\/wp-json\/wp\/v2\/free-shipment?post=94683"},{"taxonomy":"product_brand","embeddable":true,"href":"https:\/\/factory.sale\/et\/wp-json\/wp\/v2\/product_brand?post=94683"},{"taxonomy":"product_cat","embeddable":true,"href":"https:\/\/factory.sale\/et\/wp-json\/wp\/v2\/product_cat?post=94683"},{"taxonomy":"product_tag","embeddable":true,"href":"https:\/\/factory.sale\/et\/wp-json\/wp\/v2\/product_tag?post=94683"}],"curies":[{"name":"wp","href":"https:\/\/api.w.org\/{rel}","templated":true}]}}