{"id":94648,"date":"2024-11-24T14:53:59","date_gmt":"2024-11-24T12:00:47","guid":{"rendered":"https:\/\/factory.sale\/?post_type=product&#038;p=94648"},"modified":"2024-11-24T15:47:23","modified_gmt":"2024-11-24T12:47:23","slug":"mangumaja-lillevilla-peukaloinen-37-m%c2%b2-16-mm","status":"publish","type":"product","link":"https:\/\/factory.sale\/et\/toode\/mangumaja-lillevilla-peukaloinen-37-m%c2%b2-16-mm\/","title":{"rendered":"M\u00e4ngumaja Lillevilla Peukaloinen 3,7 m\u00b2 \/ 16 mm"},"content":{"rendered":"<p>Kaasaegne ja avar m\u00e4ngumaja teie pere v\u00e4iksematele!<\/p>\n<p>Lillevilla Peukaloinen m\u00e4ngumajal on modernne disain, mis sobib ideaalselt laste kujutlusv\u00f5ime arendamiseks ja m\u00e4ngudeks. Ainulaadseks muudab selle kioski stiilis aken koos v\u00e4ikese terrassiga, mis lisab m\u00e4ngudele uusi v\u00f5imalusi ja loovust. M\u00e4ngumaja seinapaneelide paksus on 16 mm ja p\u00f5randapindala 3,7 m\u00b2. Harjak\u00f5rgus on ligikaudu 198 cm, mist\u00f5ttu mahub ka t\u00e4iskasvanu mugavalt sisse, et koos lastega m\u00e4ngida.<\/p>\n<p>&nbsp;<\/p>\n<p><strong>Komplekti sisu<\/strong><\/p>\n<p>Tootepakett sisaldab seinapaneele, ust, aknaid, p\u00f5randa- ja katuselaudu, kinnitusi, naelu ning kruvisid. Katusematerjal ei kuulu komplekti. Katusekatteks saate tellida kas Katepal Classic KL sindelkatuset v\u00f5i Katepal TopTite 3 rullkatust. Plaatkatust ei soovitata. Katusematerjal tuleb paigaldada kohe p\u00e4rast hoone kokkupanekut, et tagada vastupidavus ja kaitse ilmastikutingimuste eest.<\/p>\n<p>Maja komponendid on tehases eelnevalt l\u00f5igatud ja t\u00f6\u00f6deldud t\u00e4psuse tagamiseks. Kuna tegemist on ehitusprojektiga, on vajalikud m\u00f5ned p\u00f5hitarvikud. Valmistage ette m\u00f5\u00f5dulint, lood, haamer, saag, kruvikeeraja ja trell. Sujuvaks kokkupanekuks tutvuge ehitaja kontrollnimekirjaga, mis on saadaval lingil. Samuti leiate veebist paigaldamisjuhised ja n\u00e4pun\u00e4ited.<\/p>\n<p>&nbsp;<\/p>\n<p><strong>Pinnat\u00f6\u00f6tlus<\/strong><\/p>\n<p>Hoone pinnat\u00f6\u00f6tlus on oluline samm, mis tuleb l\u00e4bi viia kohe p\u00e4rast kokkupanekut, kui ilmastikutingimused seda v\u00f5imaldavad. Kasutage hingavaid pinnat\u00f6\u00f6tlustooteid, mis on spetsiaalselt loodud puitpindade kaitsmiseks, s\u00e4ilitades materjali looduslikud omadused. \u00c4rge kasutage v\u00e4rve, mis moodustavad mittehingava plastkile, kuna need v\u00f5ivad niiskust kinni hoida ja puitu kahjustada.<\/p>\n<p>&nbsp;<\/p>\n<p><strong>Ehitusloa teave<\/strong><\/p>\n<p>Enne kokkupanekut kontrollige oma kohaliku ehitusloa ametniku k\u00e4est, kas luba on vajalik. See v\u00f5ib s\u00f5ltuda piirkondlikest regulatsioonidest sellist t\u00fc\u00fcpi ehitiste kohta.<\/p>\n<p>&nbsp;<\/p>\n<p>&nbsp;<\/p>\n<p><strong>Tehnilised andmed:<\/strong><\/p>\n<p>P\u00f5randa pindala (m\u00b2): 3,7<br \/>\nP\u00f5randa m\u00f5\u00f5dud (mm x mm): 2330 x 1600<br \/>\nSeina paksus (mm): 16<br \/>\nKatuse m\u00f5\u00f5dud (mm x mm): 2760 x 2640<br \/>\nKatusekalle (kraadides): 12<br \/>\nHarja pikkus (mm): 2730<br \/>\nKatuse kalde pikkus (mm): 2090\/840<br \/>\nKatuse laudade paksus (mm): 16<br \/>\nP\u00f5randa laudade paksus (mm): 16<br \/>\nUks: T\u00fc\u00fcp L4 (630\u00d71200)<br \/>\nKatusematerjal: Ei sisaldu<br \/>\nPakendi m\u00f5\u00f5dud (mm) ja kaal: 2350 x 460 x 1150 \/ 320 kg<br \/>\nTootekood (SKU): 0116 16 233 00<\/p>\n<p>&nbsp;<\/p>\n<p><strong>Katusematerjali valikud<\/strong><\/p>\n<p>R\u00e4\u00e4staplekkide pakett: (+108 \u20ac)<br \/>\nSindelkatus: (+216 \u20ac)<br \/>\nTiivissaumakatuse pakett: (+234 \u20ac)<\/p>\n<p>&nbsp;<\/p>\n<p>&nbsp;<\/p>\n<p>&nbsp;<\/p>\n<p><a href=\"https:\/\/factory.sale\/wp-content\/uploads\/2024\/11\/Lillevilla-Peukaloinen_Playhouse-50_manual-ID-9350.pdf\" target=\"_blank\" rel=\"noopener\">Paigaldus ja hooldus<\/a><\/p>\n<p><a href=\"https:\/\/factory.sale\/wp-content\/uploads\/2024\/11\/Lillevilla-Peukaloinen_Playhouse-50-julkisivut-pohja-leikkaus-ID-9369.pdf\" target=\"_blank\" rel=\"noopener\">Joonis PDF <\/a><\/p>\n","protected":false},"excerpt":{"rendered":"<p>Valides Lillevilla Peukaloinen m\u00e4ngumaja, investeerite kvaliteetsesse ja kaasahaaravasse ruumi lastele, mis on nii funktsionaalne kui ka esteetiliselt nauditav. \u00d5ige kokkupanek, pinnat\u00f6\u00f6tlus ja hooldus tagavad, et see pakub r\u00f5\u00f5mu kogu perele aastateks.<\/p>\n","protected":false},"featured_media":94629,"comment_status":"open","ping_status":"closed","template":"","meta":{"_acf_changed":false},"factory":[],"free-shipment":[],"product_brand":[],"product_cat":[924,4797,2356,4800,4540],"product_tag":[],"class_list":{"0":"post-94648","1":"product","2":"type-product","3":"status-publish","4":"has-post-thumbnail","6":"product_cat-aiatooted","7":"product_cat-aia-ja-ouetooted","8":"product_cat-aiarajatised","9":"product_cat-aiarajatised-et","10":"product_cat-laotooted","12":"first","13":"instock","14":"sale","15":"taxable","16":"shipping-taxable","17":"purchasable","18":"product-type-simple"},"acf":[],"_links":{"self":[{"href":"https:\/\/factory.sale\/et\/wp-json\/wp\/v2\/product\/94648","targetHints":{"allow":["GET"]}}],"collection":[{"href":"https:\/\/factory.sale\/et\/wp-json\/wp\/v2\/product"}],"about":[{"href":"https:\/\/factory.sale\/et\/wp-json\/wp\/v2\/types\/product"}],"replies":[{"embeddable":true,"href":"https:\/\/factory.sale\/et\/wp-json\/wp\/v2\/comments?post=94648"}],"wp:featuredmedia":[{"embeddable":true,"href":"https:\/\/factory.sale\/et\/wp-json\/wp\/v2\/media\/94629"}],"wp:attachment":[{"href":"https:\/\/factory.sale\/et\/wp-json\/wp\/v2\/media?parent=94648"}],"wp:term":[{"taxonomy":"factory","embeddable":true,"href":"https:\/\/factory.sale\/et\/wp-json\/wp\/v2\/factory?post=94648"},{"taxonomy":"free-shipment","embeddable":true,"href":"https:\/\/factory.sale\/et\/wp-json\/wp\/v2\/free-shipment?post=94648"},{"taxonomy":"product_brand","embeddable":true,"href":"https:\/\/factory.sale\/et\/wp-json\/wp\/v2\/product_brand?post=94648"},{"taxonomy":"product_cat","embeddable":true,"href":"https:\/\/factory.sale\/et\/wp-json\/wp\/v2\/product_cat?post=94648"},{"taxonomy":"product_tag","embeddable":true,"href":"https:\/\/factory.sale\/et\/wp-json\/wp\/v2\/product_tag?post=94648"}],"curies":[{"name":"wp","href":"https:\/\/api.w.org\/{rel}","templated":true}]}}