{"id":94618,"date":"2024-11-24T14:11:07","date_gmt":"2024-11-24T11:17:22","guid":{"rendered":"https:\/\/factory.sale\/?post_type=product&#038;p=94618"},"modified":"2024-11-24T15:17:00","modified_gmt":"2024-11-24T12:17:00","slug":"lillevilla-ratamo-2-m%c2%b2-40-mm","status":"publish","type":"product","link":"https:\/\/factory.sale\/et\/toode\/lillevilla-ratamo-2-m%c2%b2-40-mm\/","title":{"rendered":"Lillevilla Ratamo  2 m\u00b2 \/ 40 mm"},"content":{"rendered":"<p>Lillevilla Ratamo on valmistatud 40 mm heledatest palkidest. Selle aluspind on 140 x 140 cm, harjak\u00f5rgus 260 cm ja k\u00fclgseina k\u00f5rgus 223 cm. V\u00e4litualett on m\u00f5eldud kasutamiseks eraldi ostetava k\u00e4imlaanumaga, mida on saadaval erinevates mudelites. Lillevilla Ratamo sisaldab t\u00e4isp\u00f5randat ning sobib nii p\u00f5randa peal kui ka p\u00f5randasse paigaldatavate k\u00e4imlaanumate jaoks. K\u00e4imlaanuma jaoks vajaliku ava p\u00f5randasse tehakse paigaldamise k\u00e4igus.<\/p>\n<p>&nbsp;<\/p>\n<p><strong>Tarnesisu<\/strong><\/p>\n<p>Tootepakett sisaldab palke, ust, p\u00f5randalaudu, katuselaudu, kinnitusi, naelu ja kruvisid. Komplekti kuulub ka sindelkatus. Plaatkatust ei soovitata. Katusematerjal tuleb paigaldada kohe p\u00e4rast hoone kokkupanemist.<\/p>\n<p>Osad on tehases eelnevalt t\u00f6\u00f6deldud, kuid paigaldamine on siiski vajalik. Valmistage ette tavap\u00e4rased t\u00f6\u00f6riistad, nagu m\u00f5\u00f5dulint, lood, haamer, saag, kruvikeeraja ja trell.<\/p>\n<p>&nbsp;<\/p>\n<p><strong>Pinnat\u00f6\u00f6tlus<\/strong><\/p>\n<p>Hoone pinnat\u00f6\u00f6tlus tuleb l\u00e4bi viia kohe p\u00e4rast kokkupanekut, kui ilmastikuolud seda v\u00f5imaldavad. Kasutage hingavaid pinnat\u00f6\u00f6tlusvahendeid, mis on m\u00f5eldud puitpindadele. Mittehingavaid plastikkilede moodustavaid v\u00e4rve kasutada ei tohi. Pinnat\u00f6\u00f6tluse juhised leiate sellelt lehelt.<\/p>\n<p>&nbsp;<\/p>\n<p><strong>Ehitusluba<\/strong><\/p>\n<p>Kontrollige eelnevalt oma kohaliku ehitusloa ametnikuga, kas ehitusluba on vajalik.<\/p>\n<p>&nbsp;<\/p>\n<p>&nbsp;<\/p>\n<p><strong>Tehnilised andmed:<\/strong><\/p>\n<p>P\u00f5randa pindala (m\u00b2): 2<br \/>\nSeina paksus (mm): 40<br \/>\nHarjak\u00f5rgus (mm): 2610<br \/>\nK\u00fclgseina k\u00f5rgus (mm): 2230<br \/>\nKatuse pindala (m\u00b2): 3.8<br \/>\nKatuse m\u00f5\u00f5dud (mm x mm): 1840 x 1840<br \/>\nHarja pikkus (mm): 1800<br \/>\nKatusekallet toetav pikkus (mm): 1066<br \/>\nKatuse laudise paksus (mm): 16<br \/>\nP\u00f5randa laudade paksus (mm): 16<br \/>\nUks: T\u00fc\u00fcp N8 (848\u00d71772)<br \/>\nKatusematerjal: Sindelkatus<br \/>\nPakendi m\u00f5\u00f5dud (mm) ja kaal: 2150 x 660 x 1150 \/ 425 kg<br \/>\nEAN: 6418635049037<br \/>\nTootekood (SKU): 0140 14 14 00<\/p>\n<p>&nbsp;<\/p>\n<p>&nbsp;<\/p>\n<p><strong>R\u00e4\u00e4stapleki pakett<\/strong><\/p>\n<p>30135 R\u00e4\u00e4stapleki pakett (+ 108 \u20ac)<\/p>\n","protected":false},"excerpt":{"rendered":"<p>Lillevilla Ratamo on valmistatud 40 mm heledatest palkidest. Selle aluspind on 140 x 140 cm, harjak\u00f5rgus 260 cm ja k\u00fclgseina k\u00f5rgus 223 cm. V\u00e4litualett on m\u00f5eldud kasutamiseks eraldi ostetava k\u00e4imlaanumaga, mida on saadaval erinevates mudelites. Lillevilla Ratamo sisaldab t\u00e4isp\u00f5randat ning sobib nii p\u00f5randa peal kui ka p\u00f5randasse paigaldatavate k\u00e4imlaanumate jaoks. K\u00e4imlaanuma jaoks vajaliku ava p\u00f5randasse tehakse paigaldamise k\u00e4igus.<\/p>\n","protected":false},"featured_media":94610,"comment_status":"open","ping_status":"closed","template":"","meta":{"_acf_changed":false},"factory":[],"free-shipment":[],"product_brand":[],"product_cat":[4797,924,4800,2356,4540],"product_tag":[],"class_list":{"0":"post-94618","1":"product","2":"type-product","3":"status-publish","4":"has-post-thumbnail","6":"product_cat-aia-ja-ouetooted","7":"product_cat-aiatooted","8":"product_cat-aiarajatised-et","9":"product_cat-aiarajatised","10":"product_cat-laotooted","12":"first","13":"instock","14":"sale","15":"taxable","16":"shipping-taxable","17":"purchasable","18":"product-type-simple"},"acf":[],"_links":{"self":[{"href":"https:\/\/factory.sale\/et\/wp-json\/wp\/v2\/product\/94618","targetHints":{"allow":["GET"]}}],"collection":[{"href":"https:\/\/factory.sale\/et\/wp-json\/wp\/v2\/product"}],"about":[{"href":"https:\/\/factory.sale\/et\/wp-json\/wp\/v2\/types\/product"}],"replies":[{"embeddable":true,"href":"https:\/\/factory.sale\/et\/wp-json\/wp\/v2\/comments?post=94618"}],"wp:featuredmedia":[{"embeddable":true,"href":"https:\/\/factory.sale\/et\/wp-json\/wp\/v2\/media\/94610"}],"wp:attachment":[{"href":"https:\/\/factory.sale\/et\/wp-json\/wp\/v2\/media?parent=94618"}],"wp:term":[{"taxonomy":"factory","embeddable":true,"href":"https:\/\/factory.sale\/et\/wp-json\/wp\/v2\/factory?post=94618"},{"taxonomy":"free-shipment","embeddable":true,"href":"https:\/\/factory.sale\/et\/wp-json\/wp\/v2\/free-shipment?post=94618"},{"taxonomy":"product_brand","embeddable":true,"href":"https:\/\/factory.sale\/et\/wp-json\/wp\/v2\/product_brand?post=94618"},{"taxonomy":"product_cat","embeddable":true,"href":"https:\/\/factory.sale\/et\/wp-json\/wp\/v2\/product_cat?post=94618"},{"taxonomy":"product_tag","embeddable":true,"href":"https:\/\/factory.sale\/et\/wp-json\/wp\/v2\/product_tag?post=94618"}],"curies":[{"name":"wp","href":"https:\/\/api.w.org\/{rel}","templated":true}]}}