{"id":94599,"date":"2024-11-24T13:28:09","date_gmt":"2024-11-24T10:49:26","guid":{"rendered":"https:\/\/factory.sale\/?post_type=product&#038;p=94599"},"modified":"2024-12-06T21:04:59","modified_gmt":"2024-12-06T18:04:59","slug":"lillevilla-apila-2-m%c2%b2-28-mm","status":"publish","type":"product","link":"https:\/\/factory.sale\/et\/toode\/lillevilla-apila-2-m%c2%b2-28-mm\/","title":{"rendered":"Lillevilla Apila \u2013 2 m\u00b2 \/ 28 mm"},"content":{"rendered":"<p>Toilet 15 on valmistatud 28 mm heledast palgist. Selle aluspind on 140 x 140 cm. Harja k\u00f5rgus on 260 cm ja k\u00fclgseina k\u00f5rgus 223 cm. Toilet 15 on m\u00f5eldud kasutamiseks eraldi ostetava k\u00e4imlaanumaga, mida on saadaval erinevates mudelites. Konstruktsioon sisaldab t\u00e4isp\u00f5randat ning sobib nii p\u00f5randa peal kui ka p\u00f5randasse paigaldatavate k\u00e4imlaanumate jaoks. P\u00f5randasse vajalik ava tehakse paigaldamise k\u00e4igus.<\/p>\n<p>&nbsp;<\/p>\n<p><strong>Tarne\u00a0<\/strong><\/p>\n<p>Tootepakend sisaldab palke, ust, p\u00f5randa- ja katuselaudu, kinnitusi, naelu ning kruvisid. <em>Katusematerjal ei kuulu komplekti.<\/em> Katusematerjal tuleb paigaldada kohe p\u00e4rast hoone kokkupanemist.<\/p>\n<p>Kabiini komponendid on tehases eelnevalt t\u00f6\u00f6deldud. Siiski on vajalik montaa\u017e, mist\u00f5ttu valmistage ette tavap\u00e4rased t\u00f6\u00f6riistad, nagu m\u00f5\u00f5dulint, lood, haamer, saag, kruvikeeraja ja trell. \u00a0Samuti leiate meie toodete kokkupaneku kohta veebis kasulikke n\u00f5uandeid.<\/p>\n<p>&nbsp;<\/p>\n<p><strong>Pinnat\u00f6\u00f6tlus<\/strong><\/p>\n<p>Hoone pinnat\u00f6\u00f6tlus tuleb l\u00e4bi viia kohe p\u00e4rast kokkupanekut, ilmastikuolusid arvestades. Kasutage hingavaid pinnat\u00f6\u00f6tlusvahendeid, mis on m\u00f5eldud puitpindadele. Mittehingavate plastikkilede moodustavaid v\u00e4rve kasutada ei tohi.<\/p>\n<p>&nbsp;<\/p>\n<p><strong>Ehitusloa teave<\/strong><\/p>\n<p>Kontrollige eelnevalt oma kohaliku ehitusloa ametniku k\u00e4est, kas ehitusluba on vajalik.<\/p>\n<p>&nbsp;<\/p>\n<p>&nbsp;<\/p>\n<p><strong>Tehniline teave:<\/strong><\/p>\n<p>P\u00f5randa pindala (m\u00b2): 2<br \/>\nP\u00f5randa m\u00f5\u00f5dud (mm x mm): 1400 x 1400<br \/>\nHarjak\u00f5rgus (mm): 2600<br \/>\nK\u00fclgseina k\u00f5rgus (mm): 2230<br \/>\nSeina paksus (mm): 28<br \/>\nKatuse pindala (m\u00b2): 3.6<br \/>\nKatuse m\u00f5\u00f5dud (mm x mm): 2000 x 1830<br \/>\nKatusematerjal: Ei sisaldu<br \/>\nKatuse laudise paksus (mm): 16<br \/>\nP\u00f5randalauad (mm): 16<br \/>\nPakendi m\u00f5\u00f5dud (mm) ja kaal: 2050 x 490 x 1150 \/ 300 kg<\/p>\n<p>&nbsp;<\/p>\n<p>&nbsp;<\/p>\n<p><strong>Katusematerjalid<\/strong><\/p>\n<p>30125 Tiivissaumakatuse pakett: (+ 153,00 \u20ac)<br \/>\n30116 Sindelkatus pakett: (+ 180,00 \u20ac)<\/p>\n<p>&nbsp;<\/p>\n<p><strong>Vihmavees\u00fcsteemi pakett<\/strong><\/p>\n<p>30135 R\u00e4\u00e4staplekkide pakett: (+ 108,00 \u20ac)<\/p>\n","protected":false},"excerpt":{"rendered":"<p>Toilet 15 on valmistatud 28 mm heledast palgist. Selle aluspind on 140 x 140 cm. Harja k\u00f5rgus on 260 cm ja k\u00fclgseina k\u00f5rgus 223 cm. Toilet 15 on m\u00f5eldud kasutamiseks eraldi ostetava k\u00e4imlaanumaga, mida on saadaval erinevates mudelites. Konstruktsioon sisaldab t\u00e4isp\u00f5randat ning sobib nii p\u00f5randa peal kui ka p\u00f5randasse paigaldatavate k\u00e4imlaanumate jaoks. P\u00f5randasse vajalik ava tehakse paigaldamise k\u00e4igus.<\/p>\n","protected":false},"featured_media":94587,"comment_status":"open","ping_status":"closed","template":"","meta":{"_acf_changed":false},"factory":[],"free-shipment":[],"product_brand":[],"product_cat":[924,2356],"product_tag":[],"class_list":{"0":"post-94599","1":"product","2":"type-product","3":"status-publish","4":"has-post-thumbnail","6":"product_cat-aiatooted","7":"product_cat-aiarajatised","9":"first","10":"instock","11":"sale","12":"taxable","13":"shipping-taxable","14":"purchasable","15":"product-type-simple"},"acf":[],"_links":{"self":[{"href":"https:\/\/factory.sale\/et\/wp-json\/wp\/v2\/product\/94599","targetHints":{"allow":["GET"]}}],"collection":[{"href":"https:\/\/factory.sale\/et\/wp-json\/wp\/v2\/product"}],"about":[{"href":"https:\/\/factory.sale\/et\/wp-json\/wp\/v2\/types\/product"}],"replies":[{"embeddable":true,"href":"https:\/\/factory.sale\/et\/wp-json\/wp\/v2\/comments?post=94599"}],"wp:featuredmedia":[{"embeddable":true,"href":"https:\/\/factory.sale\/et\/wp-json\/wp\/v2\/media\/94587"}],"wp:attachment":[{"href":"https:\/\/factory.sale\/et\/wp-json\/wp\/v2\/media?parent=94599"}],"wp:term":[{"taxonomy":"factory","embeddable":true,"href":"https:\/\/factory.sale\/et\/wp-json\/wp\/v2\/factory?post=94599"},{"taxonomy":"free-shipment","embeddable":true,"href":"https:\/\/factory.sale\/et\/wp-json\/wp\/v2\/free-shipment?post=94599"},{"taxonomy":"product_brand","embeddable":true,"href":"https:\/\/factory.sale\/et\/wp-json\/wp\/v2\/product_brand?post=94599"},{"taxonomy":"product_cat","embeddable":true,"href":"https:\/\/factory.sale\/et\/wp-json\/wp\/v2\/product_cat?post=94599"},{"taxonomy":"product_tag","embeddable":true,"href":"https:\/\/factory.sale\/et\/wp-json\/wp\/v2\/product_tag?post=94599"}],"curies":[{"name":"wp","href":"https:\/\/api.w.org\/{rel}","templated":true}]}}