{"id":94422,"date":"2024-11-18T20:15:31","date_gmt":"2024-11-18T17:27:08","guid":{"rendered":"https:\/\/factory.sale\/?post_type=product&#038;p=94422"},"modified":"2024-11-18T22:15:41","modified_gmt":"2024-11-18T19:15:41","slug":"mic25-diu-tc-ultraheliandur-9-30dc-m30-metallkorpus-display-plastikust-30-350mm-pnp-0-10v-4-20ma-m12-pistik-ip67","status":"publish","type":"product","link":"https:\/\/factory.sale\/et\/toode\/mic25-diu-tc-ultraheliandur-9-30dc-m30-metallkorpus-display-plastikust-30-350mm-pnp-0-10v-4-20ma-m12-pistik-ip67\/","title":{"rendered":"MIC+25\/DIU\/TC ultraheliandur, 9-30DC, M30 metallkorpus, display plastikust, 30-350MM, PNP + 0-10V\/4-20MA, M12 pistik, IP67"},"content":{"rendered":"<p>Mic+ andur \u00fche analoogv\u00e4ljundi ja \u00fche l\u00fclitusv\u00e4ljundiga m\u00f5\u00f5dab kontakti vabalt objekti kaugust tuvastustsoonis. Luuakse kaugusele proportsionaalne signaal ja l\u00fclitusv\u00e4ljund seatakse vastavalt seadistatud tuvastuskaugusele.<\/p>\n<p>&nbsp;<\/p>\n<p>&nbsp;<\/p>\n<p><strong>Tehniline teave:<\/strong><\/p>\n<p>Mudel: mic+25\/DIU\/TC<br \/>\nPimeala: 30 mm<br \/>\nT\u00f6\u00f6vahemik: 250 mm<br \/>\nMaksimaalne vahemik: 350 mm<br \/>\nTootja: Microsonic<br \/>\nToiteallikas: 9-30V DC<br \/>\nSeeria: mic+<br \/>\nM\u00f5\u00f5tepiirkond: 30-350 mm<br \/>\nT\u00f6\u00f6temperatuur: -25\u02da&#8230;+70\u02daC<br \/>\nKaitseklass: IP67<br \/>\nKorpus: Metall\/plastik<br \/>\n\u00dchenduse t\u00fc\u00fcp: M12 pistik<br \/>\nV\u00e4ljund: PNP + 0-10V\/4-20mA<br \/>\nKuju: Silinder<br \/>\nL\u00e4bim\u00f5\u00f5t: 30 mm<\/p>\n<p>&nbsp;<\/p>\n<p>&nbsp;<\/p>\n<p><a href=\"https:\/\/factory.sale\/wp-content\/uploads\/2024\/11\/mic.DUI-TC-user-manual.pdf\" target=\"_blank\" rel=\"noopener\">Kasutusjuhend<\/a><\/p>\n<p><a href=\"https:\/\/factory.sale\/wp-content\/uploads\/2024\/11\/mic130_DIU_TC.pdf\" target=\"_blank\" rel=\"noopener\">MIC+130\/DIU\/TC<\/a><\/p>\n","protected":false},"excerpt":{"rendered":"<p>Mic+ andur \u00fche analoogv\u00e4ljundi ja \u00fche l\u00fclitusv\u00e4ljundiga m\u00f5\u00f5dab kontakti vabalt objekti kaugust tuvastustsoonis. Luuakse kaugusele proportsionaalne signaal ja l\u00fclitusv\u00e4ljund seatakse vastavalt seadistatud tuvastuskaugusele.<\/p>\n","protected":false},"featured_media":94405,"comment_status":"open","ping_status":"closed","template":"","meta":{"_acf_changed":false},"factory":[],"free-shipment":[],"product_brand":[],"product_cat":[2606,3170],"product_tag":[],"class_list":{"0":"post-94422","1":"product","2":"type-product","3":"status-publish","4":"has-post-thumbnail","6":"product_cat-toostusautomaatika","7":"product_cat-ultraheliandurid","9":"first","10":"instock","11":"sale","12":"taxable","13":"shipping-taxable","14":"purchasable","15":"product-type-simple"},"acf":[],"_links":{"self":[{"href":"https:\/\/factory.sale\/et\/wp-json\/wp\/v2\/product\/94422","targetHints":{"allow":["GET"]}}],"collection":[{"href":"https:\/\/factory.sale\/et\/wp-json\/wp\/v2\/product"}],"about":[{"href":"https:\/\/factory.sale\/et\/wp-json\/wp\/v2\/types\/product"}],"replies":[{"embeddable":true,"href":"https:\/\/factory.sale\/et\/wp-json\/wp\/v2\/comments?post=94422"}],"wp:featuredmedia":[{"embeddable":true,"href":"https:\/\/factory.sale\/et\/wp-json\/wp\/v2\/media\/94405"}],"wp:attachment":[{"href":"https:\/\/factory.sale\/et\/wp-json\/wp\/v2\/media?parent=94422"}],"wp:term":[{"taxonomy":"factory","embeddable":true,"href":"https:\/\/factory.sale\/et\/wp-json\/wp\/v2\/factory?post=94422"},{"taxonomy":"free-shipment","embeddable":true,"href":"https:\/\/factory.sale\/et\/wp-json\/wp\/v2\/free-shipment?post=94422"},{"taxonomy":"product_brand","embeddable":true,"href":"https:\/\/factory.sale\/et\/wp-json\/wp\/v2\/product_brand?post=94422"},{"taxonomy":"product_cat","embeddable":true,"href":"https:\/\/factory.sale\/et\/wp-json\/wp\/v2\/product_cat?post=94422"},{"taxonomy":"product_tag","embeddable":true,"href":"https:\/\/factory.sale\/et\/wp-json\/wp\/v2\/product_tag?post=94422"}],"curies":[{"name":"wp","href":"https:\/\/api.w.org\/{rel}","templated":true}]}}