{"id":94416,"date":"2024-11-18T20:01:07","date_gmt":"2024-11-18T17:02:40","guid":{"rendered":"https:\/\/factory.sale\/?post_type=product&#038;p=94416"},"modified":"2024-11-18T23:57:53","modified_gmt":"2024-11-18T20:57:53","slug":"mic130-diu-tc-ultraheliandur-9-30v-dc-m30-koos-ekraaniga-200-2000mm-pnp-0-10v-4-20ma-m12-pistik-ip67","status":"publish","type":"product","link":"https:\/\/factory.sale\/et\/toode\/mic130-diu-tc-ultraheliandur-9-30v-dc-m30-koos-ekraaniga-200-2000mm-pnp-0-10v-4-20ma-m12-pistik-ip67\/","title":{"rendered":"MIC+130\/DIU\/TC ultraheliandur, 9-30V DC, M30, koos ekraaniga, 200-2000MM, PNP + 0-10V\/4-20MA, M12 pistik, IP67"},"content":{"rendered":"<p>Mic+ andur \u00fche analoogv\u00e4ljundi ja \u00fche l\u00fclitusv\u00e4ljundiga m\u00f5\u00f5dab kontakti vabalt objekti kaugust tuvastustsoonis. Luuakse kaugusele proportsionaalne signaal ja l\u00fclitusv\u00e4ljund seatakse vastavalt seadistatud tuvastuskaugusele.<\/p>\n<p>&nbsp;<\/p>\n<p>&nbsp;<\/p>\n<p><strong>Tehniline teave:<\/strong><\/p>\n<p>Mudel: mic+130\/DIU\/TC<br \/>\nPimeala: 200 mm<br \/>\nT\u00f6\u00f6vahemik: 1300 mm<br \/>\nMaksimaalne vahemik: 2000 mm<br \/>\nTootja: Microsonic<br \/>\nToiteallikas: 9-30V DC<br \/>\nSeeria: mic+<br \/>\nM\u00f5\u00f5tepiirkond: 200-2000 mm<br \/>\nT\u00f6\u00f6temperatuur: -25\u02da&#8230;+70\u02daC<br \/>\nKaitseklass: IP67<br \/>\nKorpus: Metall\/plastik<br \/>\n\u00dchenduse t\u00fc\u00fcp: M12 pistik<br \/>\nV\u00e4ljund: PNP + 0-10V\/4-20mA<br \/>\nKuju: Silinder<br \/>\nL\u00e4bim\u00f5\u00f5t: 30 mm<\/p>\n<p>&nbsp;<\/p>\n<p>&nbsp;<\/p>\n<p><a href=\"https:\/\/factory.sale\/wp-content\/uploads\/2024\/11\/mic.DUI-TC-user-manual.pdf\" target=\"_blank\" rel=\"noopener\">Kasutusjuhend<\/a><\/p>\n<p><a href=\"https:\/\/factory.sale\/wp-content\/uploads\/2024\/11\/mic130_DIU_TC.pdf\" target=\"_blank\" rel=\"noopener\">MIC+130\/DIU\/TC<\/a><\/p>\n","protected":false},"excerpt":{"rendered":"<p>Mic+ andur \u00fche analoogv\u00e4ljundi ja \u00fche l\u00fclitusv\u00e4ljundiga m\u00f5\u00f5dab kontakti vabalt objekti kaugust tuvastustsoonis. Luuakse kaugusele proportsionaalne signaal ja l\u00fclitusv\u00e4ljund seatakse vastavalt seadistatud tuvastuskaugusele.<\/p>\n","protected":false},"featured_media":94405,"comment_status":"open","ping_status":"closed","template":"","meta":{"_acf_changed":false},"factory":[],"free-shipment":[],"product_brand":[],"product_cat":[2583,3169],"product_tag":[],"class_list":{"0":"post-94416","1":"product","2":"type-product","3":"status-publish","4":"has-post-thumbnail","6":"product_cat-industrial-automation","7":"product_cat-ultrasonic-sensors","9":"first","10":"instock","11":"sale","12":"taxable","13":"shipping-taxable","14":"purchasable","15":"product-type-simple"},"acf":[],"_links":{"self":[{"href":"https:\/\/factory.sale\/et\/wp-json\/wp\/v2\/product\/94416","targetHints":{"allow":["GET"]}}],"collection":[{"href":"https:\/\/factory.sale\/et\/wp-json\/wp\/v2\/product"}],"about":[{"href":"https:\/\/factory.sale\/et\/wp-json\/wp\/v2\/types\/product"}],"replies":[{"embeddable":true,"href":"https:\/\/factory.sale\/et\/wp-json\/wp\/v2\/comments?post=94416"}],"wp:featuredmedia":[{"embeddable":true,"href":"https:\/\/factory.sale\/et\/wp-json\/wp\/v2\/media\/94405"}],"wp:attachment":[{"href":"https:\/\/factory.sale\/et\/wp-json\/wp\/v2\/media?parent=94416"}],"wp:term":[{"taxonomy":"factory","embeddable":true,"href":"https:\/\/factory.sale\/et\/wp-json\/wp\/v2\/factory?post=94416"},{"taxonomy":"free-shipment","embeddable":true,"href":"https:\/\/factory.sale\/et\/wp-json\/wp\/v2\/free-shipment?post=94416"},{"taxonomy":"product_brand","embeddable":true,"href":"https:\/\/factory.sale\/et\/wp-json\/wp\/v2\/product_brand?post=94416"},{"taxonomy":"product_cat","embeddable":true,"href":"https:\/\/factory.sale\/et\/wp-json\/wp\/v2\/product_cat?post=94416"},{"taxonomy":"product_tag","embeddable":true,"href":"https:\/\/factory.sale\/et\/wp-json\/wp\/v2\/product_tag?post=94416"}],"curies":[{"name":"wp","href":"https:\/\/api.w.org\/{rel}","templated":true}]}}