{"id":94392,"date":"2024-11-18T19:37:20","date_gmt":"2024-11-18T16:45:28","guid":{"rendered":"https:\/\/factory.sale\/?post_type=product&#038;p=94392"},"modified":"2024-11-19T00:03:24","modified_gmt":"2024-11-18T21:03:24","slug":"ut1b-g2-0esy-ultraheliandur-10-30v-dc-m30-250-3500mm-4-20ma-m12-ip67","status":"publish","type":"product","link":"https:\/\/factory.sale\/et\/toode\/ut1b-g2-0esy-ultraheliandur-10-30v-dc-m30-250-3500mm-4-20ma-m12-ip67\/","title":{"rendered":"UT1B\/G2-0ESY ultraheliandur, 10-30V DC, M30, 250-3500MM, 4-20MA, M12, IP67"},"content":{"rendered":"<p>M30 ultraheliandur standardkorpusega ja suure esik\u00fcljega, mis tagab suure j\u00f5udluse ja pikad tuvastuskaugused<br \/>\nMudelid nii analoogi- kui ka digitaalse v\u00e4ljundiga, et lihtsustada koodide haldamist<br \/>\nReguleeritava h\u00fcstereesifunktsiooniga: topelt digitaalsete programmeeritavate v\u00e4ljunditega mudelid, mis sobivad spetsiaalselt taseme tuvastamiseks<br \/>\nMudelid pinge- v\u00f5i vooluv\u00e4ljundiga: programmeeritava kaldega, et optimeerida eraldusv\u00f5imet<br \/>\nReguleeritav t\u00f6\u00f6ala (akna re\u017eiim v\u00f5i objekti re\u017eiim) Teach-in nupu abil k\u00f5igil mudelitel, et tagada kiire ja lihtne paigaldamine<br \/>\nKaks multifunktsionaalset LED-indikaatorit: oran\u017e LED seadistusprotseduuri ja v\u00e4ljundi oleku jaoks ning roheline LED sihtm\u00e4rgi joondamiseks<br \/>\nTemperatuurikompensatsioon kogu t\u00f6\u00f6vahemikus<\/p>\n<p>&nbsp;<\/p>\n<p>&nbsp;<\/p>\n<p><strong>Tehniline teave:<\/strong><\/p>\n<p>Mudel: UT1B\/G2-0ESY<br \/>\nTootja: Datasensing<br \/>\nToiteallikas: 10-30V DC<br \/>\nSeeria: UT1\/UT2<br \/>\nM\u00f5\u00f5tepiirkond: 250-3500 mm<br \/>\nT\u00f6\u00f6temperatuur: -20\u02da&#8230;+70\u02daC<br \/>\nKaitseklass: IP67<br \/>\nKorpus: Plastik<br \/>\n\u00dchenduse t\u00fc\u00fcp: M12 pistik<br \/>\nV\u00e4ljund: 4-20mA<br \/>\nKuju: Silinder<br \/>\nL\u00e4bim\u00f5\u00f5t: 30 mm<\/p>\n<p>&nbsp;<\/p>\n<p>&nbsp;<\/p>\n<p>&nbsp;<\/p>\n<p><a href=\"https:\/\/factory.sale\/wp-content\/uploads\/2024\/11\/Ultraheliandurid-UT1-ja-UT2-seeria.pdf\" target=\"_blank\" rel=\"noopener\">PDF<\/a><\/p>\n","protected":false},"excerpt":{"rendered":"<p>M30 ultraheliandur standardkorpusega ja suure esik\u00fcljega, mis tagab suure j\u00f5udluse ja pikad tuvastuskaugused<br \/>\nMudelid nii analoogi- kui ka digitaalse v\u00e4ljundiga, et lihtsustada koodide haldamist<br \/>\nReguleeritava h\u00fcstereesifunktsiooniga: topelt digitaalsete programmeeritavate v\u00e4ljunditega mudelid, mis sobivad spetsiaalselt taseme tuvastamiseks<br \/>\nMudelid pinge- v\u00f5i vooluv\u00e4ljundiga: programmeeritava kaldega, et optimeerida eraldusv\u00f5imet<br \/>\nReguleeritav t\u00f6\u00f6ala (akna re\u017eiim v\u00f5i objekti re\u017eiim) Teach-in nupu abil k\u00f5igil mudelitel, et tagada kiire ja lihtne paigaldamine<br \/>\nKaks multifunktsionaalset LED-indikaatorit: oran\u017e LED seadistusprotseduuri ja v\u00e4ljundi oleku jaoks ning roheline LED sihtm\u00e4rgi joondamiseks<br \/>\nTemperatuurikompensatsioon kogu t\u00f6\u00f6vahemikus<\/p>\n","protected":false},"featured_media":94387,"comment_status":"open","ping_status":"closed","template":"","meta":{"_acf_changed":false},"factory":[],"free-shipment":[],"product_brand":[],"product_cat":[2606,3170],"product_tag":[],"class_list":{"0":"post-94392","1":"product","2":"type-product","3":"status-publish","4":"has-post-thumbnail","6":"product_cat-toostusautomaatika","7":"product_cat-ultraheliandurid","9":"first","10":"instock","11":"sale","12":"taxable","13":"shipping-taxable","14":"purchasable","15":"product-type-simple"},"acf":[],"_links":{"self":[{"href":"https:\/\/factory.sale\/et\/wp-json\/wp\/v2\/product\/94392","targetHints":{"allow":["GET"]}}],"collection":[{"href":"https:\/\/factory.sale\/et\/wp-json\/wp\/v2\/product"}],"about":[{"href":"https:\/\/factory.sale\/et\/wp-json\/wp\/v2\/types\/product"}],"replies":[{"embeddable":true,"href":"https:\/\/factory.sale\/et\/wp-json\/wp\/v2\/comments?post=94392"}],"wp:featuredmedia":[{"embeddable":true,"href":"https:\/\/factory.sale\/et\/wp-json\/wp\/v2\/media\/94387"}],"wp:attachment":[{"href":"https:\/\/factory.sale\/et\/wp-json\/wp\/v2\/media?parent=94392"}],"wp:term":[{"taxonomy":"factory","embeddable":true,"href":"https:\/\/factory.sale\/et\/wp-json\/wp\/v2\/factory?post=94392"},{"taxonomy":"free-shipment","embeddable":true,"href":"https:\/\/factory.sale\/et\/wp-json\/wp\/v2\/free-shipment?post=94392"},{"taxonomy":"product_brand","embeddable":true,"href":"https:\/\/factory.sale\/et\/wp-json\/wp\/v2\/product_brand?post=94392"},{"taxonomy":"product_cat","embeddable":true,"href":"https:\/\/factory.sale\/et\/wp-json\/wp\/v2\/product_cat?post=94392"},{"taxonomy":"product_tag","embeddable":true,"href":"https:\/\/factory.sale\/et\/wp-json\/wp\/v2\/product_tag?post=94392"}],"curies":[{"name":"wp","href":"https:\/\/api.w.org\/{rel}","templated":true}]}}