{"id":94375,"date":"2024-11-18T18:41:59","date_gmt":"2024-11-18T15:44:14","guid":{"rendered":"https:\/\/factory.sale\/?post_type=product&#038;p=94375"},"modified":"2024-11-19T00:03:27","modified_gmt":"2024-11-18T21:03:27","slug":"ulm-53n-10-g-i-g-l-100-ultraheliandur-18-36v-dc-04-10m-g2%c2%bc-4-20ma-m12-pistik-ip67","status":"publish","type":"product","link":"https:\/\/factory.sale\/et\/toode\/ulm-53n-10-g-i-g-l-100-ultraheliandur-18-36v-dc-04-10m-g2%c2%bc-4-20ma-m12-pistik-ip67\/","title":{"rendered":"ULM-53N-10-G-I-G-L-100 ultraheliandur, 18-36V DC, 0,4-10M, G2\u00bc&#8221;, 4-20MA, M12 pistik, IP67"},"content":{"rendered":"<p>Pidevaks vedelike (isegi saastunud), pudru ja pastataoliste materjalide taseme m\u00f5\u00f5tmiseks avatud v\u00f5i suletud mahutites, kaevudes, avatud kanalites, kanalisatsioonides jne.<br \/>\nTasemeanduri variandid kahe nupuga v\u00f5i magnetpliiatsiga seadistamiseks<br \/>\nXi versioon kasutamiseks plahvatusohtlikes piirkondades<br \/>\nOlekut\u00e4his kahe LED-iga<br \/>\nVooluv\u00e4ljund (4 &#8230; 20 mA), pingev\u00e4ljund (0 &#8230; 10 V) v\u00f5i RS-485 Modbus v\u00e4ljund<br \/>\nLai valik elektri\u00fchendusi pistikute, kaablikinnituste v\u00f5i kaitseseadmete kaudu<br \/>\nPeegeldunud ultraheli signaali vastuv\u00f5tt<\/p>\n<p>&nbsp;<\/p>\n<p>&nbsp;<\/p>\n<p><strong>Tehniline teave:<\/strong><\/p>\n<p>Mudel: ULM-53N-10-G-I-G-L-100<br \/>\nTootja: Dinel<br \/>\nToiteallikas: 18-36V DC<br \/>\nSeeria: ULM<br \/>\nM\u00f5\u00f5tepiirkond: 0,4-10 m<br \/>\nT\u00f6\u00f6temperatuur: -30\u02da&#8230;+70\u02daC<br \/>\nKaitseklass: IP67<br \/>\nKorpus: Plastik<br \/>\n\u00dchenduse t\u00fc\u00fcp: M12 pistik<br \/>\nV\u00e4ljund: 4-20mA<br \/>\nKeerme\/sisend: G2\u00bc\u201d<br \/>\nKuju: Silinder<\/p>\n<p>&nbsp;<\/p>\n<p>&nbsp;<\/p>\n<p><a href=\"https:\/\/factory.sale\/wp-content\/uploads\/2024\/11\/ulm-53_dat_en_n6_11_2018.pdf\" target=\"_blank\" rel=\"noopener\">PDF<\/a><\/p>\n","protected":false},"excerpt":{"rendered":"<p>Pidevaks vedelike (isegi saastunud), pudru ja pastataoliste materjalide taseme m\u00f5\u00f5tmiseks avatud v\u00f5i suletud mahutites, kaevudes, avatud kanalites, kanalisatsioonides jne.<br \/>\nTasemeanduri variandid kahe nupuga v\u00f5i magnetpliiatsiga seadistamiseks<br \/>\nXi versioon kasutamiseks plahvatusohtlikes piirkondades<br \/>\nOlekut\u00e4his kahe LED-iga<br \/>\nVooluv\u00e4ljund (4 &#8230; 20 mA), pingev\u00e4ljund (0 &#8230; 10 V) v\u00f5i RS-485 Modbus v\u00e4ljund<br \/>\nLai valik elektri\u00fchendusi pistikute, kaablikinnituste v\u00f5i kaitseseadmete kaudu<br \/>\nPeegeldunud ultraheli signaali vastuv\u00f5tt<\/p>\n","protected":false},"featured_media":94365,"comment_status":"open","ping_status":"closed","template":"","meta":{"_acf_changed":false},"factory":[],"free-shipment":[],"product_brand":[],"product_cat":[2606,3170],"product_tag":[],"class_list":{"0":"post-94375","1":"product","2":"type-product","3":"status-publish","4":"has-post-thumbnail","6":"product_cat-toostusautomaatika","7":"product_cat-ultraheliandurid","9":"first","10":"instock","11":"sale","12":"taxable","13":"shipping-taxable","14":"purchasable","15":"product-type-simple"},"acf":[],"_links":{"self":[{"href":"https:\/\/factory.sale\/et\/wp-json\/wp\/v2\/product\/94375","targetHints":{"allow":["GET"]}}],"collection":[{"href":"https:\/\/factory.sale\/et\/wp-json\/wp\/v2\/product"}],"about":[{"href":"https:\/\/factory.sale\/et\/wp-json\/wp\/v2\/types\/product"}],"replies":[{"embeddable":true,"href":"https:\/\/factory.sale\/et\/wp-json\/wp\/v2\/comments?post=94375"}],"wp:featuredmedia":[{"embeddable":true,"href":"https:\/\/factory.sale\/et\/wp-json\/wp\/v2\/media\/94365"}],"wp:attachment":[{"href":"https:\/\/factory.sale\/et\/wp-json\/wp\/v2\/media?parent=94375"}],"wp:term":[{"taxonomy":"factory","embeddable":true,"href":"https:\/\/factory.sale\/et\/wp-json\/wp\/v2\/factory?post=94375"},{"taxonomy":"free-shipment","embeddable":true,"href":"https:\/\/factory.sale\/et\/wp-json\/wp\/v2\/free-shipment?post=94375"},{"taxonomy":"product_brand","embeddable":true,"href":"https:\/\/factory.sale\/et\/wp-json\/wp\/v2\/product_brand?post=94375"},{"taxonomy":"product_cat","embeddable":true,"href":"https:\/\/factory.sale\/et\/wp-json\/wp\/v2\/product_cat?post=94375"},{"taxonomy":"product_tag","embeddable":true,"href":"https:\/\/factory.sale\/et\/wp-json\/wp\/v2\/product_tag?post=94375"}],"curies":[{"name":"wp","href":"https:\/\/api.w.org\/{rel}","templated":true}]}}