{"id":94308,"date":"2024-11-18T12:06:37","date_gmt":"2024-11-18T09:10:12","guid":{"rendered":"https:\/\/factory.sale\/?post_type=product&#038;p=94308"},"modified":"2024-11-19T02:31:33","modified_gmt":"2024-11-18T23:31:33","slug":"uk1a-gp-0esy-ultraheliandur-10-30v-dc-m18-50-400mm-pnp-no-nc-m12-pistik-ip67","status":"publish","type":"product","link":"https:\/\/factory.sale\/et\/toode\/uk1a-gp-0esy-ultraheliandur-10-30v-dc-m18-50-400mm-pnp-no-nc-m12-pistik-ip67\/","title":{"rendered":"UK1A\/GP-0ESY ultraheliandur, 10-30V DC, M18, 50-400MM, PNP, NO\/NC, M12 pistik, IP67"},"content":{"rendered":"<p>Mudel reguleeritava digitaalse v\u00e4ljundiga<br \/>\nMudel voolu- v\u00f5i pingega analoogv\u00e4ljunditega<br \/>\nT\u00f6\u00f6tamisala seadistamine (\u00fchepunktiline \u00f5petamine, standardaken, reguleeritav h\u00fcsterees) Teach-in nupu abil, sobib k\u00f5igile mudelitele kiireks t\u00f6\u00f6 alustamiseks<br \/>\nMultifunktsionaalne LED-indikaator: v\u00e4ljundi olek, kaja olemasolu, p\u00fcsivara tuvastus, Teach-blokeering<br \/>\nPlastikust v\u00f5i metallist (AISI 316L) korpus, M12 pistiku v\u00e4ljund ja PVC-kaabel<\/p>\n<p>&nbsp;<\/p>\n<p>&nbsp;<\/p>\n<p><strong>Tehniline teave:<\/strong><\/p>\n<p>Mudel: UK1A\/GP-0ESY<br \/>\nTootja: Datasensing<br \/>\nToiteallikas: 10-30V DC<br \/>\nSeeria: UK1<br \/>\nM\u00f5\u00f5tepiirkond: 50-400 mm<br \/>\nT\u00f6\u00f6temperatuur: -20\u02da&#8230;+70\u02daC<br \/>\nKaitseklass: IP67<br \/>\nKontakt: 1 NO + 1 NC<br \/>\nKorpus: Plastik<br \/>\n\u00dchenduse t\u00fc\u00fcp: M12 pistik<br \/>\nV\u00e4ljund: PNP<br \/>\nKuju: Silinder<br \/>\nL\u00e4bim\u00f5\u00f5t: 18 mm<\/p>\n<p>&nbsp;<\/p>\n<p>&nbsp;<\/p>\n<p><a href=\"https:\/\/factory.sale\/wp-content\/uploads\/2024\/11\/UK1-ultrasonic-sensors.pdf\" target=\"_blank\" rel=\"noopener\">PDF<\/a><\/p>\n<p><a href=\"https:\/\/factory.sale\/wp-content\/uploads\/2024\/11\/UK1A-GP-0ESY.pdf\" target=\"_blank\" rel=\"noopener\">UK1A\/GP-0ESY ultraheliandur<\/a><\/p>\n<p>&nbsp;<\/p>\n","protected":false},"excerpt":{"rendered":"<p>Mudel reguleeritava digitaalse v\u00e4ljundiga<br \/>\nMudel voolu- v\u00f5i pingega analoogv\u00e4ljunditega<br \/>\nT\u00f6\u00f6tamisala seadistamine (\u00fchepunktiline \u00f5petamine, standardaken, reguleeritav h\u00fcsterees) Teach-in nupu abil, sobib k\u00f5igile mudelitele kiireks t\u00f6\u00f6 alustamiseks<br \/>\nMultifunktsionaalne LED-indikaator: v\u00e4ljundi olek, kaja olemasolu, p\u00fcsivara tuvastus, Teach-blokeering<br \/>\nPlastikust v\u00f5i metallist (AISI 316L) korpus, M12 pistiku v\u00e4ljund ja PVC-kaabel<\/p>\n<p>&nbsp;<\/p>\n","protected":false},"featured_media":94303,"comment_status":"open","ping_status":"closed","template":"","meta":{"_acf_changed":false},"factory":[],"free-shipment":[],"product_brand":[],"product_cat":[2606,3170],"product_tag":[],"class_list":{"0":"post-94308","1":"product","2":"type-product","3":"status-publish","4":"has-post-thumbnail","6":"product_cat-toostusautomaatika","7":"product_cat-ultraheliandurid","9":"first","10":"instock","11":"sale","12":"taxable","13":"shipping-taxable","14":"purchasable","15":"product-type-simple"},"acf":[],"_links":{"self":[{"href":"https:\/\/factory.sale\/et\/wp-json\/wp\/v2\/product\/94308","targetHints":{"allow":["GET"]}}],"collection":[{"href":"https:\/\/factory.sale\/et\/wp-json\/wp\/v2\/product"}],"about":[{"href":"https:\/\/factory.sale\/et\/wp-json\/wp\/v2\/types\/product"}],"replies":[{"embeddable":true,"href":"https:\/\/factory.sale\/et\/wp-json\/wp\/v2\/comments?post=94308"}],"wp:featuredmedia":[{"embeddable":true,"href":"https:\/\/factory.sale\/et\/wp-json\/wp\/v2\/media\/94303"}],"wp:attachment":[{"href":"https:\/\/factory.sale\/et\/wp-json\/wp\/v2\/media?parent=94308"}],"wp:term":[{"taxonomy":"factory","embeddable":true,"href":"https:\/\/factory.sale\/et\/wp-json\/wp\/v2\/factory?post=94308"},{"taxonomy":"free-shipment","embeddable":true,"href":"https:\/\/factory.sale\/et\/wp-json\/wp\/v2\/free-shipment?post=94308"},{"taxonomy":"product_brand","embeddable":true,"href":"https:\/\/factory.sale\/et\/wp-json\/wp\/v2\/product_brand?post=94308"},{"taxonomy":"product_cat","embeddable":true,"href":"https:\/\/factory.sale\/et\/wp-json\/wp\/v2\/product_cat?post=94308"},{"taxonomy":"product_tag","embeddable":true,"href":"https:\/\/factory.sale\/et\/wp-json\/wp\/v2\/product_tag?post=94308"}],"curies":[{"name":"wp","href":"https:\/\/api.w.org\/{rel}","templated":true}]}}