{"id":94290,"date":"2024-11-19T00:26:22","date_gmt":"2024-11-18T08:36:13","guid":{"rendered":"https:\/\/factory.sale\/?post_type=product&#038;p=94290"},"modified":"2024-11-19T02:32:31","modified_gmt":"2024-11-18T23:32:31","slug":"uk6a-hp-0eul-ultraheliandur-10-30v-dc-m18-40-300mm-pnp-no-nc-m12-pistik-ip67","status":"publish","type":"product","link":"https:\/\/factory.sale\/et\/toode\/uk6a-hp-0eul-ultraheliandur-10-30v-dc-m18-40-300mm-pnp-no-nc-m12-pistik-ip67\/","title":{"rendered":"UK6A\/HP-0EUL ultraheliandur, 10-30V DC, M18, 40-300MM, PNP, NO\/NC, M12 pistik, IP67"},"content":{"rendered":"<p>Ultraheliandur aktiveeritakse k\u00f5rgepinge impulssidega ja hakkab kiirgama ultraheli signaali. Ultraheli signaal peegeldub sihtm\u00e4rgilt anduri suunas. Trigeriring m\u00f5\u00f5dab aega signaali kiirguse ja vastuv\u00f5tu vahel. Kuna ultrahelikiire kiirus \u00f5hus on teada, on v\u00f5imalik mitte ainult tuvastada sihtm\u00e4rgi olemasolu, vaid ka m\u00f5\u00f5ta anduri ja sihtm\u00e4rgi vahelist kaugust.<\/p>\n<p>Difuusmudelites toimib ultraheliandur esmalt kiirgurina ja seej\u00e4rel vastuv\u00f5tjana. Kui see on \u201ckiirgusre\u017eiimis\u201d, siis signaali ei saa tuvastada. See t\u00e4hendab, et anduri ees on pimeala, kus objektide tuvastamine pole v\u00f5imalik v\u00f5i pole usaldusv\u00e4\u00e4rne. Pimeala suurus s\u00f5ltub kasutatavast ultrahelianduri t\u00fc\u00fcbist.<\/p>\n<p>&nbsp;<\/p>\n<p>&nbsp;<\/p>\n<p><strong>Tehniline teave:<\/strong><\/p>\n<p>Mudel: UK6A\/HP-0EUL<br \/>\nTootja: Datasensing<br \/>\nToiteallikas: 10-30V DC<br \/>\nSeeria: UK6<br \/>\nM\u00f5\u00f5tepiirkond: 40-300 mm<br \/>\nT\u00f6\u00f6temperatuur: -20\u02da&#8230;+70\u02daC<br \/>\nKaitseklass: IP67<br \/>\nKontakt: 1 NO + 1 NC<br \/>\nKorpus: Plastik<br \/>\n\u00dchenduse t\u00fc\u00fcp: M12 pistik<br \/>\nV\u00e4ljund: PNP<br \/>\nKuju: Silinder<br \/>\nL\u00e4bim\u00f5\u00f5t: 18 mm<\/p>\n<p>&nbsp;<\/p>\n<p>&nbsp;<\/p>\n<p><a href=\"https:\/\/factory.sale\/wp-content\/uploads\/2024\/11\/UK.pdf\" target=\"_blank\" rel=\"noopener\">PDF<\/a><\/p>\n<p><a href=\"https:\/\/factory.sale\/wp-content\/uploads\/2024\/11\/UK6A-HP-0EUL.pdf\" target=\"_blank\" rel=\"noopener\">UK6A\/HP-0EUL ultraheliandur<\/a><\/p>\n","protected":false},"excerpt":{"rendered":"<p>Ultraheliandur aktiveeritakse k\u00f5rgepinge impulssidega ja hakkab kiirgama ultraheli signaali. Ultraheli signaal peegeldub sihtm\u00e4rgilt anduri suunas. Trigeriring m\u00f5\u00f5dab aega signaali kiirguse ja vastuv\u00f5tu vahel. Kuna ultrahelikiire kiirus \u00f5hus on teada, on v\u00f5imalik mitte ainult tuvastada sihtm\u00e4rgi olemasolu, vaid ka m\u00f5\u00f5ta anduri ja sihtm\u00e4rgi vahelist kaugust.<\/p>\n","protected":false},"featured_media":94460,"comment_status":"open","ping_status":"closed","template":"","meta":{"_acf_changed":false},"factory":[],"free-shipment":[],"product_brand":[],"product_cat":[2606,3170],"product_tag":[],"class_list":{"0":"post-94290","1":"product","2":"type-product","3":"status-publish","4":"has-post-thumbnail","6":"product_cat-toostusautomaatika","7":"product_cat-ultraheliandurid","9":"first","10":"instock","11":"sale","12":"taxable","13":"shipping-taxable","14":"purchasable","15":"product-type-simple"},"acf":[],"_links":{"self":[{"href":"https:\/\/factory.sale\/et\/wp-json\/wp\/v2\/product\/94290","targetHints":{"allow":["GET"]}}],"collection":[{"href":"https:\/\/factory.sale\/et\/wp-json\/wp\/v2\/product"}],"about":[{"href":"https:\/\/factory.sale\/et\/wp-json\/wp\/v2\/types\/product"}],"replies":[{"embeddable":true,"href":"https:\/\/factory.sale\/et\/wp-json\/wp\/v2\/comments?post=94290"}],"wp:featuredmedia":[{"embeddable":true,"href":"https:\/\/factory.sale\/et\/wp-json\/wp\/v2\/media\/94460"}],"wp:attachment":[{"href":"https:\/\/factory.sale\/et\/wp-json\/wp\/v2\/media?parent=94290"}],"wp:term":[{"taxonomy":"factory","embeddable":true,"href":"https:\/\/factory.sale\/et\/wp-json\/wp\/v2\/factory?post=94290"},{"taxonomy":"free-shipment","embeddable":true,"href":"https:\/\/factory.sale\/et\/wp-json\/wp\/v2\/free-shipment?post=94290"},{"taxonomy":"product_brand","embeddable":true,"href":"https:\/\/factory.sale\/et\/wp-json\/wp\/v2\/product_brand?post=94290"},{"taxonomy":"product_cat","embeddable":true,"href":"https:\/\/factory.sale\/et\/wp-json\/wp\/v2\/product_cat?post=94290"},{"taxonomy":"product_tag","embeddable":true,"href":"https:\/\/factory.sale\/et\/wp-json\/wp\/v2\/product_tag?post=94290"}],"curies":[{"name":"wp","href":"https:\/\/api.w.org\/{rel}","templated":true}]}}