{"id":94239,"date":"2024-11-18T02:17:00","date_gmt":"2024-11-17T23:18:51","guid":{"rendered":"https:\/\/factory.sale\/?post_type=product&#038;p=94239"},"modified":"2024-11-19T20:05:09","modified_gmt":"2024-11-19T17:05:09","slug":"tcw242-toostuslik-iot-moodul","status":"publish","type":"product","link":"https:\/\/factory.sale\/et\/toode\/tcw242-toostuslik-iot-moodul\/","title":{"rendered":"TCW242 t\u00f6\u00f6stuslik IoT-moodul"},"content":{"rendered":"<p>TCW242 on t\u00f6\u00f6stusliku kvaliteediga IoT (asjade interneti) moodul, mis pakub t\u00e4iustatud j\u00e4lgimis- ja juhtimisv\u00f5imalusi t\u00f6\u00f6stusrakenduste jaoks.<\/p>\n<p>Seade toetab MODBUS RTU liidest Teracomi ja kolmanda osapoole anduritele.<\/p>\n<p>&nbsp;<\/p>\n<p>&nbsp;<\/p>\n<p><strong>Tehniline teave:<\/strong><\/p>\n<p>Mudel: TCW242<br \/>\nTootja: Teracom<br \/>\nToiteallikas: 10-28V DC<br \/>\nT\u00f6\u00f6temperatuur: -20\u02da&#8230;+55\u02daC<br \/>\nSisend: 4 x digitaalne + 4 analoog<br \/>\nV\u00e4ljund: 4 CO<br \/>\nPaigaldus: DIN<br \/>\nK\u00f5rgus: 90 mm<br \/>\nLaius: 145 mm<br \/>\nS\u00fcgavus: 40 mm<br \/>\nKaal: 200 g<\/p>\n<p>&nbsp;<\/p>\n<p>&nbsp;<\/p>\n<p>&nbsp;<\/p>\n<p>&nbsp;<\/p>\n<p><a href=\"https:\/\/factory.sale\/wp-content\/uploads\/2024\/11\/TWC242-user-manual.pdf\" target=\"_blank\" rel=\"noopener\">Kasutusjuhend<\/a><\/p>\n","protected":false},"excerpt":{"rendered":"<p>TCW242 on t\u00f6\u00f6stusliku kvaliteediga IoT (asjade interneti) moodul, mis pakub t\u00e4iustatud j\u00e4lgimis- ja juhtimisv\u00f5imalusi t\u00f6\u00f6stusrakenduste jaoks.<\/p>\n<p>Seade toetab MODBUS RTU liidest Teracomi ja kolmanda osapoole anduritele.<\/p>\n<p>&nbsp;<\/p>\n","protected":false},"featured_media":94225,"comment_status":"open","ping_status":"closed","template":"","meta":{"_acf_changed":false},"factory":[],"free-shipment":[],"product_brand":[],"product_cat":[3176,2606],"product_tag":[],"class_list":{"0":"post-94239","1":"product","2":"type-product","3":"status-publish","4":"has-post-thumbnail","6":"product_cat-etherneti-kaugseire","7":"product_cat-toostusautomaatika","9":"first","10":"instock","11":"sale","12":"taxable","13":"shipping-taxable","14":"purchasable","15":"product-type-simple"},"acf":[],"_links":{"self":[{"href":"https:\/\/factory.sale\/et\/wp-json\/wp\/v2\/product\/94239","targetHints":{"allow":["GET"]}}],"collection":[{"href":"https:\/\/factory.sale\/et\/wp-json\/wp\/v2\/product"}],"about":[{"href":"https:\/\/factory.sale\/et\/wp-json\/wp\/v2\/types\/product"}],"replies":[{"embeddable":true,"href":"https:\/\/factory.sale\/et\/wp-json\/wp\/v2\/comments?post=94239"}],"wp:featuredmedia":[{"embeddable":true,"href":"https:\/\/factory.sale\/et\/wp-json\/wp\/v2\/media\/94225"}],"wp:attachment":[{"href":"https:\/\/factory.sale\/et\/wp-json\/wp\/v2\/media?parent=94239"}],"wp:term":[{"taxonomy":"factory","embeddable":true,"href":"https:\/\/factory.sale\/et\/wp-json\/wp\/v2\/factory?post=94239"},{"taxonomy":"free-shipment","embeddable":true,"href":"https:\/\/factory.sale\/et\/wp-json\/wp\/v2\/free-shipment?post=94239"},{"taxonomy":"product_brand","embeddable":true,"href":"https:\/\/factory.sale\/et\/wp-json\/wp\/v2\/product_brand?post=94239"},{"taxonomy":"product_cat","embeddable":true,"href":"https:\/\/factory.sale\/et\/wp-json\/wp\/v2\/product_cat?post=94239"},{"taxonomy":"product_tag","embeddable":true,"href":"https:\/\/factory.sale\/et\/wp-json\/wp\/v2\/product_tag?post=94239"}],"curies":[{"name":"wp","href":"https:\/\/api.w.org\/{rel}","templated":true}]}}