{"id":94184,"date":"2024-11-18T01:13:35","date_gmt":"2024-11-17T22:18:05","guid":{"rendered":"https:\/\/factory.sale\/?post_type=product&#038;p=94184"},"modified":"2024-11-18T18:04:01","modified_gmt":"2024-11-18T15:04:01","slug":"tcw241-ethernet-i-o-module","status":"publish","type":"product","link":"https:\/\/factory.sale\/et\/toode\/tcw241-ethernet-i-o-module\/","title":{"rendered":"TCW241 ethernet I\/O module"},"content":{"rendered":"<p>TCW241 sobib keskkonnaseireks ja elektriliste ning mitteelektriliste parameetrite kohalikuks juhtimiseks, t\u00f6\u00f6stus- ja hooneautomaatikaks, andmete kogumiss\u00fcsteemideks, \u00fcldiseks kaugjuhtimiseks ja j\u00e4lgimiseks.<\/p>\n<p>Seade toetab MODBUS RTU liidest Teracomi ja kolmanda osapoole anduritele.<\/p>\n<p>&nbsp;<\/p>\n<p>&nbsp;<\/p>\n<p><strong>Tehniline teave:<\/strong><\/p>\n<p>Mudel: TCW241<br \/>\nTootja: Teracom<br \/>\nToiteallikas: 10-28V DC<br \/>\nT\u00f6\u00f6temperatuur: -20\u02da&#8230;+55\u02daC<br \/>\nSisend: 4 x digitaalne + 4 analoog<br \/>\nV\u00e4ljund: 4 CO<br \/>\nPaigaldus: DIN<br \/>\nK\u00f5rgus: 90 mm<br \/>\nLaius: 145 mm<br \/>\nS\u00fcgavus: 40 mm<br \/>\nKaal: 230 g<\/p>\n<p>&nbsp;<\/p>\n<p>&nbsp;<\/p>\n<p><a href=\"https:\/\/factory.sale\/wp-content\/uploads\/2024\/11\/TCW241-luhikasutusjuhend-EESTI-KEEL-loplik-1.pdf\" target=\"_blank\" rel=\"noopener\">Kasutusjuhend<\/a><\/p>\n<p>&nbsp;<\/p>\n","protected":false},"excerpt":{"rendered":"<p>TCW241 sobib keskkonnaseireks ja elektriliste ning mitteelektriliste parameetrite kohalikuks juhtimiseks, t\u00f6\u00f6stus- ja hooneautomaatikaks, andmete kogumiss\u00fcsteemideks, \u00fcldiseks kaugjuhtimiseks ja j\u00e4lgimiseks.<\/p>\n<p>Seade toetab MODBUS RTU liidest Teracomi ja kolmanda osapoole anduritele.<\/p>\n","protected":false},"featured_media":94177,"comment_status":"open","ping_status":"closed","template":"","meta":{"_acf_changed":false},"factory":[],"free-shipment":[],"product_brand":[],"product_cat":[3176,2606],"product_tag":[],"class_list":{"0":"post-94184","1":"product","2":"type-product","3":"status-publish","4":"has-post-thumbnail","6":"product_cat-etherneti-kaugseire","7":"product_cat-toostusautomaatika","9":"first","10":"instock","11":"sale","12":"taxable","13":"shipping-taxable","14":"purchasable","15":"product-type-simple"},"acf":[],"_links":{"self":[{"href":"https:\/\/factory.sale\/et\/wp-json\/wp\/v2\/product\/94184","targetHints":{"allow":["GET"]}}],"collection":[{"href":"https:\/\/factory.sale\/et\/wp-json\/wp\/v2\/product"}],"about":[{"href":"https:\/\/factory.sale\/et\/wp-json\/wp\/v2\/types\/product"}],"replies":[{"embeddable":true,"href":"https:\/\/factory.sale\/et\/wp-json\/wp\/v2\/comments?post=94184"}],"wp:featuredmedia":[{"embeddable":true,"href":"https:\/\/factory.sale\/et\/wp-json\/wp\/v2\/media\/94177"}],"wp:attachment":[{"href":"https:\/\/factory.sale\/et\/wp-json\/wp\/v2\/media?parent=94184"}],"wp:term":[{"taxonomy":"factory","embeddable":true,"href":"https:\/\/factory.sale\/et\/wp-json\/wp\/v2\/factory?post=94184"},{"taxonomy":"free-shipment","embeddable":true,"href":"https:\/\/factory.sale\/et\/wp-json\/wp\/v2\/free-shipment?post=94184"},{"taxonomy":"product_brand","embeddable":true,"href":"https:\/\/factory.sale\/et\/wp-json\/wp\/v2\/product_brand?post=94184"},{"taxonomy":"product_cat","embeddable":true,"href":"https:\/\/factory.sale\/et\/wp-json\/wp\/v2\/product_cat?post=94184"},{"taxonomy":"product_tag","embeddable":true,"href":"https:\/\/factory.sale\/et\/wp-json\/wp\/v2\/product_tag?post=94184"}],"curies":[{"name":"wp","href":"https:\/\/api.w.org\/{rel}","templated":true}]}}