{"id":94156,"date":"2024-11-18T00:44:13","date_gmt":"2024-11-17T21:45:58","guid":{"rendered":"https:\/\/factory.sale\/?post_type=product&#038;p=94156"},"modified":"2024-11-19T05:03:33","modified_gmt":"2024-11-19T02:03:33","slug":"mds-3065-sb","status":"publish","type":"product","link":"https:\/\/factory.sale\/et\/toode\/mds-3065-sb\/","title":{"rendered":"MDS 3065-SB"},"content":{"rendered":"<p>&nbsp;<\/p>\n<ul>\n<li>Materjali j\u00e4lgimiseks transport\u00f6\u00f6ri- ja konveierilintidel<\/li>\n<li>Metallidetektoris\u00fcsteemi pool l\u00f5ikurite, purustite, rullide ja presside kaitsmiseks konveieril liikuva materjali metallosade eest<\/li>\n<li>Robustne disain tagab k\u00f5rge stabiilsuse<\/li>\n<li>K\u00f5ikidele ilmastikutingimustele sobiv disain &#8211; sobib kasutamiseks v\u00e4litingimustes<\/li>\n<\/ul>\n<p>&nbsp;<\/p>\n<p>&nbsp;<\/p>\n<p><strong>Tehniline teave:<\/strong><\/p>\n<p>Mudel: P81055<br \/>\nTootja: EGE<br \/>\nT\u00f6\u00f6temperatuur: -25\u02da&#8230;+70\u02daC<br \/>\nKaitseklass: IP67<\/p>\n<p>&nbsp;<\/p>\n<p>&nbsp;<\/p>\n<p>&nbsp;<\/p>\n<p><a href=\"https:\/\/factory.sale\/wp-content\/uploads\/2024\/11\/EGE_Metal_Detectors-1.pdf\" target=\"_blank\" rel=\"noopener\">PDF<\/a><\/p>\n","protected":false},"excerpt":{"rendered":"<ul>\n<li>Materjali j\u00e4lgimiseks transport\u00f6\u00f6ri- ja konveierilintidel<\/li>\n<li>Metallidetektoris\u00fcsteemi pool l\u00f5ikurite, purustite, rullide ja presside kaitsmiseks konveieril liikuva materjali metallosade eest<\/li>\n<li>Robustne disain tagab k\u00f5rge stabiilsuse<\/li>\n<li>K\u00f5ikidele ilmastikutingimustele sobiv disain &#8211; sobib kasutamiseks v\u00e4litingimustes<\/li>\n<\/ul>\n<p>&nbsp;<\/p>\n","protected":false},"featured_media":94154,"comment_status":"open","ping_status":"closed","template":"","meta":{"_acf_changed":false},"factory":[],"free-shipment":[],"product_brand":[],"product_cat":[3173,2606],"product_tag":[],"class_list":{"0":"post-94156","1":"product","2":"type-product","3":"status-publish","4":"has-post-thumbnail","6":"product_cat-metallidetektorid","7":"product_cat-toostusautomaatika","9":"first","10":"instock","11":"sale","12":"taxable","13":"shipping-taxable","14":"purchasable","15":"product-type-simple"},"acf":[],"_links":{"self":[{"href":"https:\/\/factory.sale\/et\/wp-json\/wp\/v2\/product\/94156","targetHints":{"allow":["GET"]}}],"collection":[{"href":"https:\/\/factory.sale\/et\/wp-json\/wp\/v2\/product"}],"about":[{"href":"https:\/\/factory.sale\/et\/wp-json\/wp\/v2\/types\/product"}],"replies":[{"embeddable":true,"href":"https:\/\/factory.sale\/et\/wp-json\/wp\/v2\/comments?post=94156"}],"wp:featuredmedia":[{"embeddable":true,"href":"https:\/\/factory.sale\/et\/wp-json\/wp\/v2\/media\/94154"}],"wp:attachment":[{"href":"https:\/\/factory.sale\/et\/wp-json\/wp\/v2\/media?parent=94156"}],"wp:term":[{"taxonomy":"factory","embeddable":true,"href":"https:\/\/factory.sale\/et\/wp-json\/wp\/v2\/factory?post=94156"},{"taxonomy":"free-shipment","embeddable":true,"href":"https:\/\/factory.sale\/et\/wp-json\/wp\/v2\/free-shipment?post=94156"},{"taxonomy":"product_brand","embeddable":true,"href":"https:\/\/factory.sale\/et\/wp-json\/wp\/v2\/product_brand?post=94156"},{"taxonomy":"product_cat","embeddable":true,"href":"https:\/\/factory.sale\/et\/wp-json\/wp\/v2\/product_cat?post=94156"},{"taxonomy":"product_tag","embeddable":true,"href":"https:\/\/factory.sale\/et\/wp-json\/wp\/v2\/product_tag?post=94156"}],"curies":[{"name":"wp","href":"https:\/\/api.w.org\/{rel}","templated":true}]}}