{"id":94143,"date":"2024-11-18T00:33:31","date_gmt":"2024-11-17T21:35:58","guid":{"rendered":"https:\/\/factory.sale\/?post_type=product&#038;p=94143"},"modified":"2024-11-18T15:45:05","modified_gmt":"2024-11-18T12:45:05","slug":"dtg-24-metallidetektori-toite-isolatsiooniseade-24dc","status":"publish","type":"product","link":"https:\/\/factory.sale\/et\/toode\/dtg-24-metallidetektori-toite-isolatsiooniseade-24dc\/","title":{"rendered":"DTG 24 metallidetektori toite isolatsiooniseade, 24DC"},"content":{"rendered":"<p>Toiteallika isolatsiooniseade on \u00fchendatud toiteallika ja v\u00f5imendi MDV&#8230; vahele, see piirab toiteallika \u00fclepinge ja kaitseb seega v\u00f5imendit \u00fclekoormuse eest. Seda kasutatakse kohtades, kus puudub \u00fclepinge kaitse, kus toiteallikas p\u00e4rineb \u00f5huliini edastusv\u00f5rgust v\u00f5i stabiliseerimata akulaadijast v\u00f5i kus suured induktiivsed koormused, nt mootorid, on otse l\u00fclitatud. Toiteallika isolatsiooniseade toimib ka liidesfiltrina. Ujuv \u00fclemineku v\u00e4ljundkontakt on m\u00f5eldud \u00fchendamiseks toitereleega. See ei sobi suurte koormuste jaoks.<\/p>\n<p>&nbsp;<\/p>\n<p>&nbsp;<\/p>\n<p><strong>Tehniline teave:<\/strong><\/p>\n<p>Mudel: P81053<br \/>\nTootja: EGE<br \/>\nToiteallikas: 24V DC<\/p>\n<p>&nbsp;<\/p>\n<p>&nbsp;<\/p>\n<p>&nbsp;<\/p>\n<p><a href=\"https:\/\/factory.sale\/wp-content\/uploads\/2024\/11\/EGE_Metal_Detectors-1.pdf\" target=\"_blank\" rel=\"noopener\">PDF<\/a><\/p>\n","protected":false},"excerpt":{"rendered":"<p>Toiteallika isolatsiooniseade on \u00fchendatud toiteallika ja v\u00f5imendi MDV&#8230; vahele, see piirab toiteallika \u00fclepinge ja kaitseb seega v\u00f5imendit \u00fclekoormuse eest. Seda kasutatakse kohtades, kus puudub \u00fclepinge kaitse, kus toiteallikas p\u00e4rineb \u00f5huliini edastusv\u00f5rgust v\u00f5i stabiliseerimata akulaadijast v\u00f5i kus suured induktiivsed koormused, nt mootorid, on otse l\u00fclitatud. Toiteallika isolatsiooniseade toimib ka liidesfiltrina. Ujuv \u00fclemineku v\u00e4ljundkontakt on m\u00f5eldud \u00fchendamiseks toitereleega. See ei sobi suurte koormuste jaoks.<\/p>\n","protected":false},"featured_media":94141,"comment_status":"open","ping_status":"closed","template":"","meta":{"_acf_changed":false},"factory":[],"free-shipment":[],"product_brand":[],"product_cat":[3173,2606],"product_tag":[],"class_list":{"0":"post-94143","1":"product","2":"type-product","3":"status-publish","4":"has-post-thumbnail","6":"product_cat-metallidetektorid","7":"product_cat-toostusautomaatika","9":"first","10":"instock","11":"sale","12":"taxable","13":"shipping-taxable","14":"purchasable","15":"product-type-simple"},"acf":[],"_links":{"self":[{"href":"https:\/\/factory.sale\/et\/wp-json\/wp\/v2\/product\/94143","targetHints":{"allow":["GET"]}}],"collection":[{"href":"https:\/\/factory.sale\/et\/wp-json\/wp\/v2\/product"}],"about":[{"href":"https:\/\/factory.sale\/et\/wp-json\/wp\/v2\/types\/product"}],"replies":[{"embeddable":true,"href":"https:\/\/factory.sale\/et\/wp-json\/wp\/v2\/comments?post=94143"}],"wp:featuredmedia":[{"embeddable":true,"href":"https:\/\/factory.sale\/et\/wp-json\/wp\/v2\/media\/94141"}],"wp:attachment":[{"href":"https:\/\/factory.sale\/et\/wp-json\/wp\/v2\/media?parent=94143"}],"wp:term":[{"taxonomy":"factory","embeddable":true,"href":"https:\/\/factory.sale\/et\/wp-json\/wp\/v2\/factory?post=94143"},{"taxonomy":"free-shipment","embeddable":true,"href":"https:\/\/factory.sale\/et\/wp-json\/wp\/v2\/free-shipment?post=94143"},{"taxonomy":"product_brand","embeddable":true,"href":"https:\/\/factory.sale\/et\/wp-json\/wp\/v2\/product_brand?post=94143"},{"taxonomy":"product_cat","embeddable":true,"href":"https:\/\/factory.sale\/et\/wp-json\/wp\/v2\/product_cat?post=94143"},{"taxonomy":"product_tag","embeddable":true,"href":"https:\/\/factory.sale\/et\/wp-json\/wp\/v2\/product_tag?post=94143"}],"curies":[{"name":"wp","href":"https:\/\/api.w.org\/{rel}","templated":true}]}}