{"id":94119,"date":"2024-11-18T00:19:31","date_gmt":"2024-11-17T21:22:08","guid":{"rendered":"https:\/\/factory.sale\/?post_type=product&#038;p=94119"},"modified":"2024-11-18T21:53:02","modified_gmt":"2024-11-18T18:53:02","slug":"ma-125-uhenduskarp","status":"publish","type":"product","link":"https:\/\/factory.sale\/et\/toode\/ma-125-uhenduskarp\/","title":{"rendered":"MA 125 \u00fchenduskarp"},"content":{"rendered":"<p>Kahe detektoripooli kasutamiseks \u00fche v\u00f5imendiga.<\/p>\n<p>Kasutades \u00fchenduskarpi MA 125, saavad kaks detektoripooli t\u00f6\u00f6tada koos \u00fche v\u00f5imendiga MDV\/MDVH. Maksimaalne kaabli pikkus \u00fche pooli ja \u00fchenduskarbi MA 125 vahel on 3 m.<\/p>\n<p>&nbsp;<\/p>\n<p>&nbsp;<\/p>\n<p><strong>Tehniline teave:<\/strong><\/p>\n<p>Model: P81058<br \/>\nTootja: EGE<br \/>\nT\u00f6\u00f6temperatuur: -25\u02da&#8230;+70\u02daC<br \/>\nKaitseklass: IP67<br \/>\nMaterjal: Alumiinium<\/p>\n<p>&nbsp;<\/p>\n<p>&nbsp;<\/p>\n<p><a href=\"https:\/\/factory.sale\/wp-content\/uploads\/2024\/11\/EGE_Metal_Detectors.pdf\" target=\"_blank\" rel=\"noopener\">PDF<\/a><\/p>\n","protected":false},"excerpt":{"rendered":"<p>Kahe detektoripooli kasutamiseks \u00fche v\u00f5imendiga.<\/p>\n<p>Kasutades \u00fchenduskarpi MA 125, saavad kaks detektoripooli t\u00f6\u00f6tada koos \u00fche v\u00f5imendiga MDV\/MDVH. Maksimaalne kaabli pikkus \u00fche pooli ja \u00fchenduskarbi MA 125 vahel on 3 m.<\/p>\n<p>&nbsp;<\/p>\n","protected":false},"featured_media":94114,"comment_status":"open","ping_status":"closed","template":"","meta":{"_acf_changed":false},"factory":[],"free-shipment":[],"product_brand":[],"product_cat":[3173,2606],"product_tag":[],"class_list":{"0":"post-94119","1":"product","2":"type-product","3":"status-publish","4":"has-post-thumbnail","6":"product_cat-metallidetektorid","7":"product_cat-toostusautomaatika","9":"first","10":"instock","11":"sale","12":"taxable","13":"shipping-taxable","14":"purchasable","15":"product-type-simple"},"acf":[],"_links":{"self":[{"href":"https:\/\/factory.sale\/et\/wp-json\/wp\/v2\/product\/94119","targetHints":{"allow":["GET"]}}],"collection":[{"href":"https:\/\/factory.sale\/et\/wp-json\/wp\/v2\/product"}],"about":[{"href":"https:\/\/factory.sale\/et\/wp-json\/wp\/v2\/types\/product"}],"replies":[{"embeddable":true,"href":"https:\/\/factory.sale\/et\/wp-json\/wp\/v2\/comments?post=94119"}],"wp:featuredmedia":[{"embeddable":true,"href":"https:\/\/factory.sale\/et\/wp-json\/wp\/v2\/media\/94114"}],"wp:attachment":[{"href":"https:\/\/factory.sale\/et\/wp-json\/wp\/v2\/media?parent=94119"}],"wp:term":[{"taxonomy":"factory","embeddable":true,"href":"https:\/\/factory.sale\/et\/wp-json\/wp\/v2\/factory?post=94119"},{"taxonomy":"free-shipment","embeddable":true,"href":"https:\/\/factory.sale\/et\/wp-json\/wp\/v2\/free-shipment?post=94119"},{"taxonomy":"product_brand","embeddable":true,"href":"https:\/\/factory.sale\/et\/wp-json\/wp\/v2\/product_brand?post=94119"},{"taxonomy":"product_cat","embeddable":true,"href":"https:\/\/factory.sale\/et\/wp-json\/wp\/v2\/product_cat?post=94119"},{"taxonomy":"product_tag","embeddable":true,"href":"https:\/\/factory.sale\/et\/wp-json\/wp\/v2\/product_tag?post=94119"}],"curies":[{"name":"wp","href":"https:\/\/api.w.org\/{rel}","templated":true}]}}