{"id":94089,"date":"2024-09-18T08:45:32","date_gmt":"2024-11-17T16:40:54","guid":{"rendered":"https:\/\/factory.sale\/?post_type=product&#038;p=94089"},"modified":"2024-11-17T21:17:07","modified_gmt":"2024-11-17T18:17:07","slug":"kumblustunn-mystique","status":"publish","type":"product","link":"https:\/\/factory.sale\/et\/toode\/kumblustunn-mystique\/","title":{"rendered":"K\u00fcmblust\u00fcnn &#8220;Mystique&#8221;"},"content":{"rendered":"<p>Naudi t\u00f5elist spaakogemust oma koduaias Mystique k\u00fcmblust\u00fcnniga.<\/p>\n<p>Naudi luksust Mystique k\u00fcmblust\u00fcnniga, mis \u00fchendab endas elegantsi ja funktsionaalsuse. See k\u00fcmblust\u00fcnn on loodud mahutama kuni viis inimest ning sellel on vastupidav integreeritud S304 terasest ahi, mis tagab kiire vee soojenemise. T\u00fcnni m\u00f5\u00f5tmed muudavad selle pilkup\u00fc\u00fcdvaks t\u00e4ienduseks igasse aeda, pakkudes l\u00f5\u00f5gastumiseks t\u00f5elist pelgupaika. Naudi rahustavat 750 W \u00f5hupumba ja 2,2 kW veepumba toimet, koos 12 multi-LED valgusega, mis loovad kaasahaarava atmosf\u00e4\u00e4ri.<\/p>\n<p>Kohanda oma k\u00fcmblust\u00fcnn akr\u00fc\u00fclist sisu ja viimistlusv\u00f5imalustega, sealhulgas kuusk, p\u00f5letatud kuusk, termopuit v\u00f5i WPC paneelid. Tee oma kogemus t\u00e4iuslikuks valikuliste lisadega, nagu h\u00fcdromassaa\u017eiotsikud, helis\u00fcsteem, sensoorjuhtimine, veekosk ja joogitopsi hoidjad. K\u00e4sitsi valmistatud termokate aitab s\u00e4ilitada vee temperatuuri, tagades, et Mystique k\u00fcmblust\u00fcnn on alati valmis kasutamiseks.<\/p>\n<p>Akr\u00fc\u00fclist sisu v\u00e4rvivalikud:<\/p>\n<p><img loading=\"lazy\" decoding=\"async\" class=\"alignnone wp-image-93263\" src=\"https:\/\/factory.sale\/wp-content\/uploads\/2024\/08\/acrylic-inner-colour-factoy.sale_-300x41.webp\" alt=\"\" width=\"710\" height=\"97\" srcset=\"https:\/\/factory.sale\/wp-content\/uploads\/2024\/08\/acrylic-inner-colour-factoy.sale_-300x41.webp 300w, https:\/\/factory.sale\/wp-content\/uploads\/2024\/08\/acrylic-inner-colour-factoy.sale_-150x21.webp 150w, https:\/\/factory.sale\/wp-content\/uploads\/2024\/08\/acrylic-inner-colour-factoy.sale_-600x82.webp 600w, https:\/\/factory.sale\/wp-content\/uploads\/2024\/08\/acrylic-inner-colour-factoy.sale_.webp 1016w\" sizes=\"auto, (max-width: 710px) 100vw, 710px\" \/><\/p>\n<p>V\u00e4lise viimistluse valikud:<\/p>\n<p><img loading=\"lazy\" decoding=\"async\" class=\"alignnone wp-image-93260\" src=\"https:\/\/factory.sale\/wp-content\/uploads\/2024\/08\/hot-tub-finishes-factory.sale_-300x240.webp\" alt=\"\" width=\"662\" height=\"529\" srcset=\"https:\/\/factory.sale\/wp-content\/uploads\/2024\/08\/hot-tub-finishes-factory.sale_-300x240.webp 300w, https:\/\/factory.sale\/wp-content\/uploads\/2024\/08\/hot-tub-finishes-factory.sale_-150x120.webp 150w, https:\/\/factory.sale\/wp-content\/uploads\/2024\/08\/hot-tub-finishes-factory.sale_-600x480.webp 600w, https:\/\/factory.sale\/wp-content\/uploads\/2024\/08\/hot-tub-finishes-factory.sale_.webp 750w\" sizes=\"auto, (max-width: 662px) 100vw, 662px\" \/><\/p>\n<p>Termokatte v\u00e4rvivalikud:<\/p>\n<p><img loading=\"lazy\" decoding=\"async\" class=\"alignnone wp-image-93257\" src=\"https:\/\/factory.sale\/wp-content\/uploads\/2024\/08\/hot-tub-cover-colours-factory.sale_-1-300x120.webp\" alt=\"\" width=\"470\" height=\"188\" srcset=\"https:\/\/factory.sale\/wp-content\/uploads\/2024\/08\/hot-tub-cover-colours-factory.sale_-1-300x120.webp 300w, https:\/\/factory.sale\/wp-content\/uploads\/2024\/08\/hot-tub-cover-colours-factory.sale_-1-150x60.webp 150w, https:\/\/factory.sale\/wp-content\/uploads\/2024\/08\/hot-tub-cover-colours-factory.sale_-1-600x240.webp 600w, https:\/\/factory.sale\/wp-content\/uploads\/2024\/08\/hot-tub-cover-colours-factory.sale_-1.webp 750w\" sizes=\"auto, (max-width: 470px) 100vw, 470px\" \/><\/p>\n<p>Lai valik lisasid:<\/p>\n<p><img loading=\"lazy\" decoding=\"async\" class=\"alignnone wp-image-93266\" src=\"https:\/\/factory.sale\/wp-content\/uploads\/2024\/08\/hot-tub-accessories-factory.sale-3-300x212.jpg\" alt=\"\" width=\"712\" height=\"503\" srcset=\"https:\/\/factory.sale\/wp-content\/uploads\/2024\/08\/hot-tub-accessories-factory.sale-3-300x212.jpg 300w, https:\/\/factory.sale\/wp-content\/uploads\/2024\/08\/hot-tub-accessories-factory.sale-3-1024x724.jpg 1024w, https:\/\/factory.sale\/wp-content\/uploads\/2024\/08\/hot-tub-accessories-factory.sale-3-150x106.jpg 150w, https:\/\/factory.sale\/wp-content\/uploads\/2024\/08\/hot-tub-accessories-factory.sale-3-1536x1086.jpg 1536w, https:\/\/factory.sale\/wp-content\/uploads\/2024\/08\/hot-tub-accessories-factory.sale-3-600x424.jpg 600w, https:\/\/factory.sale\/wp-content\/uploads\/2024\/08\/hot-tub-accessories-factory.sale-3.jpg 2000w\" sizes=\"auto, (max-width: 712px) 100vw, 712px\" \/><\/p>\n<p>Tehnilised andmed:<br \/>\nM\u00f5\u00f5tmed: L:2100mm P:2100mm K:1100mm<br \/>\nAhi: Integreeritud S304 teras<br \/>\n\u00d5hupump: 750 W &#8211; 1 HP<br \/>\nVeepump: 2,2 kW \/ 2,5 HP<\/p>\n<p>Rohkem teavet <a href=\"https:\/\/factory.sale\/wp-content\/uploads\/2024\/09\/Kumblustunni-GENERAL-USER-MANUAL-2024-factory.sale_.pdf\" target=\"_blank\" rel=\"noopener\">kasutusjuhendis<\/a><\/p>\n<p>Hind sisaldab:<\/p>\n<ul>\n<li>S304 ahi<\/li>\n<li>Akr\u00fc\u00fclist sisemus (hall v\u00f5i valge)<\/li>\n<li>Kuusest k\u00fcmblust\u00fcnni<\/li>\n<li>Isolatsioon suletud rakuga pol\u00fcuretaanvahuga<\/li>\n<li>Roostevabast terasest tugiribad<\/li>\n<li>Korsten 2 m, sealhulgas kaitse<\/li>\n<li>V\u00e4rv ja Remmersi v\u00e4rvimine<\/li>\n<li>T\u00fchjendusklapp<\/li>\n<\/ul>\n<p>Valikulised lisad:<\/p>\n<ul>\n<li>H\u00fcdromassaa\u017eiotsikud<\/li>\n<li>Helis\u00fcsteem koos k\u00f5laritega<\/li>\n<li>Sensoorjuhtimiss\u00fcsteemid (3-in-1 v\u00f5i 4-in-1)<\/li>\n<li>Veekosk<\/li>\n<li>Joogitopsi hoidjad<\/li>\n<li>Kohandatav LED-valgustus<\/li>\n<li>Marmorst akr\u00fc\u00fclist sisemus<\/li>\n<li>Termokate<\/li>\n<li>Filtreerimiss\u00fcsteem<\/li>\n<li>Elektriline k\u00fcttekeha<\/li>\n<li>Termopuit v\u00e4line viimistlus<\/li>\n<li>WPC v\u00e4line viimistlus<\/li>\n<li>Trepid<\/li>\n<li>Gecko s\u00fcsteem<\/li>\n<li>\u00d5hus\u00fcsteem<\/li>\n<li>LED-tuled<\/li>\n<li>R\u00e4tikuhoidja<\/li>\n<\/ul>\n<p>Sukeldu l\u00f5\u00f5gastuste ja naudingute maailma Mystique k\u00fcmblust\u00fcnniga\u2014t\u00f5eline<br \/>\nluksuse ja meisterlikkuse kombinatsioon.<\/p>\n","protected":false},"excerpt":{"rendered":"<p>Avasta unustamatu l\u00f5\u00f5gastuskogemus koos Mystique k\u00fcmblust\u00fcnniga<\/p>\n<p>Mystique k\u00fcmblust\u00fcnn \u00fchendab stiili ja funktsionaalsuse, pakkudes luksuslikku elamust kohandatavate funktsioonide ja tipptasemel meisterlikkusega. Olenemata sellest, kas otsid rahu ja vaikust v\u00f5i kohta oma s\u00f5pradega koosviibimisteks &#8211; Mystique k\u00fcmblust\u00fcnn pakub seda k\u00f5ike oma elegantse disaini ja t\u00e4iustatud v\u00f5imalustega. Kohanda oma kogemust viimistluste ja lisadega, mis peegeldavad sinu ainulaadset maitset.<\/p>\n<p>Muuda oma kodu isiklikuks spaaks koos Mystique k\u00fcmblust\u00fcnniga.<\/p>\n","protected":false},"featured_media":90154,"comment_status":"open","ping_status":"closed","template":"","meta":{"_acf_changed":false},"factory":[],"free-shipment":[],"product_brand":[],"product_cat":[2587,2209],"product_tag":[2842,4434,4435],"class_list":{"0":"post-94089","1":"product","2":"type-product","3":"status-publish","4":"has-post-thumbnail","6":"product_cat-klaasplastist-kumblustunnid","7":"product_cat-kumblustunnid","8":"product_tag-hot-tub-et","9":"product_tag-hot-tub-with-stove-et","10":"product_tag-luxury-hot-tub-et","12":"first","13":"instock","14":"sale","15":"taxable","16":"shipping-taxable","17":"purchasable","18":"product-type-simple"},"acf":[],"_links":{"self":[{"href":"https:\/\/factory.sale\/et\/wp-json\/wp\/v2\/product\/94089","targetHints":{"allow":["GET"]}}],"collection":[{"href":"https:\/\/factory.sale\/et\/wp-json\/wp\/v2\/product"}],"about":[{"href":"https:\/\/factory.sale\/et\/wp-json\/wp\/v2\/types\/product"}],"replies":[{"embeddable":true,"href":"https:\/\/factory.sale\/et\/wp-json\/wp\/v2\/comments?post=94089"}],"wp:featuredmedia":[{"embeddable":true,"href":"https:\/\/factory.sale\/et\/wp-json\/wp\/v2\/media\/90154"}],"wp:attachment":[{"href":"https:\/\/factory.sale\/et\/wp-json\/wp\/v2\/media?parent=94089"}],"wp:term":[{"taxonomy":"factory","embeddable":true,"href":"https:\/\/factory.sale\/et\/wp-json\/wp\/v2\/factory?post=94089"},{"taxonomy":"free-shipment","embeddable":true,"href":"https:\/\/factory.sale\/et\/wp-json\/wp\/v2\/free-shipment?post=94089"},{"taxonomy":"product_brand","embeddable":true,"href":"https:\/\/factory.sale\/et\/wp-json\/wp\/v2\/product_brand?post=94089"},{"taxonomy":"product_cat","embeddable":true,"href":"https:\/\/factory.sale\/et\/wp-json\/wp\/v2\/product_cat?post=94089"},{"taxonomy":"product_tag","embeddable":true,"href":"https:\/\/factory.sale\/et\/wp-json\/wp\/v2\/product_tag?post=94089"}],"curies":[{"name":"wp","href":"https:\/\/api.w.org\/{rel}","templated":true}]}}