{"id":9396,"date":"2022-07-01T15:15:39","date_gmt":"2022-07-01T15:15:53","guid":{"rendered":"https:\/\/factory.sale\/?post_type=product&#038;p=9396"},"modified":"2024-06-27T11:48:15","modified_gmt":"2024-06-27T11:48:15","slug":"diiselpuhur-ide-50-d","status":"publish","type":"product","link":"https:\/\/factory.sale\/et\/toode\/diiselpuhur-ide-50-d\/","title":{"rendered":"Diiselpuhur IDE 50 D"},"content":{"rendered":"<div>T\u00e4nu vastupidavale topeltkattega materjalist korpusele, mida toetab man\u00f6\u00f6verdusv\u00f5imeline veokonstruktsioon koos kaablihoidjatega ja paigaldatud k\u00fctusepaagiga, sobib antud diiselpuhur ideaalselt v\u00e4litingimustes k\u00fctmiseks ning termostaadi abil on v\u00f5imalik seadet kasutada ka t\u00e4isautomaatses p\u00fcsik\u00fcttere\u017eiimis.<\/div>\n<div><\/div>\n<div>Trotec IDE 50 D suur \u00f5hu v\u00e4ljalaskeava tagab maksimaalse sooja \u00f5hu suurenemise 100%-lise t\u00f5hususega.<\/div>\n<div><\/div>\n<div>Temperatuuri reguleerimiseks, on lisaks sisseehitatud termostaadile, saadaval lisatarvikuna ka v\u00e4line termostaat, mis suudab m\u00f5\u00f5ta temperatuuri kuumutatavas punktis, mis asub diiselpuhurist kuni 25 meetri kaugusel.<\/div>\n<div><\/div>\n<div><\/div>\n<div><\/div>\n<div><strong>Soojapuhuri praktilised eelised:<\/strong><\/div>\n<ul>\n<li>V\u00e4ga \u00f6konoomne lahendus tavalistele \u00f5lik\u00fctteseadmetele<\/li>\n<li>Integreeritud k\u00fctusepaak koos k\u00fctusetaseme n\u00e4idikuga<\/li>\n<li>Elektrooniline leegikaitse<\/li>\n<li>\u00dclekuumenemise kaitse<\/li>\n<li>Roostevabast terasest p\u00f5lemiskamber<\/li>\n<li>Integreeritud termostaat<\/li>\n<li>\u00dchendus v\u00e4lise termostaadi jaoks<\/li>\n<li>\u0160assii lihtsamaks transportimiseks<\/li>\n<\/ul>\n<div><\/div>\n<p><strong>Seadme tehnilised \u00fcksikasjad:<\/strong><\/p>\n<ul>\n<li>K\u00fctte t\u00fc\u00fcp: otsek\u00fcte<\/li>\n<li>\u00d5huvoolukiirus: 750 m\u00b3\/h<\/li>\n<li>K\u00fcttev\u00f5imsus: 50 kW (44 100 kcal)<\/li>\n<li>Temperatuuri t\u00f5us \u2206T: 180\u00b0C<\/li>\n<li>Sisendpinge: 230 V \/ 50 Hz<\/li>\n<li>Voolutarve: 1,25 A<\/li>\n<li>K\u00fctusekulu max: 4,8 l\/h<\/li>\n<li>Termostaat: integreeritud<\/li>\n<li>K\u00fctusevarustus: kompressor<\/li>\n<li>Helitase (kaugus 1 m): 77 dB (A)<\/li>\n<li>Paagi maht: 38 l<\/li>\n<li>Pikkus: 860 mm<\/li>\n<li>Laius: 456 mm<\/li>\n<li>K\u00f5rgus: 600 mm<\/li>\n<li>Kaal: 22 kg<\/li>\n<\/ul>\n<div><\/div>\n<div><strong>Seadme omadused ja funktsioonid:<\/strong><\/div>\n<ul>\n<li>Liikuvus<\/li>\n<li>Kande-\/transpordik\u00e4epidemed<\/li>\n<li>Plastikust rattad<\/li>\n<li>Kummist rehvidega metallrattad<\/li>\n<li>Mittem\u00e4\u00e4rivad t\u00e4iskummist rattad<\/li>\n<li>Kahvelt\u00f5stuk<\/li>\n<li>Kraana<\/li>\n<li>Teras<\/li>\n<\/ul>\n<p>&nbsp;<\/p>\n<p>&nbsp;<\/p>\n","protected":false},"excerpt":{"rendered":"<p>Otsek\u00fcttega diiselpuhur Trotec IDE 50 D k\u00fcttev\u00f5imsusega 50 kW (44 100 kcal) ja \u00f5huvoolukiirusega 750 m\u00b3\/h maksimaalne k\u00fctusekulu on 4,8 liitrit \u00f5li tunnis. Seade suudab pakkuda suures koguses kuuma \u00f5hku otse seal, kus seda vajatakse ja sobib seet\u00f5ttu eriti h\u00e4sti ventileeritavate hoonete, tehasealade v\u00f5i ladude k\u00fctmiseks.<\/p>\n","protected":false},"featured_media":9400,"comment_status":"open","ping_status":"closed","template":"","meta":{"_acf_changed":false},"factory":[],"free-shipment":[],"product_brand":[],"product_cat":[1041,814],"product_tag":[],"class_list":{"0":"post-9396","1":"product","2":"type-product","3":"status-publish","4":"has-post-thumbnail","6":"product_cat-tooriistad-ja-tarvikud","7":"product_cat-uldehitus","9":"first","10":"instock","11":"taxable","12":"shipping-taxable","13":"purchasable","14":"product-type-simple"},"acf":[],"_links":{"self":[{"href":"https:\/\/factory.sale\/et\/wp-json\/wp\/v2\/product\/9396","targetHints":{"allow":["GET"]}}],"collection":[{"href":"https:\/\/factory.sale\/et\/wp-json\/wp\/v2\/product"}],"about":[{"href":"https:\/\/factory.sale\/et\/wp-json\/wp\/v2\/types\/product"}],"replies":[{"embeddable":true,"href":"https:\/\/factory.sale\/et\/wp-json\/wp\/v2\/comments?post=9396"}],"wp:featuredmedia":[{"embeddable":true,"href":"https:\/\/factory.sale\/et\/wp-json\/wp\/v2\/media\/9400"}],"wp:attachment":[{"href":"https:\/\/factory.sale\/et\/wp-json\/wp\/v2\/media?parent=9396"}],"wp:term":[{"taxonomy":"factory","embeddable":true,"href":"https:\/\/factory.sale\/et\/wp-json\/wp\/v2\/factory?post=9396"},{"taxonomy":"free-shipment","embeddable":true,"href":"https:\/\/factory.sale\/et\/wp-json\/wp\/v2\/free-shipment?post=9396"},{"taxonomy":"product_brand","embeddable":true,"href":"https:\/\/factory.sale\/et\/wp-json\/wp\/v2\/product_brand?post=9396"},{"taxonomy":"product_cat","embeddable":true,"href":"https:\/\/factory.sale\/et\/wp-json\/wp\/v2\/product_cat?post=9396"},{"taxonomy":"product_tag","embeddable":true,"href":"https:\/\/factory.sale\/et\/wp-json\/wp\/v2\/product_tag?post=9396"}],"curies":[{"name":"wp","href":"https:\/\/api.w.org\/{rel}","templated":true}]}}