{"id":93827,"date":"2025-10-12T13:19:09","date_gmt":"2024-11-12T10:36:57","guid":{"rendered":"https:\/\/factory.sale\/?post_type=product&#038;p=93827"},"modified":"2026-03-23T15:07:00","modified_gmt":"2026-03-23T12:07:00","slug":"17-m-ummargune-tunnisaun-3-le-inimesele-sqr17e","status":"publish","type":"product","link":"https:\/\/factory.sale\/et\/toode\/17-m-ummargune-tunnisaun-3-le-inimesele-sqr17e\/","title":{"rendered":"&#8220;1.7m&#8221; SQR17E kuubik t\u00fcnnisaun 3-le inimesele"},"content":{"rendered":"<p><strong>Tootekood: SQR17E<\/strong><\/p>\n<p>&nbsp;<\/p>\n<p>Koge looduse embust t\u00fcnnisaunas! Sulata stress, t\u00f5sta meeleolu ja kosu meie kaunilt k\u00e4sit\u00f6\u00f6na valmistatud t\u00fcnnisauna soojas. Kompaktne, hubane ja stiilne \u2013 see pole lihtsalt saun, vaid sinu isiklik oaas!<\/p>\n<p>&nbsp;<\/p>\n<p><strong>P\u00f5hipakett sisaldab:<\/strong><\/p>\n<ul>\n<li>Kuusepuidust saun (puidu paksus 40 mm)<\/li>\n<li>Pingid termopuidust<\/li>\n<li>Pruuni karastatud klaasiga uks<\/li>\n<li>Bituumensindel katus<\/li>\n<li>Roostevabast terasest pingutuslatid<\/li>\n<\/ul>\n<p>&nbsp;<\/p>\n<p>&nbsp;<\/p>\n<p><strong>Tehniline informatsioon:<\/strong><\/p>\n<ul>\n<li>Suurus PxLxK: 230 x 170 x 230 cm<\/li>\n<li>Pakitud suurus PxLxK: 210 \u0445 120 \u0445 150 cm<\/li>\n<li>Kaal: ~590 kg<\/li>\n<li>Leiliruumi suurus: 220 x 155 cm<\/li>\n<li>Leiliruumi mahutavus: ~3 inimest<\/li>\n<li>Leiliruumi maht: 6,3 m\u00b3<\/li>\n<li>K\u00fcttetemperatuuri saavutamise aeg: ~1 tund<\/li>\n<\/ul>\n<p>&nbsp;<\/p>\n<p><strong>Katuse v\u00e4rvid:<\/strong><\/p>\n<p>Must, pruun, roheline<\/p>\n<p><img loading=\"lazy\" decoding=\"async\" class=\"alignnone wp-image-90747\" src=\"https:\/\/factory.sale\/wp-content\/uploads\/2024\/09\/roof-colours-300x91.png\" sizes=\"auto, (max-width: 649px) 100vw, 649px\" srcset=\"https:\/\/factory.sale\/wp-content\/uploads\/2024\/09\/roof-colours-300x91.png 300w, https:\/\/factory.sale\/wp-content\/uploads\/2024\/09\/roof-colours-1024x311.png 1024w, https:\/\/factory.sale\/wp-content\/uploads\/2024\/09\/roof-colours-150x46.png 150w, https:\/\/factory.sale\/wp-content\/uploads\/2024\/09\/roof-colours-600x182.png 600w, https:\/\/factory.sale\/wp-content\/uploads\/2024\/09\/roof-colours.png 1330w\" alt=\"\" width=\"649\" height=\"197\" \/><\/p>\n<p>&nbsp;<\/p>\n<p>&nbsp;<\/p>\n<p><strong>Saadaval palju lisatarvikuid, kirjuta meile ja k\u00fcsi lisainformatsiooni!<\/strong><\/p>\n<p>&nbsp;<\/p>\n<p><strong>Termopuidust saun (SQR17T) hind: 2081,50 \u20ac (ilma KM-ta)<\/strong><\/p>\n<p>&nbsp;<\/p>\n<p><b>Transpordiinfo:<\/b><\/p>\n<p>Kohaletoimetamine t\u00f5stukiga veoautoga.<\/p>\n<p>&nbsp;<\/p>\n<p>&nbsp;<\/p>\n","protected":false},"excerpt":{"rendered":"<p>Koge looduse embust t\u00fcnnisaunas! Sulata stress, t\u00f5sta meeleolu ja kosu meie kaunilt k\u00e4sit\u00f6\u00f6na valmistatud t\u00fcnnisauna soojas. Kompaktne, hubane ja stiilne \u2013 see pole lihtsalt saun, vaid sinu isiklik oaas!<\/p>\n<p><strong>Ostes Eesti tooteid, saate ainult k\u00f5rgeima kvaliteediga tooted.<\/strong><\/p>\n<p><img loading=\"lazy\" decoding=\"async\" class=\"alignnone wp-image-100903\" src=\"https:\/\/factory.sale\/wp-content\/uploads\/2023\/04\/made-inestonia-3-factory-sale-300x300.webp\" alt=\"Made in Estonia.\" width=\"255\" height=\"255\" srcset=\"https:\/\/factory.sale\/wp-content\/uploads\/2023\/04\/made-inestonia-3-factory-sale-300x300.webp 300w, https:\/\/factory.sale\/wp-content\/uploads\/2023\/04\/made-inestonia-3-factory-sale-1024x1024.webp 1024w, https:\/\/factory.sale\/wp-content\/uploads\/2023\/04\/made-inestonia-3-factory-sale-150x150.webp 150w, https:\/\/factory.sale\/wp-content\/uploads\/2023\/04\/made-inestonia-3-factory-sale-1536x1536.webp 1536w, https:\/\/factory.sale\/wp-content\/uploads\/2023\/04\/made-inestonia-3-factory-sale-600x600.webp 600w, https:\/\/factory.sale\/wp-content\/uploads\/2023\/04\/made-inestonia-3-factory-sale-100x100.webp 100w, https:\/\/factory.sale\/wp-content\/uploads\/2023\/04\/made-inestonia-3-factory-sale.webp 2048w\" sizes=\"auto, (max-width: 255px) 100vw, 255px\" \/><\/p>\n","protected":false},"featured_media":93816,"comment_status":"open","ping_status":"closed","template":"","meta":{"_acf_changed":false},"factory":[],"free-shipment":[],"product_brand":[],"product_cat":[826,1643,2257],"product_tag":[1483,1908,811,1484],"class_list":{"0":"post-93827","1":"product","2":"type-product","3":"status-publish","4":"has-post-thumbnail","6":"product_cat-saunas-et","7":"product_cat-tunnisaun","8":"product_cat-valisaun","9":"product_tag-garden-et","10":"product_tag-outdoor-sauna-et","11":"product_tag-sauna-et","12":"product_tag-yard-et","14":"first","15":"instock","16":"sale","17":"taxable","18":"shipping-taxable","19":"purchasable","20":"product-type-simple"},"acf":[],"_links":{"self":[{"href":"https:\/\/factory.sale\/et\/wp-json\/wp\/v2\/product\/93827","targetHints":{"allow":["GET"]}}],"collection":[{"href":"https:\/\/factory.sale\/et\/wp-json\/wp\/v2\/product"}],"about":[{"href":"https:\/\/factory.sale\/et\/wp-json\/wp\/v2\/types\/product"}],"replies":[{"embeddable":true,"href":"https:\/\/factory.sale\/et\/wp-json\/wp\/v2\/comments?post=93827"}],"wp:featuredmedia":[{"embeddable":true,"href":"https:\/\/factory.sale\/et\/wp-json\/wp\/v2\/media\/93816"}],"wp:attachment":[{"href":"https:\/\/factory.sale\/et\/wp-json\/wp\/v2\/media?parent=93827"}],"wp:term":[{"taxonomy":"factory","embeddable":true,"href":"https:\/\/factory.sale\/et\/wp-json\/wp\/v2\/factory?post=93827"},{"taxonomy":"free-shipment","embeddable":true,"href":"https:\/\/factory.sale\/et\/wp-json\/wp\/v2\/free-shipment?post=93827"},{"taxonomy":"product_brand","embeddable":true,"href":"https:\/\/factory.sale\/et\/wp-json\/wp\/v2\/product_brand?post=93827"},{"taxonomy":"product_cat","embeddable":true,"href":"https:\/\/factory.sale\/et\/wp-json\/wp\/v2\/product_cat?post=93827"},{"taxonomy":"product_tag","embeddable":true,"href":"https:\/\/factory.sale\/et\/wp-json\/wp\/v2\/product_tag?post=93827"}],"curies":[{"name":"wp","href":"https:\/\/api.w.org\/{rel}","templated":true}]}}