{"id":9378,"date":"2022-07-01T15:14:41","date_gmt":"2022-07-01T15:14:56","guid":{"rendered":"https:\/\/factory.sale\/?post_type=product&#038;p=9378"},"modified":"2024-06-27T13:27:16","modified_gmt":"2024-06-27T13:27:16","slug":"ventilaator-ttw-35000-s","status":"publish","type":"product","link":"https:\/\/factory.sale\/et\/toode\/ventilaator-ttw-35000-s\/","title":{"rendered":"Ventilaator TTW 35000 S"},"content":{"rendered":"<div>K\u00f5ikide ventilatsiooni\u00fclesannete jaoks tootmiskeskkondades, p\u00f5llumajanduses v\u00f5i laoruumides, kus minimaalse investeeringuga tuleb realiseerida k\u00f5rge \u00f5huvahetus, on ventilaator Trotec TTW 35000 S parim lahendus.<\/div>\n<div><\/div>\n<div>T\u00e4nu \u00f5huvoolu kiirusele kuni 32 400 m\u00b3\/h, mis on reguleeritav kahes astmes, saab v\u00f5imsat trummelventilaatorit kasutades saavutada vajalikud \u00f5huvahetused ka suurtes ruumides v\u00f5i saalides.<\/div>\n<div><\/div>\n<div><\/div>\n<div>T\u00e4nu \u0161assiile on tsingitud terasest korpust lihtne transportida ja teisaldada \u2013 \u00a0selle kaldenurk on varieeritav kuni vertikaalse vooluasendini. Nii saab \u00f5huvoolu suunata spetsiaalselt k\u00f5rgetele seina- v\u00f5i laealadele, mis teeb ventilaatorist Trotec TTW 35000 S mitmek\u00fclgse lahenduse teatri ventilatsioonirakendusteks laval v\u00f5i filmi- ja fotov\u00f5tetel.<\/div>\n<div><\/div>\n<div>Ventilaatori kasutuselev\u00f5tt toimub v\u00e4ga lihtsalt kasutades p\u00f6\u00f6rdl\u00fclitit, millega saab seadistada kahte erinevat ventilatsioonikiirust. Seadmel on ka praktiline kaablihoidik \u00fchenduskaabli ohutuks transpordihoiuks. K\u00e4siratast l\u00f5dvendades saab ventilaatori kaldenurka pidevalt reguleerida m\u00f5lemas suunas horisontaalselt vertikaalselt kuni peatuspunktini ning seej\u00e4rel saab k\u00e4siratast keerates fikseerida soovitud v\u00e4ljapuhumisasend.<\/div>\n<div><\/div>\n<div><\/div>\n<div><strong>Seadme eelised:<\/strong><\/div>\n<ul>\n<li>Kulus\u00e4\u00e4stlik variant poolprofessionaalsete ventilatsioonirakenduste jaoks<\/li>\n<li>\u00d5huringluse v\u00f5imsus kuni 32 400 m\u00b3\/h<\/li>\n<li>Pistik\u00fchendusega seadet on lihtne k\u00e4sitseda<\/li>\n<li>Voolusuuna reguleeritav kaldenurk horisontaalsest vertikaalasendisse<\/li>\n<li>Paindlik asukohavahetus veokonstruktsiooni abil<\/li>\n<\/ul>\n<div><\/div>\n<div><strong>Seadme tehnilised andmed:<\/strong><\/div>\n<ul>\n<li>\u00d5huhulga 1. etapp: 24 600 m\u00b3\/h<\/li>\n<li>\u00d5huhulga 2. etapp: 32 400 m\u00b3\/h<\/li>\n<li>Rootori max kiirus: 850 p\/min<\/li>\n<li>1. v\u00f5imsusaste: 0,62 kW<\/li>\n<li>2. v\u00f5imsusaste: 0,75 kW<\/li>\n<li>Helitase 1: 65 dB (A)<\/li>\n<li>Helitase 2: 75 dB (A)<\/li>\n<li>Elektri\u00fchendus: 16 A<\/li>\n<li>\u00dchenduspinge: 230 V \/ 50 Hz<\/li>\n<li>Pistik: CEE 7\/7<\/li>\n<li>Liikuvus: mobiilne<\/li>\n<li>M\u00f5\u00f5dud (pikkus x k\u00f5rgus x laius): 1230 x 525 x 1140 mm<\/li>\n<li>Kaal: 49 kg<\/li>\n<\/ul>\n<div><\/div>\n<div><strong>Seadme omadused ja funktsioonid:<\/strong><\/div>\n<ul>\n<li>Liikuvus<\/li>\n<li>T\u00f5stuk<\/li>\n<li>Kummist rehvidega metallrattad<\/li>\n<li>Mobiilne<\/li>\n<li>Kraana<\/li>\n<li>Plastikust transpordirattad<\/li>\n<li>Mittem\u00e4\u00e4rivad kummist rattad<\/li>\n<li>Kande-\/transpordik\u00e4epide<\/li>\n<\/ul>\n<p>&nbsp;<\/p>\n<p><strong>Lisainformatsioon:<\/strong><\/p>\n<table id=\"t061f1363a3e4c2\" class=\"tech\" cellspacing=\"0\" cellpadding=\"0\">\n<tbody>\n<tr class=\"headerrow\">\n<th colspan=\"3\">\u00d5hu maht<\/th>\n<\/tr>\n<tr class=\"odd\">\n<th width=\"30%\"><\/th>\n<th width=\"30%\">Max [m\u00b3\/h]<\/th>\n<td width=\"40%\">32 400<\/td>\n<\/tr>\n<tr class=\"headerrow\">\n<th colspan=\"3\">\u00d5huvool<\/th>\n<\/tr>\n<tr class=\"odd\">\n<th width=\"30%\"><\/th>\n<th width=\"30%\">V\u00e4ljapuhe<\/th>\n<td width=\"40%\"><\/td>\n<\/tr>\n<tr class=\"even\">\n<th width=\"30%\"><\/th>\n<th width=\"30%\">Sissepuhe<\/th>\n<td width=\"40%\">\u2013<\/td>\n<\/tr>\n<tr class=\"headerrow\">\n<th colspan=\"3\">V\u00e4ljapuhkekaugus<\/th>\n<\/tr>\n<tr class=\"odd\">\n<th width=\"30%\"><\/th>\n<th width=\"30%\">V\u00e4ljas [m]<\/th>\n<td width=\"40%\">\u2013<\/td>\n<\/tr>\n<tr class=\"even\">\n<th width=\"30%\"><\/th>\n<th width=\"30%\">Sees [m]<\/th>\n<td width=\"40%\">10<\/td>\n<\/tr>\n<tr class=\"headerrow\">\n<th colspan=\"3\">\u00d5hur\u00f5hk<\/th>\n<\/tr>\n<tr class=\"odd\">\n<th width=\"30%\"><\/th>\n<th width=\"30%\">Max tase [Pa]<\/th>\n<td width=\"40%\">160<\/td>\n<\/tr>\n<tr class=\"headerrow\">\n<th colspan=\"3\">Ventilaator<\/th>\n<\/tr>\n<tr class=\"odd\">\n<th width=\"30%\"><\/th>\n<th width=\"30%\">Aksiaalne<\/th>\n<td width=\"40%\"><\/td>\n<\/tr>\n<tr class=\"even\">\n<th width=\"30%\"><\/th>\n<th width=\"30%\">Radiaalne<\/th>\n<td width=\"40%\">\u2013<\/td>\n<\/tr>\n<tr class=\"odd\">\n<th width=\"30%\"><\/th>\n<th width=\"30%\">Ventilaatori tasemed<\/th>\n<td width=\"40%\">2<\/td>\n<\/tr>\n<tr class=\"headerrow\">\n<th colspan=\"3\">Temperatuur<\/th>\n<\/tr>\n<tr class=\"odd\">\n<th width=\"30%\"><\/th>\n<th width=\"30%\">Max [\u00b0C]<\/th>\n<td width=\"40%\">40<\/td>\n<\/tr>\n<tr class=\"headerrow\">\n<th colspan=\"3\">Elektrilised n\u00e4itajad<\/th>\n<\/tr>\n<tr class=\"odd\">\n<th width=\"30%\"><\/th>\n<th width=\"30%\">Toite\u00fchendus<\/th>\n<td width=\"40%\">230V\/50Hz<\/td>\n<\/tr>\n<tr class=\"even\">\n<th width=\"30%\"><\/th>\n<th width=\"30%\">Energiatarve [kW]<\/th>\n<td width=\"40%\">0,75<\/td>\n<\/tr>\n<tr class=\"odd\">\n<th width=\"30%\"><\/th>\n<th width=\"30%\">Kaitse [A]<\/th>\n<td width=\"40%\">16<\/td>\n<\/tr>\n<tr class=\"even\">\n<th width=\"30%\"><\/th>\n<th width=\"30%\">Nimivoolutarve [A]<\/th>\n<td width=\"40%\">3.2<\/td>\n<\/tr>\n<tr class=\"headerrow\">\n<th colspan=\"3\">Elektri\u00fchendus<\/th>\n<\/tr>\n<tr class=\"odd\">\n<th width=\"30%\"><\/th>\n<th width=\"30%\">Pistik<\/th>\n<td width=\"40%\">CEE 7\/7<\/td>\n<\/tr>\n<tr class=\"headerrow\">\n<th colspan=\"3\">Helitase<\/th>\n<\/tr>\n<tr class=\"odd\">\n<th width=\"30%\"><\/th>\n<th width=\"30%\">Tase 1 [dB(A)]<\/th>\n<td width=\"40%\">65<\/td>\n<\/tr>\n<tr class=\"even\">\n<th width=\"30%\"><\/th>\n<th width=\"30%\">Tase 2 [dB(A)]<\/th>\n<td width=\"40%\">75<\/td>\n<\/tr>\n<tr class=\"headerrow\">\n<th colspan=\"3\">M\u00f5\u00f5tmed<\/th>\n<\/tr>\n<tr class=\"odd\">\n<th width=\"30%\"><\/th>\n<th width=\"30%\">Pikkus (ilma pakendita) [mm]<\/th>\n<td width=\"40%\">525<\/td>\n<\/tr>\n<tr class=\"even\">\n<th width=\"30%\"><\/th>\n<th width=\"30%\">Laius (ilma pakendita) [mm]<\/th>\n<td width=\"40%\">1230<\/td>\n<\/tr>\n<tr class=\"odd\">\n<th width=\"30%\"><\/th>\n<th width=\"30%\">K\u00f5rgus (ilma pakendita) [mm]<\/th>\n<td width=\"40%\">1140<\/td>\n<\/tr>\n<tr class=\"headerrow\">\n<th colspan=\"3\">Kaal<\/th>\n<\/tr>\n<tr class=\"odd\">\n<th width=\"30%\"><\/th>\n<th width=\"30%\">(ilma pakendita) [kg]<\/th>\n<td width=\"40%\">49<\/td>\n<\/tr>\n<\/tbody>\n<\/table>\n<p>&nbsp;<\/p>\n","protected":false},"excerpt":{"rendered":"<p><strong>Usaldusv\u00e4\u00e4rne ja v\u00f5imas \u00f5hutsirkulatsiooniseade v\u00e4ikese eelarvega<\/strong><br \/>\nTrummelventilaator Trotec TTW 35000 S maksimaalse \u00f5huvoolukiirusega 32 400 m\u00b3\/h, 2 ventilaatoriastet, tsingitud terasest korpus ja kallutatav \u0161assii.<\/p>\n","protected":false},"featured_media":9381,"comment_status":"open","ping_status":"closed","template":"","meta":{"_acf_changed":false},"factory":[],"free-shipment":[],"product_brand":[],"product_cat":[1041,814],"product_tag":[],"class_list":{"0":"post-9378","1":"product","2":"type-product","3":"status-publish","4":"has-post-thumbnail","6":"product_cat-tooriistad-ja-tarvikud","7":"product_cat-uldehitus","9":"first","10":"instock","11":"taxable","12":"shipping-taxable","13":"purchasable","14":"product-type-simple"},"acf":[],"_links":{"self":[{"href":"https:\/\/factory.sale\/et\/wp-json\/wp\/v2\/product\/9378","targetHints":{"allow":["GET"]}}],"collection":[{"href":"https:\/\/factory.sale\/et\/wp-json\/wp\/v2\/product"}],"about":[{"href":"https:\/\/factory.sale\/et\/wp-json\/wp\/v2\/types\/product"}],"replies":[{"embeddable":true,"href":"https:\/\/factory.sale\/et\/wp-json\/wp\/v2\/comments?post=9378"}],"wp:featuredmedia":[{"embeddable":true,"href":"https:\/\/factory.sale\/et\/wp-json\/wp\/v2\/media\/9381"}],"wp:attachment":[{"href":"https:\/\/factory.sale\/et\/wp-json\/wp\/v2\/media?parent=9378"}],"wp:term":[{"taxonomy":"factory","embeddable":true,"href":"https:\/\/factory.sale\/et\/wp-json\/wp\/v2\/factory?post=9378"},{"taxonomy":"free-shipment","embeddable":true,"href":"https:\/\/factory.sale\/et\/wp-json\/wp\/v2\/free-shipment?post=9378"},{"taxonomy":"product_brand","embeddable":true,"href":"https:\/\/factory.sale\/et\/wp-json\/wp\/v2\/product_brand?post=9378"},{"taxonomy":"product_cat","embeddable":true,"href":"https:\/\/factory.sale\/et\/wp-json\/wp\/v2\/product_cat?post=9378"},{"taxonomy":"product_tag","embeddable":true,"href":"https:\/\/factory.sale\/et\/wp-json\/wp\/v2\/product_tag?post=9378"}],"curies":[{"name":"wp","href":"https:\/\/api.w.org\/{rel}","templated":true}]}}