{"id":9359,"date":"2022-07-01T15:13:39","date_gmt":"2022-07-01T15:13:50","guid":{"rendered":"https:\/\/factory.sale\/?post_type=product&#038;p=9359"},"modified":"2024-06-28T06:27:41","modified_gmt":"2024-06-28T06:27:41","slug":"toostuslik-ventilaator-ttv-7000","status":"publish","type":"product","link":"https:\/\/factory.sale\/et\/toode\/toostuslik-ventilaator-ttv-7000\/","title":{"rendered":"T\u00f6\u00f6stuslik ventilaator TTV 7000"},"content":{"rendered":"<p>K\u00fcmme tuhat masinarentijat, ehitust\u00f6\u00f6v\u00f5tjat, renoveerimisteenuste pakkujat ja k\u00e4sit\u00f6\u00f6list kasutavad Trotec TTV seadmeid iga p\u00e4ev ning on teinud neist professionaalsetest ventilaatoritest Euroopa enimm\u00fc\u00fcdud mobiilsete aksiaalventilaatorite seeria ehituses kasutamiseks.<\/p>\n<p>See suure j\u00f5udlusega ventilaator on esimene valik k\u00f5ikide ventilatsiooni\u00fclesannete jaoks tootmis- ja laoruumides v\u00f5i farmides, kus on vaja tsirkuleerida suurt \u00f5huhulka.<\/p>\n<p>Oma kolmeastmelise \u00f5huv\u00f5imsusega, mida saab suurendada kuni 8500 m\u00b3\/h, ja muljetavaldava 65-meetrise t\u00f6\u00f6raadiusega siseruumides, tagab t\u00f6\u00f6stuslik ventilaator Trotec TTV 7000 k\u00f5rge \u00f5huvahetuse ka suuremahulistes keskkondades. T\u00e4iuslikud eeldused n\u00e4iteks kuiva \u00f5hu lisaringluseks ladudes.<\/p>\n<p>&nbsp;<\/p>\n<p class=\"bodytext\">Sobiva voolikuadapteri ja mitme \u00fchendatud ventilaatorivooliku abil edastab ventilaator Trotec TTV 7000 suured \u00f5huhulgad raskusteta v\u00e4ga pikkadele vahemaadele.<\/p>\n<p>Suure j\u00f5udlusega ventilaator on spetsiaalselt loodud vastamaks ka k\u00f5ige karmimatele praktilistele n\u00f5uetele karmides tingimustes, millel on pikk kasutusiga ja t\u00f6\u00f6kindlus isegi materjalikuluka pideva t\u00f6\u00f6tamise ajal sageli muutuvates kohtades, mist\u00f5ttu ei sobi seade ainult t\u00f6\u00f6stusesse, ehitusse v\u00f5i kaubandusse, vaid on ideaalne lahendus ka igale masinarendifirmale!<\/p>\n<p>&nbsp;<\/p>\n<p><strong>Seadme eelised:<\/strong><\/p>\n<ul>\n<li>V\u00f5imas aksiaalventilaator \u2013 valmistatud k\u00f5rgete t\u00f6\u00f6stusstandardite j\u00e4rgi<\/li>\n<li>\u00c4\u00e4rmiselt vastupidav professionaalseks pidevaks kasutamiseks ka k\u00f5ige raskemates tingimustes<\/li>\n<li>TTV platvormi kontseptsioon: t\u00e4nu paindlikele s\u00fcsteemitarvikutele vajate paljude rakenduste jaoks vaid \u00fchte p\u00f5hiseadet<\/li>\n<li>TTV platvormi eelis: v\u00e4iksemad investeerimis- ja hoolduskulud, t\u00f5husam ladustamine, suurem paindlikkus<\/li>\n<li>Pritsmekindel (IP55)<\/li>\n<li>Transpordiks ja ladustamiseks ruumi s\u00e4\u00e4stmiseks saab virnastada<\/li>\n<li>Saadaval sobiv voolikuadapter: valikuline kinnitus v\u00f5imaldab \u00fchendada \u00f5hutranspordivooliku v\u00f5i tolmukoti ventilaatoriga<\/li>\n<\/ul>\n<div><\/div>\n<div><strong>Seadme omadused ja funktsioonid:<\/strong><\/div>\n<ul>\n<li>Liikuvus<\/li>\n<li>Kande-\/transpordik\u00e4epide<\/li>\n<li>Virnastatav<\/li>\n<li>Kaasaskantav<\/li>\n<li>Plastikust transpordirattad<\/li>\n<li>Kummist rehvidega metallrattad<\/li>\n<li>Mittem\u00e4\u00e4rivad kummist rehvid<\/li>\n<li>Kraana<\/li>\n<li>T\u00f5stuk<\/li>\n<\/ul>\n<p>&nbsp;<\/p>\n<p><strong>Lisainformatsioon:<\/strong><\/p>\n<table id=\"t061ebb714bc254\" class=\"tech\" cellspacing=\"0\" cellpadding=\"0\">\n<tbody>\n<tr class=\"headerrow\">\n<th colspan=\"3\">\u00dcldine informatsioon<\/th>\n<\/tr>\n<tr class=\"odd\">\n<th width=\"30%\"><\/th>\n<th width=\"30%\"><\/th>\n<td width=\"40%\"><\/td>\n<\/tr>\n<tr class=\"headerrow\">\n<th colspan=\"3\">\u00d5hu maht<\/th>\n<\/tr>\n<tr class=\"odd\">\n<th width=\"30%\"><\/th>\n<th width=\"30%\">Max [m\u00b3\/h]<\/th>\n<td width=\"40%\">8500<\/td>\n<\/tr>\n<tr class=\"headerrow\">\n<th colspan=\"3\">\u00d5huvool<\/th>\n<\/tr>\n<tr class=\"odd\">\n<th width=\"30%\"><\/th>\n<th width=\"30%\">V\u00e4ljapuhe<\/th>\n<td width=\"40%\"><\/td>\n<\/tr>\n<tr class=\"even\">\n<th width=\"30%\"><\/th>\n<th width=\"30%\">Sissepuhe<\/th>\n<td width=\"40%\"><\/td>\n<\/tr>\n<tr class=\"headerrow\">\n<th colspan=\"3\">Ventilaator<\/th>\n<\/tr>\n<tr class=\"odd\">\n<th width=\"30%\"><\/th>\n<th width=\"30%\">Aksiaalne<\/th>\n<td width=\"40%\"><\/td>\n<\/tr>\n<tr class=\"even\">\n<th width=\"30%\"><\/th>\n<th width=\"30%\">Radiaalne<\/th>\n<td width=\"40%\">\u2013<\/td>\n<\/tr>\n<tr class=\"odd\">\n<th width=\"30%\"><\/th>\n<th width=\"30%\">Ventilaatori astmed<\/th>\n<td width=\"40%\">3<\/td>\n<\/tr>\n<tr class=\"headerrow\">\n<th colspan=\"3\">\u00d5hu v\u00e4ljalaskekiirus<\/th>\n<\/tr>\n<tr class=\"odd\">\n<th width=\"30%\"><\/th>\n<th width=\"30%\">m\/s<\/th>\n<td width=\"40%\">11<\/td>\n<\/tr>\n<tr class=\"even\">\n<th width=\"30%\"><\/th>\n<th width=\"30%\">km\/h<\/th>\n<td width=\"40%\">39.6<\/td>\n<\/tr>\n<tr class=\"headerrow\">\n<th colspan=\"3\">V\u00e4ljutuskaugus<\/th>\n<\/tr>\n<tr class=\"odd\">\n<th width=\"30%\"><\/th>\n<th width=\"30%\">V\u00e4ljas [m]<\/th>\n<td width=\"40%\">20<\/td>\n<\/tr>\n<tr class=\"even\">\n<th width=\"30%\"><\/th>\n<th width=\"30%\">Sees [m]<\/th>\n<td width=\"40%\">65<\/td>\n<\/tr>\n<tr class=\"headerrow\">\n<th colspan=\"3\">\u00d5hur\u00f5hk<\/th>\n<\/tr>\n<tr class=\"odd\">\n<th width=\"30%\"><\/th>\n<th width=\"30%\">Max tase [Pa]<\/th>\n<td width=\"40%\">100<\/td>\n<\/tr>\n<tr class=\"headerrow\">\n<th colspan=\"3\">Temperatuur<\/th>\n<\/tr>\n<tr class=\"odd\">\n<th width=\"30%\"><\/th>\n<th width=\"30%\">Max [\u00b0C]<\/th>\n<td width=\"40%\">45<\/td>\n<\/tr>\n<tr class=\"headerrow\">\n<th colspan=\"3\">Elektrilised n\u00e4itajad<\/th>\n<\/tr>\n<tr class=\"odd\">\n<th width=\"30%\"><\/th>\n<th width=\"30%\">Toite\u00fchendus<\/th>\n<td width=\"40%\">230V\/50Hz<\/td>\n<\/tr>\n<tr class=\"even\">\n<th width=\"30%\"><\/th>\n<th width=\"30%\">Nimivoolutarve [A]<\/th>\n<td width=\"40%\">1.8<\/td>\n<\/tr>\n<tr class=\"odd\">\n<th width=\"30%\"><\/th>\n<th width=\"30%\">Energiatarve [kW]<\/th>\n<td width=\"40%\">0,41<\/td>\n<\/tr>\n<tr class=\"even\">\n<th width=\"30%\"><\/th>\n<th width=\"30%\">Kaitse [A]<\/th>\n<td width=\"40%\">10<\/td>\n<\/tr>\n<tr class=\"headerrow\">\n<th colspan=\"3\">Elektri\u00fchendus<\/th>\n<\/tr>\n<tr class=\"odd\">\n<th width=\"30%\"><\/th>\n<th width=\"30%\">Pistik<\/th>\n<td width=\"40%\">CEE 7\/7<\/td>\n<\/tr>\n<tr class=\"even\">\n<th width=\"30%\"><\/th>\n<th width=\"30%\">Kaabli pikkus [m]<\/th>\n<td width=\"40%\">3<\/td>\n<\/tr>\n<tr class=\"headerrow\">\n<th colspan=\"3\">Ohutusfunktsioon<\/th>\n<\/tr>\n<tr class=\"odd\">\n<th width=\"30%\"><\/th>\n<th width=\"30%\">IP kaitseklass<\/th>\n<td width=\"40%\">55<\/td>\n<\/tr>\n<tr class=\"headerrow\">\n<th colspan=\"3\">Helitase<\/th>\n<\/tr>\n<tr class=\"odd\">\n<th width=\"30%\"><\/th>\n<th width=\"30%\">Kaugus 3 m [dB(A)]<\/th>\n<td width=\"40%\">58<\/td>\n<\/tr>\n<tr class=\"headerrow\">\n<th colspan=\"3\">Vooliku\u00fchendus<\/th>\n<\/tr>\n<tr class=\"odd\">\n<th width=\"30%\"><\/th>\n<th width=\"30%\">L\u00e4bim\u00f5\u00f5t [mm]<\/th>\n<td width=\"40%\">560<\/td>\n<\/tr>\n<tr class=\"headerrow\">\n<th colspan=\"3\">M\u00f5\u00f5tmed<\/th>\n<\/tr>\n<tr class=\"odd\">\n<th width=\"30%\"><\/th>\n<th width=\"30%\">Pikkus (ilma pakendita) [mm]<\/th>\n<td width=\"40%\">365<\/td>\n<\/tr>\n<tr class=\"even\">\n<th width=\"30%\"><\/th>\n<th width=\"30%\">Laius (ilma pakendita) [mm]<\/th>\n<td width=\"40%\">620<\/td>\n<\/tr>\n<tr class=\"odd\">\n<th width=\"30%\"><\/th>\n<th width=\"30%\">K\u00f5rgus (ilma pakendita) [mm]<\/th>\n<td width=\"40%\">620<\/td>\n<\/tr>\n<tr class=\"headerrow\">\n<th colspan=\"3\">Kaal<\/th>\n<\/tr>\n<tr class=\"odd\">\n<th width=\"30%\"><\/th>\n<th width=\"30%\">(ilma pakendita) [kg]<\/th>\n<td width=\"40%\">18.5<\/td>\n<\/tr>\n<\/tbody>\n<\/table>\n","protected":false},"excerpt":{"rendered":"<p>Ventilaator Trotec TTV 7000 \u00f5huvoolu kiirusega, mida saab kolmel tasandil nihutada kuni 8500 m\u00b3\/h, ja muljetavaldava 65-meetrise v\u00e4ljalaskekaugusega siseruumides, tagab k\u00f5rge \u00f5huvahetuse ka suuremahulises keskkonnas.<\/p>\n","protected":false},"featured_media":9362,"comment_status":"open","ping_status":"closed","template":"","meta":{"_acf_changed":false},"factory":[],"free-shipment":[],"product_brand":[],"product_cat":[1041,814],"product_tag":[],"class_list":{"0":"post-9359","1":"product","2":"type-product","3":"status-publish","4":"has-post-thumbnail","6":"product_cat-tooriistad-ja-tarvikud","7":"product_cat-uldehitus","9":"first","10":"instock","11":"taxable","12":"shipping-taxable","13":"purchasable","14":"product-type-simple"},"acf":[],"_links":{"self":[{"href":"https:\/\/factory.sale\/et\/wp-json\/wp\/v2\/product\/9359","targetHints":{"allow":["GET"]}}],"collection":[{"href":"https:\/\/factory.sale\/et\/wp-json\/wp\/v2\/product"}],"about":[{"href":"https:\/\/factory.sale\/et\/wp-json\/wp\/v2\/types\/product"}],"replies":[{"embeddable":true,"href":"https:\/\/factory.sale\/et\/wp-json\/wp\/v2\/comments?post=9359"}],"wp:featuredmedia":[{"embeddable":true,"href":"https:\/\/factory.sale\/et\/wp-json\/wp\/v2\/media\/9362"}],"wp:attachment":[{"href":"https:\/\/factory.sale\/et\/wp-json\/wp\/v2\/media?parent=9359"}],"wp:term":[{"taxonomy":"factory","embeddable":true,"href":"https:\/\/factory.sale\/et\/wp-json\/wp\/v2\/factory?post=9359"},{"taxonomy":"free-shipment","embeddable":true,"href":"https:\/\/factory.sale\/et\/wp-json\/wp\/v2\/free-shipment?post=9359"},{"taxonomy":"product_brand","embeddable":true,"href":"https:\/\/factory.sale\/et\/wp-json\/wp\/v2\/product_brand?post=9359"},{"taxonomy":"product_cat","embeddable":true,"href":"https:\/\/factory.sale\/et\/wp-json\/wp\/v2\/product_cat?post=9359"},{"taxonomy":"product_tag","embeddable":true,"href":"https:\/\/factory.sale\/et\/wp-json\/wp\/v2\/product_tag?post=9359"}],"curies":[{"name":"wp","href":"https:\/\/api.w.org\/{rel}","templated":true}]}}